{"id":1035,"date":"2012-08-11T00:57:05","date_gmt":"2012-08-11T07:57:05","guid":{"rendered":"http:\/\/www.slugqueen.com\/?page_id=1035"},"modified":"2025-02-06T19:52:48","modified_gmt":"2025-02-07T02:52:48","slug":"2012-queen-sady-slimy-stitches","status":"publish","type":"page","link":"https:\/\/www.slugqueen.com\/es\/queens-of-lore\/2012-queen-sady-slimy-stitches\/","title":{"rendered":"2012 SLUG Queen Sady Slimy Stitches"},"content":{"rendered":"<h2 class=\"wp-block-heading\"><strong>Reina de los tejidos y las perlas<\/strong><\/h2>\n\n\n\n<figure data-wp-context=\"{&quot;imageId&quot;:&quot;69ea302194ee5&quot;}\" data-wp-interactive=\"core\/image\" data-wp-key=\"69ea302194ee5\" class=\"wp-block-image alignnone wp-lightbox-container\"><a href=\"http:\/\/www.slugqueen.com\/wp-content\/uploads\/2012\/08\/082312celebration5.jpg\"><img decoding=\"async\" data-wp-class--hide=\"state.isContentHidden\" data-wp-class--show=\"state.isContentVisible\" data-wp-init=\"callbacks.setButtonStyles\" data-wp-on--click=\"actions.showLightbox\" data-wp-on--load=\"callbacks.setButtonStyles\" data-wp-on-window--resize=\"callbacks.setButtonStyles\" src=\"http:\/\/www.slugqueen.com\/wp-content\/uploads\/2012\/08\/082312celebration5.jpg\" alt=\"082312celebration5\"\/><button\n\t\t\tclass=\"lightbox-trigger\"\n\t\t\ttype=\"button\"\n\t\t\taria-haspopup=\"dialog\"\n\t\t\taria-label=\"Agrandar\"\n\t\t\tdata-wp-init=\"callbacks.initTriggerButton\"\n\t\t\tdata-wp-on--click=\"actions.showLightbox\"\n\t\t\tdata-wp-style--right=\"state.imageButtonRight\"\n\t\t\tdata-wp-style--top=\"state.imageButtonTop\"\n\t\t>\n\t\t\t<svg xmlns=\"http:\/\/www.w3.org\/2000\/svg\" width=\"12\" height=\"12\" fill=\"none\" viewbox=\"0 0 12 12\">\n\t\t\t\t<path fill=\"#fff\" d=\"M2 0a2 2 0 0 0-2 2v2h1.5V2a.5.5 0 0 1 .5-.5h2V0H2Zm2 10.5H2a.5.5 0 0 1-.5-.5V8H0v2a2 2 0 0 0 2 2h2v-1.5ZM8 12v-1.5h2a.5.5 0 0 0 .5-.5V8H12v2a2 2 0 0 1-2 2H8Zm2-12a2 2 0 0 1 2 2v2h-1.5V2a.5.5 0 0 0-.5-.5H8V0h2Z\" \/>\n\t\t\t<\/svg>\n\t\t<\/button><\/a><\/figure>\n\n\n\n<p>Sadie Slimy Stitches, que rezuma el t\u00edtulo de la trig\u00e9sima Reina S.L.U.G. de Eugene, puso mucho trabajo e hilo en su rastro de baba. Despu\u00e9s de pasar m\u00e1s de 400 d\u00edas tejiendo su disfraz, la reina Sadie (tambi\u00e9n conocida como Maiya Becker de Eugene) se inspir\u00f3 en el espect\u00e1culo de Broadway Wicked. Becker, que tambi\u00e9n trabaja como tramoyista de vestuario para el Hult Center, hab\u00eda visto los vestidos de Emerald City de Wicked entre bastidores en abril de 2011. Otro tramoyista hizo el comentario casual de que Reinas S.L.U.G. morir\u00eda por esos trajes y Becker decidi\u00f3 tomarse el desaf\u00edo en serio. Becker, una tejedora consumada, utiliz\u00f3 cerca de 40 tipos diferentes de hilo (en su mayor\u00eda donados) para tejer su vestido. Tambi\u00e9n us\u00f3 camisetas donadas que cort\u00f3 en tiras de hilo y las teji\u00f3 en su cola. Hay 30 peque\u00f1as babosas tejidas en su cola, una que representa a cada Reina S.L.U.G. Posiblemente la parte m\u00e1s llamativa de su disfraz sea su exclusiva sombrilla de encaje tejida a mano. Es la atenci\u00f3n al detalle lo que hace que su disfraz sea espectacular.<\/p>\n\n\n\n<figure class=\"wp-block-gallery has-nested-images columns-default is-cropped wp-block-gallery-1 is-layout-flex wp-block-gallery-is-layout-flex\">\n<figure class=\"wp-block-image size-large\"><a href=\"https:\/\/www.slugqueen.com\/wp-content\/uploads\/2012\/08\/Knit-Umbrella.jpg\"><img loading=\"lazy\" decoding=\"async\" width=\"682\" height=\"1024\" data-id=\"1136\" src=\"https:\/\/www.slugqueen.com\/wp-content\/uploads\/2012\/08\/Knit-Umbrella-682x1024.jpg\" alt=\"\" class=\"wp-image-1136\" srcset=\"https:\/\/www.slugqueen.com\/wp-content\/uploads\/2012\/08\/Knit-Umbrella-682x1024.jpg 682w, https:\/\/www.slugqueen.com\/wp-content\/uploads\/2012\/08\/Knit-Umbrella-200x300.jpg 200w\" sizes=\"auto, (max-width: 682px) 100vw, 682px\" \/><\/a><\/figure>\n\n\n\n<figure class=\"wp-block-image size-large\"><a href=\"https:\/\/www.slugqueen.com\/wp-content\/uploads\/2012\/08\/My-Eugene.jpg\"><img loading=\"lazy\" decoding=\"async\" width=\"1024\" height=\"768\" data-id=\"1137\" src=\"https:\/\/www.slugqueen.com\/wp-content\/uploads\/2012\/08\/My-Eugene-1024x768.jpg\" alt=\"\" class=\"wp-image-1137\" srcset=\"https:\/\/www.slugqueen.com\/wp-content\/uploads\/2012\/08\/My-Eugene-1024x768.jpg 1024w, https:\/\/www.slugqueen.com\/wp-content\/uploads\/2012\/08\/My-Eugene-300x225.jpg 300w\" sizes=\"auto, (max-width: 1024px) 100vw, 1024px\" \/><\/a><\/figure>\n\n\n\n<figure class=\"wp-block-image size-large\"><a href=\"https:\/\/www.slugqueen.com\/wp-content\/uploads\/2018\/08\/Screen-Shot-2018-08-27-at-10.46.20-AM.png\"><img loading=\"lazy\" decoding=\"async\" width=\"572\" height=\"1024\" data-id=\"2712\" src=\"https:\/\/www.slugqueen.com\/wp-content\/uploads\/2018\/08\/Screen-Shot-2018-08-27-at-10.46.20-AM-572x1024.png\" alt=\"\" class=\"wp-image-2712\" srcset=\"https:\/\/www.slugqueen.com\/wp-content\/uploads\/2018\/08\/Screen-Shot-2018-08-27-at-10.46.20-AM.png 572w, https:\/\/www.slugqueen.com\/wp-content\/uploads\/2018\/08\/Screen-Shot-2018-08-27-at-10.46.20-AM-168x300.png 168w\" sizes=\"auto, (max-width: 572px) 100vw, 572px\" \/><\/a><\/figure>\n<\/figure>\n\n\n\n<p>Durante la competencia, la Reina Sadie subi\u00f3 al escenario con sus tres Slugettes: Shorty, Sporty y Posh Slugette. Realizando una haza\u00f1a inimaginable de baile y hula-hula mientras tej\u00eda, la Reina Sadie se abri\u00f3 camino hasta el coraz\u00f3n de la audiencia. Al final de su talento, la reina Sadie y sus Slugettes arrojaron brillantina y babosas tejidas a mano a la multitud. Antes de la competencia, la reina Sadie hab\u00eda tejido una guirnalda de 60 pies compuesta por corazones, estrellas y babosas tejidas y la colg\u00f3 del alero del escenario. Creando un soborno gigante para todas las Viejas Reinas.<\/p>\n\n\n\n<p>Un veterano del arte callejero, Becker fund\u00f3 el grupo de guerrilla de punto o bombardeo de hilo The Eugene Knotty Knitters. Utilizando hilo, tejido y crochet para decorar objetos industriales e inanimados en Eugene y Springfield, a Becker le apasiona fomentar el arte comunitario. El enfoque de la Reina Sadie durante su \u201clluvia\u201d ser\u00e1 MECCA: Materials Exchange Center for the Community Arts (Centro de Intercambio de Materiales para las Artes Comunitarias). \u201cEl objetivo de Eugene Knotty Knitters es tomar hilo donado o de desecho o lo que de otro modo se desechar\u00eda y convertirlo en arte que cualquiera pueda apreciar. Ver una manta en el tirador de una puerta o rayas tejidas en un parqu\u00edmetro hace sonre\u00edr a la gente\u201d, afirma Becker. \u201cPara m\u00ed, trabajar estrechamente con MECCA va en la misma l\u00ednea. Toman restos y basura y alientan a la gente a hacer arte con ellos. Es una cosa hermosa.\"<\/p>\n\n\n\n<figure class=\"wp-block-gallery has-nested-images columns-default is-cropped wp-block-gallery-2 is-layout-flex wp-block-gallery-is-layout-flex\">\n<figure class=\"wp-block-image size-large\"><a href=\"https:\/\/www.slugqueen.com\/wp-content\/uploads\/2012\/08\/Dressed-in-Pink.jpg\"><img loading=\"lazy\" decoding=\"async\" width=\"1024\" height=\"768\" data-id=\"1134\" src=\"https:\/\/www.slugqueen.com\/wp-content\/uploads\/2012\/08\/Dressed-in-Pink-1024x768.jpg\" alt=\"\" class=\"wp-image-1134\" srcset=\"https:\/\/www.slugqueen.com\/wp-content\/uploads\/2012\/08\/Dressed-in-Pink-1024x768.jpg 1024w, https:\/\/www.slugqueen.com\/wp-content\/uploads\/2012\/08\/Dressed-in-Pink-300x225.jpg 300w\" sizes=\"auto, (max-width: 1024px) 100vw, 1024px\" \/><\/a><\/figure>\n\n\n\n<figure class=\"wp-block-image size-large\"><a href=\"https:\/\/www.slugqueen.com\/wp-content\/uploads\/2012\/08\/hoola-knit.jpg\"><img loading=\"lazy\" decoding=\"async\" width=\"660\" height=\"422\" data-id=\"1135\" src=\"https:\/\/www.slugqueen.com\/wp-content\/uploads\/2012\/08\/hoola-knit.jpg\" alt=\"\" class=\"wp-image-1135\" srcset=\"https:\/\/www.slugqueen.com\/wp-content\/uploads\/2012\/08\/hoola-knit.jpg 660w, https:\/\/www.slugqueen.com\/wp-content\/uploads\/2012\/08\/hoola-knit-300x191.jpg 300w\" sizes=\"auto, (max-width: 660px) 100vw, 660px\" \/><\/a><\/figure>\n\n\n\n<figure class=\"wp-block-image size-large\"><a href=\"https:\/\/www.slugqueen.com\/wp-content\/uploads\/2012\/08\/On-Stage.jpg\"><img loading=\"lazy\" decoding=\"async\" width=\"660\" height=\"440\" data-id=\"1138\" src=\"https:\/\/www.slugqueen.com\/wp-content\/uploads\/2012\/08\/On-Stage.jpg\" alt=\"\" class=\"wp-image-1138\" srcset=\"https:\/\/www.slugqueen.com\/wp-content\/uploads\/2012\/08\/On-Stage.jpg 660w, https:\/\/www.slugqueen.com\/wp-content\/uploads\/2012\/08\/On-Stage-300x200.jpg 300w\" sizes=\"auto, (max-width: 660px) 100vw, 660px\" \/><\/a><\/figure>\n\n\n\n<figure class=\"wp-block-image size-large\"><a href=\"https:\/\/www.slugqueen.com\/wp-content\/uploads\/2012\/08\/Sadie-knits.jpg\"><img loading=\"lazy\" decoding=\"async\" width=\"767\" height=\"1024\" data-id=\"1139\" src=\"https:\/\/www.slugqueen.com\/wp-content\/uploads\/2012\/08\/Sadie-knits-767x1024.jpg\" alt=\"\" class=\"wp-image-1139\" srcset=\"https:\/\/www.slugqueen.com\/wp-content\/uploads\/2012\/08\/Sadie-knits-767x1024.jpg 767w, https:\/\/www.slugqueen.com\/wp-content\/uploads\/2012\/08\/Sadie-knits-224x300.jpg 224w\" sizes=\"auto, (max-width: 767px) 100vw, 767px\" \/><\/a><\/figure>\n\n\n\n<figure class=\"wp-block-image size-large\"><a href=\"https:\/\/www.slugqueen.com\/wp-content\/uploads\/2012\/08\/Sweater-project.jpg\"><img loading=\"lazy\" decoding=\"async\" width=\"1024\" height=\"682\" data-id=\"1140\" src=\"https:\/\/www.slugqueen.com\/wp-content\/uploads\/2012\/08\/Sweater-project-1024x682.jpg\" alt=\"\" class=\"wp-image-1140\" srcset=\"https:\/\/www.slugqueen.com\/wp-content\/uploads\/2012\/08\/Sweater-project-1024x682.jpg 1024w, https:\/\/www.slugqueen.com\/wp-content\/uploads\/2012\/08\/Sweater-project-300x200.jpg 300w\" sizes=\"auto, (max-width: 1024px) 100vw, 1024px\" \/><\/a><\/figure>\n\n\n\n<figure class=\"wp-block-image size-large\"><a href=\"https:\/\/www.slugqueen.com\/wp-content\/uploads\/2012\/08\/img_1062-2.jpg\"><img loading=\"lazy\" decoding=\"async\" width=\"768\" height=\"1024\" data-id=\"1036\" src=\"https:\/\/www.slugqueen.com\/wp-content\/uploads\/2012\/08\/img_1062-2-768x1024.jpg\" alt=\"\" class=\"wp-image-1036\" srcset=\"https:\/\/www.slugqueen.com\/wp-content\/uploads\/2012\/08\/img_1062-2-768x1024.jpg 768w, https:\/\/www.slugqueen.com\/wp-content\/uploads\/2012\/08\/img_1062-2-225x300.jpg 225w\" sizes=\"auto, (max-width: 768px) 100vw, 768px\" \/><\/a><\/figure>\n\n\n\n<figure class=\"wp-block-image size-large\"><a href=\"https:\/\/www.slugqueen.com\/wp-content\/uploads\/2018\/08\/IMG_3701.jpg\"><img loading=\"lazy\" decoding=\"async\" width=\"1024\" height=\"768\" data-id=\"1762\" src=\"https:\/\/www.slugqueen.com\/wp-content\/uploads\/2018\/08\/IMG_3701-1024x768.jpg\" alt=\"\" class=\"wp-image-1762\" srcset=\"https:\/\/www.slugqueen.com\/wp-content\/uploads\/2018\/08\/IMG_3701-1024x768.jpg 1024w, https:\/\/www.slugqueen.com\/wp-content\/uploads\/2018\/08\/IMG_3701-300x225.jpg 300w, https:\/\/www.slugqueen.com\/wp-content\/uploads\/2018\/08\/IMG_3701-768x576.jpg 768w, https:\/\/www.slugqueen.com\/wp-content\/uploads\/2018\/08\/IMG_3701.jpg 2048w\" sizes=\"auto, (max-width: 1024px) 100vw, 1024px\" \/><\/a><\/figure>\n\n\n\n<figure class=\"wp-block-image size-large\"><a href=\"https:\/\/www.slugqueen.com\/wp-content\/uploads\/2018\/07\/Slug-Slider-2.png\"><img loading=\"lazy\" decoding=\"async\" width=\"1024\" height=\"576\" data-id=\"1455\" src=\"https:\/\/www.slugqueen.com\/wp-content\/uploads\/2018\/07\/Slug-Slider-2-1024x576.png\" alt=\"\" class=\"wp-image-1455\" srcset=\"https:\/\/www.slugqueen.com\/wp-content\/uploads\/2018\/07\/Slug-Slider-2-1024x576.png 1024w, https:\/\/www.slugqueen.com\/wp-content\/uploads\/2018\/07\/Slug-Slider-2-300x169.png 300w, https:\/\/www.slugqueen.com\/wp-content\/uploads\/2018\/07\/Slug-Slider-2-768x432.png 768w, https:\/\/www.slugqueen.com\/wp-content\/uploads\/2018\/07\/Slug-Slider-2.png 2000w\" sizes=\"auto, (max-width: 1024px) 100vw, 1024px\" \/><\/a><\/figure>\n<\/figure>","protected":false},"excerpt":{"rendered":"<p>Queen of Knits and Pearls Oozing into the title of Eugene\u2019s 30th SLUG Queen, Sadie Slimy Stitches put a lot of hard work, and yarn, into her slime trail. Having spent over 400 days knitting her costume, Queen Sadie (otherwise known as Maiya Becker of Eugene) was inspired by the Broadway show, Wicked. Becker, who [&hellip;]<\/p>\n","protected":false},"author":1,"featured_media":0,"parent":42,"menu_order":71,"comment_status":"open","ping_status":"closed","template":"","meta":{"footnotes":""},"class_list":["post-1035","page","type-page","status-publish","hentry"],"_links":{"self":[{"href":"https:\/\/www.slugqueen.com\/es\/wp-json\/wp\/v2\/pages\/1035","targetHints":{"allow":["GET"]}}],"collection":[{"href":"https:\/\/www.slugqueen.com\/es\/wp-json\/wp\/v2\/pages"}],"about":[{"href":"https:\/\/www.slugqueen.com\/es\/wp-json\/wp\/v2\/types\/page"}],"author":[{"embeddable":true,"href":"https:\/\/www.slugqueen.com\/es\/wp-json\/wp\/v2\/users\/1"}],"replies":[{"embeddable":true,"href":"https:\/\/www.slugqueen.com\/es\/wp-json\/wp\/v2\/comments?post=1035"}],"version-history":[{"count":5,"href":"https:\/\/www.slugqueen.com\/es\/wp-json\/wp\/v2\/pages\/1035\/revisions"}],"predecessor-version":[{"id":3734,"href":"https:\/\/www.slugqueen.com\/es\/wp-json\/wp\/v2\/pages\/1035\/revisions\/3734"}],"up":[{"embeddable":true,"href":"https:\/\/www.slugqueen.com\/es\/wp-json\/wp\/v2\/pages\/42"}],"wp:attachment":[{"href":"https:\/\/www.slugqueen.com\/es\/wp-json\/wp\/v2\/media?parent=1035"}],"curies":[{"name":"wp","href":"https:\/\/api.w.org\/{rel}","templated":true}]}}