{"id":1124,"date":"2013-08-11T01:32:01","date_gmt":"2013-08-11T08:32:01","guid":{"rendered":"http:\/\/www.slugqueen.com\/?page_id=1124"},"modified":"2025-02-06T19:09:03","modified_gmt":"2025-02-07T02:09:03","slug":"2013-queen-professor-doctor-mildred-slugwak-dresselhaus","status":"publish","type":"page","link":"https:\/\/www.slugqueen.com\/es\/queens-of-lore\/2013-queen-professor-doctor-mildred-slugwak-dresselhaus\/","title":{"rendered":"2013 SLUG Queen Professor Doctor Mildred Slugwak Dresselhaus"},"content":{"rendered":"<h2 class=\"wp-block-heading\">Queen Professor Doctor \/ Reina de la ciencia<\/h2>\n\n\n\n<figure class=\"wp-block-image\"><a href=\"http:\/\/www.slugqueen.com\/wp-content\/uploads\/2009\/02\/securedownload.jpeg\"><img decoding=\"async\" src=\"http:\/\/www.slugqueen.com\/wp-content\/uploads\/2009\/02\/securedownload.jpeg\" alt=\"securedownload\" class=\"wp-image-1147\"\/><\/a><\/figure>\n\n\n\n<p>La profesora m\u00e9dica tuvo una infancia ideal, pescando anguilas de tibur\u00f3n mutadas en el lago, recolectando elementos lant\u00e1nidos y resucitando a sus cient\u00edficos favoritos para tomar un poco de t\u00e9 y conversar sobre termodin\u00e1mica, entrop\u00eda y el inevitable fin del universo.<\/p>\n\n\n\n<p>A los dos a\u00f1os construy\u00f3 su propia bobina Tesla con loncheras de Star Wars desechadas y las tripas de la aspiradora Kirby. En el jard\u00edn de infancia fue pionera en la cibernetizaci\u00f3n de los gaster\u00f3podos y salv\u00f3 de la muerte a su querida mascota Slugga Meitner al medio aplastarla. A los 10 a\u00f1os escribi\u00f3 lo que ahora se considera el tratado definitivo sobre el cuidado y crianza de minions, secuaces y lacayos.<\/p>\n\n\n\n<p>En la escuela secundaria, el profesor m\u00e9dico public\u00f3 numerosas publicaciones en respetadas y malvadas revistas cient\u00edficas sobre el tema de la descarga electrost\u00e1tica inducida por la pana y sus implicaciones para la paz mundial (o la destrucci\u00f3n, usted elige). Tambi\u00e9n fue miembro del equipo de la bandera, fundadora de la sociedad de moluscos y presidenta de FEMGaP (Future Evil Mad Geniuses of the Pacific).<\/p>\n\n\n\n<p>El profesor doctor estudi\u00f3 rob\u00f3tica, biolog\u00eda, inform\u00e1tica, f\u00edsica, astrof\u00edsica, matem\u00e1ticas, ingenier\u00eda qu\u00edmica, ingenier\u00eda y cine en una respetada universidad estatal (porque incluso los cient\u00edficos locos saben que no deben pagar la matr\u00edcula en una escuela privada). Se gradu\u00f3 con B.S. en ciencias pol\u00edticas y obtuvo su doctorado en la Universidad de Oregon en los programas interdisciplinarios en Ciencias Empresariales Evil Genius y Estudios de Conquista Mundial.<\/p>\n\n\n\n<p>Despu\u00e9s de graduarse, la profesora m\u00e9dica volvi\u00f3 a su antiguo amor por todo lo baboso y comenz\u00f3 a estudiar como ingenieros de guerreros babosas inteligentes.<\/p>\n\n\n\n<figure class=\"wp-block-gallery has-nested-images columns-default is-cropped wp-block-gallery-1 is-layout-flex wp-block-gallery-is-layout-flex\">\n<figure class=\"wp-block-image size-large\"><a href=\"http:\/\/www.slugqueen.com\/wp-content\/uploads\/2009\/02\/IMG_9756.jpg\"><img loading=\"lazy\" decoding=\"async\" width=\"768\" height=\"1024\" data-id=\"1116\" src=\"https:\/\/www.slugqueen.com\/wp-content\/uploads\/2009\/02\/IMG_9756-768x1024.jpg\" alt=\"IMG_9756\" class=\"wp-image-1116\" srcset=\"https:\/\/www.slugqueen.com\/wp-content\/uploads\/2009\/02\/IMG_9756-768x1024.jpg 768w, https:\/\/www.slugqueen.com\/wp-content\/uploads\/2009\/02\/IMG_9756-225x300.jpg 225w\" sizes=\"auto, (max-width: 768px) 100vw, 768px\" \/><\/a><\/figure>\n\n\n\n<figure data-wp-context=\"{&quot;imageId&quot;:&quot;69ea2d0cba318&quot;}\" data-wp-interactive=\"core\/image\" data-wp-key=\"69ea2d0cba318\" class=\"wp-block-image wp-lightbox-container\"><img loading=\"lazy\" decoding=\"async\" width=\"1343\" height=\"2000\" data-wp-class--hide=\"state.isContentHidden\" data-wp-class--show=\"state.isContentVisible\" data-wp-init=\"callbacks.setButtonStyles\" data-wp-on--click=\"actions.showLightbox\" data-wp-on--load=\"callbacks.setButtonStyles\" data-wp-on-window--resize=\"callbacks.setButtonStyles\" data-id=\"1752\" src=\"http:\/\/www.slugqueen.com\/wp-content\/uploads\/2018\/08\/IMG_3692.jpg\" alt=\"\" class=\"wp-image-1752\" srcset=\"https:\/\/www.slugqueen.com\/wp-content\/uploads\/2018\/08\/IMG_3692.jpg 1343w, https:\/\/www.slugqueen.com\/wp-content\/uploads\/2018\/08\/IMG_3692-201x300.jpg 201w, https:\/\/www.slugqueen.com\/wp-content\/uploads\/2018\/08\/IMG_3692-768x1144.jpg 768w, https:\/\/www.slugqueen.com\/wp-content\/uploads\/2018\/08\/IMG_3692-688x1024.jpg 688w\" sizes=\"auto, (max-width: 1343px) 100vw, 1343px\" \/><button\n\t\t\tclass=\"lightbox-trigger\"\n\t\t\ttype=\"button\"\n\t\t\taria-haspopup=\"dialog\"\n\t\t\taria-label=\"Agrandar\"\n\t\t\tdata-wp-init=\"callbacks.initTriggerButton\"\n\t\t\tdata-wp-on--click=\"actions.showLightbox\"\n\t\t\tdata-wp-style--right=\"state.imageButtonRight\"\n\t\t\tdata-wp-style--top=\"state.imageButtonTop\"\n\t\t>\n\t\t\t<svg xmlns=\"http:\/\/www.w3.org\/2000\/svg\" width=\"12\" height=\"12\" fill=\"none\" viewbox=\"0 0 12 12\">\n\t\t\t\t<path fill=\"#fff\" d=\"M2 0a2 2 0 0 0-2 2v2h1.5V2a.5.5 0 0 1 .5-.5h2V0H2Zm2 10.5H2a.5.5 0 0 1-.5-.5V8H0v2a2 2 0 0 0 2 2h2v-1.5ZM8 12v-1.5h2a.5.5 0 0 0 .5-.5V8H12v2a2 2 0 0 1-2 2H8Zm2-12a2 2 0 0 1 2 2v2h-1.5V2a.5.5 0 0 0-.5-.5H8V0h2Z\" \/>\n\t\t\t<\/svg>\n\t\t<\/button><\/figure>\n\n\n\n<figure class=\"wp-block-image size-large\"><a href=\"https:\/\/www.slugqueen.com\/wp-content\/uploads\/2018\/08\/IMG_3690.jpg\"><img loading=\"lazy\" decoding=\"async\" width=\"720\" height=\"960\" data-id=\"1749\" src=\"https:\/\/www.slugqueen.com\/wp-content\/uploads\/2018\/08\/IMG_3690.jpg\" alt=\"\" class=\"wp-image-1749\" srcset=\"https:\/\/www.slugqueen.com\/wp-content\/uploads\/2018\/08\/IMG_3690.jpg 720w, https:\/\/www.slugqueen.com\/wp-content\/uploads\/2018\/08\/IMG_3690-225x300.jpg 225w\" sizes=\"auto, (max-width: 720px) 100vw, 720px\" \/><\/a><\/figure>\n\n\n\n<figure class=\"wp-block-image size-large\"><a href=\"https:\/\/www.slugqueen.com\/wp-content\/uploads\/2018\/08\/Screen-Shot-2018-08-25-at-12.33.38-AM.png\"><img loading=\"lazy\" decoding=\"async\" width=\"1024\" height=\"765\" data-id=\"2596\" src=\"https:\/\/www.slugqueen.com\/wp-content\/uploads\/2018\/08\/Screen-Shot-2018-08-25-at-12.33.38-AM-1024x765.png\" alt=\"\" class=\"wp-image-2596\" srcset=\"https:\/\/www.slugqueen.com\/wp-content\/uploads\/2018\/08\/Screen-Shot-2018-08-25-at-12.33.38-AM-1024x765.png 1024w, https:\/\/www.slugqueen.com\/wp-content\/uploads\/2018\/08\/Screen-Shot-2018-08-25-at-12.33.38-AM-300x224.png 300w, https:\/\/www.slugqueen.com\/wp-content\/uploads\/2018\/08\/Screen-Shot-2018-08-25-at-12.33.38-AM-768x574.png 768w, https:\/\/www.slugqueen.com\/wp-content\/uploads\/2018\/08\/Screen-Shot-2018-08-25-at-12.33.38-AM.png 1084w\" sizes=\"auto, (max-width: 1024px) 100vw, 1024px\" \/><\/a><\/figure>\n<\/figure>\n\n\n\n<p>La profesora m\u00e9dica est\u00e1 actualmente formando su ej\u00e9rcito de ni\u00f1as cient\u00edficas (conocidas cari\u00f1osamente como secuaces) con el objetivo final de dominar la ciencia mundial femenina.<\/p>\n\n\n\n<h2 class=\"wp-block-heading\">La Reina S.L.U.G. y el ej\u00e9rcito global femenino de dominaci\u00f3n cient\u00edfica mundial<\/h2>\n\n\n\n<p>El profesor m\u00e9dico naci\u00f3 para gobernar con pu\u00f1o de osmio. Lograr la corona de Slug Queen es el paso 7 de la fase 3 de su plan de 14 fases para la dominaci\u00f3n mundial total. El profesor m\u00e9dico ya cuenta con un peque\u00f1o ej\u00e9rcito de chicas cient\u00edficas dedicadas a la causa. Los principios de su filosof\u00eda se pueden resumir en los siguientes:<\/p>\n\n\n\n<ul class=\"wp-block-list has-small-font-size\">\n<li>La ciencia es buena<\/li>\n\n\n\n<li>Te deber\u00eda gustar la ciencia.<\/li>\n\n\n\n<li>Soy bueno en ciencias<\/li>\n\n\n\n<li>Por la propiedad transitiva, deber\u00eda gobernar el mundo.<\/li>\n<\/ul>\n\n\n\n<h2 class=\"wp-block-heading\">La mujer detr\u00e1s de la cortina<\/h2>\n\n\n\n<p>El Profesor Doctor tambi\u00e9n es conocido como Brandy Todd, Director del Programa Cient\u00edfico para Inspirar la Creatividad y la Excelencia (Science Program to Inspire Creativity and Excellence, o SPICE) y Subdirector de Administraci\u00f3n del Centro de \u00d3ptica de Oregon de la Universidad de Oregon. SPICE ser\u00e1 su organizaci\u00f3n ben\u00e9fica oficial cuando sea proclamada Reina de S.L.U.G. 2012.<\/p>\n\n\n\n<p class=\"translation-block\">Brandy es una firme defensora de la educaci\u00f3n cient\u00edfica y trabaja duro (no incansablemente, realmente necesita al menos 7 horas de sue\u00f1o cada noche) para alentar a las ni\u00f1as, las minor\u00edas y la primera generaci\u00f3n de estudiantes universitarios de bajos ingresos a abrazar la ciencia. SPICE ofrece una variedad de actividades cient\u00edficas divertidas y pr\u00e1cticas para ni\u00f1os (y adultos) en el condado de Lane a bajo costo y sin costo para los participantes. SPICE organiza campamentos de verano cient\u00edficos basados en cohortes, organiza la jornada de puertas abiertas de ciencias de oto\u00f1o de la UO y dirige la Feria de ciencias e invenciones de la UO. Puede obtener m\u00e1s informaci\u00f3n sobre SPICE en <a href=\"https:\/\/www.spicescience.org\/\" target=\"_blank\" rel=\"noreferrer noopener\">https:\/\/www.spicescience.org\/<\/a><\/p>\n\n\n\n<figure class=\"wp-block-image\"><a href=\"http:\/\/www.slugqueen.com\/wp-content\/uploads\/2009\/02\/IMG_9755.jpg\"><img loading=\"lazy\" decoding=\"async\" width=\"3264\" height=\"2448\" src=\"http:\/\/www.slugqueen.com\/wp-content\/uploads\/2009\/02\/IMG_9755.jpg\" alt=\"IMG_9755\" class=\"wp-image-1115\" srcset=\"https:\/\/www.slugqueen.com\/wp-content\/uploads\/2009\/02\/IMG_9755.jpg 3264w, https:\/\/www.slugqueen.com\/wp-content\/uploads\/2009\/02\/IMG_9755-300x225.jpg 300w, https:\/\/www.slugqueen.com\/wp-content\/uploads\/2009\/02\/IMG_9755-1024x768.jpg 1024w\" sizes=\"auto, (max-width: 3264px) 100vw, 3264px\" \/><\/a><\/figure>\n\n\n\n<p>Al igual que el profesor m\u00e9dico, Brandy tambi\u00e9n tiene una licenciatura en ciencias. en ciencias pol\u00edticas (y sociolog\u00eda) de la Universidad de Oregon. Tambi\u00e9n tiene una maestr\u00eda en administraci\u00f3n p\u00fablica y est\u00e1 trabajando en su doctorado en Liderazgo Educativo. Brandy es un gran admirador de los gofres, el ciclismo y hacer estallar cosas (en nombre de la ciencia).<\/p>\n\n\n\n<figure data-wp-context=\"{&quot;imageId&quot;:&quot;69ea2d0cba9ff&quot;}\" data-wp-interactive=\"core\/image\" data-wp-key=\"69ea2d0cba9ff\" class=\"wp-block-image wp-lightbox-container\"><img loading=\"lazy\" decoding=\"async\" width=\"2000\" height=\"1125\" data-wp-class--hide=\"state.isContentHidden\" data-wp-class--show=\"state.isContentVisible\" data-wp-init=\"callbacks.setButtonStyles\" data-wp-on--click=\"actions.showLightbox\" data-wp-on--load=\"callbacks.setButtonStyles\" data-wp-on-window--resize=\"callbacks.setButtonStyles\" src=\"http:\/\/www.slugqueen.com\/wp-content\/uploads\/2018\/07\/Slug-Slider-8.png\" alt=\"\" class=\"wp-image-1461\" srcset=\"https:\/\/www.slugqueen.com\/wp-content\/uploads\/2018\/07\/Slug-Slider-8.png 2000w, https:\/\/www.slugqueen.com\/wp-content\/uploads\/2018\/07\/Slug-Slider-8-300x169.png 300w, https:\/\/www.slugqueen.com\/wp-content\/uploads\/2018\/07\/Slug-Slider-8-768x432.png 768w, https:\/\/www.slugqueen.com\/wp-content\/uploads\/2018\/07\/Slug-Slider-8-1024x576.png 1024w\" sizes=\"auto, (max-width: 2000px) 100vw, 2000px\" \/><button\n\t\t\tclass=\"lightbox-trigger\"\n\t\t\ttype=\"button\"\n\t\t\taria-haspopup=\"dialog\"\n\t\t\taria-label=\"Agrandar\"\n\t\t\tdata-wp-init=\"callbacks.initTriggerButton\"\n\t\t\tdata-wp-on--click=\"actions.showLightbox\"\n\t\t\tdata-wp-style--right=\"state.imageButtonRight\"\n\t\t\tdata-wp-style--top=\"state.imageButtonTop\"\n\t\t>\n\t\t\t<svg xmlns=\"http:\/\/www.w3.org\/2000\/svg\" width=\"12\" height=\"12\" fill=\"none\" viewbox=\"0 0 12 12\">\n\t\t\t\t<path fill=\"#fff\" d=\"M2 0a2 2 0 0 0-2 2v2h1.5V2a.5.5 0 0 1 .5-.5h2V0H2Zm2 10.5H2a.5.5 0 0 1-.5-.5V8H0v2a2 2 0 0 0 2 2h2v-1.5ZM8 12v-1.5h2a.5.5 0 0 0 .5-.5V8H12v2a2 2 0 0 1-2 2H8Zm2-12a2 2 0 0 1 2 2v2h-1.5V2a.5.5 0 0 0-.5-.5H8V0h2Z\" \/>\n\t\t\t<\/svg>\n\t\t<\/button><\/figure>","protected":false},"excerpt":{"rendered":"<p>Queen Professor Doctor \/ Queen of Science The professor doctor had an ideal childhood, fishing for mutated shark-eels in the lake, collecting lanthanoid elements, and resurrecting her favorite scientists for a bit of tea and a conversation about thermodynamics, entropy and the inevitable end of the universe. By age two she built her own tesla [&hellip;]<\/p>\n","protected":false},"author":1,"featured_media":0,"parent":42,"menu_order":70,"comment_status":"open","ping_status":"closed","template":"","meta":{"footnotes":""},"class_list":["post-1124","page","type-page","status-publish","hentry"],"_links":{"self":[{"href":"https:\/\/www.slugqueen.com\/es\/wp-json\/wp\/v2\/pages\/1124","targetHints":{"allow":["GET"]}}],"collection":[{"href":"https:\/\/www.slugqueen.com\/es\/wp-json\/wp\/v2\/pages"}],"about":[{"href":"https:\/\/www.slugqueen.com\/es\/wp-json\/wp\/v2\/types\/page"}],"author":[{"embeddable":true,"href":"https:\/\/www.slugqueen.com\/es\/wp-json\/wp\/v2\/users\/1"}],"replies":[{"embeddable":true,"href":"https:\/\/www.slugqueen.com\/es\/wp-json\/wp\/v2\/comments?post=1124"}],"version-history":[{"count":5,"href":"https:\/\/www.slugqueen.com\/es\/wp-json\/wp\/v2\/pages\/1124\/revisions"}],"predecessor-version":[{"id":3713,"href":"https:\/\/www.slugqueen.com\/es\/wp-json\/wp\/v2\/pages\/1124\/revisions\/3713"}],"up":[{"embeddable":true,"href":"https:\/\/www.slugqueen.com\/es\/wp-json\/wp\/v2\/pages\/42"}],"wp:attachment":[{"href":"https:\/\/www.slugqueen.com\/es\/wp-json\/wp\/v2\/media?parent=1124"}],"curies":[{"name":"wp","href":"https:\/\/api.w.org\/{rel}","templated":true}]}}