{"id":1153,"date":"2014-08-09T11:10:18","date_gmt":"2014-08-09T18:10:18","guid":{"rendered":"http:\/\/www.slugqueen.com\/?page_id=1153"},"modified":"2025-02-06T20:35:15","modified_gmt":"2025-02-07T03:35:15","slug":"2014-queen-professor-bulbous-slimebledore","status":"publish","type":"page","link":"https:\/\/www.slugqueen.com\/es\/queens-of-lore\/2014-queen-professor-bulbous-slimebledore\/","title":{"rendered":"2014 SLUG Queen Professor Bulbous Slimebledore"},"content":{"rendered":"<h2 class=\"wp-block-heading\">Reina de la perseverancia<\/h2>\n\n\n\n<figure class=\"wp-block-image size-large\"><a href=\"https:\/\/www.slugqueen.com\/wp-content\/uploads\/2009\/02\/10610692_10204312425961562_1866887845294238419_n.jpg\"><img loading=\"lazy\" decoding=\"async\" width=\"960\" height=\"678\" src=\"https:\/\/www.slugqueen.com\/wp-content\/uploads\/2009\/02\/10610692_10204312425961562_1866887845294238419_n.jpg\" alt=\"\" class=\"wp-image-1146\" srcset=\"https:\/\/www.slugqueen.com\/wp-content\/uploads\/2009\/02\/10610692_10204312425961562_1866887845294238419_n.jpg 960w, https:\/\/www.slugqueen.com\/wp-content\/uploads\/2009\/02\/10610692_10204312425961562_1866887845294238419_n-300x211.jpg 300w\" sizes=\"auto, (max-width: 960px) 100vw, 960px\" \/><\/a><\/figure>\n\n\n\n<p>Borson, un desarrollador de software en EWEB que tambi\u00e9n act\u00faa en el teatro local y ha realizado algunos mon\u00f3logos en la ciudad, ha sido un concursante habitual en los \u00faltimos a\u00f1os. El a\u00f1o pasado, fue el primer finalista vistiendo el mismo atuendo de mago morado y \u201cverde limo\u201d parecido al de Harry Potter.<\/p>\n\n\n\n<p class=\"translation-block\">Detr\u00e1s de la reina de 2013, <a href=\"https:\/\/www.slugqueen.com\/es\/queens-of-lore\/2013-queen-professor-doctor-mildred-slugwak-dresselhaus\/\" data-type=\"page\" id=\"1124\" target=\"_self\">Profesora Doctora Mildred Slugwak Dresselhaus<\/a> (tambi\u00e9n conocida como Brandy Todd), quien le leg\u00f3 su cetro de babosas.<\/p>\n\n\n\n<p>La actuaci\u00f3n de Borson durante la parte de talentos del evento le asegur\u00f3 la victoria el viernes. Respaldado por una multitud de mujeres vestidas de verde y negro, y un compa\u00f1ero escultural al que llam\u00f3 \u201cSlimeantha Stevens\u201d, Borson cant\u00f3 una canci\u00f3n con la melod\u00eda de \u201cWe are the Champions\u201d de Queen que hizo que una multitud de aproximadamente 350 personas brindara un estruendoso aplauso. .<\/p>\n\n\n\n<pre class=\"wp-block-verse\">He pagado mis cuotas \/ Una y otra vez\nHe escrito mi canci\u00f3n \/ Con sangre, sudor y baba\nYa no soy un perdedor \/ Porque ser\u00e9 la Reina SLUG...\n\u00a1De Eugenio!<\/pre>\n\n\n\n<figure class=\"wp-block-gallery has-nested-images columns-default is-cropped wp-block-gallery-1 is-layout-flex wp-block-gallery-is-layout-flex\">\n<figure class=\"wp-block-image size-full\"><a href=\"https:\/\/www.slugqueen.com\/wp-content\/uploads\/2014\/08\/dt.common.streams.StreamServer.cls_.jpeg\"><img loading=\"lazy\" decoding=\"async\" width=\"990\" height=\"823\" data-id=\"1154\" src=\"https:\/\/www.slugqueen.com\/wp-content\/uploads\/2014\/08\/dt.common.streams.StreamServer.cls_.jpeg\" alt=\"\" class=\"wp-image-1154\" srcset=\"https:\/\/www.slugqueen.com\/wp-content\/uploads\/2014\/08\/dt.common.streams.StreamServer.cls_.jpeg 990w, https:\/\/www.slugqueen.com\/wp-content\/uploads\/2014\/08\/dt.common.streams.StreamServer.cls_-300x249.jpeg 300w\" sizes=\"auto, (max-width: 990px) 100vw, 990px\" \/><\/a><\/figure>\n\n\n\n<figure class=\"wp-block-image size-large\"><a href=\"https:\/\/www.slugqueen.com\/wp-content\/uploads\/2018\/08\/1914551_1201375762217_2303443_n.jpg\"><img loading=\"lazy\" decoding=\"async\" width=\"604\" height=\"403\" data-id=\"1864\" src=\"https:\/\/www.slugqueen.com\/wp-content\/uploads\/2018\/08\/1914551_1201375762217_2303443_n.jpg\" alt=\"\" class=\"wp-image-1864\" srcset=\"https:\/\/www.slugqueen.com\/wp-content\/uploads\/2018\/08\/1914551_1201375762217_2303443_n.jpg 604w, https:\/\/www.slugqueen.com\/wp-content\/uploads\/2018\/08\/1914551_1201375762217_2303443_n-300x200.jpg 300w\" sizes=\"auto, (max-width: 604px) 100vw, 604px\" \/><\/a><\/figure>\n<\/figure>\n\n\n\n<p>Sin embargo, la primera victoria de Borson se produce en un a\u00f1o en el que la Celebraci\u00f3n de Eugene fue cancelada por primera vez en la historia del evento. La Reina SLUG, patrocinada por la Sociedad para la Legitimaci\u00f3n del Gaster\u00f3podo Ubicuo, ha sido parte de la celebraci\u00f3n anual desde el primer evento en 1983. Borson, sin embargo, llegar\u00e1 a lo m\u00e1s alto en el Desfile de Celebraci\u00f3n anual de Eugene el 23 de agosto. lo cual todav\u00eda est\u00e1 sucediendo.<\/p>\n\n\n\n<p>\"Oh, bueno, Eugene no necesita una celebraci\u00f3n de Eugene para celebrar, \u00bfverdad?\" dijo un Borson con gafas, todav\u00eda hablando con car\u00e1cter. \"Somos Eugene, despu\u00e9s de todo\".<\/p>\n\n\n\n<p>Dijo que tiene toda la intenci\u00f3n de aparecer en el festival que reemplaza a la celebraci\u00f3n, el Festival inaugural de Eugene, el 22 y 23 de agosto, si los organizadores a\u00fan pueden lograrlo. Una donaci\u00f3n an\u00f3nima de 10.000 d\u00f3lares que se anunci\u00f3 a principios de semana y que habr\u00eda proporcionado el resto de los fondos necesarios aparentemente no se ha concretado.<\/p>\n\n\n\n<figure data-wp-context=\"{&quot;imageId&quot;:&quot;69ea2ae96fd4a&quot;}\" data-wp-interactive=\"core\/image\" data-wp-key=\"69ea2ae96fd4a\" class=\"wp-block-image wp-lightbox-container\"><img loading=\"lazy\" decoding=\"async\" width=\"320\" height=\"240\" data-wp-class--hide=\"state.isContentHidden\" data-wp-class--show=\"state.isContentVisible\" data-wp-init=\"callbacks.setButtonStyles\" data-wp-on--click=\"actions.showLightbox\" data-wp-on--load=\"callbacks.setButtonStyles\" data-wp-on-window--resize=\"callbacks.setButtonStyles\" src=\"http:\/\/www.slugqueen.com\/wp-content\/uploads\/2018\/08\/41232_438253378640_6050973_n.jpg\" alt=\"\" class=\"wp-image-1863\" srcset=\"https:\/\/www.slugqueen.com\/wp-content\/uploads\/2018\/08\/41232_438253378640_6050973_n.jpg 320w, https:\/\/www.slugqueen.com\/wp-content\/uploads\/2018\/08\/41232_438253378640_6050973_n-300x225.jpg 300w\" sizes=\"auto, (max-width: 320px) 100vw, 320px\" \/><button\n\t\t\tclass=\"lightbox-trigger\"\n\t\t\ttype=\"button\"\n\t\t\taria-haspopup=\"dialog\"\n\t\t\taria-label=\"Agrandar\"\n\t\t\tdata-wp-init=\"callbacks.initTriggerButton\"\n\t\t\tdata-wp-on--click=\"actions.showLightbox\"\n\t\t\tdata-wp-style--right=\"state.imageButtonRight\"\n\t\t\tdata-wp-style--top=\"state.imageButtonTop\"\n\t\t>\n\t\t\t<svg xmlns=\"http:\/\/www.w3.org\/2000\/svg\" width=\"12\" height=\"12\" fill=\"none\" viewbox=\"0 0 12 12\">\n\t\t\t\t<path fill=\"#fff\" d=\"M2 0a2 2 0 0 0-2 2v2h1.5V2a.5.5 0 0 1 .5-.5h2V0H2Zm2 10.5H2a.5.5 0 0 1-.5-.5V8H0v2a2 2 0 0 0 2 2h2v-1.5ZM8 12v-1.5h2a.5.5 0 0 0 .5-.5V8H12v2a2 2 0 0 1-2 2H8Zm2-12a2 2 0 0 1 2 2v2h-1.5V2a.5.5 0 0 0-.5-.5H8V0h2Z\" \/>\n\t\t\t<\/svg>\n\t\t<\/button><\/figure>\n\n\n\n<p>El viernes, algunas de las viejas reinas se burlaron de Kesey Enterprises, la empresa privada que ha dirigido la Celebraci\u00f3n de Eugene en los \u00faltimos a\u00f1os y anunci\u00f3 su cancelaci\u00f3n a principios de junio, diciendo que no quedaba suficiente espacio en el centro debido a la reciente revitalizaci\u00f3n.<\/p>\n\n\n\n<p class=\"translation-block\">Reina <a href=\"https:\/\/www.slugqueen.com\/es\/queens-of-lore\/1993-queen-bananita-sluginsky\/\" data-type=\"page\" data-id=\"162\" target=\"_self\">Bananita Sluginsky<\/a> (tambi\u00e9n conocida como Sarah Ulerick), maestra de ceremonias del viernes, ley\u00f3 un telegrama falso que invent\u00f3 y atribuy\u00f3 a Kit Kesey, el propietario de Kesey Enterprises.<\/p>\n\n\n\n<p>\u201cLamento mucho todo el asunto de la celebraci\u00f3n de este a\u00f1o\u201d, ley\u00f3 con su acento ruso.<\/p>\n\n\n\n<p>\u201cHombre, me despert\u00e9 un d\u00eda de mayo y dije, vaya, \u00bfqu\u00e9 pas\u00f3 con los lotes bald\u00edos para salir de fiesta? Vaya. Entonces, estoy en el camino con Adem\u00e1s, ya sabes, el autob\u00fas\u2026\u201d<\/p>\n\n\n\n<p>Varias de las reinas dijeron que hay rumores de que Kesey, el sobrino del difunto autor Ken Kesey, viajar\u00e1 a trav\u00e9s del pa\u00eds este verano en la gira del 50 aniversario de Further Bus, una recreaci\u00f3n del infame viaje de 1964 de Ken Kesey y su banda de Felices bromistas. No se pudo contactar a Kesey el viernes para confirmar el rumor.<\/p>\n\n\n\n<figure class=\"wp-block-embed is-type-video is-provider-youtube wp-block-embed-youtube wp-embed-aspect-4-3 wp-has-aspect-ratio\"><div class=\"wp-block-embed__wrapper\">\n<iframe loading=\"lazy\" title=\"The man who would be queen, 2014\" width=\"500\" height=\"375\" src=\"https:\/\/www.youtube.com\/embed\/aVDmAJ5JXgY?feature=oembed\" frameborder=\"0\" allow=\"accelerometer; autoplay; clipboard-write; encrypted-media; gyroscope; picture-in-picture; web-share\" referrerpolicy=\"strict-origin-when-cross-origin\" allowfullscreen><\/iframe>\n<\/div><\/figure>\n\n\n\n<figure class=\"wp-block-gallery has-nested-images columns-default is-cropped wp-block-gallery-2 is-layout-flex wp-block-gallery-is-layout-flex\">\n<figure class=\"wp-block-image size-large\"><a href=\"https:\/\/www.slugqueen.com\/wp-content\/uploads\/2018\/08\/Screen-Shot-2018-08-27-at-10.46.50-AM.png\"><img loading=\"lazy\" decoding=\"async\" width=\"1024\" height=\"903\" data-id=\"2710\" src=\"https:\/\/www.slugqueen.com\/wp-content\/uploads\/2018\/08\/Screen-Shot-2018-08-27-at-10.46.50-AM-1024x903.png\" alt=\"\" class=\"wp-image-2710\" srcset=\"https:\/\/www.slugqueen.com\/wp-content\/uploads\/2018\/08\/Screen-Shot-2018-08-27-at-10.46.50-AM-1024x903.png 1024w, https:\/\/www.slugqueen.com\/wp-content\/uploads\/2018\/08\/Screen-Shot-2018-08-27-at-10.46.50-AM-300x264.png 300w, https:\/\/www.slugqueen.com\/wp-content\/uploads\/2018\/08\/Screen-Shot-2018-08-27-at-10.46.50-AM-768x677.png 768w, https:\/\/www.slugqueen.com\/wp-content\/uploads\/2018\/08\/Screen-Shot-2018-08-27-at-10.46.50-AM.png 1180w\" sizes=\"auto, (max-width: 1024px) 100vw, 1024px\" \/><\/a><\/figure>\n\n\n\n<figure class=\"wp-block-image size-large\"><a href=\"https:\/\/www.slugqueen.com\/wp-content\/uploads\/2018\/08\/Screen-Shot-2018-08-25-at-12.34.01-AM.png\"><img loading=\"lazy\" decoding=\"async\" width=\"1016\" height=\"810\" data-id=\"2595\" src=\"https:\/\/www.slugqueen.com\/wp-content\/uploads\/2018\/08\/Screen-Shot-2018-08-25-at-12.34.01-AM.png\" alt=\"\" class=\"wp-image-2595\" srcset=\"https:\/\/www.slugqueen.com\/wp-content\/uploads\/2018\/08\/Screen-Shot-2018-08-25-at-12.34.01-AM.png 1016w, https:\/\/www.slugqueen.com\/wp-content\/uploads\/2018\/08\/Screen-Shot-2018-08-25-at-12.34.01-AM-300x239.png 300w, https:\/\/www.slugqueen.com\/wp-content\/uploads\/2018\/08\/Screen-Shot-2018-08-25-at-12.34.01-AM-768x612.png 768w\" sizes=\"auto, (max-width: 1016px) 100vw, 1016px\" \/><\/a><\/figure>\n\n\n\n<figure class=\"wp-block-image size-large\"><a href=\"https:\/\/www.slugqueen.com\/wp-content\/uploads\/2018\/08\/11046615_1050310621652556_8250189862957480438_o.jpg\"><img loading=\"lazy\" decoding=\"async\" width=\"1024\" height=\"681\" data-id=\"1992\" src=\"https:\/\/www.slugqueen.com\/wp-content\/uploads\/2018\/08\/11046615_1050310621652556_8250189862957480438_o-1024x681.jpg\" alt=\"\" class=\"wp-image-1992\" srcset=\"https:\/\/www.slugqueen.com\/wp-content\/uploads\/2018\/08\/11046615_1050310621652556_8250189862957480438_o-1024x681.jpg 1024w, https:\/\/www.slugqueen.com\/wp-content\/uploads\/2018\/08\/11046615_1050310621652556_8250189862957480438_o-300x200.jpg 300w, https:\/\/www.slugqueen.com\/wp-content\/uploads\/2018\/08\/11046615_1050310621652556_8250189862957480438_o-768x511.jpg 768w, https:\/\/www.slugqueen.com\/wp-content\/uploads\/2018\/08\/11046615_1050310621652556_8250189862957480438_o.jpg 1936w\" sizes=\"auto, (max-width: 1024px) 100vw, 1024px\" \/><\/a><\/figure>\n\n\n\n<figure class=\"wp-block-image size-large\"><a href=\"https:\/\/www.slugqueen.com\/wp-content\/uploads\/2013\/07\/dcda726a-d318-43d6-9653-f222b5e6c603.jpg\"><img loading=\"lazy\" decoding=\"async\" width=\"660\" height=\"528\" data-id=\"1530\" src=\"https:\/\/www.slugqueen.com\/wp-content\/uploads\/2013\/07\/dcda726a-d318-43d6-9653-f222b5e6c603.jpg\" alt=\"\" class=\"wp-image-1530\" srcset=\"https:\/\/www.slugqueen.com\/wp-content\/uploads\/2013\/07\/dcda726a-d318-43d6-9653-f222b5e6c603.jpg 660w, https:\/\/www.slugqueen.com\/wp-content\/uploads\/2013\/07\/dcda726a-d318-43d6-9653-f222b5e6c603-300x240.jpg 300w\" sizes=\"auto, (max-width: 660px) 100vw, 660px\" \/><\/a><\/figure>\n<\/figure>","protected":false},"excerpt":{"rendered":"<p>Queen of persistence Borson, a software developer at EWEB who also performs in local theater and has done some stand-up comedy around town, has been a regular contestant in recent years. Last year, he was the first runner-up wearing the same purple and \u201cslime green\u201d Harry Potterlike wizard getup, Behind the 2013 queen, Professor Doctor [&hellip;]<\/p>\n","protected":false},"author":1,"featured_media":0,"parent":42,"menu_order":69,"comment_status":"open","ping_status":"closed","template":"","meta":{"footnotes":""},"class_list":["post-1153","page","type-page","status-publish","hentry"],"_links":{"self":[{"href":"https:\/\/www.slugqueen.com\/es\/wp-json\/wp\/v2\/pages\/1153","targetHints":{"allow":["GET"]}}],"collection":[{"href":"https:\/\/www.slugqueen.com\/es\/wp-json\/wp\/v2\/pages"}],"about":[{"href":"https:\/\/www.slugqueen.com\/es\/wp-json\/wp\/v2\/types\/page"}],"author":[{"embeddable":true,"href":"https:\/\/www.slugqueen.com\/es\/wp-json\/wp\/v2\/users\/1"}],"replies":[{"embeddable":true,"href":"https:\/\/www.slugqueen.com\/es\/wp-json\/wp\/v2\/comments?post=1153"}],"version-history":[{"count":5,"href":"https:\/\/www.slugqueen.com\/es\/wp-json\/wp\/v2\/pages\/1153\/revisions"}],"predecessor-version":[{"id":3739,"href":"https:\/\/www.slugqueen.com\/es\/wp-json\/wp\/v2\/pages\/1153\/revisions\/3739"}],"up":[{"embeddable":true,"href":"https:\/\/www.slugqueen.com\/es\/wp-json\/wp\/v2\/pages\/42"}],"wp:attachment":[{"href":"https:\/\/www.slugqueen.com\/es\/wp-json\/wp\/v2\/media?parent=1153"}],"curies":[{"name":"wp","href":"https:\/\/api.w.org\/{rel}","templated":true}]}}