{"id":1192,"date":"2018-07-02T15:03:07","date_gmt":"2018-07-02T22:03:07","guid":{"rendered":"http:\/\/www.slugqueen.com\/?page_id=1192"},"modified":"2025-02-06T19:29:06","modified_gmt":"2025-02-07T02:29:06","slug":"2017-queen-santa-frida-elisa-refugio-babosita","status":"publish","type":"page","link":"https:\/\/www.slugqueen.com\/es\/queens-of-lore\/2017-queen-santa-frida-elisa-refugio-babosita\/","title":{"rendered":"2017 SLUG Queen Santa Frida Elisa Refugio Babosita"},"content":{"rendered":"<h2 class=\"wp-block-heading\">Reina del Z\u00f3calo<\/h2>\n\n\n\n<figure class=\"wp-block-image size-large\"><a href=\"https:\/\/www.slugqueen.com\/wp-content\/uploads\/2018\/07\/20170817news-slug-1300x844.jpg\"><img loading=\"lazy\" decoding=\"async\" width=\"1024\" height=\"665\" src=\"https:\/\/www.slugqueen.com\/wp-content\/uploads\/2018\/07\/20170817news-slug-1300x844-1024x665.jpg\" alt=\"\" class=\"wp-image-1193\" srcset=\"https:\/\/www.slugqueen.com\/wp-content\/uploads\/2018\/07\/20170817news-slug-1300x844-1024x665.jpg 1024w, https:\/\/www.slugqueen.com\/wp-content\/uploads\/2018\/07\/20170817news-slug-1300x844-300x195.jpg 300w, https:\/\/www.slugqueen.com\/wp-content\/uploads\/2018\/07\/20170817news-slug-1300x844-768x499.jpg 768w, https:\/\/www.slugqueen.com\/wp-content\/uploads\/2018\/07\/20170817news-slug-1300x844.jpg 1300w\" sizes=\"auto, (max-width: 1024px) 100vw, 1024px\" \/><\/a><\/figure>\n\n\n\n<h2 class=\"wp-block-heading\"><strong>Message from Queen&nbsp;Santa Frida Elisa Refugio Babosita<\/strong><\/h2>\n\n\n\n<blockquote class=\"wp-block-quote is-layout-flow wp-block-quote-is-layout-flow\">\n<p>Como Reina SLUG 2017, Santa Frida Elisa Refugio Babosita, tambi\u00e9n conocida como Mija Andrade, me complace presentar una celebraci\u00f3n festiva que muestra las culturas y los talentos de varios de los miembros de nuestra comunidad latina. Este evento es un lugar para disfrutar y participar juntos en la m\u00fasica, el baile y las oportunidades creativas. Inspirados en los animados centros de las ciudades de M\u00e9xico, llamados Z\u00f3calos, a menudo activos con personas y familias disfrutando juntos de m\u00fasica, arte, danza, juegos y comida. Durante mi lluvia, mi misi\u00f3n ha sido crear y apoyar una cultura comunitaria inclusiva. Creo que el arte es un lugar donde podemos unir la cultura en la que nacemos con la cultura que creamos como comunidad. El prop\u00f3sito de este evento es reunirnos en celebraci\u00f3n, celebrar la cultura y construir nuestra propia cultura comunitaria a trav\u00e9s del arte, la m\u00fasica y la danza.<\/p>\n<\/blockquote>\n\n\n\n<figure class=\"wp-block-gallery has-nested-images columns-default is-cropped wp-block-gallery-1 is-layout-flex wp-block-gallery-is-layout-flex\">\n<figure class=\"wp-block-image size-full\"><a href=\"https:\/\/www.slugqueen.com\/wp-content\/uploads\/2018\/08\/IMG_3676.jpg\"><img loading=\"lazy\" decoding=\"async\" width=\"720\" height=\"960\" data-id=\"1734\" src=\"https:\/\/www.slugqueen.com\/wp-content\/uploads\/2018\/08\/IMG_3676.jpg\" alt=\"\" class=\"wp-image-1734\" srcset=\"https:\/\/www.slugqueen.com\/wp-content\/uploads\/2018\/08\/IMG_3676.jpg 720w, https:\/\/www.slugqueen.com\/wp-content\/uploads\/2018\/08\/IMG_3676-225x300.jpg 225w\" sizes=\"auto, (max-width: 720px) 100vw, 720px\" \/><\/a><\/figure>\n\n\n\n<figure class=\"wp-block-image size-full\"><a href=\"https:\/\/www.slugqueen.com\/wp-content\/uploads\/2018\/08\/Screen-Shot-2018-08-27-at-11.02.05-AM.png\"><img loading=\"lazy\" decoding=\"async\" width=\"1160\" height=\"1028\" data-id=\"2669\" src=\"https:\/\/www.slugqueen.com\/wp-content\/uploads\/2018\/08\/Screen-Shot-2018-08-27-at-11.02.05-AM.png\" alt=\"\" class=\"wp-image-2669\" srcset=\"https:\/\/www.slugqueen.com\/wp-content\/uploads\/2018\/08\/Screen-Shot-2018-08-27-at-11.02.05-AM.png 1160w, https:\/\/www.slugqueen.com\/wp-content\/uploads\/2018\/08\/Screen-Shot-2018-08-27-at-11.02.05-AM-300x266.png 300w, https:\/\/www.slugqueen.com\/wp-content\/uploads\/2018\/08\/Screen-Shot-2018-08-27-at-11.02.05-AM-768x681.png 768w, https:\/\/www.slugqueen.com\/wp-content\/uploads\/2018\/08\/Screen-Shot-2018-08-27-at-11.02.05-AM-1024x907.png 1024w\" sizes=\"auto, (max-width: 1160px) 100vw, 1160px\" \/><\/a><\/figure>\n\n\n\n<figure class=\"wp-block-image size-full\"><a href=\"https:\/\/www.slugqueen.com\/wp-content\/uploads\/2018\/08\/32048498_1845870912372140_8976987754701258752_n.jpg\"><img loading=\"lazy\" decoding=\"async\" width=\"1080\" height=\"1350\" data-id=\"2620\" src=\"https:\/\/www.slugqueen.com\/wp-content\/uploads\/2018\/08\/32048498_1845870912372140_8976987754701258752_n.jpg\" alt=\"\" class=\"wp-image-2620\" srcset=\"https:\/\/www.slugqueen.com\/wp-content\/uploads\/2018\/08\/32048498_1845870912372140_8976987754701258752_n.jpg 1080w, https:\/\/www.slugqueen.com\/wp-content\/uploads\/2018\/08\/32048498_1845870912372140_8976987754701258752_n-240x300.jpg 240w, https:\/\/www.slugqueen.com\/wp-content\/uploads\/2018\/08\/32048498_1845870912372140_8976987754701258752_n-768x960.jpg 768w, https:\/\/www.slugqueen.com\/wp-content\/uploads\/2018\/08\/32048498_1845870912372140_8976987754701258752_n-819x1024.jpg 819w\" sizes=\"auto, (max-width: 1080px) 100vw, 1080px\" \/><\/a><\/figure>\n<\/figure>\n\n\n\n<p>Con el apoyo del Fondo del Centro de la Ciudad de Eugene, as\u00ed como de varios patrocinadores, esta celebraci\u00f3n incluye 6 presentaciones independientes de m\u00fasica y danza de miembros de la comunidad local, as\u00ed como varias oportunidades de participaci\u00f3n creativa y activismo por parte de organizaciones locales de arte y servicios. Nuestro evento ser\u00e1 presentado por Jessica Zapata de Eugene Arte Latino. Los artistas de m\u00fasica y danza incluyen Alma de M\u00e9xico, un grupo juvenil de ballet folcl\u00f3rico; Lo Nuestro tocando m\u00fasica folkl\u00f3rica latinoamericana, Taller de Son Jarocho presenta m\u00fasica y danza de Veracruz, M\u00e9xico; la banda Llorona que toca lo que ellos llaman m\u00fasica mexamericana; y una banda de salsa en vivo Descarga 54 con lecciones de salsa y baile durante su show. Samuel Becerra tambi\u00e9n presentar\u00e1 Sonidos del Pasado, una fant\u00e1stica demostraci\u00f3n de instrumentos ind\u00edgenas precolombinos, muchos de los cuales \u00e9l mismo fabrica. Da su presentaci\u00f3n vestido con su espectacular atuendo Azteca.<\/p>\n\n\n\n<p>Las organizaciones locales participantes incluyen OSLP Arts &amp; Culture Program, Centro Latino Americano, Huerto de la Familia, MECCA, Downtown Languages, Maude Kerns Art Center, PeaceJam, ArtCity, Eugene Emeralds\/Monarcas, Instaballet y Whiteaker Printmakers. Estas organizaciones proporcionar\u00e1n actividades creativas para que los asistentes disfruten y participen en colaboraci\u00f3n. El muralista local Esteban Camacho Steffensen dirigir\u00e1 un proyecto de mural comunitario. Este proyecto est\u00e1 financiado por el patrocinio de Imagination International, Inc. y despu\u00e9s de este evento se instalar\u00e1 en la Escuela Buena Vista. Esteban crea murales en todo el mundo, pero es muy conocido localmente por sus hermosos murales en el parque de patinaje WJ.<\/p>\n\n\n\n<figure class=\"wp-block-image size-large\"><a href=\"https:\/\/www.slugqueen.com\/wp-content\/uploads\/2018\/08\/IMG_3673.jpg\"><img loading=\"lazy\" decoding=\"async\" width=\"819\" height=\"1024\" src=\"https:\/\/www.slugqueen.com\/wp-content\/uploads\/2018\/08\/IMG_3673-819x1024.jpg\" alt=\"\" class=\"wp-image-1731\" srcset=\"https:\/\/www.slugqueen.com\/wp-content\/uploads\/2018\/08\/IMG_3673-819x1024.jpg 819w, https:\/\/www.slugqueen.com\/wp-content\/uploads\/2018\/08\/IMG_3673-240x300.jpg 240w, https:\/\/www.slugqueen.com\/wp-content\/uploads\/2018\/08\/IMG_3673-768x960.jpg 768w, https:\/\/www.slugqueen.com\/wp-content\/uploads\/2018\/08\/IMG_3673.jpg 1080w\" sizes=\"auto, (max-width: 819px) 100vw, 819px\" \/><\/a><\/figure>\n\n\n\n<p>Tambi\u00e9n tendremos carritos de comida que incluyen Delicias Dominicanas y Sweet Bay Shave Ice.<\/p>\n\n\n\n<p>Generous sponsors of this event include Tacovore, Imagination International Inc., Eugene Emeralds , Banner Bank , Threadbare Printhouse , Pacific Real Estate Services, Jordan Schnitzer Museum of Art , Pedal Power and Kiva Grocery, with additional support from QSL Print Communications and WildCraft Cider Works. Sound for the event&nbsp;provided by Pedal Power.<\/p>\n\n\n\n<p>Cuando no estoy la Reina, trabajo como Director de Desarrollo del Programa de Vida Apoyada de Oreg\u00f3n, una organizaci\u00f3n local sin fines de lucro que apoya a adultos con discapacidades intelectuales y del desarrollo durante 40 a\u00f1os. Antes de esto, fui Director Ejecutivo de MECCA, Centro de Intercambio de Materiales para las Artes Comunitarias, una organizaci\u00f3n local sin fines de lucro de arte, educaci\u00f3n y reutilizaci\u00f3n. Actualmente tambi\u00e9n soy presidente de la junta directiva del Centro Latino Americano, una organizaci\u00f3n local sin fines de lucro que presta servicios a miembros de la comunidad latina durante m\u00e1s de 40 a\u00f1os. Mi pasi\u00f3n es construir conexiones que mejoren nuestra comunidad a trav\u00e9s de la inclusi\u00f3n, la asociaci\u00f3n y la colaboraci\u00f3n.<\/p>\n\n\n\n<figure data-wp-context=\"{&quot;imageId&quot;:&quot;69ea2ff273fa1&quot;}\" data-wp-interactive=\"core\/image\" data-wp-key=\"69ea2ff273fa1\" class=\"wp-block-image size-full alignnone wp-image-1222 wp-lightbox-container\"><img loading=\"lazy\" decoding=\"async\" width=\"168\" height=\"300\" data-wp-class--hide=\"state.isContentHidden\" data-wp-class--show=\"state.isContentVisible\" data-wp-init=\"callbacks.setButtonStyles\" data-wp-on--click=\"actions.showLightbox\" data-wp-on--load=\"callbacks.setButtonStyles\" data-wp-on-window--resize=\"callbacks.setButtonStyles\" src=\"https:\/\/www.slugqueen.com\/wp-content\/uploads\/2009\/02\/Unknown-6.jpeg\" alt=\"\" class=\"wp-image-1222\"\/><button\n\t\t\tclass=\"lightbox-trigger\"\n\t\t\ttype=\"button\"\n\t\t\taria-haspopup=\"dialog\"\n\t\t\taria-label=\"Agrandar\"\n\t\t\tdata-wp-init=\"callbacks.initTriggerButton\"\n\t\t\tdata-wp-on--click=\"actions.showLightbox\"\n\t\t\tdata-wp-style--right=\"state.imageButtonRight\"\n\t\t\tdata-wp-style--top=\"state.imageButtonTop\"\n\t\t>\n\t\t\t<svg xmlns=\"http:\/\/www.w3.org\/2000\/svg\" width=\"12\" height=\"12\" fill=\"none\" viewbox=\"0 0 12 12\">\n\t\t\t\t<path fill=\"#fff\" d=\"M2 0a2 2 0 0 0-2 2v2h1.5V2a.5.5 0 0 1 .5-.5h2V0H2Zm2 10.5H2a.5.5 0 0 1-.5-.5V8H0v2a2 2 0 0 0 2 2h2v-1.5ZM8 12v-1.5h2a.5.5 0 0 0 .5-.5V8H12v2a2 2 0 0 1-2 2H8Zm2-12a2 2 0 0 1 2 2v2h-1.5V2a.5.5 0 0 0-.5-.5H8V0h2Z\" \/>\n\t\t\t<\/svg>\n\t\t<\/button><\/figure>\n\n\n\n<h2 class=\"wp-block-heading\">En las noticias<\/h2>\n\n\n\n<p><a href=\"https:\/\/web.archive.org\/web\/20230921091846\/https:\/\/www.registerguard.com\/story\/news\/2017\/08\/12\/eugene-crowns-35th-slug-queen-long-live-santa-frida-babosita-html-csp\/12631951007\/\">Eugene Crowns 35th SLUG Queen &#8211; Register-Guard<\/a><\/p>\n\n\n\n<p><a href=\"https:\/\/web.archive.org\/web\/20230921092000\/https:\/\/eugeneweekly.com\/2017\/08\/17\/a-new-queen-is-crowned\/\">A New Queen is Crowned &#8211; Eugene Weekly<\/a><\/p>\n\n\n\n<figure class=\"wp-block-gallery has-nested-images columns-default is-cropped wp-block-gallery-2 is-layout-flex wp-block-gallery-is-layout-flex\">\n<figure class=\"wp-block-image size-large\"><a href=\"https:\/\/www.slugqueen.com\/wp-content\/uploads\/2013\/07\/20769975_10155121027149633_1291377239405789882_n.jpg\"><img loading=\"lazy\" decoding=\"async\" width=\"960\" height=\"640\" data-id=\"1519\" src=\"https:\/\/www.slugqueen.com\/wp-content\/uploads\/2013\/07\/20769975_10155121027149633_1291377239405789882_n.jpg\" alt=\"\" class=\"wp-image-1519\" srcset=\"https:\/\/www.slugqueen.com\/wp-content\/uploads\/2013\/07\/20769975_10155121027149633_1291377239405789882_n.jpg 960w, https:\/\/www.slugqueen.com\/wp-content\/uploads\/2013\/07\/20769975_10155121027149633_1291377239405789882_n-300x200.jpg 300w, https:\/\/www.slugqueen.com\/wp-content\/uploads\/2013\/07\/20769975_10155121027149633_1291377239405789882_n-768x512.jpg 768w\" sizes=\"auto, (max-width: 960px) 100vw, 960px\" \/><\/a><\/figure>\n\n\n\n<figure class=\"wp-block-image size-large\"><a href=\"https:\/\/www.slugqueen.com\/wp-content\/uploads\/2018\/08\/Screen-Shot-2018-08-27-at-10.47.39-AM.png\"><img loading=\"lazy\" decoding=\"async\" width=\"1024\" height=\"904\" data-id=\"2707\" src=\"https:\/\/www.slugqueen.com\/wp-content\/uploads\/2018\/08\/Screen-Shot-2018-08-27-at-10.47.39-AM-1024x904.png\" alt=\"\" class=\"wp-image-2707\" srcset=\"https:\/\/www.slugqueen.com\/wp-content\/uploads\/2018\/08\/Screen-Shot-2018-08-27-at-10.47.39-AM-1024x904.png 1024w, https:\/\/www.slugqueen.com\/wp-content\/uploads\/2018\/08\/Screen-Shot-2018-08-27-at-10.47.39-AM-300x265.png 300w, https:\/\/www.slugqueen.com\/wp-content\/uploads\/2018\/08\/Screen-Shot-2018-08-27-at-10.47.39-AM-768x678.png 768w, https:\/\/www.slugqueen.com\/wp-content\/uploads\/2018\/08\/Screen-Shot-2018-08-27-at-10.47.39-AM.png 1242w\" sizes=\"auto, (max-width: 1024px) 100vw, 1024px\" \/><\/a><\/figure>\n\n\n\n<figure class=\"wp-block-image size-large\"><a href=\"https:\/\/www.slugqueen.com\/wp-content\/uploads\/2018\/08\/Screen-Shot-2018-08-27-at-10.37.21-AM.png\"><img loading=\"lazy\" decoding=\"async\" width=\"1024\" height=\"686\" data-id=\"2723\" src=\"https:\/\/www.slugqueen.com\/wp-content\/uploads\/2018\/08\/Screen-Shot-2018-08-27-at-10.37.21-AM-1024x686.png\" alt=\"\" class=\"wp-image-2723\" srcset=\"https:\/\/www.slugqueen.com\/wp-content\/uploads\/2018\/08\/Screen-Shot-2018-08-27-at-10.37.21-AM-1024x686.png 1024w, https:\/\/www.slugqueen.com\/wp-content\/uploads\/2018\/08\/Screen-Shot-2018-08-27-at-10.37.21-AM-300x201.png 300w, https:\/\/www.slugqueen.com\/wp-content\/uploads\/2018\/08\/Screen-Shot-2018-08-27-at-10.37.21-AM-768x515.png 768w, https:\/\/www.slugqueen.com\/wp-content\/uploads\/2018\/08\/Screen-Shot-2018-08-27-at-10.37.21-AM.png 1262w\" sizes=\"auto, (max-width: 1024px) 100vw, 1024px\" \/><\/a><\/figure>\n\n\n\n<figure class=\"wp-block-image size-large\"><a href=\"https:\/\/www.slugqueen.com\/wp-content\/uploads\/2018\/08\/Screen-Shot-2018-08-27-at-10.46.50-AM.png\"><img loading=\"lazy\" decoding=\"async\" width=\"1024\" height=\"903\" data-id=\"2710\" src=\"https:\/\/www.slugqueen.com\/wp-content\/uploads\/2018\/08\/Screen-Shot-2018-08-27-at-10.46.50-AM-1024x903.png\" alt=\"\" class=\"wp-image-2710\" srcset=\"https:\/\/www.slugqueen.com\/wp-content\/uploads\/2018\/08\/Screen-Shot-2018-08-27-at-10.46.50-AM-1024x903.png 1024w, https:\/\/www.slugqueen.com\/wp-content\/uploads\/2018\/08\/Screen-Shot-2018-08-27-at-10.46.50-AM-300x264.png 300w, https:\/\/www.slugqueen.com\/wp-content\/uploads\/2018\/08\/Screen-Shot-2018-08-27-at-10.46.50-AM-768x677.png 768w, https:\/\/www.slugqueen.com\/wp-content\/uploads\/2018\/08\/Screen-Shot-2018-08-27-at-10.46.50-AM.png 1180w\" sizes=\"auto, (max-width: 1024px) 100vw, 1024px\" \/><\/a><\/figure>\n<\/figure>","protected":false},"excerpt":{"rendered":"<p>Queen of the Zocalo Message from Queen&nbsp;Santa Frida Elisa Refugio Babosita As 2017 SLUG Queen Santa Frida Elisa Refugio Babosita, also known as Mija Andrade, I am excited to present a festive celebration showcasing the cultures and talents of several of our Latinx community members. This event is a place to enjoy and engage in [&hellip;]<\/p>\n","protected":false},"author":1,"featured_media":0,"parent":42,"menu_order":66,"comment_status":"closed","ping_status":"closed","template":"","meta":{"footnotes":""},"class_list":["post-1192","page","type-page","status-publish","hentry"],"_links":{"self":[{"href":"https:\/\/www.slugqueen.com\/es\/wp-json\/wp\/v2\/pages\/1192","targetHints":{"allow":["GET"]}}],"collection":[{"href":"https:\/\/www.slugqueen.com\/es\/wp-json\/wp\/v2\/pages"}],"about":[{"href":"https:\/\/www.slugqueen.com\/es\/wp-json\/wp\/v2\/types\/page"}],"author":[{"embeddable":true,"href":"https:\/\/www.slugqueen.com\/es\/wp-json\/wp\/v2\/users\/1"}],"replies":[{"embeddable":true,"href":"https:\/\/www.slugqueen.com\/es\/wp-json\/wp\/v2\/comments?post=1192"}],"version-history":[{"count":5,"href":"https:\/\/www.slugqueen.com\/es\/wp-json\/wp\/v2\/pages\/1192\/revisions"}],"predecessor-version":[{"id":3730,"href":"https:\/\/www.slugqueen.com\/es\/wp-json\/wp\/v2\/pages\/1192\/revisions\/3730"}],"up":[{"embeddable":true,"href":"https:\/\/www.slugqueen.com\/es\/wp-json\/wp\/v2\/pages\/42"}],"wp:attachment":[{"href":"https:\/\/www.slugqueen.com\/es\/wp-json\/wp\/v2\/media?parent=1192"}],"curies":[{"name":"wp","href":"https:\/\/api.w.org\/{rel}","templated":true}]}}