{"id":1196,"date":"2018-07-02T15:05:59","date_gmt":"2018-07-02T22:05:59","guid":{"rendered":"http:\/\/www.slugqueen.com\/?page_id=1196"},"modified":"2025-02-06T19:15:22","modified_gmt":"2025-02-07T02:15:22","slug":"2016-queen-eugenia-slimesworth","status":"publish","type":"page","link":"https:\/\/www.slugqueen.com\/es\/queens-of-lore\/2016-queen-eugenia-slimesworth\/","title":{"rendered":"2016 SLUG Queen Eugenia Slimesworth"},"content":{"rendered":"<h2 class=\"wp-block-heading\">La reina brillante del arco iris<\/h2>\n\n\n\n<figure class=\"wp-block-image size-large\"><a href=\"https:\/\/www.slugqueen.com\/wp-content\/uploads\/2018\/07\/Slug-Queen-2016-web-1024x683.jpg\"><img loading=\"lazy\" decoding=\"async\" width=\"1024\" height=\"683\" src=\"https:\/\/www.slugqueen.com\/wp-content\/uploads\/2018\/07\/Slug-Queen-2016-web-1024x683-1024x683.jpg\" alt=\"\" class=\"wp-image-1197\" srcset=\"https:\/\/www.slugqueen.com\/wp-content\/uploads\/2018\/07\/Slug-Queen-2016-web-1024x683.jpg 1024w, https:\/\/www.slugqueen.com\/wp-content\/uploads\/2018\/07\/Slug-Queen-2016-web-1024x683-300x200.jpg 300w, https:\/\/www.slugqueen.com\/wp-content\/uploads\/2018\/07\/Slug-Queen-2016-web-1024x683-768x512.jpg 768w\" sizes=\"auto, (max-width: 1024px) 100vw, 1024px\" \/><\/a><\/figure>\n\n\n\n<p>\u00bfRecuerdas cu\u00e1l era tu color favorito cuando eras ni\u00f1o? Winter Peterson recuerda el suyo: Todos los colores<\/p>\n\n\n\n<p>\"Vi eso en un recipiente de brillantina cuando era ni\u00f1a y pens\u00e9 que era de un solo color\", dice. \u201cPero no, eran de todos colores\u201d.<\/p>\n\n\n\n<p>Desde entonces, su visi\u00f3n del mundo no se ha vuelto menos colorida. Peterson se autodenomina una \u201cpersona recreativa, ruidosa y llamativa\u201d y a menudo se la puede ver cerca de Eugene vestida de mujer o incluso disfrazada de payaso. \"La gente no espera ver payasos en los bares\", dice.<\/p>\n\n\n\n<p>Peterson ha tenido muchos nombres a lo largo de los a\u00f1os. Como payaso de bar, ella es Ding-Dong. Como drag queen, Peterson sol\u00eda llamarse BabyJesus, pero ahora es Heavy Flo. Tiene los nombres \"Jack\" y \"Jane\" tatuados en sus pu\u00f1os. \"He estado un poco indecisa sobre mi g\u00e9nero\", explica. Ahora ella es Winter, un nombre que describe como \"andr\u00f3gino, con un toque femenino\".<\/p>\n\n\n\n<p>A partir del 12 de agosto, Peterson puede agregar un nuevo nombre a esta lista: Eugenia Slimesworth, la reina n\u00famero 34 de Eugene SLUG.<\/p>\n\n\n\n<figure class=\"wp-block-image size-full\"><a href=\"https:\/\/www.slugqueen.com\/wp-content\/uploads\/2018\/08\/IMG_3679.jpg\"><img loading=\"lazy\" decoding=\"async\" width=\"960\" height=\"960\" src=\"https:\/\/www.slugqueen.com\/wp-content\/uploads\/2018\/08\/IMG_3679.jpg\" alt=\"\" class=\"wp-image-1737\" srcset=\"https:\/\/www.slugqueen.com\/wp-content\/uploads\/2018\/08\/IMG_3679.jpg 960w, https:\/\/www.slugqueen.com\/wp-content\/uploads\/2018\/08\/IMG_3679-150x150.jpg 150w, https:\/\/www.slugqueen.com\/wp-content\/uploads\/2018\/08\/IMG_3679-300x300.jpg 300w, https:\/\/www.slugqueen.com\/wp-content\/uploads\/2018\/08\/IMG_3679-768x768.jpg 768w\" sizes=\"auto, (max-width: 960px) 100vw, 960px\" \/><\/a><\/figure>\n\n\n\n<p>Peterson, un bibli\u00f3filo declarado que trabaja en la biblioteca del campus de Lane Community College, ha decidido promover y recaudar fondos para las bibliotecas p\u00fablicas de Eugene. Adem\u00e1s de los eventos p\u00fablicos de las reinas SLUG, incluido el Jell-O Art Show del Maude Kerns Art Center (exactamente lo que parece) en el que las reinas SLUG participan cada primavera, ella dice que espera hacer apariciones regulares en bibliotecas p\u00fablicas alrededor de Eugene.<\/p>\n\n\n\n<p>\u201cSi me necesitan para la hora del cuento o cualquier otro evento para el que la biblioteca me quiera, derribar\u00e9 la puerta para eso\u201d, dice Peterson.<\/p>\n\n\n\n<p>Tambi\u00e9n planea compilar un calendario de fotograf\u00edas de las antiguas reinas de SLUG, y todo el dinero se destinar\u00e1 a bibliotecas p\u00fablicas del condado de Lane. Uno de los credos m\u00e1s queridos de las reinas SLUG es \u201cuna vez reina, siempre reina\u201d, por lo que no hay reinas anteriores: solo reinas viejas (o reinas muy viejas, si han sido realeza durante m\u00e1s de 20 a\u00f1os; exquisitamente o Las reinas de edad sostenible han mantenido el t\u00edtulo durante m\u00e1s de 30 a\u00f1os).<\/p>\n\n\n\n<figure class=\"wp-block-image size-full\"><a href=\"https:\/\/www.slugqueen.com\/wp-content\/uploads\/2018\/08\/IMG_3704.jpg\"><img loading=\"lazy\" decoding=\"async\" width=\"740\" height=\"903\" src=\"https:\/\/www.slugqueen.com\/wp-content\/uploads\/2018\/08\/IMG_3704.jpg\" alt=\"\" class=\"wp-image-1765\" srcset=\"https:\/\/www.slugqueen.com\/wp-content\/uploads\/2018\/08\/IMG_3704.jpg 740w, https:\/\/www.slugqueen.com\/wp-content\/uploads\/2018\/08\/IMG_3704-246x300.jpg 246w\" sizes=\"auto, (max-width: 740px) 100vw, 740px\" \/><\/a><\/figure>\n\n\n\n<p class=\"translation-block\">Otra cosa que a Peterson le encanta, sin ir\u00f3nicamente, es su colecci\u00f3n de mu\u00f1ecas, una de las cuales, un beb\u00e9 sasquatch, trajo a su sesi\u00f3n de fotos en Eugene Weekly (Peterson dice que tambi\u00e9n le encanta la tradici\u00f3n de Sasquatch). Comenz\u00f3 a coleccionar hace unos a\u00f1os cuando, en una tienda de segunda mano en Atlanta, encontr\u00f3 un tipo de mu\u00f1eca que su amiga coleccionaba y se la compr\u00f3. Pero antes de que pudiera enviarle la mu\u00f1eca a su amiga, se enamor\u00f3 de ella.<\/p>\n\n\n\n<p>\u201cLa mayor\u00eda de mis mu\u00f1ecas son mu\u00f1ecas de composiciones antiguas de los a\u00f1os treinta y cuarenta, algunas son beb\u00e9s renacidos hechos a mano, hechos para que parezcan extremadamente reales, y luego hay un mont\u00f3n de bellezas al azar: Kewpies, Barbies antiguas, una mu\u00f1eca Dolly Parton, una Cabbage Patch. payaso, un feto de pol\u00edmero, etc.\u201d, dice Peterson. \u201cTienen su propia habitaci\u00f3n y me gusta hablar con ellos todos los d\u00edas cuando entro a buscar algo del armario o simplemente me asomo para ver c\u00f3mo les va. Dir\u00e9 '\u00a1Hola chicas! \u00a1Tu madre te quiere mucho! \u00bfEst\u00e1s teniendo un buen d\u00eda hoy?'\u201d<\/p>\n\n\n\n<p>Ella agrega: \u201cA veces llevo uno conmigo, como si fuera una ocasi\u00f3n especial. Tengo un mu\u00f1eco que conoci\u00f3 a Bernie Sanders y otro que conoci\u00f3 a John Waters\u201d.<\/p>\n\n\n\n<p>Peterson, originario de Fort Lauderdale, se instal\u00f3 en Eugene hace aproximadamente un a\u00f1o y medio y se enter\u00f3 de la competencia reina SLUG al llegar. No hace falta decir que qued\u00f3 cautivada al instante.<\/p>\n\n\n\n<figure class=\"wp-block-image size-full\"><a href=\"https:\/\/www.slugqueen.com\/wp-content\/uploads\/2018\/08\/IMG_3680.jpg\"><img loading=\"lazy\" decoding=\"async\" width=\"720\" height=\"960\" src=\"https:\/\/www.slugqueen.com\/wp-content\/uploads\/2018\/08\/IMG_3680.jpg\" alt=\"\" class=\"wp-image-1738\" srcset=\"https:\/\/www.slugqueen.com\/wp-content\/uploads\/2018\/08\/IMG_3680.jpg 720w, https:\/\/www.slugqueen.com\/wp-content\/uploads\/2018\/08\/IMG_3680-225x300.jpg 225w\" sizes=\"auto, (max-width: 720px) 100vw, 720px\" \/><\/a><\/figure>\n\n\n\n<p>\"Cuando lo vi por primera vez, inmediatamente pens\u00e9: 'Alg\u00fan d\u00eda me postular\u00e9 para esto'\", dice. \"Decid\u00ed que este es el a\u00f1o\".<\/p>\n\n\n\n<p class=\"translation-block\">De acuerdo con su \u00e1ngulo de bibli\u00f3filo, la actuaci\u00f3n ganadora de Peterson en el \u201csegmento de talentos\u201d del concurso SLUG queen implic\u00f3 una actuaci\u00f3n m\u00edmica con un remix Auto-Tuned de un discurso a favor del libro del querido presentador de programas infantiles Fred Rogers, famoso por Mister Rogers' Neighborhood.<\/p>\n\n\n\n<p>Su atuendo, codise\u00f1ado con su amiga Eli Rise, quien tambi\u00e9n ayud\u00f3 a desarrollar la coreograf\u00eda de las \u201cSlugettes\u201d que la respaldaron, probablemente tambi\u00e9n ayud\u00f3 a sus posibilidades. Sorprendentemente, en su mayor parte estaba improvisado con cosas que ten\u00eda por ah\u00ed, adem\u00e1s de una capa verde extravagante aportada por Rise.<\/p>\n\n\n\n<p>Lo \u00fanico que Peterson agreg\u00f3 al disfraz fue un ramo de flores falsas de un d\u00f3lar, que r\u00e1pidamente peg\u00f3 sobre su casco de bicicleta.<\/p>\n\n\n\n<p>\"Tengo que conseguir un casco nuevo ahora\", suspira, \"pero vali\u00f3 la pena\".<\/p>\n\n\n\n<p>Fue, con diferencia, el disfraz m\u00e1s extravagante y \u201cde todos colores\u201d de la noche.<\/p>\n\n\n\n<p>\"La idea de combinar ropa nunca tuvo sentido para m\u00ed hasta que fui demasiado mayor\", dice Peterson. \"Todav\u00eda me resulta extra\u00f1o\".<\/p>\n\n\n\n<figure class=\"wp-block-gallery has-nested-images columns-default is-cropped wp-block-gallery-1 is-layout-flex wp-block-gallery-is-layout-flex\">\n<figure class=\"wp-block-image size-full\"><a href=\"https:\/\/www.slugqueen.com\/wp-content\/uploads\/2013\/07\/37940940_10155989514029633_7215961432884510720_n.jpg\"><img loading=\"lazy\" decoding=\"async\" width=\"960\" height=\"960\" data-id=\"1520\" src=\"https:\/\/www.slugqueen.com\/wp-content\/uploads\/2013\/07\/37940940_10155989514029633_7215961432884510720_n.jpg\" alt=\"\" class=\"wp-image-1520\" srcset=\"https:\/\/www.slugqueen.com\/wp-content\/uploads\/2013\/07\/37940940_10155989514029633_7215961432884510720_n.jpg 960w, https:\/\/www.slugqueen.com\/wp-content\/uploads\/2013\/07\/37940940_10155989514029633_7215961432884510720_n-150x150.jpg 150w, https:\/\/www.slugqueen.com\/wp-content\/uploads\/2013\/07\/37940940_10155989514029633_7215961432884510720_n-300x300.jpg 300w, https:\/\/www.slugqueen.com\/wp-content\/uploads\/2013\/07\/37940940_10155989514029633_7215961432884510720_n-768x768.jpg 768w, https:\/\/www.slugqueen.com\/wp-content\/uploads\/2013\/07\/37940940_10155989514029633_7215961432884510720_n-730x730.jpg 730w, https:\/\/www.slugqueen.com\/wp-content\/uploads\/2013\/07\/37940940_10155989514029633_7215961432884510720_n-365x365.jpg 365w\" sizes=\"auto, (max-width: 960px) 100vw, 960px\" \/><\/a><\/figure>\n\n\n\n<figure class=\"wp-block-image size-full\"><a href=\"https:\/\/www.slugqueen.com\/wp-content\/uploads\/2018\/08\/38840319_1917536104973259_5496621041440522240_n.jpg\"><img loading=\"lazy\" decoding=\"async\" width=\"953\" height=\"958\" data-id=\"2720\" src=\"https:\/\/www.slugqueen.com\/wp-content\/uploads\/2018\/08\/38840319_1917536104973259_5496621041440522240_n.jpg\" alt=\"\" class=\"wp-image-2720\" srcset=\"https:\/\/www.slugqueen.com\/wp-content\/uploads\/2018\/08\/38840319_1917536104973259_5496621041440522240_n.jpg 953w, https:\/\/www.slugqueen.com\/wp-content\/uploads\/2018\/08\/38840319_1917536104973259_5496621041440522240_n-150x150.jpg 150w, https:\/\/www.slugqueen.com\/wp-content\/uploads\/2018\/08\/38840319_1917536104973259_5496621041440522240_n-298x300.jpg 298w, https:\/\/www.slugqueen.com\/wp-content\/uploads\/2018\/08\/38840319_1917536104973259_5496621041440522240_n-768x772.jpg 768w\" sizes=\"auto, (max-width: 953px) 100vw, 953px\" \/><\/a><figcaption class=\"wp-element-caption\">hollyk<\/figcaption><\/figure>\n<\/figure>","protected":false},"excerpt":{"rendered":"<p>The Rainbow Bright Queen Do you remember what your favorite color was when you were a kid? Winter Peterson remembers hers: multicolor. \u201cI saw that on a container of glitter when I was a kid and thought it was one color,\u201d she says. \u201cBut no \u2013 it was all colors.\u201d Since then, her worldview hasn\u2019t [&hellip;]<\/p>\n","protected":false},"author":1,"featured_media":0,"parent":42,"menu_order":67,"comment_status":"closed","ping_status":"closed","template":"","meta":{"footnotes":""},"class_list":["post-1196","page","type-page","status-publish","hentry"],"_links":{"self":[{"href":"https:\/\/www.slugqueen.com\/es\/wp-json\/wp\/v2\/pages\/1196","targetHints":{"allow":["GET"]}}],"collection":[{"href":"https:\/\/www.slugqueen.com\/es\/wp-json\/wp\/v2\/pages"}],"about":[{"href":"https:\/\/www.slugqueen.com\/es\/wp-json\/wp\/v2\/types\/page"}],"author":[{"embeddable":true,"href":"https:\/\/www.slugqueen.com\/es\/wp-json\/wp\/v2\/users\/1"}],"replies":[{"embeddable":true,"href":"https:\/\/www.slugqueen.com\/es\/wp-json\/wp\/v2\/comments?post=1196"}],"version-history":[{"count":5,"href":"https:\/\/www.slugqueen.com\/es\/wp-json\/wp\/v2\/pages\/1196\/revisions"}],"predecessor-version":[{"id":3718,"href":"https:\/\/www.slugqueen.com\/es\/wp-json\/wp\/v2\/pages\/1196\/revisions\/3718"}],"up":[{"embeddable":true,"href":"https:\/\/www.slugqueen.com\/es\/wp-json\/wp\/v2\/pages\/42"}],"wp:attachment":[{"href":"https:\/\/www.slugqueen.com\/es\/wp-json\/wp\/v2\/media?parent=1196"}],"curies":[{"name":"wp","href":"https:\/\/api.w.org\/{rel}","templated":true}]}}