{"id":1200,"date":"2018-07-02T15:10:33","date_gmt":"2018-07-02T22:10:33","guid":{"rendered":"http:\/\/www.slugqueen.com\/?page_id=1200"},"modified":"2025-02-06T19:21:24","modified_gmt":"2025-02-07T02:21:24","slug":"2015-queen-markolo-parkolo","status":"publish","type":"page","link":"https:\/\/www.slugqueen.com\/es\/queens-of-lore\/2015-queen-markolo-parkolo\/","title":{"rendered":"2015 SLUG Queen Markolo Parkolo"},"content":{"rendered":"<h2 class=\"wp-block-heading\"><strong>Reina de la bondad<\/strong><\/h2>\n\n\n\n<figure class=\"wp-block-image size-full\"><a href=\"https:\/\/www.slugqueen.com\/wp-content\/uploads\/2018\/07\/20150903coverstory-1.jpg\"><img loading=\"lazy\" decoding=\"async\" width=\"400\" height=\"600\" src=\"https:\/\/www.slugqueen.com\/wp-content\/uploads\/2018\/07\/20150903coverstory-1.jpg\" alt=\"\" class=\"wp-image-1201\" srcset=\"https:\/\/www.slugqueen.com\/wp-content\/uploads\/2018\/07\/20150903coverstory-1.jpg 400w, https:\/\/www.slugqueen.com\/wp-content\/uploads\/2018\/07\/20150903coverstory-1-200x300.jpg 200w\" sizes=\"auto, (max-width: 400px) 100vw, 400px\" \/><\/a><\/figure>\n\n\n\n<p>Ataviado con lentejuelas, vestido con profundos tonos morados y envuelto en una tela verde iridiscente, Mark Roberts est\u00e1 tan radiante que podr\u00eda ser apenas visible desde la luna de la Tierra. Mirando por debajo del ala ancha de su maltratado sombrero de fieltro con estampado de leopardo a trav\u00e9s de un par de lentes anchos y plateados, dice: \"Siempre he sido una persona un poco t\u00edmida\".<\/p>\n\n\n\n<p>La vida de Roberts dio un giro peculiar el viernes 14 de agosto, cuando los miembros de la Sociedad para la Legitimaci\u00f3n del Gaster\u00f3podo Ubicuo (S.L.U.G.) lo coronaron como la Reina S.L.U.G. n\u00famero 33 de Eugene.<\/p>\n\n\n\n<p class=\"translation-block\"><i>T\u00edmida<\/i>\u00a0y\u00a0<i>reina S.L.U.G.<\/i>\u00a0son pr\u00e1cticamente ant\u00f3nimos, pero Roberts espera que el glamour \"slimelight\" y el acceso mon\u00e1rquico ayuden a exaltar a Lane Independent Living Alliance, la agencia sin fines de lucro de la que forma parte. presidente. El a\u00f1o pasado, LILA conect\u00f3 a m\u00e1s de 1000 personas discapacitadas con el apoyo y los recursos que necesitan para vivir de forma independiente.<\/p>\n\n\n\n<figure data-wp-context=\"{&quot;imageId&quot;:&quot;69ea4a3e298ed&quot;}\" data-wp-interactive=\"core\/image\" data-wp-key=\"69ea4a3e298ed\" class=\"wp-block-image wp-lightbox-container\"><img loading=\"lazy\" decoding=\"async\" width=\"960\" height=\"779\" data-wp-class--hide=\"state.isContentHidden\" data-wp-class--show=\"state.isContentVisible\" data-wp-init=\"callbacks.setButtonStyles\" data-wp-on--click=\"actions.showLightbox\" data-wp-on--load=\"callbacks.setButtonStyles\" data-wp-on-window--resize=\"callbacks.setButtonStyles\" src=\"http:\/\/www.slugqueen.com\/wp-content\/uploads\/2018\/08\/IMG_3707.jpg\" alt=\"\" class=\"wp-image-1768\" srcset=\"https:\/\/www.slugqueen.com\/wp-content\/uploads\/2018\/08\/IMG_3707.jpg 960w, https:\/\/www.slugqueen.com\/wp-content\/uploads\/2018\/08\/IMG_3707-300x243.jpg 300w, https:\/\/www.slugqueen.com\/wp-content\/uploads\/2018\/08\/IMG_3707-768x623.jpg 768w\" sizes=\"auto, (max-width: 960px) 100vw, 960px\" \/><button\n\t\t\tclass=\"lightbox-trigger\"\n\t\t\ttype=\"button\"\n\t\t\taria-haspopup=\"dialog\"\n\t\t\taria-label=\"Agrandar\"\n\t\t\tdata-wp-init=\"callbacks.initTriggerButton\"\n\t\t\tdata-wp-on--click=\"actions.showLightbox\"\n\t\t\tdata-wp-style--right=\"state.imageButtonRight\"\n\t\t\tdata-wp-style--top=\"state.imageButtonTop\"\n\t\t>\n\t\t\t<svg xmlns=\"http:\/\/www.w3.org\/2000\/svg\" width=\"12\" height=\"12\" fill=\"none\" viewbox=\"0 0 12 12\">\n\t\t\t\t<path fill=\"#fff\" d=\"M2 0a2 2 0 0 0-2 2v2h1.5V2a.5.5 0 0 1 .5-.5h2V0H2Zm2 10.5H2a.5.5 0 0 1-.5-.5V8H0v2a2 2 0 0 0 2 2h2v-1.5ZM8 12v-1.5h2a.5.5 0 0 0 .5-.5V8H12v2a2 2 0 0 1-2 2H8Zm2-12a2 2 0 0 1 2 2v2h-1.5V2a.5.5 0 0 0-.5-.5H8V0h2Z\" \/>\n\t\t\t<\/svg>\n\t\t<\/button><\/figure>\n\n\n\n<p>Las razones de Roberts para querer elevar el perfil de LILA son personales.<\/p>\n\n\n\n<p>Cuando ten\u00eda 3 a\u00f1os, su hermano mayor, Ed, contrajo polio. A los 14 a\u00f1os, el joven y brillante atleta qued\u00f3 destrozado y qued\u00f3 casi completamente paralizado e incapaz de respirar por s\u00ed solo. A pesar de sus discapacidades, Ed Roberts se convirti\u00f3 en uno de los defensores m\u00e1s visibles y eficaces de los derechos de las personas con discapacidad. En LILA, Mark Roberts siente que lleva la bandera de la cruzada de su difunto hermano.<\/p>\n\n\n\n<p class=\"translation-block\">A principios de este verano, Mark Roberts finalmente cedi\u00f3 ante a\u00f1os de suave presi\u00f3n por parte de su pareja de baile de toda la vida y \u201creina muy vieja\u201d <a href=\"https:\/\/www.slugqueen.com\/es\/queens-of-lore\/2004-queen-scarlett -o-slimera\/\" data-type=\"page\" data-id=\"135\" target=\"_self\">Scarlett O'Slimera<\/a> (Joan Gold Cypress).<\/p>\n\n\n\n<p>\u201cLo llam\u00e9 y le dije: 'No se trata de ti. Lo est\u00e1s haciendo por la comunidad y lo est\u00e1s haciendo por LILA'\u201d, recuerda O\u2019Slimera.<\/p>\n\n\n\n<p>Algunas reinas pasan a\u00f1os prepar\u00e1ndose; Roberts lanz\u00f3 su sombrero al ring dos semanas antes del certamen de agosto.<\/p>\n\n\n\n<p>Roberts, jubilado despu\u00e9s de 32 a\u00f1os dirigiendo su propio negocio de pisos, ahora conocido en toda la ciudad como \u201csu majestad Markalo Parkalo, su reina y m\u00eda\u201d, es mediador voluntario en el tribunal de reclamos menores del condado de Lane. Los fines de semana, el trasplante de voz suave del \u00c1rea de la Bah\u00eda abre su Carpa Empathy en el Saturday Market del centro.<\/p>\n\n\n\n<p>La charla de \u00e1nimo de O'Slimera renov\u00f3 el sentido de prop\u00f3sito de Roberts. R\u00e1pidamente convoc\u00f3 a un grupo de bailarines de respaldo, los Radar Angels, para darle apoyo moral y atractivo exterior, y arm\u00f3 el conjunto m\u00e1s ruidoso que pudo lucir.<\/p>\n\n\n\n<p>El resto, dice Roberts, es historia.<\/p>\n\n\n\n<figure class=\"wp-block-gallery has-nested-images columns-default is-cropped wp-block-gallery-1 is-layout-flex wp-block-gallery-is-layout-flex\">\n<figure class=\"wp-block-image size-large\"><a href=\"https:\/\/www.slugqueen.com\/wp-content\/uploads\/2018\/07\/thumbnail-3.jpeg\"><img loading=\"lazy\" decoding=\"async\" width=\"683\" height=\"1024\" data-id=\"1287\" src=\"https:\/\/www.slugqueen.com\/wp-content\/uploads\/2018\/07\/thumbnail-3-683x1024.jpeg\" alt=\"\" class=\"wp-image-1287\" srcset=\"https:\/\/www.slugqueen.com\/wp-content\/uploads\/2018\/07\/thumbnail-3-683x1024.jpeg 683w, https:\/\/www.slugqueen.com\/wp-content\/uploads\/2018\/07\/thumbnail-3-200x300.jpeg 200w, https:\/\/www.slugqueen.com\/wp-content\/uploads\/2018\/07\/thumbnail-3-768x1152.jpeg 768w, https:\/\/www.slugqueen.com\/wp-content\/uploads\/2018\/07\/thumbnail-3.jpeg 960w\" sizes=\"auto, (max-width: 683px) 100vw, 683px\" \/><\/a><\/figure>\n\n\n\n<figure data-wp-context=\"{&quot;imageId&quot;:&quot;69ea4a3e29d99&quot;}\" data-wp-interactive=\"core\/image\" data-wp-key=\"69ea4a3e29d99\" class=\"wp-block-image wp-lightbox-container\"><img loading=\"lazy\" decoding=\"async\" width=\"1080\" height=\"832\" data-wp-class--hide=\"state.isContentHidden\" data-wp-class--show=\"state.isContentVisible\" data-wp-init=\"callbacks.setButtonStyles\" data-wp-on--click=\"actions.showLightbox\" data-wp-on--load=\"callbacks.setButtonStyles\" data-wp-on-window--resize=\"callbacks.setButtonStyles\" data-id=\"1289\" src=\"http:\/\/www.slugqueen.com\/wp-content\/uploads\/2018\/07\/thumbnail-5.jpeg\" alt=\"\" class=\"wp-image-1289\" srcset=\"https:\/\/www.slugqueen.com\/wp-content\/uploads\/2018\/07\/thumbnail-5.jpeg 1080w, https:\/\/www.slugqueen.com\/wp-content\/uploads\/2018\/07\/thumbnail-5-300x231.jpeg 300w, https:\/\/www.slugqueen.com\/wp-content\/uploads\/2018\/07\/thumbnail-5-768x592.jpeg 768w, https:\/\/www.slugqueen.com\/wp-content\/uploads\/2018\/07\/thumbnail-5-1024x789.jpeg 1024w\" sizes=\"auto, (max-width: 1080px) 100vw, 1080px\" \/><button\n\t\t\tclass=\"lightbox-trigger\"\n\t\t\ttype=\"button\"\n\t\t\taria-haspopup=\"dialog\"\n\t\t\taria-label=\"Agrandar\"\n\t\t\tdata-wp-init=\"callbacks.initTriggerButton\"\n\t\t\tdata-wp-on--click=\"actions.showLightbox\"\n\t\t\tdata-wp-style--right=\"state.imageButtonRight\"\n\t\t\tdata-wp-style--top=\"state.imageButtonTop\"\n\t\t>\n\t\t\t<svg xmlns=\"http:\/\/www.w3.org\/2000\/svg\" width=\"12\" height=\"12\" fill=\"none\" viewbox=\"0 0 12 12\">\n\t\t\t\t<path fill=\"#fff\" d=\"M2 0a2 2 0 0 0-2 2v2h1.5V2a.5.5 0 0 1 .5-.5h2V0H2Zm2 10.5H2a.5.5 0 0 1-.5-.5V8H0v2a2 2 0 0 0 2 2h2v-1.5ZM8 12v-1.5h2a.5.5 0 0 0 .5-.5V8H12v2a2 2 0 0 1-2 2H8Zm2-12a2 2 0 0 1 2 2v2h-1.5V2a.5.5 0 0 0-.5-.5H8V0h2Z\" \/>\n\t\t\t<\/svg>\n\t\t<\/button><\/figure>\n<\/figure>\n\n\n\n<h2 class=\"wp-block-heading\"><b>Algunas buenas babosas<\/b><\/h2>\n\n\n\n<p>El rastro de baba de SLUG se remonta a 1983, cuando el Ayuntamiento de Eugene rechaz\u00f3 la sugerencia del caricaturista Paul Ollswang de nombrar la ahora desaparecida Celebraci\u00f3n de Eugene \"Slugfest\". Temiendo que la celebraci\u00f3n reflejara demasiado el temperamento sin humor del Ayuntamiento, un pu\u00f1ado de traviesos impenitentes organizaron su propio concurso de belleza al rev\u00e9s.<\/p>\n\n\n\n<p>\u201cY a partir de ah\u00ed todo se sali\u00f3 de control\u201d, dice la primera dama de SLUG mientras espera <a href=\"https:\/\/www.slugqueen.com\/es\/queens-of-lore\/first-lady-in-waiting\/\" data-type=\"page\" data-id=\"188\">Kim Still<\/a>.<\/p>\n\n\n\n<p>Still, que ha producido el concurso durante m\u00e1s de 20 a\u00f1os, dice: \u201cEs divertido e irreverente, de gran coraz\u00f3n, dulce y exc\u00e9ntrico. Es el mejor lado de Eugene\u201d.<\/p>\n\n\n\n<p>O'Slimera est\u00e1 de acuerdo.<\/p>\n\n\n\n<p>En 2004, O'Slimera inaugur\u00f3 el Queen's Ball (principalmente) anual. El costo de la entrada era una lata de comida. Ella dice que recaud\u00f3 m\u00e1s de 2,000 libras de alimentos que fueron directamente a FOOD for Lane County. \u201cDios es testigo\u201d, declar\u00f3 O\u2019Slimera, \u201cnunca habr\u00e1 hambre de comida, diversi\u00f3n o diversi\u00f3n\u201d.<\/p>\n\n\n\n<p class=\"translation-block\">Todas las reinas SLUG, tanto femeninas como masculinas, se ponen la faja y la corona de lam\u00e9 verde por una causa. <a href=\"https:\/\/www.slugqueen.com\/es\/queens-of-lore\/2011-queen-holly-go-slugly\/\" data-type=\"p\u00e1gina\" data-id=\"936\" target=\"_self \">La reina Holly GoSlugly<\/a> (Debbie Williamson Smith) lucha contra el c\u00e1ncer. <a href=\"https:\/\/www.slugqueen.com\/es\/queens-of-lore\/2013-queen-professor-doctor-mildred-slugwak-dresselhaus\/\" data-type=\"p\u00e1gina\" data-id=\"1124\" target=\"_self\">La profesora reina doctora Mildred Slugwak Dresselhaus<\/a> (Brandy Todd) re\u00fane un ej\u00e9rcito de ni\u00f1as cient\u00edficas o \"cient\u00edficas\". <a href=\"https:\/\/www.slugqueen.com\/es\/queens-of-lore\/2007-queen-glorious-gastropause\/\" data-type=\"p\u00e1gina\" data-id=\"126\" target=\"_self\"> La reina Glorious Gastropause<\/a> (la comediante Leigh Anne Jasheway, reina Glo para abreviar) defiende a Greenhill Humane Society.<\/p>\n\n\n\n<p>El d\u00eda que nos conocimos, la Reina Glo parec\u00eda distra\u00edda pensando en todos los pobres perros que mor\u00edan cocinados en autos sofocantes en los calurosos d\u00edas de verano. Se pregunt\u00f3 en voz alta si era legal romper los cristales de los coches para liberar a los perros condenados y trat\u00f3 de determinar cu\u00e1l era la herramienta m\u00e1s \u00fatil para romper el cristal templado.<\/p>\n\n\n\n<p>Como dice el refr\u00e1n: Una vez reina, siempre reina.<\/p>\n\n\n\n<p>O'Slimera dice que Roberts \u201cser\u00e1 una reina excepcional porque se da cuenta de que no se trata de \u00e9l. Todo es por la comunidad\u201d.<\/p>\n\n\n\n<p>Reci\u00e9n bajada del avi\u00f3n despu\u00e9s de visitar a su familia en Tennessee, su acento sure\u00f1o dura m\u00e1s y suena m\u00e1s musical de lo normal. \"Como reina, Marko nos guiar\u00e1 a todos en un baile que mantendr\u00e1 la paz\", a\u00f1ade, diciendo: \"\u00c9l puede ayudar a salvar el mundo, nuestro peque\u00f1o mundo aqu\u00ed en Eugene, de todos modos\".<\/p>\n\n\n\n<p>A la luz de la inclinaci\u00f3n de Roberts por los trabajos voluntarios, el hombre parece empe\u00f1ado en salvar el mundo, o al menos una peque\u00f1a parte de \u00e9l.<\/p>\n\n\n\n<p>Descansando en una silla de jard\u00edn afuera de su Carpa de Empat\u00eda en el Festival de Eugene, Robert dice: \u201cCreo que el esp\u00edritu humano es naturalmente generoso. Es una necesidad humana contribuir\u201d.<\/p>\n\n\n\n<p>Brilla de manera extra\u00f1a bajo la brumosa luz dorada del sol que brilla a trav\u00e9s de una densa capa de humo proveniente de los incendios forestales de la zona. La reina lucha por definirlo con palabras sencillas, pero formar parte de la junta directiva de LILA parece renovar su conexi\u00f3n con su difunto hermano, Ed Roberts.<\/p>\n\n\n\n<h2 class=\"wp-block-heading\"><b>El 'lisiado indefenso' inicia una revoluci\u00f3n<\/b><\/h2>\n\n\n\n<p>En 1952, la poliomielitis paral\u00edtica dej\u00f3 al hermano de Mark, Ed Roberts, inmovilizado en un pulm\u00f3n de hierro. Deprimido, el ni\u00f1o se dispuso a morir de hambre.<\/p>\n\n\n\n<p class=\"translation-block\">\"Tienes que ser bastante creativo cuando est\u00e1s paralizado del cuello para abajo\", le dijo Ed Roberts a Harry Reasoner en un episodio de\u00a0<i>60 Minutes<\/i>\u00a0de 1989.<\/p>\n\n\n\n<p>El adolescente demacrado pesaba menos que la mayor\u00eda de los golden retrievers cuando una epifan\u00eda cambi\u00f3 su vida. Ed Roberts se lo describi\u00f3 a Reasoner as\u00ed: \u201cCometemos errores fundamentales al cuidar a las personas todo el tiempo. Piensa en tu propia vida. Si tienes personas que te cuidan y toman todas tus decisiones, \u00bfqu\u00e9 sentido tiene la vida realmente?<\/p>\n\n\n\n<p>En un instante, Ed Roberts abandon\u00f3 su prolongado suicidio y se propuso desafiar los l\u00edmites que le hab\u00edan impuesto sus m\u00e9dicos.<\/p>\n\n\n\n<p>\"Hay muy pocas personas, incluso con las discapacidades m\u00e1s graves, que no pueden tomar el control de sus propias vidas\", afirm\u00f3. \"El problema es que la gente que nos rodea no espera que lo hagamos\".<\/p>\n\n\n\n<p class=\"translation-block\">Ed Roberts se gradu\u00f3 de la escuela secundaria y asisti\u00f3 a la universidad en San Mateo. Lleg\u00f3 a los titulares a principios de los a\u00f1os 60 despu\u00e9s de dejar su casa en Burlingame, California, para estudiar ciencias pol\u00edticas en Berkeley. La\u00a0<i>Berkeley Gazette<\/i>\u00a0dec\u00eda: \u201cUn lisiado indefenso asiste a clases en la UC\u201d.<\/p>\n\n\n\n<p>Hoy en d\u00eda, los cortes en las aceras, las rampas, los espacios de estacionamiento designados y el transporte p\u00fablico accesible son la norma en las ciudades de todo el mundo. Sin embargo, no hace mucho tiempo, los m\u00e9dicos internaban regularmente a personas con discapacidades graves y las manten\u00edan fuera de la vista.<\/p>\n\n\n\n<p>Ed Roberts quer\u00eda cambiar eso. Entre clases, \u00e9l y otros estudiantes discapacitados idearon planes para el Programa de Estudiantes con Discapacidades F\u00edsicas y abrieron el primer Centro para la Vida Independiente, que allan\u00f3 el camino para organizaciones como LILA.<\/p>\n\n\n\n<figure data-wp-context=\"{&quot;imageId&quot;:&quot;69ea4a3e2a3b2&quot;}\" data-wp-interactive=\"core\/image\" data-wp-key=\"69ea4a3e2a3b2\" class=\"wp-block-image wp-lightbox-container\"><img loading=\"lazy\" decoding=\"async\" width=\"1535\" height=\"2048\" data-wp-class--hide=\"state.isContentHidden\" data-wp-class--show=\"state.isContentVisible\" data-wp-init=\"callbacks.setButtonStyles\" data-wp-on--click=\"actions.showLightbox\" data-wp-on--load=\"callbacks.setButtonStyles\" data-wp-on-window--resize=\"callbacks.setButtonStyles\" src=\"http:\/\/www.slugqueen.com\/wp-content\/uploads\/2018\/08\/IMG_3708.jpg\" alt=\"\" class=\"wp-image-1769\" srcset=\"https:\/\/www.slugqueen.com\/wp-content\/uploads\/2018\/08\/IMG_3708.jpg 1535w, https:\/\/www.slugqueen.com\/wp-content\/uploads\/2018\/08\/IMG_3708-225x300.jpg 225w, https:\/\/www.slugqueen.com\/wp-content\/uploads\/2018\/08\/IMG_3708-768x1024.jpg 768w\" sizes=\"auto, (max-width: 1535px) 100vw, 1535px\" \/><button\n\t\t\tclass=\"lightbox-trigger\"\n\t\t\ttype=\"button\"\n\t\t\taria-haspopup=\"dialog\"\n\t\t\taria-label=\"Agrandar\"\n\t\t\tdata-wp-init=\"callbacks.initTriggerButton\"\n\t\t\tdata-wp-on--click=\"actions.showLightbox\"\n\t\t\tdata-wp-style--right=\"state.imageButtonRight\"\n\t\t\tdata-wp-style--top=\"state.imageButtonTop\"\n\t\t>\n\t\t\t<svg xmlns=\"http:\/\/www.w3.org\/2000\/svg\" width=\"12\" height=\"12\" fill=\"none\" viewbox=\"0 0 12 12\">\n\t\t\t\t<path fill=\"#fff\" d=\"M2 0a2 2 0 0 0-2 2v2h1.5V2a.5.5 0 0 1 .5-.5h2V0H2Zm2 10.5H2a.5.5 0 0 1-.5-.5V8H0v2a2 2 0 0 0 2 2h2v-1.5ZM8 12v-1.5h2a.5.5 0 0 0 .5-.5V8H12v2a2 2 0 0 1-2 2H8Zm2-12a2 2 0 0 1 2 2v2h-1.5V2a.5.5 0 0 0-.5-.5H8V0h2Z\" \/>\n\t\t\t<\/svg>\n\t\t<\/button><\/figure>\n\n\n\n<p>Mark Roberts sonr\u00ede pensando en la vez que visit\u00f3 a su hermano en Berkeley. Los dos tomaron \u00e1cido juntos y pusieron a todo volumen discos de Bee Gees en la habitaci\u00f3n de Ed.<\/p>\n\n\n\n<p>\"A veces era estridente\", recuerda Mark, \"como una fraternidad\".<\/p>\n\n\n\n<p class=\"translation-block\">Ed Roberts dej\u00f3 Berkeley en 1975 para dirigir el Departamento de Rehabilitaci\u00f3n Vocacional del Estado de California, la misma burocracia que le neg\u00f3 ayuda cuando era estudiante de primer a\u00f1o en la universidad bas\u00e1ndose en que ten\u00eda una discapacidad\u00a0<i>demasiado<\/i>\u00a0grave. Siete a\u00f1os despu\u00e9s, dej\u00f3 el DOR para cofundar el Instituto Mundial sobre la Discapacidad, un influyente grupo de expertos que promueve la \u201cplena integraci\u00f3n social\u201d de las personas con discapacidad.<\/p>\n\n\n\n<p>\u201cLo que somos no somos s\u00faper lisiados\u201d, dijo Ed Roberts a Reasoner, \u201cpero somos modelos a seguir. Somos ejemplos de personas que, incluso con las discapacidades m\u00e1s graves, han podido llevar una vida plena en la comunidad y el trabajo, tener familias y, en general, desempe\u00f1ar papeles importantes\u201d.<\/p>\n\n\n\n<p>Ed Roberts muri\u00f3 en 1995, pero su legado contin\u00faa a trav\u00e9s del trabajo de su hermano Mark y otros como \u00e9l.<\/p>\n\n\n\n<p><b>El limo tambi\u00e9n sube<\/b><\/p>\n\n\n\n<p>Ed Roberts construy\u00f3 el modelo en el que se basa LILA, dice la directora ejecutiva de LILA, Sheila Thomas. Y el movimiento de vida independiente que \u00e9l ayud\u00f3 a iniciar ha generado enormes cambios de actitud y de pol\u00edticas p\u00fablicas, en gran medida al sacar a millones de personas con discapacidad de los centros de atenci\u00f3n especializada y incorporarlos a la corriente principal.<\/p>\n\n\n\n<p>A veces, sin embargo, el \u00e9xito es como un arma de doble filo. \"Puede dar la impresi\u00f3n de que el trabajo duro ya est\u00e1 hecho\", afirma Thomas.<\/p>\n\n\n\n<p>Thomas toma asiento detr\u00e1s de una mesa plegable en la sala Ed Roberts, escasamente decorada, en el interior de la nueva sede de LILA en 13th y Oak. Ella dice que la oficina de LILA en Eugene es uno de los m\u00e1s de 500 centros de vida independiente en los EE. UU.<\/p>\n\n\n\n<p>Incluso con la Ley de Estadounidenses con Discapacidades (ADA, por sus siglas en ingl\u00e9s) en vigor, la lucha por el acceso y la inclusi\u00f3n contin\u00faa, dice. \u201cAparte de las barreras al acceso y la inclusi\u00f3n, las personas con discapacidad enfrentan una falta de vivienda asequible, una falta de oportunidades laborales y, en consecuencia, muy a menudo viven por debajo del umbral de pobreza\u201d.<\/p>\n\n\n\n<p>Es dif\u00edcil imaginar hoy en d\u00eda que a las personas con discapacidades todav\u00eda se les impida conseguir trabajo, pero ese es el tipo de cambio que LILA busca hacer.<\/p>\n\n\n\n<p>Con las adaptaciones adecuadas, la discapacidad desaparece, afirma Mark Roberts. En otras palabras, cuanto m\u00e1s eficaces son los grupos como LILA en su trabajo, la necesidad se vuelve menos evidente. Es por eso que la divulgaci\u00f3n y la educaci\u00f3n p\u00fablicas siguen siendo fundamentales para la soluci\u00f3n.<\/p>\n\n\n\n<p>LILA, que cuenta casi en su totalidad con personas con discapacidades, ofrece seminarios sobre habilidades para la vida, asesoramiento personalizado sobre salud mental, apoyo de pares y consultas sobre la ADA.<\/p>\n\n\n\n<p>\"Cuando Mark me dijo que iba a ser la reina de SLUG, supe que lo conseguir\u00eda\", dice Thomas. \u201cEstoy encantado de que haya ganado; tener m\u00e1s visibilidad es perfecto. Escuchamos a personas que vienen de la calle todo el tiempo y dicen: \u2018\u00a1No sab\u00eda que estabas aqu\u00ed!'\u201d<\/p>\n\n\n\n<p>Para Roberts, salir de su zona de confort y adentrarse en la luz del limo es, en peque\u00f1a medida, seguir los pasos de su hermano mayor.<\/p>\n\n\n\n<p>\"Siento que sigo con el trabajo familiar\", dice.<\/p>\n\n\n\n<p>En un d\u00eda lleno de humo en Skinner Butte Park, los plebeyos salen de la bruma y se arrodillan ante su nueva reina. Algunas fotos tomadas. Otros miran con desconcierto y asombro, hipnotizados por el amable hombre vestido como un brillante proxeneta espacial caleidosc\u00f3pico que los saluda con un delicado movimiento de la mano.<\/p>\n\n\n\n<p>\"No es f\u00e1cil ser reina\", dice Roberts.<\/p>\n\n\n\n<figure class=\"wp-block-gallery has-nested-images columns-default is-cropped wp-block-gallery-2 is-layout-flex wp-block-gallery-is-layout-flex\">\n<figure class=\"wp-block-image size-large\"><a href=\"https:\/\/www.slugqueen.com\/wp-content\/uploads\/2013\/07\/37991246_10155989513634633_7474120565448507392_n.jpg\"><img loading=\"lazy\" decoding=\"async\" width=\"720\" height=\"960\" data-id=\"1526\" src=\"https:\/\/www.slugqueen.com\/wp-content\/uploads\/2013\/07\/37991246_10155989513634633_7474120565448507392_n.jpg\" alt=\"\" class=\"wp-image-1526\" srcset=\"https:\/\/www.slugqueen.com\/wp-content\/uploads\/2013\/07\/37991246_10155989513634633_7474120565448507392_n.jpg 720w, https:\/\/www.slugqueen.com\/wp-content\/uploads\/2013\/07\/37991246_10155989513634633_7474120565448507392_n-225x300.jpg 225w\" sizes=\"auto, (max-width: 720px) 100vw, 720px\" \/><\/a><\/figure>\n\n\n\n<figure class=\"wp-block-image size-large\"><a href=\"https:\/\/www.slugqueen.com\/wp-content\/uploads\/2018\/08\/38939096_10216465988700564_2233783963476819968_n.jpg\"><img loading=\"lazy\" decoding=\"async\" width=\"960\" height=\"720\" data-id=\"2011\" src=\"https:\/\/www.slugqueen.com\/wp-content\/uploads\/2018\/08\/38939096_10216465988700564_2233783963476819968_n.jpg\" alt=\"\" class=\"wp-image-2011\" srcset=\"https:\/\/www.slugqueen.com\/wp-content\/uploads\/2018\/08\/38939096_10216465988700564_2233783963476819968_n.jpg 960w, https:\/\/www.slugqueen.com\/wp-content\/uploads\/2018\/08\/38939096_10216465988700564_2233783963476819968_n-300x225.jpg 300w, https:\/\/www.slugqueen.com\/wp-content\/uploads\/2018\/08\/38939096_10216465988700564_2233783963476819968_n-768x576.jpg 768w\" sizes=\"auto, (max-width: 960px) 100vw, 960px\" \/><\/a><\/figure>\n<\/figure>","protected":false},"excerpt":{"rendered":"<p>Queen of Kindness Decked in sequins, wearing deep shades of purple and draped in iridescent green fabric, Mark Roberts is so radiant he might be faintly visible from Earth\u2019s moon. Peering out from under the wide brim of his battered leopard-print fedora through a pair of wide, silvery lenses, he says: \u201cI\u2019ve always been kind [&hellip;]<\/p>\n","protected":false},"author":1,"featured_media":0,"parent":42,"menu_order":68,"comment_status":"closed","ping_status":"closed","template":"","meta":{"footnotes":""},"class_list":["post-1200","page","type-page","status-publish","hentry"],"_links":{"self":[{"href":"https:\/\/www.slugqueen.com\/es\/wp-json\/wp\/v2\/pages\/1200","targetHints":{"allow":["GET"]}}],"collection":[{"href":"https:\/\/www.slugqueen.com\/es\/wp-json\/wp\/v2\/pages"}],"about":[{"href":"https:\/\/www.slugqueen.com\/es\/wp-json\/wp\/v2\/types\/page"}],"author":[{"embeddable":true,"href":"https:\/\/www.slugqueen.com\/es\/wp-json\/wp\/v2\/users\/1"}],"replies":[{"embeddable":true,"href":"https:\/\/www.slugqueen.com\/es\/wp-json\/wp\/v2\/comments?post=1200"}],"version-history":[{"count":5,"href":"https:\/\/www.slugqueen.com\/es\/wp-json\/wp\/v2\/pages\/1200\/revisions"}],"predecessor-version":[{"id":3723,"href":"https:\/\/www.slugqueen.com\/es\/wp-json\/wp\/v2\/pages\/1200\/revisions\/3723"}],"up":[{"embeddable":true,"href":"https:\/\/www.slugqueen.com\/es\/wp-json\/wp\/v2\/pages\/42"}],"wp:attachment":[{"href":"https:\/\/www.slugqueen.com\/es\/wp-json\/wp\/v2\/media?parent=1200"}],"curies":[{"name":"wp","href":"https:\/\/api.w.org\/{rel}","templated":true}]}}