{"id":1255,"date":"2018-07-03T02:58:12","date_gmt":"2018-07-03T09:58:12","guid":{"rendered":"http:\/\/www.slugqueen.com\/?page_id=1255"},"modified":"2025-02-06T19:29:43","modified_gmt":"2025-02-07T02:29:43","slug":"2008-queen-slugtoinette","status":"publish","type":"page","link":"https:\/\/www.slugqueen.com\/es\/queens-of-lore\/2008-queen-slugtoinette\/","title":{"rendered":"2008 Queen Marie Slugtoinette"},"content":{"rendered":"<h2 class=\"wp-block-heading\"><strong>Reina del dise\u00f1o<\/strong><\/h2>\n\n\n\n<figure class=\"wp-block-gallery has-nested-images columns-default is-cropped wp-block-gallery-1 is-layout-flex wp-block-gallery-is-layout-flex\">\n<figure class=\"wp-block-image size-large\"><a href=\"https:\/\/www.slugqueen.com\/wp-content\/uploads\/2018\/08\/Screen-Shot-2018-08-27-at-10.51.01-AM.png\"><img loading=\"lazy\" decoding=\"async\" width=\"776\" height=\"1024\" data-id=\"2696\" src=\"https:\/\/www.slugqueen.com\/wp-content\/uploads\/2018\/08\/Screen-Shot-2018-08-27-at-10.51.01-AM-776x1024.png\" alt=\"\" class=\"wp-image-2696\" srcset=\"https:\/\/www.slugqueen.com\/wp-content\/uploads\/2018\/08\/Screen-Shot-2018-08-27-at-10.51.01-AM-776x1024.png 776w, https:\/\/www.slugqueen.com\/wp-content\/uploads\/2018\/08\/Screen-Shot-2018-08-27-at-10.51.01-AM-227x300.png 227w, https:\/\/www.slugqueen.com\/wp-content\/uploads\/2018\/08\/Screen-Shot-2018-08-27-at-10.51.01-AM-768x1014.png 768w, https:\/\/www.slugqueen.com\/wp-content\/uploads\/2018\/08\/Screen-Shot-2018-08-27-at-10.51.01-AM.png 782w\" sizes=\"auto, (max-width: 776px) 100vw, 776px\" \/><\/a><\/figure>\n\n\n\n<figure data-wp-context=\"{&quot;imageId&quot;:&quot;69ea2aeab2d74&quot;}\" data-wp-interactive=\"core\/image\" data-wp-key=\"69ea2aeab2d74\" class=\"wp-block-image size-large wp-lightbox-container\"><img loading=\"lazy\" decoding=\"async\" width=\"350\" height=\"494\" data-wp-class--hide=\"state.isContentHidden\" data-wp-class--show=\"state.isContentVisible\" data-wp-init=\"callbacks.setButtonStyles\" data-wp-on--click=\"actions.showLightbox\" data-wp-on--load=\"callbacks.setButtonStyles\" data-wp-on-window--resize=\"callbacks.setButtonStyles\" data-id=\"287\" src=\"https:\/\/www.slugqueen.com\/wp-content\/uploads\/2009\/05\/091108cover.jpg\" alt=\"\" class=\"wp-image-287\" srcset=\"https:\/\/www.slugqueen.com\/wp-content\/uploads\/2009\/05\/091108cover.jpg 350w, https:\/\/www.slugqueen.com\/wp-content\/uploads\/2009\/05\/091108cover-212x300.jpg 212w\" sizes=\"auto, (max-width: 350px) 100vw, 350px\" \/><button\n\t\t\tclass=\"lightbox-trigger\"\n\t\t\ttype=\"button\"\n\t\t\taria-haspopup=\"dialog\"\n\t\t\taria-label=\"Agrandar\"\n\t\t\tdata-wp-init=\"callbacks.initTriggerButton\"\n\t\t\tdata-wp-on--click=\"actions.showLightbox\"\n\t\t\tdata-wp-style--right=\"state.imageButtonRight\"\n\t\t\tdata-wp-style--top=\"state.imageButtonTop\"\n\t\t>\n\t\t\t<svg xmlns=\"http:\/\/www.w3.org\/2000\/svg\" width=\"12\" height=\"12\" fill=\"none\" viewbox=\"0 0 12 12\">\n\t\t\t\t<path fill=\"#fff\" d=\"M2 0a2 2 0 0 0-2 2v2h1.5V2a.5.5 0 0 1 .5-.5h2V0H2Zm2 10.5H2a.5.5 0 0 1-.5-.5V8H0v2a2 2 0 0 0 2 2h2v-1.5ZM8 12v-1.5h2a.5.5 0 0 0 .5-.5V8H12v2a2 2 0 0 1-2 2H8Zm2-12a2 2 0 0 1 2 2v2h-1.5V2a.5.5 0 0 0-.5-.5H8V0h2Z\" \/>\n\t\t\t<\/svg>\n\t\t<\/button><\/figure>\n<\/figure>\n\n\n\n<p>Queen Slugtoinette (tambi\u00e9n conocida como Constance Van Flandern), atribuye su victoria a la \u201cejecuci\u00f3n\u201d de sus sobornos creativos, que incluyeron llevar el t\u00edtulo de Slug Queen de la mitolog\u00eda local a la comercializable marca Eugene reconocida incluso por el formidable Wall Street Journal y, por supuesto, sin perder la cabeza durante la interpretaci\u00f3n de su exagerada canci\u00f3n de parodia original sobre el limo pol\u00edtico de Eugene.<\/p>\n\n\n\n<p>Todo comenz\u00f3 un a\u00f1o antes de que Slugtoinette decidiera competir por la corona, pero no pudo encontrar un solo art\u00edculo o contacto de Slug Queens en l\u00ednea. Creyendo que esta era una gran oportunidad perdida para que la ciudad promoviera su lado divertido y peculiar y una plataforma desde la cual unir a la vieja guardia hippie de Eugene con los reci\u00e9n llegados que buscaban algo de diversi\u00f3n y direcci\u00f3n, Slugtoinette comenz\u00f3 una campa\u00f1a comprometida para impulsar la marca Slug Queen y cimentar el lugar de la Reina en la historia de Eugene.<\/p>\n\n\n\n<p>\u00bfC\u00f3mo lo hizo? Primero, cre\u00f3 una p\u00e1gina de Wikipedia que r\u00e1pidamente atrajo a editores de grupo y estableci\u00f3 a The Slug Queen como una figura importante en los relatos hist\u00f3ricos de Eugene. Luego registr\u00f3 la direcci\u00f3n web slugqueen.com y cre\u00f3 este sitio web y blog para continuar documentando el legado de The Slug Queen y crear un punto de f\u00e1cil acceso a la informaci\u00f3n para periodistas, asistentes y competidores potenciales. Slugtoinette hizo del acceso a la historia de Slug Queen su prioridad.<\/p>\n\n\n\n<p>Luego golpe\u00f3 la acera present\u00e1ndose como candidata a la alcald\u00eda ante empresarios, artistas y pol\u00edticos por igual. Convenci\u00f3 a m\u00e1s de 20 empresas locales para que crearan productos y servicios relacionados con Slug Queens y cre\u00f3 un mapa llamado \"The Slug Trail\" que conectaba las empresas de Eugene entre s\u00ed mientras promocionaba la reci\u00e9n creada \"Marca\" de Slug Queen. Algunos de los productos de babosas incluyeron vino Slug Queen de Terririal Vineyards (con etiqueta dise\u00f1ada por Slugtoinette), caf\u00e9 Slug Queen Blend de Wandering Goat, panecillos y pasteles Slug de Sweet life y Hideaway Bakery, helado de babosa de pl\u00e1tano Slug Queen de Prince Pucklers y Slug. \u00a1Tratamiento de belleza Queen for the day de Gervais!<\/p>\n\n\n\n<figure data-wp-context=\"{&quot;imageId&quot;:&quot;69ea2aeab31be&quot;}\" data-wp-interactive=\"core\/image\" data-wp-key=\"69ea2aeab31be\" class=\"wp-block-image alignnone wp-image-1696 size-full wp-lightbox-container\"><img loading=\"lazy\" decoding=\"async\" width=\"1270\" height=\"723\" data-wp-class--hide=\"state.isContentHidden\" data-wp-class--show=\"state.isContentVisible\" data-wp-init=\"callbacks.setButtonStyles\" data-wp-on--click=\"actions.showLightbox\" data-wp-on--load=\"callbacks.setButtonStyles\" data-wp-on-window--resize=\"callbacks.setButtonStyles\" src=\"http:\/\/www.slugqueen.com\/wp-content\/uploads\/2018\/08\/IMG_3642-e1534089042135.jpg\" alt=\"\" class=\"wp-image-1696\" srcset=\"https:\/\/www.slugqueen.com\/wp-content\/uploads\/2018\/08\/IMG_3642-e1534089042135.jpg 1270w, https:\/\/www.slugqueen.com\/wp-content\/uploads\/2018\/08\/IMG_3642-e1534089042135-300x171.jpg 300w, https:\/\/www.slugqueen.com\/wp-content\/uploads\/2018\/08\/IMG_3642-e1534089042135-768x437.jpg 768w, https:\/\/www.slugqueen.com\/wp-content\/uploads\/2018\/08\/IMG_3642-e1534089042135-1024x583.jpg 1024w\" sizes=\"auto, (max-width: 1270px) 100vw, 1270px\" \/><button\n\t\t\tclass=\"lightbox-trigger\"\n\t\t\ttype=\"button\"\n\t\t\taria-haspopup=\"dialog\"\n\t\t\taria-label=\"Agrandar\"\n\t\t\tdata-wp-init=\"callbacks.initTriggerButton\"\n\t\t\tdata-wp-on--click=\"actions.showLightbox\"\n\t\t\tdata-wp-style--right=\"state.imageButtonRight\"\n\t\t\tdata-wp-style--top=\"state.imageButtonTop\"\n\t\t>\n\t\t\t<svg xmlns=\"http:\/\/www.w3.org\/2000\/svg\" width=\"12\" height=\"12\" fill=\"none\" viewbox=\"0 0 12 12\">\n\t\t\t\t<path fill=\"#fff\" d=\"M2 0a2 2 0 0 0-2 2v2h1.5V2a.5.5 0 0 1 .5-.5h2V0H2Zm2 10.5H2a.5.5 0 0 1-.5-.5V8H0v2a2 2 0 0 0 2 2h2v-1.5ZM8 12v-1.5h2a.5.5 0 0 0 .5-.5V8H12v2a2 2 0 0 1-2 2H8Zm2-12a2 2 0 0 1 2 2v2h-1.5V2a.5.5 0 0 0-.5-.5H8V0h2Z\" \/>\n\t\t\t<\/svg>\n\t\t<\/button><figcaption class=\"wp-element-caption\">Foto bomba del p\u00fablico del d\u00e9cimo aniversario de Slugtoinette<\/figcaption><\/figure>\n\n\n\n<p class=\"translation-block\">Con el deseo de involucrar a artistas para ayudar a promover la iconograf\u00eda de Slug Queen, Slugtoinette ide\u00f3 el <a rel=\"noreferrer noopener\" href=\"https:\/\/www.slugqueen.com\/es\/art\/\" data-type=\"page\" id=\"2073\" target=\"_blank\">Slug Queen Art Salon<\/a> con m\u00e1s de 60 artistas (en su mayor\u00eda locales, pero algunos de San Francisco, Nueva York y Seattle) en el <a href=\"https:\/\/www.newzonegallery .org\/\" target=\"_self\">New Zone Gallery<\/a> en West Broadway, que tambi\u00e9n present\u00f3 una gran retrospectiva hist\u00f3rica de los 25 a\u00f1os anteriores de Slug\u00a0Queendom, incluidas coronas y trajes de las Old Queens.<\/p>\n\n\n\n<figure class=\"wp-block-gallery has-nested-images columns-default is-cropped wp-block-gallery-2 is-layout-flex wp-block-gallery-is-layout-flex\">\n<figure class=\"wp-block-image size-large\"><a href=\"http:\/\/www.slugqueen.com\/wp-content\/uploads\/2009\/05\/picture-11.png\"><img loading=\"lazy\" decoding=\"async\" width=\"381\" height=\"509\" data-id=\"973\" src=\"https:\/\/www.slugqueen.com\/wp-content\/uploads\/2009\/05\/picture-11.png\" alt=\"picture-11\" class=\"wp-image-973\" title=\"picture-11\" srcset=\"https:\/\/www.slugqueen.com\/wp-content\/uploads\/2009\/05\/picture-11.png 381w, https:\/\/www.slugqueen.com\/wp-content\/uploads\/2009\/05\/picture-11-224x300.png 224w\" sizes=\"auto, (max-width: 381px) 100vw, 381px\" \/><\/a><\/figure>\n\n\n\n<figure class=\"wp-block-image size-large\"><a href=\"https:\/\/www.slugqueen.com\/wp-content\/uploads\/2009\/02\/me-with-local-queens.jpg\"><img loading=\"lazy\" decoding=\"async\" width=\"850\" height=\"608\" data-id=\"986\" src=\"https:\/\/www.slugqueen.com\/wp-content\/uploads\/2009\/02\/me-with-local-queens.jpg\" alt=\"\" class=\"wp-image-986\" srcset=\"https:\/\/www.slugqueen.com\/wp-content\/uploads\/2009\/02\/me-with-local-queens.jpg 850w, https:\/\/www.slugqueen.com\/wp-content\/uploads\/2009\/02\/me-with-local-queens-300x214.jpg 300w\" sizes=\"auto, (max-width: 850px) 100vw, 850px\" \/><\/a><\/figure>\n\n\n\n<figure class=\"wp-block-image size-large\"><a href=\"https:\/\/www.slugqueen.com\/wp-content\/uploads\/2009\/02\/9729_1201378082275_1463261178_545278_4927856_n.jpg\"><img loading=\"lazy\" decoding=\"async\" width=\"604\" height=\"403\" data-id=\"611\" src=\"https:\/\/www.slugqueen.com\/wp-content\/uploads\/2009\/02\/9729_1201378082275_1463261178_545278_4927856_n.jpg\" alt=\"\" class=\"wp-image-611\" srcset=\"https:\/\/www.slugqueen.com\/wp-content\/uploads\/2009\/02\/9729_1201378082275_1463261178_545278_4927856_n.jpg 604w, https:\/\/www.slugqueen.com\/wp-content\/uploads\/2009\/02\/9729_1201378082275_1463261178_545278_4927856_n-300x200.jpg 300w\" sizes=\"auto, (max-width: 604px) 100vw, 604px\" \/><\/a><\/figure>\n<\/figure>\n\n\n\n<p>Como ex maestra de utiler\u00eda en la industria de la televisi\u00f3n y el cine, Slugtoinette entendi\u00f3 la importancia de los accesorios para una ceremonia real. Ella dise\u00f1\u00f3 para reemplazar el cetro de palo de madera original con un Cetro Oficial de Reina Babosa Bronceada. Trabaj\u00f3 con el escultor de UO, Jeff Wetzel, para crear el cetro que se ha pasado a cada reina \"lluvia\" desde la coronaci\u00f3n de Slugtoinette en 2008. El cetro se pag\u00f3 con donaciones del tendero local KIVA, una donaci\u00f3n del fabricante de babosas de jard\u00edn. sales SLUGGO, y de donaci\u00f3n personal.<\/p>\n\n\n\n<figure class=\"wp-block-gallery has-nested-images columns-default is-cropped wp-block-gallery-3 is-layout-flex wp-block-gallery-is-layout-flex\">\n<figure data-wp-context=\"{&quot;imageId&quot;:&quot;69ea2aeab360e&quot;}\" data-wp-interactive=\"core\/image\" data-wp-key=\"69ea2aeab360e\" class=\"wp-block-image size-large alignnone wp-image-1571 size-full wp-lightbox-container\"><img loading=\"lazy\" decoding=\"async\" width=\"400\" height=\"276\" data-wp-class--hide=\"state.isContentHidden\" data-wp-class--show=\"state.isContentVisible\" data-wp-init=\"callbacks.setButtonStyles\" data-wp-on--click=\"actions.showLightbox\" data-wp-on--load=\"callbacks.setButtonStyles\" data-wp-on-window--resize=\"callbacks.setButtonStyles\" data-id=\"1571\" src=\"https:\/\/www.slugqueen.com\/wp-content\/uploads\/2018\/08\/scepter.jpg\" alt=\"\" class=\"wp-image-1571\" srcset=\"https:\/\/www.slugqueen.com\/wp-content\/uploads\/2018\/08\/scepter.jpg 400w, https:\/\/www.slugqueen.com\/wp-content\/uploads\/2018\/08\/scepter-300x207.jpg 300w\" sizes=\"auto, (max-width: 400px) 100vw, 400px\" \/><button\n\t\t\tclass=\"lightbox-trigger\"\n\t\t\ttype=\"button\"\n\t\t\taria-haspopup=\"dialog\"\n\t\t\taria-label=\"Agrandar\"\n\t\t\tdata-wp-init=\"callbacks.initTriggerButton\"\n\t\t\tdata-wp-on--click=\"actions.showLightbox\"\n\t\t\tdata-wp-style--right=\"state.imageButtonRight\"\n\t\t\tdata-wp-style--top=\"state.imageButtonTop\"\n\t\t>\n\t\t\t<svg xmlns=\"http:\/\/www.w3.org\/2000\/svg\" width=\"12\" height=\"12\" fill=\"none\" viewbox=\"0 0 12 12\">\n\t\t\t\t<path fill=\"#fff\" d=\"M2 0a2 2 0 0 0-2 2v2h1.5V2a.5.5 0 0 1 .5-.5h2V0H2Zm2 10.5H2a.5.5 0 0 1-.5-.5V8H0v2a2 2 0 0 0 2 2h2v-1.5ZM8 12v-1.5h2a.5.5 0 0 0 .5-.5V8H12v2a2 2 0 0 1-2 2H8Zm2-12a2 2 0 0 1 2 2v2h-1.5V2a.5.5 0 0 0-.5-.5H8V0h2Z\" \/>\n\t\t\t<\/svg>\n\t\t<\/button><figcaption class=\"wp-element-caption\">Cetro Reina SLUG (2008)<\/figcaption><\/figure>\n\n\n\n<figure class=\"wp-block-image size-large\"><a href=\"https:\/\/www.slugqueen.com\/wp-content\/uploads\/2009\/02\/weekly-cover-photo.jpg\"><img loading=\"lazy\" decoding=\"async\" width=\"1024\" height=\"682\" data-id=\"616\" src=\"https:\/\/www.slugqueen.com\/wp-content\/uploads\/2009\/02\/weekly-cover-photo-1024x682.jpg\" alt=\"\" class=\"wp-image-616\" srcset=\"https:\/\/www.slugqueen.com\/wp-content\/uploads\/2009\/02\/weekly-cover-photo-1024x682.jpg 1024w, https:\/\/www.slugqueen.com\/wp-content\/uploads\/2009\/02\/weekly-cover-photo-300x199.jpg 300w, https:\/\/www.slugqueen.com\/wp-content\/uploads\/2009\/02\/weekly-cover-photo.jpg 1037w\" sizes=\"auto, (max-width: 1024px) 100vw, 1024px\" \/><\/a><\/figure>\n<\/figure>\n\n\n\n<p>Posteriormente, su enfoque en la visibilidad y el acceso p\u00fablico a SLUG Queen les dio a las reinas una plataforma m\u00e1s s\u00f3lida para apoyar las causas locales importantes (Food for Lane County,\u00a0Greenhill, Birth to Three, etc.)\u00a0y les permiti\u00f3 convertirse en una entidad m\u00e1s fuerte. defensores visibles.<\/p>\n\n\n\n<figure class=\"wp-block-image\"><a href=\"http:\/\/www.slugqueen.com\/wp-content\/uploads\/2009\/05\/picture-1.png\"><img loading=\"lazy\" decoding=\"async\" width=\"139\" height=\"254\" src=\"http:\/\/www.slugqueen.com\/wp-content\/uploads\/2009\/05\/picture-1.png\" alt=\"picture-1\" class=\"wp-image-968\" title=\"picture-1\"\/><\/a><\/figure>\n\n\n\n<p>La campa\u00f1a y la victoria de Slugtoinette fueron cubiertas por el Wall Street Journal (WSJ) en un art\u00edculo de primera plana sobre Eugene Slug Queens. Slugtoinette fue inmortalizada con un \u201cHedcut\u201d (un dibujo especializado en la portada del WSJ) y un video publicado en el sitio web del WSJ.<\/p>\n\n\n\n<p>Durante su reinado, se centr\u00f3 en apoyar Gareenhill Animal Rescue y Birth to Three.<\/p>\n\n\n\n<p>Trabaj\u00f3 con Eugene Parks y Open Spaces para promover el parque Washington Park Spray and Play, que abri\u00f3 sus puertas en el verano de 2011. Recaud\u00f3 dinero para el parque y trabaj\u00f3 con la artista Betsey\u00a0Wolfson para personalizar los mosaicos especiales de babosas Slug Queen que se encuentran en los cimientos del parque. . Los mosaicos son marcadores hist\u00f3ricos que refuerzan el compromiso de Slug Queen de retribuir a la ciudad.<\/p>\n\n\n\n<figure data-wp-context=\"{&quot;imageId&quot;:&quot;69ea2aeab39ef&quot;}\" data-wp-interactive=\"core\/image\" data-wp-key=\"69ea2aeab39ef\" class=\"wp-block-image alignnone wp-image-421 wp-lightbox-container\"><img loading=\"lazy\" decoding=\"async\" width=\"496\" height=\"425\" data-wp-class--hide=\"state.isContentHidden\" data-wp-class--show=\"state.isContentVisible\" data-wp-init=\"callbacks.setButtonStyles\" data-wp-on--click=\"actions.showLightbox\" data-wp-on--load=\"callbacks.setButtonStyles\" data-wp-on-window--resize=\"callbacks.setButtonStyles\" src=\"http:\/\/www.slugqueen.com\/wp-content\/uploads\/2009\/05\/2008142710.jpg\" alt=\"\" class=\"wp-image-421\" srcset=\"https:\/\/www.slugqueen.com\/wp-content\/uploads\/2009\/05\/2008142710.jpg 496w, https:\/\/www.slugqueen.com\/wp-content\/uploads\/2009\/05\/2008142710-300x257.jpg 300w\" sizes=\"auto, (max-width: 496px) 100vw, 496px\" \/><button\n\t\t\tclass=\"lightbox-trigger\"\n\t\t\ttype=\"button\"\n\t\t\taria-haspopup=\"dialog\"\n\t\t\taria-label=\"Agrandar\"\n\t\t\tdata-wp-init=\"callbacks.initTriggerButton\"\n\t\t\tdata-wp-on--click=\"actions.showLightbox\"\n\t\t\tdata-wp-style--right=\"state.imageButtonRight\"\n\t\t\tdata-wp-style--top=\"state.imageButtonTop\"\n\t\t>\n\t\t\t<svg xmlns=\"http:\/\/www.w3.org\/2000\/svg\" width=\"12\" height=\"12\" fill=\"none\" viewbox=\"0 0 12 12\">\n\t\t\t\t<path fill=\"#fff\" d=\"M2 0a2 2 0 0 0-2 2v2h1.5V2a.5.5 0 0 1 .5-.5h2V0H2Zm2 10.5H2a.5.5 0 0 1-.5-.5V8H0v2a2 2 0 0 0 2 2h2v-1.5ZM8 12v-1.5h2a.5.5 0 0 0 .5-.5V8H12v2a2 2 0 0 1-2 2H8Zm2-12a2 2 0 0 1 2 2v2h-1.5V2a.5.5 0 0 0-.5-.5H8V0h2Z\" \/>\n\t\t\t<\/svg>\n\t\t<\/button><figcaption class=\"wp-element-caption\">Slugtoinette comenz\u00f3 la tradici\u00f3n de crear una hermosa babosa de vidrio para la reina babosa ganadora de la cristaler\u00eda Eugene's Mazet.<\/figcaption><\/figure>\n\n\n\n<p>Slugtoinette luci\u00f3 un exquisito vestido hecho a mano dise\u00f1ado y cosido por la profesora de psicolog\u00eda de la UO y propietaria de la boutique Velvet Edge, Margery Taylor, para hacer eco del drama exagerado de la moda de Mar\u00eda Antonieta con un toque Sluggy y camp. Confeccionado con m\u00e1s de 30 yardas de telas de sat\u00e9n y taffita en su mayor\u00eda marrones y verdes, el vestido estaba adornado con un estampado animal que parec\u00eda una babosa, un vibrante rosa intenso punky y mucha \u201cbaba\u201d iridiscente. La estructura inferior hecha en casa le da a Slugtoinette unas caderas de 45 \u2033 de ancho y el triple piso la coloca a casi 8 pies de altura.&nbsp;<\/p>\n\n\n\n<p>\"No es f\u00e1cil ser reina... pero es maravilloso remolcar la baba\", dice Slugtoinette.&nbsp;<\/p>\n\n\n\n<figure class=\"wp-block-gallery has-nested-images columns-default is-cropped wp-block-gallery-4 is-layout-flex wp-block-gallery-is-layout-flex\">\n<figure class=\"wp-block-image size-large\"><a href=\"https:\/\/www.slugqueen.com\/wp-content\/uploads\/2009\/05\/img_0446.jpg\"><img loading=\"lazy\" decoding=\"async\" width=\"1024\" height=\"768\" data-id=\"843\" src=\"https:\/\/www.slugqueen.com\/wp-content\/uploads\/2009\/05\/img_0446-1024x768.jpg\" alt=\"\" class=\"wp-image-843\" srcset=\"https:\/\/www.slugqueen.com\/wp-content\/uploads\/2009\/05\/img_0446-1024x768.jpg 1024w, https:\/\/www.slugqueen.com\/wp-content\/uploads\/2009\/05\/img_0446-300x225.jpg 300w\" sizes=\"auto, (max-width: 1024px) 100vw, 1024px\" \/><\/a><\/figure>\n\n\n\n<figure class=\"wp-block-image size-large\"><a href=\"https:\/\/www.slugqueen.com\/wp-content\/uploads\/2009\/05\/2q1p9086.jpeg\"><img loading=\"lazy\" decoding=\"async\" width=\"683\" height=\"1024\" data-id=\"854\" src=\"https:\/\/www.slugqueen.com\/wp-content\/uploads\/2009\/05\/2q1p9086-683x1024.jpg\" alt=\"\" class=\"wp-image-854\" srcset=\"https:\/\/www.slugqueen.com\/wp-content\/uploads\/2009\/05\/2q1p9086-683x1024.jpg 683w, https:\/\/www.slugqueen.com\/wp-content\/uploads\/2009\/05\/2q1p9086-200x300.jpg 200w, https:\/\/www.slugqueen.com\/wp-content\/uploads\/2009\/05\/2q1p9086.jpeg 854w\" sizes=\"auto, (max-width: 683px) 100vw, 683px\" \/><\/a><\/figure>\n\n\n\n<figure class=\"wp-block-image size-large\"><a href=\"https:\/\/www.slugqueen.com\/wp-content\/uploads\/2009\/05\/2q1p9008.jpeg\"><img loading=\"lazy\" decoding=\"async\" width=\"683\" height=\"1024\" data-id=\"855\" src=\"https:\/\/www.slugqueen.com\/wp-content\/uploads\/2009\/05\/2q1p9008-683x1024.jpg\" alt=\"\" class=\"wp-image-855\" srcset=\"https:\/\/www.slugqueen.com\/wp-content\/uploads\/2009\/05\/2q1p9008-683x1024.jpg 683w, https:\/\/www.slugqueen.com\/wp-content\/uploads\/2009\/05\/2q1p9008-200x300.jpg 200w, https:\/\/www.slugqueen.com\/wp-content\/uploads\/2009\/05\/2q1p9008.jpeg 854w\" sizes=\"auto, (max-width: 683px) 100vw, 683px\" \/><\/a><figcaption class=\"wp-element-caption\">so make it a good one!<\/figcaption><\/figure>\n\n\n\n<figure class=\"wp-block-image size-large\"><a href=\"https:\/\/www.slugqueen.com\/wp-content\/uploads\/2009\/05\/slugtoinette-at-jello.jpg\"><img loading=\"lazy\" decoding=\"async\" width=\"720\" height=\"540\" data-id=\"970\" src=\"https:\/\/www.slugqueen.com\/wp-content\/uploads\/2009\/05\/slugtoinette-at-jello.jpg\" alt=\"\" class=\"wp-image-970\" srcset=\"https:\/\/www.slugqueen.com\/wp-content\/uploads\/2009\/05\/slugtoinette-at-jello.jpg 720w, https:\/\/www.slugqueen.com\/wp-content\/uploads\/2009\/05\/slugtoinette-at-jello-300x225.jpg 300w\" sizes=\"auto, (max-width: 720px) 100vw, 720px\" \/><\/a><\/figure>\n\n\n\n<figure class=\"wp-block-image\"><a href=\"http:\/\/www.slugqueen.com\/wp-content\/uploads\/2009\/05\/mitra-jessica-and-me-2.jpg\"><img loading=\"lazy\" decoding=\"async\" width=\"604\" height=\"453\" data-id=\"1784\" src=\"http:\/\/www.slugqueen.com\/wp-content\/uploads\/2018\/08\/IMG_3723.jpg\" alt=\"\" class=\"wp-image-1784\" srcset=\"https:\/\/www.slugqueen.com\/wp-content\/uploads\/2018\/08\/IMG_3723.jpg 604w, https:\/\/www.slugqueen.com\/wp-content\/uploads\/2018\/08\/IMG_3723-300x225.jpg 300w\" sizes=\"auto, (max-width: 604px) 100vw, 604px\" \/><\/a><\/figure>\n\n\n\n<figure class=\"wp-block-image size-large\"><a href=\"https:\/\/www.slugqueen.com\/wp-content\/uploads\/2013\/07\/IMG_4071.jpg\"><img loading=\"lazy\" decoding=\"async\" width=\"819\" height=\"1024\" data-id=\"2726\" src=\"https:\/\/www.slugqueen.com\/wp-content\/uploads\/2013\/07\/IMG_4071-819x1024.jpg\" alt=\"\" class=\"wp-image-2726\" srcset=\"https:\/\/www.slugqueen.com\/wp-content\/uploads\/2013\/07\/IMG_4071-819x1024.jpg 819w, https:\/\/www.slugqueen.com\/wp-content\/uploads\/2013\/07\/IMG_4071-240x300.jpg 240w, https:\/\/www.slugqueen.com\/wp-content\/uploads\/2013\/07\/IMG_4071-768x960.jpg 768w\" sizes=\"auto, (max-width: 819px) 100vw, 819px\" \/><\/a><\/figure>\n\n\n\n<figure class=\"wp-block-image size-large\"><a href=\"https:\/\/www.slugqueen.com\/wp-content\/uploads\/2018\/08\/Screen-Shot-2018-08-27-at-10.46.50-AM.png\"><img loading=\"lazy\" decoding=\"async\" width=\"1024\" height=\"903\" data-id=\"2710\" src=\"https:\/\/www.slugqueen.com\/wp-content\/uploads\/2018\/08\/Screen-Shot-2018-08-27-at-10.46.50-AM-1024x903.png\" alt=\"\" class=\"wp-image-2710\" srcset=\"https:\/\/www.slugqueen.com\/wp-content\/uploads\/2018\/08\/Screen-Shot-2018-08-27-at-10.46.50-AM-1024x903.png 1024w, https:\/\/www.slugqueen.com\/wp-content\/uploads\/2018\/08\/Screen-Shot-2018-08-27-at-10.46.50-AM-300x264.png 300w, https:\/\/www.slugqueen.com\/wp-content\/uploads\/2018\/08\/Screen-Shot-2018-08-27-at-10.46.50-AM-768x677.png 768w, https:\/\/www.slugqueen.com\/wp-content\/uploads\/2018\/08\/Screen-Shot-2018-08-27-at-10.46.50-AM.png 1180w\" sizes=\"auto, (max-width: 1024px) 100vw, 1024px\" \/><\/a><\/figure>\n<\/figure>","protected":false},"excerpt":{"rendered":"<p>Queen of Design Queen Slugtoinette (aka Constance Van Flandern), credits her win to the \u201cexecution\u201d of her creative bribes which included taking the title of Slug Queen from local mythology to marketable Eugene brand recognized even by the formidable Wall Street Journal\u2013and, of course, not losing her head during the performance of her over the [&hellip;]<\/p>\n","protected":false},"author":1,"featured_media":0,"parent":42,"menu_order":75,"comment_status":"closed","ping_status":"closed","template":"","meta":{"footnotes":""},"class_list":["post-1255","page","type-page","status-publish","hentry"],"_links":{"self":[{"href":"https:\/\/www.slugqueen.com\/es\/wp-json\/wp\/v2\/pages\/1255","targetHints":{"allow":["GET"]}}],"collection":[{"href":"https:\/\/www.slugqueen.com\/es\/wp-json\/wp\/v2\/pages"}],"about":[{"href":"https:\/\/www.slugqueen.com\/es\/wp-json\/wp\/v2\/types\/page"}],"author":[{"embeddable":true,"href":"https:\/\/www.slugqueen.com\/es\/wp-json\/wp\/v2\/users\/1"}],"replies":[{"embeddable":true,"href":"https:\/\/www.slugqueen.com\/es\/wp-json\/wp\/v2\/comments?post=1255"}],"version-history":[{"count":5,"href":"https:\/\/www.slugqueen.com\/es\/wp-json\/wp\/v2\/pages\/1255\/revisions"}],"predecessor-version":[{"id":3732,"href":"https:\/\/www.slugqueen.com\/es\/wp-json\/wp\/v2\/pages\/1255\/revisions\/3732"}],"up":[{"embeddable":true,"href":"https:\/\/www.slugqueen.com\/es\/wp-json\/wp\/v2\/pages\/42"}],"wp:attachment":[{"href":"https:\/\/www.slugqueen.com\/es\/wp-json\/wp\/v2\/media?parent=1255"}],"curies":[{"name":"wp","href":"https:\/\/api.w.org\/{rel}","templated":true}]}}