{"id":126,"date":"2009-05-12T20:03:45","date_gmt":"2009-05-13T03:03:45","guid":{"rendered":"http:\/\/www.slugqueen.com\/?page_id=126"},"modified":"2025-02-06T19:22:29","modified_gmt":"2025-02-07T02:22:29","slug":"2007-queen-glorious-gastropause","status":"publish","type":"page","link":"https:\/\/www.slugqueen.com\/es\/queens-of-lore\/2007-queen-glorious-gastropause\/","title":{"rendered":"2007 SLUG Queen Glorious Gastropause"},"content":{"rendered":"<h2 class=\"wp-block-heading\">La reina del Jubileo de Plata<\/h2>\n\n\n\n<figure class=\"wp-block-image size-full\"><a href=\"https:\/\/www.slugqueen.com\/wp-content\/uploads\/2009\/05\/glo-pic-1.jpg\"><img loading=\"lazy\" decoding=\"async\" width=\"248\" height=\"177\" src=\"https:\/\/www.slugqueen.com\/wp-content\/uploads\/2009\/05\/glo-pic-1.jpg\" alt=\"\" class=\"wp-image-406\"\/><\/a><\/figure>\n\n\n\n<p>Queen Glo (also known to Eugenians as Comedienne&nbsp;Leigh Anne Jasheway and to UO Students as the grammar police) was coronated by the Old Queens in August 2007, as our Silver Jubilee Queen.<\/p>\n\n\n\n<p>Queen Glo, autora y oradora de humor y ex personalidad de radio de KOPT, se gan\u00f3 a los jueces con un mon\u00f3logo burl\u00e1ndose de todo lo que Eugene, desde la quema de campos hasta las bromas pol\u00edticas. \u00bfSu aspecto favorito de la competencia? \u00a1SOBORNO! \u201cSoborna temprano y soborna a menudo\u201d es su lema si planeas postularte para reina.<\/p>\n\n\n\n<figure class=\"wp-block-image\"><a href=\"http:\/\/www.slugqueen.com\/wp-content\/uploads\/2009\/05\/9729_1201377962272_1463261178_545275_5458025_n.jpg\"><img loading=\"lazy\" decoding=\"async\" width=\"200\" height=\"300\" src=\"http:\/\/www.slugqueen.com\/wp-content\/uploads\/2009\/05\/9729_1201377962272_1463261178_545275_5458025_n-200x300.jpg\" alt=\"9729_1201377962272_1463261178_545275_5458025_n\" class=\"wp-image-955\" title=\"9729_1201377962272_1463261178_545275_5458025_n\" srcset=\"https:\/\/www.slugqueen.com\/wp-content\/uploads\/2009\/05\/9729_1201377962272_1463261178_545275_5458025_n-200x300.jpg 200w, https:\/\/www.slugqueen.com\/wp-content\/uploads\/2009\/05\/9729_1201377962272_1463261178_545275_5458025_n.jpg 403w\" sizes=\"auto, (max-width: 200px) 100vw, 200px\" \/><\/a><\/figure>\n\n\n\n<p>En los muchos, muchos, muchos a\u00f1os transcurridos desde que la Reina Glo ascendi\u00f3 al trono, ha utilizado su posici\u00f3n para apoyar muchas causas comunitarias, incluido el bienestar y los derechos de los animales, que es lo m\u00e1s cercano a su coraz\u00f3n. Siempre puedes encontrar a sus animales realmente adelgazando en el EUG Parade Pet Promenade, siendo el maestro de ceremonias del desfile, siendo el maestro de ceremonias de Bark in the Park de Greenhill Humane Society e incluso corriendo por la calle con tacones y una tiara tratando de rescatar a los perros que se escaparon. No te preocupes, sus vecinos est\u00e1n acostumbrados.<\/p>\n\n\n\n<p>El glorioso reinado de Queen Glo ha llevado la tradici\u00f3n de SLUG Queen al pr\u00f3ximo cuarto de siglo con una serie de eventos:<\/p>\n\n\n\n<ul class=\"wp-block-list\">\n<li>Green Hill Animal Shelter Fund Raiser Ball<\/li>\n\n\n\n<li>Slug Queens Get Out the Vote<\/li>\n\n\n\n<li>Eugene Weekly &#8216;Best of Eugene&#8217; Award Show<\/li>\n\n\n\n<li>Eugene Celebration Parade<\/li>\n\n\n\n<li>Mayor&#8217;s Art Show<\/li>\n\n\n\n<li>Salon de Refuses<\/li>\n\n\n\n<li>Emcee, Eugene Celebration Pet Parade<\/li>\n\n\n\n<li>Senior Holiday Celebration<\/li>\n\n\n\n<li>Booksigning, UO Bookstore<\/li>\n\n\n\n<li>Authors&#8217; Event at Holiday Market<\/li>\n\n\n\n<li>North Eugene High School&#8217;s Traveling Chair Fundraiser<\/li>\n\n\n\n<li>Jellotopia JELLO ART Show<\/li>\n\n\n\n<li>Welcome to Oregon Chapter of American Public Works Association<\/li>\n\n\n\n<li>Williamette Animal Guild Casino Night<\/li>\n\n\n\n<li>Autism Artists Event<\/li>\n\n\n\n<li>SLUG Queen Ball for Food for Lane County<\/li>\n\n\n\n<li>Fundraising Event for Save the Pets<\/li>\n<\/ul>\n\n\n\n<p>La Reina Glo, tambi\u00e9n conocida como Glorious Gastropause, tambi\u00e9n conocida como la comediante Leigh Anne Jasheway, fue coronada por las Old Queens en agosto de 2007, como nuestra Reina del Jubileo de Plata. Queen Glo, escritora de humor, comediante de stand-up y de improvisaci\u00f3n, oradora motivacional de humor y personalidad de la radio, se gan\u00f3 a los jueces con un stand-up que se burlaba de todo lo relacionado con Eugene, desde la quema de campos hasta las bromas pol\u00edticas. No le doli\u00f3 que trajera consigo a su atractivo equipo del Servicio Secreto, as\u00ed como a unos excelentes camareros que serv\u00edan tarta de melocot\u00f3n y t\u00e9 helado dulce.<\/p>\n\n\n\n<p>Vea a Queen Glo en una de sus muchas pr\u00f3ximas charlas o actuaciones que figuran en su sitio web, <a href=\"https:\/\/www.accidentalcomic.com\/\">The Accidental Comic<\/a>.<\/p>\n\n\n\n<figure class=\"wp-block-gallery has-nested-images columns-default is-cropped wp-block-gallery-1 is-layout-flex wp-block-gallery-is-layout-flex\">\n<figure class=\"wp-block-image size-large\"><a href=\"https:\/\/www.slugqueen.com\/wp-content\/uploads\/2009\/05\/img_0357.jpg\"><img loading=\"lazy\" decoding=\"async\" width=\"640\" height=\"480\" data-id=\"849\" src=\"https:\/\/www.slugqueen.com\/wp-content\/uploads\/2009\/05\/img_0357.jpg\" alt=\"img_0357\" class=\"wp-image-849\" title=\"img_0357\" srcset=\"https:\/\/www.slugqueen.com\/wp-content\/uploads\/2009\/05\/img_0357.jpg 640w, https:\/\/www.slugqueen.com\/wp-content\/uploads\/2009\/05\/img_0357-300x225.jpg 300w\" sizes=\"auto, (max-width: 640px) 100vw, 640px\" \/><\/a><\/figure>\n\n\n\n<figure class=\"wp-block-image size-large\"><a href=\"https:\/\/www.slugqueen.com\/wp-content\/uploads\/2018\/08\/IMG_0447.jpg\"><img loading=\"lazy\" decoding=\"async\" width=\"1024\" height=\"768\" data-id=\"1675\" src=\"https:\/\/www.slugqueen.com\/wp-content\/uploads\/2018\/08\/IMG_0447-1024x768.jpg\" alt=\"\" class=\"wp-image-1675\" srcset=\"https:\/\/www.slugqueen.com\/wp-content\/uploads\/2018\/08\/IMG_0447-1024x768.jpg 1024w, https:\/\/www.slugqueen.com\/wp-content\/uploads\/2018\/08\/IMG_0447-300x225.jpg 300w, https:\/\/www.slugqueen.com\/wp-content\/uploads\/2018\/08\/IMG_0447-768x576.jpg 768w\" sizes=\"auto, (max-width: 1024px) 100vw, 1024px\" \/><\/a><\/figure>\n\n\n\n<figure class=\"wp-block-image size-large\"><a href=\"https:\/\/www.slugqueen.com\/wp-content\/uploads\/2018\/08\/iphone-351-e1533917170625.jpg\"><img loading=\"lazy\" decoding=\"async\" width=\"693\" height=\"693\" data-id=\"1676\" src=\"https:\/\/www.slugqueen.com\/wp-content\/uploads\/2018\/08\/iphone-351-e1533917170625.jpg\" alt=\"\" class=\"wp-image-1676\" srcset=\"https:\/\/www.slugqueen.com\/wp-content\/uploads\/2018\/08\/iphone-351-e1533917170625.jpg 693w, https:\/\/www.slugqueen.com\/wp-content\/uploads\/2018\/08\/iphone-351-e1533917170625-150x150.jpg 150w, https:\/\/www.slugqueen.com\/wp-content\/uploads\/2018\/08\/iphone-351-e1533917170625-300x300.jpg 300w, https:\/\/www.slugqueen.com\/wp-content\/uploads\/2018\/08\/iphone-351-e1533917170625-365x365.jpg 365w\" sizes=\"auto, (max-width: 693px) 100vw, 693px\" \/><\/a><\/figure>\n\n\n\n<figure class=\"wp-block-image size-large\"><a href=\"https:\/\/www.slugqueen.com\/wp-content\/uploads\/2018\/08\/Screen-Shot-2018-08-25-at-12.39.59-AM.png\"><img loading=\"lazy\" decoding=\"async\" width=\"756\" height=\"686\" data-id=\"2583\" src=\"https:\/\/www.slugqueen.com\/wp-content\/uploads\/2018\/08\/Screen-Shot-2018-08-25-at-12.39.59-AM.png\" alt=\"\" class=\"wp-image-2583\" srcset=\"https:\/\/www.slugqueen.com\/wp-content\/uploads\/2018\/08\/Screen-Shot-2018-08-25-at-12.39.59-AM.png 756w, https:\/\/www.slugqueen.com\/wp-content\/uploads\/2018\/08\/Screen-Shot-2018-08-25-at-12.39.59-AM-300x272.png 300w\" sizes=\"auto, (max-width: 756px) 100vw, 756px\" \/><\/a><\/figure>\n<\/figure>","protected":false},"excerpt":{"rendered":"<p>The Silver Jubilee queen Queen Glo (also known to Eugenians as Comedienne&nbsp;Leigh Anne Jasheway and to UO Students as the grammar police) was coronated by the Old Queens in August 2007, as our Silver Jubilee Queen. Queen Glo, a humor author and speaker and former KOPT radio personality, won the judges over with a monologue [&hellip;]<\/p>\n","protected":false},"author":1,"featured_media":0,"parent":42,"menu_order":0,"comment_status":"closed","ping_status":"closed","template":"","meta":{"footnotes":""},"class_list":["post-126","page","type-page","status-publish","hentry"],"_links":{"self":[{"href":"https:\/\/www.slugqueen.com\/es\/wp-json\/wp\/v2\/pages\/126","targetHints":{"allow":["GET"]}}],"collection":[{"href":"https:\/\/www.slugqueen.com\/es\/wp-json\/wp\/v2\/pages"}],"about":[{"href":"https:\/\/www.slugqueen.com\/es\/wp-json\/wp\/v2\/types\/page"}],"author":[{"embeddable":true,"href":"https:\/\/www.slugqueen.com\/es\/wp-json\/wp\/v2\/users\/1"}],"replies":[{"embeddable":true,"href":"https:\/\/www.slugqueen.com\/es\/wp-json\/wp\/v2\/comments?post=126"}],"version-history":[{"count":5,"href":"https:\/\/www.slugqueen.com\/es\/wp-json\/wp\/v2\/pages\/126\/revisions"}],"predecessor-version":[{"id":3724,"href":"https:\/\/www.slugqueen.com\/es\/wp-json\/wp\/v2\/pages\/126\/revisions\/3724"}],"up":[{"embeddable":true,"href":"https:\/\/www.slugqueen.com\/es\/wp-json\/wp\/v2\/pages\/42"}],"wp:attachment":[{"href":"https:\/\/www.slugqueen.com\/es\/wp-json\/wp\/v2\/media?parent=126"}],"curies":[{"name":"wp","href":"https:\/\/api.w.org\/{rel}","templated":true}]}}