{"id":128,"date":"2009-05-12T20:06:08","date_gmt":"2009-05-13T03:06:08","guid":{"rendered":"http:\/\/www.slugqueen.com\/?page_id=128"},"modified":"2025-02-06T20:06:47","modified_gmt":"2025-02-07T03:06:47","slug":"2006-queen-slugretha-latifah-uleafa-gastropodia-jackson","status":"publish","type":"page","link":"https:\/\/www.slugqueen.com\/es\/queens-of-lore\/2006-queen-slugretha-latifah-uleafa-gastropodia-jackson\/","title":{"rendered":"2006 SLUG Queen Slugretha Latifah Uleafa Gastropodia Jackson"},"content":{"rendered":"<h2 class=\"wp-block-heading\">Obtuvo R-E-S-P-E-C-T en 2006<\/h2>\n\n\n\n<figure class=\"wp-block-image size-large\"><a href=\"https:\/\/www.slugqueen.com\/wp-content\/uploads\/2018\/08\/11878921_10205117303677639_2078595768259163739_o.jpg\"><img loading=\"lazy\" decoding=\"async\" width=\"1024\" height=\"732\" src=\"https:\/\/www.slugqueen.com\/wp-content\/uploads\/2018\/08\/11878921_10205117303677639_2078595768259163739_o-1024x732.jpg\" alt=\"\" class=\"wp-image-1969\" srcset=\"https:\/\/www.slugqueen.com\/wp-content\/uploads\/2018\/08\/11878921_10205117303677639_2078595768259163739_o-1024x732.jpg 1024w, https:\/\/www.slugqueen.com\/wp-content\/uploads\/2018\/08\/11878921_10205117303677639_2078595768259163739_o-300x214.jpg 300w, https:\/\/www.slugqueen.com\/wp-content\/uploads\/2018\/08\/11878921_10205117303677639_2078595768259163739_o-768x549.jpg 768w, https:\/\/www.slugqueen.com\/wp-content\/uploads\/2018\/08\/11878921_10205117303677639_2078595768259163739_o.jpg 1552w\" sizes=\"auto, (max-width: 1024px) 100vw, 1024px\" \/><\/a><\/figure>\n\n\n\n<p>Los jueces respetaron la actuaci\u00f3n estelar de Slugretha Latifah Uleafa Gastropodia Jackson.<\/p>\n\n\n\n<p>Despu\u00e9s de que los funcionarios del concurso colocaron una faja verde lima sobre su vestido de lentejuelas rojo de bomberos, Jackson se acerc\u00f3 al micr\u00f3fono para dar su discurso de aceptaci\u00f3n.<\/p>\n\n\n\n<p>\u201cI feel good\u201d, cant\u00f3 mientras la multitud aplaud\u00eda. \u201cYou know that I would. I feel good. So good. So good. I am queen.\"<\/p>\n\n\n\n<p>Durante la parte de talentos del concurso, Slugretha cant\u00f3 \u201cChain of Slugs\u201d con la melod\u00eda de Franklin \u201cChain of Fools\u201d. La acompa\u00f1aron seis coristas, las Slimettes, y dos ni\u00f1as peque\u00f1as que atend\u00edan la cola de su vestido de 12 pies. Cuando no est\u00e1 atendiendo sus deberes reales, Slugretha, cuyo nombre real es T.K. McDonald, trabaja como gerente de oficina en el departamento de filosof\u00eda de la Universidad de Oregon.<\/p>\n\n\n\n<figure class=\"wp-block-gallery has-nested-images columns-3 is-cropped wp-block-gallery-1 is-layout-flex wp-block-gallery-is-layout-flex\">\n<figure class=\"wp-block-image size-full is-style-default\"><a href=\"https:\/\/www.slugqueen.com\/wp-content\/uploads\/2009\/05\/6928_130860519237_625054237_2313578_1457971_n-1.jpg\"><img loading=\"lazy\" decoding=\"async\" width=\"604\" height=\"453\" data-id=\"755\" src=\"https:\/\/www.slugqueen.com\/wp-content\/uploads\/2009\/05\/6928_130860519237_625054237_2313578_1457971_n-1.jpg\" alt=\"\" class=\"wp-image-755\" title=\"\" srcset=\"https:\/\/www.slugqueen.com\/wp-content\/uploads\/2009\/05\/6928_130860519237_625054237_2313578_1457971_n-1.jpg 604w, https:\/\/www.slugqueen.com\/wp-content\/uploads\/2009\/05\/6928_130860519237_625054237_2313578_1457971_n-1-300x225.jpg 300w\" sizes=\"auto, (max-width: 604px) 100vw, 604px\" \/><\/a><\/figure>\n\n\n\n<figure class=\"wp-block-image size-full\"><a href=\"https:\/\/www.slugqueen.com\/wp-content\/uploads\/2018\/08\/IMG_3720.jpg\"><img loading=\"lazy\" decoding=\"async\" width=\"336\" height=\"504\" data-id=\"1781\" src=\"https:\/\/www.slugqueen.com\/wp-content\/uploads\/2018\/08\/IMG_3720.jpg\" alt=\"\" class=\"wp-image-1781\" srcset=\"https:\/\/www.slugqueen.com\/wp-content\/uploads\/2018\/08\/IMG_3720.jpg 336w, https:\/\/www.slugqueen.com\/wp-content\/uploads\/2018\/08\/IMG_3720-200x300.jpg 200w\" sizes=\"auto, (max-width: 336px) 100vw, 336px\" \/><\/a><\/figure>\n\n\n\n<figure class=\"wp-block-image size-full\"><a href=\"https:\/\/www.slugqueen.com\/wp-content\/uploads\/2018\/08\/Screen-Shot-2018-08-24-at-10.17.44-PM.png\"><img loading=\"lazy\" decoding=\"async\" width=\"260\" height=\"440\" data-id=\"2233\" src=\"https:\/\/www.slugqueen.com\/wp-content\/uploads\/2018\/08\/Screen-Shot-2018-08-24-at-10.17.44-PM.png\" alt=\"\" class=\"wp-image-2233\" srcset=\"https:\/\/www.slugqueen.com\/wp-content\/uploads\/2018\/08\/Screen-Shot-2018-08-24-at-10.17.44-PM.png 260w, https:\/\/www.slugqueen.com\/wp-content\/uploads\/2018\/08\/Screen-Shot-2018-08-24-at-10.17.44-PM-177x300.png 177w\" sizes=\"auto, (max-width: 260px) 100vw, 260px\" \/><\/a><\/figure>\n\n\n\n<figure class=\"wp-block-image size-full\"><a href=\"https:\/\/www.slugqueen.com\/wp-content\/uploads\/2018\/08\/3313_67425046639_7986856_n.jpg\"><img loading=\"lazy\" decoding=\"async\" width=\"604\" height=\"453\" data-id=\"1950\" src=\"https:\/\/www.slugqueen.com\/wp-content\/uploads\/2018\/08\/3313_67425046639_7986856_n.jpg\" alt=\"\" class=\"wp-image-1950\" srcset=\"https:\/\/www.slugqueen.com\/wp-content\/uploads\/2018\/08\/3313_67425046639_7986856_n.jpg 604w, https:\/\/www.slugqueen.com\/wp-content\/uploads\/2018\/08\/3313_67425046639_7986856_n-300x225.jpg 300w\" sizes=\"auto, (max-width: 604px) 100vw, 604px\" \/><\/a><\/figure>\n\n\n\n<figure class=\"wp-block-image size-full\"><a href=\"https:\/\/www.slugqueen.com\/wp-content\/uploads\/2018\/08\/IMG_3721.jpg\"><img loading=\"lazy\" decoding=\"async\" width=\"453\" height=\"604\" data-id=\"1782\" src=\"https:\/\/www.slugqueen.com\/wp-content\/uploads\/2018\/08\/IMG_3721.jpg\" alt=\"\" class=\"wp-image-1782\" srcset=\"https:\/\/www.slugqueen.com\/wp-content\/uploads\/2018\/08\/IMG_3721.jpg 453w, https:\/\/www.slugqueen.com\/wp-content\/uploads\/2018\/08\/IMG_3721-225x300.jpg 225w\" sizes=\"auto, (max-width: 453px) 100vw, 453px\" \/><\/a><\/figure>\n\n\n\n<figure class=\"wp-block-image size-full\"><a href=\"https:\/\/www.slugqueen.com\/wp-content\/uploads\/2023\/09\/scarlett-o-slimera-and-slugretha-scaled.jpg\"><img loading=\"lazy\" decoding=\"async\" width=\"2560\" height=\"1920\" data-id=\"3419\" src=\"https:\/\/www.slugqueen.com\/wp-content\/uploads\/2023\/09\/scarlett-o-slimera-and-slugretha-scaled.jpg\" alt=\"\" class=\"wp-image-3419\" srcset=\"https:\/\/www.slugqueen.com\/wp-content\/uploads\/2023\/09\/scarlett-o-slimera-and-slugretha-scaled.jpg 2560w, https:\/\/www.slugqueen.com\/wp-content\/uploads\/2023\/09\/scarlett-o-slimera-and-slugretha-300x225.jpg 300w, https:\/\/www.slugqueen.com\/wp-content\/uploads\/2023\/09\/scarlett-o-slimera-and-slugretha-1024x768.jpg 1024w, https:\/\/www.slugqueen.com\/wp-content\/uploads\/2023\/09\/scarlett-o-slimera-and-slugretha-768x576.jpg 768w, https:\/\/www.slugqueen.com\/wp-content\/uploads\/2023\/09\/scarlett-o-slimera-and-slugretha-1536x1152.jpg 1536w, https:\/\/www.slugqueen.com\/wp-content\/uploads\/2023\/09\/scarlett-o-slimera-and-slugretha-2048x1536.jpg 2048w, https:\/\/www.slugqueen.com\/wp-content\/uploads\/2023\/09\/scarlett-o-slimera-and-slugretha-16x12.jpg 16w\" sizes=\"auto, (max-width: 2560px) 100vw, 2560px\" \/><\/a><\/figure>\n\n\n\n<figure class=\"wp-block-image size-full\"><a href=\"https:\/\/www.slugqueen.com\/wp-content\/uploads\/2018\/08\/11082221_10153306813919238_865489139280578193_o.jpg\"><img loading=\"lazy\" decoding=\"async\" width=\"2048\" height=\"1536\" data-id=\"1964\" src=\"https:\/\/www.slugqueen.com\/wp-content\/uploads\/2018\/08\/11082221_10153306813919238_865489139280578193_o.jpg\" alt=\"\" class=\"wp-image-1964\" srcset=\"https:\/\/www.slugqueen.com\/wp-content\/uploads\/2018\/08\/11082221_10153306813919238_865489139280578193_o.jpg 2048w, https:\/\/www.slugqueen.com\/wp-content\/uploads\/2018\/08\/11082221_10153306813919238_865489139280578193_o-300x225.jpg 300w, https:\/\/www.slugqueen.com\/wp-content\/uploads\/2018\/08\/11082221_10153306813919238_865489139280578193_o-768x576.jpg 768w, https:\/\/www.slugqueen.com\/wp-content\/uploads\/2018\/08\/11082221_10153306813919238_865489139280578193_o-1024x768.jpg 1024w\" sizes=\"auto, (max-width: 2048px) 100vw, 2048px\" \/><\/a><\/figure>\n\n\n\n<figure class=\"wp-block-image size-full\"><a href=\"https:\/\/www.slugqueen.com\/wp-content\/uploads\/2018\/08\/10365786_10153306812689238_2846675867415536074_n.jpg\"><img loading=\"lazy\" decoding=\"async\" width=\"480\" height=\"640\" data-id=\"1965\" src=\"https:\/\/www.slugqueen.com\/wp-content\/uploads\/2018\/08\/10365786_10153306812689238_2846675867415536074_n.jpg\" alt=\"\" class=\"wp-image-1965\" srcset=\"https:\/\/www.slugqueen.com\/wp-content\/uploads\/2018\/08\/10365786_10153306812689238_2846675867415536074_n.jpg 480w, https:\/\/www.slugqueen.com\/wp-content\/uploads\/2018\/08\/10365786_10153306812689238_2846675867415536074_n-225x300.jpg 225w\" sizes=\"auto, (max-width: 480px) 100vw, 480px\" \/><\/a><\/figure>\n<\/figure>","protected":false},"excerpt":{"rendered":"<p>Earned R-E-S-P-E-C-T in 2006 The judges respected the stellar performance of Slugretha Latifah Uleafa Gastropodia Jackson. After pageant officials placed a lime green sash over her fire engine red, sequined gown, Jackson approached the microphone to give her acceptance speech. &#8220;I feel good,&#8221; she sang as the crowd cheered on. &#8220;You know that I would. [&hellip;]<\/p>\n","protected":false},"author":1,"featured_media":0,"parent":42,"menu_order":0,"comment_status":"closed","ping_status":"closed","template":"","meta":{"footnotes":""},"class_list":["post-128","page","type-page","status-publish","hentry"],"_links":{"self":[{"href":"https:\/\/www.slugqueen.com\/es\/wp-json\/wp\/v2\/pages\/128","targetHints":{"allow":["GET"]}}],"collection":[{"href":"https:\/\/www.slugqueen.com\/es\/wp-json\/wp\/v2\/pages"}],"about":[{"href":"https:\/\/www.slugqueen.com\/es\/wp-json\/wp\/v2\/types\/page"}],"author":[{"embeddable":true,"href":"https:\/\/www.slugqueen.com\/es\/wp-json\/wp\/v2\/users\/1"}],"replies":[{"embeddable":true,"href":"https:\/\/www.slugqueen.com\/es\/wp-json\/wp\/v2\/comments?post=128"}],"version-history":[{"count":5,"href":"https:\/\/www.slugqueen.com\/es\/wp-json\/wp\/v2\/pages\/128\/revisions"}],"predecessor-version":[{"id":3721,"href":"https:\/\/www.slugqueen.com\/es\/wp-json\/wp\/v2\/pages\/128\/revisions\/3721"}],"up":[{"embeddable":true,"href":"https:\/\/www.slugqueen.com\/es\/wp-json\/wp\/v2\/pages\/42"}],"wp:attachment":[{"href":"https:\/\/www.slugqueen.com\/es\/wp-json\/wp\/v2\/media?parent=128"}],"curies":[{"name":"wp","href":"https:\/\/api.w.org\/{rel}","templated":true}]}}