{"id":133,"date":"2009-05-12T20:12:50","date_gmt":"2009-05-13T03:12:50","guid":{"rendered":"http:\/\/www.slugqueen.com\/?page_id=133"},"modified":"2023-09-22T05:11:33","modified_gmt":"2023-09-22T12:11:33","slug":"2005-queen-frank-slugsnotra","status":"publish","type":"page","link":"https:\/\/www.slugqueen.com\/es\/queens-of-lore\/2005-queen-frank-slugsnotra\/","title":{"rendered":"2005 SLUG Queen Frank SlugSnotra"},"content":{"rendered":"<h2 class=\"wp-block-heading\">Lo hizo a su manera en 2005<\/h2>\n\n\n\n<p>Comienza a divulgar las noticias. Frank Slug-snotra es la Reina de las Babosas de 2005. Ella dijo que quer\u00eda ser parte de esto (\u201c\u00a1Eu-geeeeene! \u00a1Slug Queeeen!\u201d), y ahora lo es. \"Me siento emocionado y honrado\", canturre\u00f3 Slug-snotra.<\/p>\n\n\n\n<p>Con un elegante traje, Slug-snotra trajo su propio estilo de glamour, alej\u00e1ndose de las reinas de las babosas del pasado que tradicionalmente han preferido tiaras y tafet\u00e1n, lentejuelas y destellos, lazos, campanas, vestidos grandes y pelucas. Ten\u00eda la peluca, pero el resto reflejaba el estilo masculino del se\u00f1or Frank Sinatra.<\/p>\n\n\n\n<p>Slug-snotra sang two Sinatra tunes with lyrics tailored for the crowd of more than 200. She belted out to the tune of \u201cNew York, New York.\u201d:<\/p>\n\n\n\n<pre class=\"wp-block-verse\">I want to wake up in the city that never dries\nTo find I'm top of the butte\nA queen with a surprise<\/pre>\n\n\n\n<p class=\"has-text-align-left\">Slug-snotra, cuyo nombre real es Shandi Sinnamon, no particip\u00f3 en ning\u00fan soborno obvio, a pesar de su estatus como la cantante favorita de la mafia. S\u00f3lo necesitaba su encanto Ol' Blue Eyes, un bigote maquillado y algunas letras ingeniosas. Su voz al cantar tampoco dol\u00eda. Sinnamon interpret\u00f3 a Patsy Cline en la reciente versi\u00f3n de \u201cAlways\u201d del Willamette Repertory Theatre y tuvo un papel en su musical \u201cChaps\u201d. Es una cantante e int\u00e9rprete talentosa, fuera de su personalidad real, que recientemente grab\u00f3 un CD de g\u00e9nero folk rock escrito sobre sus experiencias desde que se mud\u00f3 a Eugene. Se trata de una obra oscura e intensamente mel\u00f3dica llena del rico tapiz de im\u00e1genes que la parte m\u00e1s vulnerable de Eugene tiene para ofrecer.<\/p>\n\n\n\n<figure class=\"wp-block-gallery has-nested-images columns-default is-cropped wp-block-gallery-1 is-layout-flex wp-block-gallery-is-layout-flex\">\n<figure class=\"wp-block-image size-full\"><a href=\"https:\/\/www.slugqueen.com\/wp-content\/uploads\/2018\/08\/frankie.jpg\"><img loading=\"lazy\" decoding=\"async\" width=\"147\" height=\"220\" data-id=\"2607\" src=\"https:\/\/www.slugqueen.com\/wp-content\/uploads\/2018\/08\/frankie.jpg\" alt=\"\" class=\"wp-image-2607\"\/><\/a><\/figure>\n\n\n\n<figure class=\"wp-block-image size-full\"><a href=\"https:\/\/www.slugqueen.com\/wp-content\/uploads\/2018\/08\/IMG_3725.jpg\"><img loading=\"lazy\" decoding=\"async\" width=\"98\" height=\"130\" data-id=\"1786\" src=\"https:\/\/www.slugqueen.com\/wp-content\/uploads\/2018\/08\/IMG_3725.jpg\" alt=\"\" class=\"wp-image-1786\"\/><\/a><\/figure>\n<\/figure>","protected":false},"excerpt":{"rendered":"<p>Did it her way in 2005 Start spreading the news. Frank Slug-snotra is the 2005 Slug Queen. She said she wanted to be a part of it (&#8220;Eu-geeeeene! Slug Queeeen!&#8221;), and now she is. &#8220;I am thrilled and honored,&#8221; crooned Slug-snotra. Wearing a tidy suit, Slug-snotra brought her own brand of glamour, veering away from [&hellip;]<\/p>\n","protected":false},"author":1,"featured_media":0,"parent":42,"menu_order":0,"comment_status":"closed","ping_status":"closed","template":"","meta":{"footnotes":""},"class_list":["post-133","page","type-page","status-publish","hentry"],"_links":{"self":[{"href":"https:\/\/www.slugqueen.com\/es\/wp-json\/wp\/v2\/pages\/133","targetHints":{"allow":["GET"]}}],"collection":[{"href":"https:\/\/www.slugqueen.com\/es\/wp-json\/wp\/v2\/pages"}],"about":[{"href":"https:\/\/www.slugqueen.com\/es\/wp-json\/wp\/v2\/types\/page"}],"author":[{"embeddable":true,"href":"https:\/\/www.slugqueen.com\/es\/wp-json\/wp\/v2\/users\/1"}],"replies":[{"embeddable":true,"href":"https:\/\/www.slugqueen.com\/es\/wp-json\/wp\/v2\/comments?post=133"}],"version-history":[{"count":5,"href":"https:\/\/www.slugqueen.com\/es\/wp-json\/wp\/v2\/pages\/133\/revisions"}],"predecessor-version":[{"id":3456,"href":"https:\/\/www.slugqueen.com\/es\/wp-json\/wp\/v2\/pages\/133\/revisions\/3456"}],"up":[{"embeddable":true,"href":"https:\/\/www.slugqueen.com\/es\/wp-json\/wp\/v2\/pages\/42"}],"wp:attachment":[{"href":"https:\/\/www.slugqueen.com\/es\/wp-json\/wp\/v2\/media?parent=133"}],"curies":[{"name":"wp","href":"https:\/\/api.w.org\/{rel}","templated":true}]}}