{"id":135,"date":"2009-05-12T20:14:57","date_gmt":"2009-05-13T03:14:57","guid":{"rendered":"http:\/\/www.slugqueen.com\/?page_id=135"},"modified":"2025-02-06T19:12:41","modified_gmt":"2025-02-07T02:12:41","slug":"2004-queen-scarlett-o-slimera","status":"publish","type":"page","link":"https:\/\/www.slugqueen.com\/es\/queens-of-lore\/2004-queen-scarlett-o-slimera\/","title":{"rendered":"2004 SLUG Queen Scarlett O\u2019Slimera"},"content":{"rendered":"<h2 class=\"wp-block-heading\"><strong>Reina del confort sure\u00f1o<\/strong><\/h2>\n\n\n\n<p>Ella era la reina del baile, la sirena del limo. Y, francamente, Scarlett, Food for Lane County no dio ni una lata. Pero los aceptar\u00e1. Y esa es la idea.<\/p>\n\n\n\n<figure class=\"wp-block-gallery has-nested-images columns-default is-cropped wp-block-gallery-1 is-layout-flex wp-block-gallery-is-layout-flex\">\n<figure class=\"wp-block-image size-large\"><a href=\"https:\/\/www.slugqueen.com\/wp-content\/uploads\/2023\/09\/scarlett-o-slimera-and-sam-edited.jpg\"><img loading=\"lazy\" decoding=\"async\" width=\"1024\" height=\"768\" data-id=\"3422\" src=\"https:\/\/www.slugqueen.com\/wp-content\/uploads\/2023\/09\/scarlett-o-slimera-and-sam-edited-1024x768.jpg\" alt=\"\" class=\"wp-image-3422\" srcset=\"https:\/\/www.slugqueen.com\/wp-content\/uploads\/2023\/09\/scarlett-o-slimera-and-sam-edited-1024x768.jpg 1024w, https:\/\/www.slugqueen.com\/wp-content\/uploads\/2023\/09\/scarlett-o-slimera-and-sam-edited-300x225.jpg 300w, https:\/\/www.slugqueen.com\/wp-content\/uploads\/2023\/09\/scarlett-o-slimera-and-sam-edited-768x576.jpg 768w, https:\/\/www.slugqueen.com\/wp-content\/uploads\/2023\/09\/scarlett-o-slimera-and-sam-edited-16x12.jpg 16w, https:\/\/www.slugqueen.com\/wp-content\/uploads\/2023\/09\/scarlett-o-slimera-and-sam-edited.jpg 1343w\" sizes=\"auto, (max-width: 1024px) 100vw, 1024px\" \/><\/a><figcaption class=\"wp-element-caption\">La reina Scarlett con el rey Sam<\/figcaption><\/figure>\n<\/figure>\n\n\n\n<p>La Reina SLUG reinante de Eugene en 2004, Scarlett O'Slimera, organiz\u00f3 su baile de Reina en el Edificio Conmemorativo de los Veteranos como beneficio para FOOD para el condado de Lane. Pero ella no se ha detenido ah\u00ed. Esta belleza sure\u00f1a ha mantenido su rumbo haciendo campa\u00f1a contra el hambre en cada oportunidad. En su coronaci\u00f3n, la reina Scarlett, tambi\u00e9n conocida como Joan Gold Cypress de Eugene, prometi\u00f3 que \u201cDios es mi testigo, nunca habr\u00e1 hambre de comida, diversi\u00f3n o diversi\u00f3n\u201d bajo su mandato para la Sociedad para la Legitimaci\u00f3n de los Ubicuos Gaster\u00f3podos.<\/p>\n\n\n\n<p>Parece que est\u00e1 cumpliendo su promesa.<\/p>\n\n\n\n<figure class=\"wp-block-image\"><a href=\"http:\/\/www.slugqueen.com\/wp-content\/uploads\/2009\/02\/joanie.png\"><img loading=\"lazy\" decoding=\"async\" width=\"300\" height=\"186\" src=\"http:\/\/www.slugqueen.com\/wp-content\/uploads\/2009\/02\/joanie-300x186.png\" alt=\"joanie\" class=\"wp-image-945\" title=\"joanie\" srcset=\"https:\/\/www.slugqueen.com\/wp-content\/uploads\/2009\/02\/joanie-300x186.png 300w, https:\/\/www.slugqueen.com\/wp-content\/uploads\/2009\/02\/joanie.png 970w\" sizes=\"auto, (max-width: 300px) 100vw, 300px\" \/><\/a><\/figure>\n\n\n\n<p>\"Espero beneficiar a toda la comunidad... haciendo actos de bondad al azar\", dijo la reina con su acento de Nashville, vestida con un vestido estilo \"Lo que el viento se llev\u00f3\".<\/p>\n\n\n\n<p>Como si canalizara su alter ego de Vivian Leigh, la reina Scarlett puede hacer que sucedan cosas con su pura determinaci\u00f3n, su atrevido carisma y su valor casero, como ser coronada La Reina S.L.U.G., por ejemplo. Cuando Cypress se encontr\u00f3 vestida con su traje completo, con su s\u00e9quito de 9 miembros de Slug Queen (incluido un perro y un ni\u00f1o), atrapados en un ascensor durante 30 minutos justo antes de competir en el escenario por la corona y el t\u00edtulo, declar\u00f3 en verdad Moda Scarlett: \u201c\u00a1Fiddle de Dee! No puedo pensar en esto ahora mismo. Si lo hago, me volver\u00e9 loco. Como Diosa es mi testigo, no me van a lamer. \u00a1\u00a1\u00a1Voy a vivir esto y cuando todo termine, ser\u00e9 Slug Queen!!!\u201d<\/p>\n\n\n\n<figure class=\"wp-block-gallery has-nested-images columns-default is-cropped wp-block-gallery-2 is-layout-flex wp-block-gallery-is-layout-flex\">\n<figure class=\"wp-block-image size-full\"><a href=\"https:\/\/www.slugqueen.com\/wp-content\/uploads\/2023\/09\/scarlett-o-slimera-uo-duck.jpg\"><img loading=\"lazy\" decoding=\"async\" width=\"435\" height=\"825\" data-id=\"3418\" src=\"https:\/\/www.slugqueen.com\/wp-content\/uploads\/2023\/09\/scarlett-o-slimera-uo-duck.jpg\" alt=\"\" class=\"wp-image-3418\" srcset=\"https:\/\/www.slugqueen.com\/wp-content\/uploads\/2023\/09\/scarlett-o-slimera-uo-duck.jpg 435w, https:\/\/www.slugqueen.com\/wp-content\/uploads\/2023\/09\/scarlett-o-slimera-uo-duck-158x300.jpg 158w, https:\/\/www.slugqueen.com\/wp-content\/uploads\/2023\/09\/scarlett-o-slimera-uo-duck-6x12.jpg 6w\" sizes=\"auto, (max-width: 435px) 100vw, 435px\" \/><\/a><\/figure>\n\n\n\n<figure class=\"wp-block-image size-large\"><a href=\"https:\/\/www.slugqueen.com\/wp-content\/uploads\/2023\/09\/scarlett-o-slimera-and-slugretha-scaled.jpg\"><img loading=\"lazy\" decoding=\"async\" width=\"1024\" height=\"768\" data-id=\"3419\" src=\"https:\/\/www.slugqueen.com\/wp-content\/uploads\/2023\/09\/scarlett-o-slimera-and-slugretha-1024x768.jpg\" alt=\"\" class=\"wp-image-3419\" srcset=\"https:\/\/www.slugqueen.com\/wp-content\/uploads\/2023\/09\/scarlett-o-slimera-and-slugretha-1024x768.jpg 1024w, https:\/\/www.slugqueen.com\/wp-content\/uploads\/2023\/09\/scarlett-o-slimera-and-slugretha-300x225.jpg 300w, https:\/\/www.slugqueen.com\/wp-content\/uploads\/2023\/09\/scarlett-o-slimera-and-slugretha-768x576.jpg 768w, https:\/\/www.slugqueen.com\/wp-content\/uploads\/2023\/09\/scarlett-o-slimera-and-slugretha-1536x1152.jpg 1536w, https:\/\/www.slugqueen.com\/wp-content\/uploads\/2023\/09\/scarlett-o-slimera-and-slugretha-2048x1536.jpg 2048w, https:\/\/www.slugqueen.com\/wp-content\/uploads\/2023\/09\/scarlett-o-slimera-and-slugretha-16x12.jpg 16w\" sizes=\"auto, (max-width: 1024px) 100vw, 1024px\" \/><\/a><\/figure>\n\n\n\n<figure class=\"wp-block-image size-large\"><a href=\"https:\/\/www.slugqueen.com\/wp-content\/uploads\/2018\/08\/Screen-Shot-2018-08-24-at-10.10.52-PM.png\"><img loading=\"lazy\" decoding=\"async\" width=\"454\" height=\"806\" data-id=\"2247\" src=\"https:\/\/www.slugqueen.com\/wp-content\/uploads\/2018\/08\/Screen-Shot-2018-08-24-at-10.10.52-PM.png\" alt=\"\" class=\"wp-image-2247\" srcset=\"https:\/\/www.slugqueen.com\/wp-content\/uploads\/2018\/08\/Screen-Shot-2018-08-24-at-10.10.52-PM.png 454w, https:\/\/www.slugqueen.com\/wp-content\/uploads\/2018\/08\/Screen-Shot-2018-08-24-at-10.10.52-PM-169x300.png 169w\" sizes=\"auto, (max-width: 454px) 100vw, 454px\" \/><\/a><\/figure>\n<\/figure>\n\n\n\n<p>Apenas unos minutos antes de que su oferta por Slug Queen \"se la llevara el viento\", lleg\u00f3 el departamento de bomberos de Eugene y llev\u00f3 a Scarlett y su equipo a un lugar seguro. Despu\u00e9s de una loca carrera hacia el evento, ella se rob\u00f3 el show en el escenario de coronaci\u00f3n. Literalmente, ella se rob\u00f3 el show. Cuando excedi\u00f3 su tiempo asignado para la parte de talento de la finalizaci\u00f3n, la Reina Bananita y la Reina Margarita la levantaron corporalmente (por segunda vez ese d\u00eda) y se la llevaron, mientras gritaba: \"\u00a1No hay reglas!\"<\/p>\n\n\n\n<p>La Reina Scarlett tambi\u00e9n tiene la distinci\u00f3n de ser una de las dos \u00fanicas Slug Queens que califican como obra de arte. Disfrazada de hada, aparece dos veces en el muro de \u201cvolantes\u201d del distinguido artista y fot\u00f3grafo David Joyce en el aeropuerto de Eugene. Su hermoso rostro saluda a los viajeros al principio y al final. \u00a1Ser s\u00f3lo una de las dos personas que cuelgan en las paredes dos veces! (Ella y Fairy Shawn Fontain comparten ese honor).<\/p>\n\n\n\n<p class=\"translation-block\">\u00c1vida defensora de la tierra y de todo lo verde (una babosa necesita mantenerla verde y frondosa), la reina Scarlett ha donado generosamente a BRING recycle. Para obtener m\u00e1s informaci\u00f3n sobre c\u00f3mo seguir su h\u00e1bil camino, consulte: http:\/\/www.bringrecycling.org<\/p>\n\n\n\n<figure class=\"wp-block-gallery has-nested-images columns-default is-cropped wp-block-gallery-3 is-layout-flex wp-block-gallery-is-layout-flex\">\n<figure class=\"wp-block-image size-large\"><a href=\"https:\/\/www.slugqueen.com\/wp-content\/uploads\/2018\/08\/Screen-Shot-2018-08-27-at-10.45.49-AM.png\"><img loading=\"lazy\" decoding=\"async\" width=\"639\" height=\"1024\" data-id=\"2714\" src=\"https:\/\/www.slugqueen.com\/wp-content\/uploads\/2018\/08\/Screen-Shot-2018-08-27-at-10.45.49-AM-639x1024.png\" alt=\"\" class=\"wp-image-2714\" srcset=\"https:\/\/www.slugqueen.com\/wp-content\/uploads\/2018\/08\/Screen-Shot-2018-08-27-at-10.45.49-AM-639x1024.png 639w, https:\/\/www.slugqueen.com\/wp-content\/uploads\/2018\/08\/Screen-Shot-2018-08-27-at-10.45.49-AM-187x300.png 187w, https:\/\/www.slugqueen.com\/wp-content\/uploads\/2018\/08\/Screen-Shot-2018-08-27-at-10.45.49-AM.png 680w\" sizes=\"auto, (max-width: 639px) 100vw, 639px\" \/><\/a><\/figure>\n\n\n\n<figure class=\"wp-block-image size-large\"><a href=\"https:\/\/www.slugqueen.com\/wp-content\/uploads\/2023\/09\/scarlett-o-slimera-victory-sign.jpg\"><img loading=\"lazy\" decoding=\"async\" width=\"1024\" height=\"764\" data-id=\"3421\" src=\"https:\/\/www.slugqueen.com\/wp-content\/uploads\/2023\/09\/scarlett-o-slimera-victory-sign-1024x764.jpg\" alt=\"\" class=\"wp-image-3421\" srcset=\"https:\/\/www.slugqueen.com\/wp-content\/uploads\/2023\/09\/scarlett-o-slimera-victory-sign-1024x764.jpg 1024w, https:\/\/www.slugqueen.com\/wp-content\/uploads\/2023\/09\/scarlett-o-slimera-victory-sign-300x224.jpg 300w, https:\/\/www.slugqueen.com\/wp-content\/uploads\/2023\/09\/scarlett-o-slimera-victory-sign-768x573.jpg 768w, https:\/\/www.slugqueen.com\/wp-content\/uploads\/2023\/09\/scarlett-o-slimera-victory-sign-1536x1146.jpg 1536w, https:\/\/www.slugqueen.com\/wp-content\/uploads\/2023\/09\/scarlett-o-slimera-victory-sign-2048x1527.jpg 2048w, https:\/\/www.slugqueen.com\/wp-content\/uploads\/2023\/09\/scarlett-o-slimera-victory-sign-16x12.jpg 16w\" sizes=\"auto, (max-width: 1024px) 100vw, 1024px\" \/><\/a><\/figure>\n<\/figure>\n\n\n\n<p class=\"translation-block\">Queen Scarlett, tambi\u00e9n conocida como Joan Gold Cypress, se enorgullece de anunciar que es autora de dos cancioneros para ni\u00f1os: THE NAP RAP y HAVE A GOOD ROAM. Est\u00e1n disponibles en el sitio web http:\/\/queenscarlettproductions.com<\/p>","protected":false},"excerpt":{"rendered":"<p>Queen of Southern Comfort She was the queen of the ball, the siren of the slime. And, frankly, Scarlett, Food for Lane County didn\u2019t give a can. But it will accept them. And that\u2019s the idea. Eugene\u2019s 2004 reigning SLUG Queen, Scarlett O\u2019Slimera, hosted her Queen\u2019s ball at the Veterans\u2019 Memorial Building as a benefit [&hellip;]<\/p>\n","protected":false},"author":1,"featured_media":0,"parent":42,"menu_order":0,"comment_status":"closed","ping_status":"closed","template":"","meta":{"footnotes":""},"class_list":["post-135","page","type-page","status-publish","hentry"],"_links":{"self":[{"href":"https:\/\/www.slugqueen.com\/es\/wp-json\/wp\/v2\/pages\/135","targetHints":{"allow":["GET"]}}],"collection":[{"href":"https:\/\/www.slugqueen.com\/es\/wp-json\/wp\/v2\/pages"}],"about":[{"href":"https:\/\/www.slugqueen.com\/es\/wp-json\/wp\/v2\/types\/page"}],"author":[{"embeddable":true,"href":"https:\/\/www.slugqueen.com\/es\/wp-json\/wp\/v2\/users\/1"}],"replies":[{"embeddable":true,"href":"https:\/\/www.slugqueen.com\/es\/wp-json\/wp\/v2\/comments?post=135"}],"version-history":[{"count":5,"href":"https:\/\/www.slugqueen.com\/es\/wp-json\/wp\/v2\/pages\/135\/revisions"}],"predecessor-version":[{"id":3715,"href":"https:\/\/www.slugqueen.com\/es\/wp-json\/wp\/v2\/pages\/135\/revisions\/3715"}],"up":[{"embeddable":true,"href":"https:\/\/www.slugqueen.com\/es\/wp-json\/wp\/v2\/pages\/42"}],"wp:attachment":[{"href":"https:\/\/www.slugqueen.com\/es\/wp-json\/wp\/v2\/media?parent=135"}],"curies":[{"name":"wp","href":"https:\/\/api.w.org\/{rel}","templated":true}]}}