{"id":137,"date":"2009-05-12T20:16:01","date_gmt":"2009-05-13T03:16:01","guid":{"rendered":"http:\/\/www.slugqueen.com\/?page_id=137"},"modified":"2025-02-06T19:02:01","modified_gmt":"2025-02-07T02:02:01","slug":"2003-queen-inspira","status":"publish","type":"page","link":"https:\/\/www.slugqueen.com\/es\/queens-of-lore\/2003-queen-inspira\/","title":{"rendered":"2003 SLUG Queen Inspira"},"content":{"rendered":"<h2 class=\"wp-block-heading\">La reina del bienestar<\/h2>\n\n\n\n<figure data-wp-context=\"{&quot;imageId&quot;:&quot;69ea2fed02a7f&quot;}\" data-wp-interactive=\"core\/image\" data-wp-key=\"69ea2fed02a7f\" class=\"wp-block-image wp-lightbox-container\"><img loading=\"lazy\" decoding=\"async\" width=\"453\" height=\"604\" data-wp-class--hide=\"state.isContentHidden\" data-wp-class--show=\"state.isContentVisible\" data-wp-init=\"callbacks.setButtonStyles\" data-wp-on--click=\"actions.showLightbox\" data-wp-on--load=\"callbacks.setButtonStyles\" data-wp-on-window--resize=\"callbacks.setButtonStyles\" src=\"http:\/\/www.slugqueen.com\/wp-content\/uploads\/2018\/08\/IMG_3722.jpg\" alt=\"\" class=\"wp-image-1783\" srcset=\"https:\/\/www.slugqueen.com\/wp-content\/uploads\/2018\/08\/IMG_3722.jpg 453w, https:\/\/www.slugqueen.com\/wp-content\/uploads\/2018\/08\/IMG_3722-225x300.jpg 225w\" sizes=\"auto, (max-width: 453px) 100vw, 453px\" \/><button\n\t\t\tclass=\"lightbox-trigger\"\n\t\t\ttype=\"button\"\n\t\t\taria-haspopup=\"dialog\"\n\t\t\taria-label=\"Agrandar\"\n\t\t\tdata-wp-init=\"callbacks.initTriggerButton\"\n\t\t\tdata-wp-on--click=\"actions.showLightbox\"\n\t\t\tdata-wp-style--right=\"state.imageButtonRight\"\n\t\t\tdata-wp-style--top=\"state.imageButtonTop\"\n\t\t>\n\t\t\t<svg xmlns=\"http:\/\/www.w3.org\/2000\/svg\" width=\"12\" height=\"12\" fill=\"none\" viewbox=\"0 0 12 12\">\n\t\t\t\t<path fill=\"#fff\" d=\"M2 0a2 2 0 0 0-2 2v2h1.5V2a.5.5 0 0 1 .5-.5h2V0H2Zm2 10.5H2a.5.5 0 0 1-.5-.5V8H0v2a2 2 0 0 0 2 2h2v-1.5ZM8 12v-1.5h2a.5.5 0 0 0 .5-.5V8H12v2a2 2 0 0 1-2 2H8Zm2-12a2 2 0 0 1 2 2v2h-1.5V2a.5.5 0 0 0-.5-.5H8V0h2Z\" \/>\n\t\t\t<\/svg>\n\t\t<\/button><\/figure>\n\n\n\n<p>Su Majestad Real la Reina Inspira fue la 21\u00aa S.L.U.G reinante de Eugene. Reina. Actualmente disfruta del exaltado estatus de \u201cReina Vieja\u201d y espera elevarse a\u00fan m\u00e1s a \u201cReina Muy Vieja\u201d pronto (al igual que el buen vino, el valor de una Reina SLUG aumenta con el tiempo).<\/p>\n\n\n\n<p>Inspira sigui\u00f3 un camino inusual hacia su corona. El a\u00f1o en que se postul\u00f3 para Reina hubo cierta confusi\u00f3n sobre la fecha oficial de la Coronaci\u00f3n. Originalmente estaba previsto para un mes antes de la Celebraci\u00f3n de Eugenio (viernes 15 de agosto). As\u00ed, comenz\u00f3 a promocionar la fecha entre amigos, familiares, medios locales e incluso era conocida por repartir folletos mientras hac\u00eda cola en el supermercado. De repente, apenas unas semanas antes de esa fecha, S.L.U.G. Traslad\u00f3 la coronaci\u00f3n a la noche inaugural de la Celebraci\u00f3n de Eugene (viernes 19 de septiembre), porque Inspira era el \u00fanico concursante.<\/p>\n\n\n\n<figure class=\"wp-block-gallery has-nested-images columns-default is-cropped wp-block-gallery-1 is-layout-flex wp-block-gallery-is-layout-flex\">\n<figure class=\"wp-block-image size-large\"><a href=\"https:\/\/www.slugqueen.com\/wp-content\/uploads\/2009\/05\/inspira.jpg\"><img loading=\"lazy\" decoding=\"async\" width=\"200\" height=\"141\" data-id=\"477\" src=\"https:\/\/www.slugqueen.com\/wp-content\/uploads\/2009\/05\/inspira.jpg\" alt=\"\" class=\"wp-image-477\"\/><\/a><\/figure>\n\n\n\n<figure class=\"wp-block-image size-large\"><a href=\"https:\/\/www.slugqueen.com\/wp-content\/uploads\/2018\/08\/Screen-Shot-2018-08-12-at-9.33.57-AM.png\"><img loading=\"lazy\" decoding=\"async\" width=\"1024\" height=\"880\" data-id=\"1879\" src=\"https:\/\/www.slugqueen.com\/wp-content\/uploads\/2018\/08\/Screen-Shot-2018-08-12-at-9.33.57-AM-1024x880.png\" alt=\"\" class=\"wp-image-1879\" srcset=\"https:\/\/www.slugqueen.com\/wp-content\/uploads\/2018\/08\/Screen-Shot-2018-08-12-at-9.33.57-AM-1024x880.png 1024w, https:\/\/www.slugqueen.com\/wp-content\/uploads\/2018\/08\/Screen-Shot-2018-08-12-at-9.33.57-AM-300x258.png 300w, https:\/\/www.slugqueen.com\/wp-content\/uploads\/2018\/08\/Screen-Shot-2018-08-12-at-9.33.57-AM-768x660.png 768w, https:\/\/www.slugqueen.com\/wp-content\/uploads\/2018\/08\/Screen-Shot-2018-08-12-at-9.33.57-AM.png 1122w\" sizes=\"auto, (max-width: 1024px) 100vw, 1024px\" \/><\/a><\/figure>\n\n\n\n<figure class=\"wp-block-image size-large\"><a href=\"https:\/\/www.slugqueen.com\/wp-content\/uploads\/2009\/02\/9729_1201374442184_1463261178_545193_2511511_n.jpg\"><img loading=\"lazy\" decoding=\"async\" width=\"604\" height=\"403\" data-id=\"606\" src=\"https:\/\/www.slugqueen.com\/wp-content\/uploads\/2009\/02\/9729_1201374442184_1463261178_545193_2511511_n.jpg\" alt=\"\" class=\"wp-image-606\" srcset=\"https:\/\/www.slugqueen.com\/wp-content\/uploads\/2009\/02\/9729_1201374442184_1463261178_545193_2511511_n.jpg 604w, https:\/\/www.slugqueen.com\/wp-content\/uploads\/2009\/02\/9729_1201374442184_1463261178_545193_2511511_n-300x200.jpg 300w\" sizes=\"auto, (max-width: 604px) 100vw, 604px\" \/><\/a><\/figure>\n<\/figure>\n\n\n\n<p>R\u00e1pida en su \u201cpie\u201d (despu\u00e9s de todo, los gaster\u00f3podos solo tienen uno), Inspira, la aspirante a reina, organiz\u00f3 un evento publicitario en la fecha original para despertar el inter\u00e9s y generar competencia por la corona. \"No quiero decepcionar a mi p\u00fablico por no estar presente cuando dije que estar\u00eda\". Inspira nunca decepciona.<\/p>\n\n\n\n<p>\"Bienvenidos a nuestro evento privado\", dijo Inspira cuando el sistema de sonido fall\u00f3. \u201c\u00bfAlguien tiene un equipo de sonido en el bolsillo?\u201d ella pregunt\u00f3. En ese momento, uno de los s\u00fabditos leales de Inspira se acerc\u00f3 y le ofreci\u00f3 usar el est\u00e9reo de su auto. Con su acompa\u00f1amiento musical preparado por el jurado, Inspira y su corte (una docena de mujeres con llamativos vestidos de fiesta) se lanzaron a una animada rutina de canto y baile de su canci\u00f3n original \u201cS.L.U.G.ene\u201d (S.L.Eugene) cantada con la melod\u00eda de Y.M.C.A.. \u201cLibera tu extrovertido interior\u201d, ensalz\u00f3 Inspira.<\/p>\n\n\n\n<p>La propia Inspira apareci\u00f3 con un vestido vaporoso y di\u00e1fano de color arco\u00edris sobre un mono fucsia, con chanclas de plataforma de 3 pulgadas con brillantes e incrustaciones de joyas: era nada menos que deslumbrante y deslumbrante. Su corona, construida con una canasta invertida adornada con oro y campanillas de viento colgantes, hipnotizaba a los espectadores. \"Es un glamour vulgar y llamativo\", dijo Inspira sobre su conjunto. \"Soy lo que soy.\"<\/p>\n\n\n\n<p>A la ma\u00f1ana siguiente, el art\u00edculo de portada de la secci\u00f3n Registro-Guardia Ciudad\/Regi\u00f3n anunci\u00f3 \"Gaudy Gastropod Ascends to Throne\" nombrando al nuevo S.L.U.G. de Inspira Eugene. Reina. La noticia desat\u00f3 una oleada de controversia entre las Antiguas Reinas que no hab\u00edan autorizado el evento de autocoronaci\u00f3n.<\/p>\n\n\n\n<p>Sigui\u00f3 un drama fabuloso que inici\u00f3 un renovado inter\u00e9s en la competencia real y la coronaci\u00f3n el mes siguiente.<\/p>\n\n\n\n<p>A pesar de contar con tres competidoras estelares (Fay Koster, Jessica Beauchamp y Autumn DePoe), Inspira era obviamente el favorito del p\u00fablico. Las Old Queens y los jueces famosos fueron justificadamente lentos a la hora de tomar una decisi\u00f3n, pero a la ma\u00f1ana siguiente, la Guardia del Registro peg\u00f3 una enorme foto radiante de Inspira recibiendo su S.L.U.G. Corona de reina en la portada de la secci\u00f3n de la ciudad. Simplemente no se le pod\u00eda negar.<\/p>\n\n\n\n<p>\u201cDejando a un lado la pompa y las circunstancias, servir como S.L.U.G. Queen es algo importante\u201d, dijo Inspira, tambi\u00e9n conocida<\/p>\n\n\n\n<p>Como Kassy Daggett, entrenadora de comunicaci\u00f3n de Eugene, masajista autorizada y presentadora de talleres en <a href=\"http:\/\/www.breitenbush.com\/\">Breitenbush Hot Springs<\/a>.<\/p>\n\n\n\n<p>\u201cSolo piensa\u201d, recuerda Queen Inspira, \u201cT\u00da podr\u00edas ser el pr\u00f3ximo S.L.U.G. \u00a1Reina si empiezas ahora! Recuerden mi consejo para todas las aspirantes a reinas. . . \u00a1Soborna temprano, soborna a menudo!<\/p>\n\n\n\n<p>\u201cPor cierto, es fant\u00e1stico ser Reina porque soy la pieza m\u00e1s poderosa del tablero y puedo moverme en cualquier direcci\u00f3n. Oh, espera, eso es ajedrez. Bueno, aqu\u00ed tambi\u00e9n se aplica. Pero lo mejor de ser Reina es que ya no tengo que recordar nombres, \u00a1simplemente llamo a todos Dahhhhling! \u00a1La vida es MUCHO m\u00e1s sencilla!<\/p>\n\n\n\n<p>\u00bfNo est\u00e1s inspirado?<\/p>","protected":false},"excerpt":{"rendered":"<p>The feel-good queen Her Royal Majesty Queen Inspira was Eugene&#8217;s 21st Reigning S.L.U.G. Queen. She currently enjoys exalted &#8220;Old Queen&#8221; status and looks forward to elevating even farther to &#8220;Very Old Queen&#8221; soon (like fine wine, a SLUG Queen&#8217;s value increases with time). Inspira followed an unusual route to her crown. The year she ran [&hellip;]<\/p>\n","protected":false},"author":1,"featured_media":0,"parent":42,"menu_order":0,"comment_status":"closed","ping_status":"closed","template":"","meta":{"footnotes":""},"class_list":["post-137","page","type-page","status-publish","hentry"],"_links":{"self":[{"href":"https:\/\/www.slugqueen.com\/es\/wp-json\/wp\/v2\/pages\/137","targetHints":{"allow":["GET"]}}],"collection":[{"href":"https:\/\/www.slugqueen.com\/es\/wp-json\/wp\/v2\/pages"}],"about":[{"href":"https:\/\/www.slugqueen.com\/es\/wp-json\/wp\/v2\/types\/page"}],"author":[{"embeddable":true,"href":"https:\/\/www.slugqueen.com\/es\/wp-json\/wp\/v2\/users\/1"}],"replies":[{"embeddable":true,"href":"https:\/\/www.slugqueen.com\/es\/wp-json\/wp\/v2\/comments?post=137"}],"version-history":[{"count":5,"href":"https:\/\/www.slugqueen.com\/es\/wp-json\/wp\/v2\/pages\/137\/revisions"}],"predecessor-version":[{"id":3707,"href":"https:\/\/www.slugqueen.com\/es\/wp-json\/wp\/v2\/pages\/137\/revisions\/3707"}],"up":[{"embeddable":true,"href":"https:\/\/www.slugqueen.com\/es\/wp-json\/wp\/v2\/pages\/42"}],"wp:attachment":[{"href":"https:\/\/www.slugqueen.com\/es\/wp-json\/wp\/v2\/media?parent=137"}],"curies":[{"name":"wp","href":"https:\/\/api.w.org\/{rel}","templated":true}]}}