{"id":140,"date":"2009-05-12T20:18:04","date_gmt":"2009-05-13T03:18:04","guid":{"rendered":"http:\/\/www.slugqueen.com\/?page_id=140"},"modified":"2023-06-25T23:26:36","modified_gmt":"2023-06-26T06:26:36","slug":"2002-queen-radia","status":"publish","type":"page","link":"https:\/\/www.slugqueen.com\/es\/queens-of-lore\/2002-queen-radia\/","title":{"rendered":"2002 SLUG Queen Radia"},"content":{"rendered":"<figure data-wp-context=\"{&quot;imageId&quot;:&quot;69ea2fe80ed02&quot;}\" data-wp-interactive=\"core\/image\" data-wp-key=\"69ea2fe80ed02\" class=\"wp-block-image alignright wp-lightbox-container\"><img loading=\"lazy\" decoding=\"async\" width=\"403\" height=\"604\" data-wp-class--hide=\"state.isContentHidden\" data-wp-class--show=\"state.isContentVisible\" data-wp-init=\"callbacks.setButtonStyles\" data-wp-on--click=\"actions.showLightbox\" data-wp-on--load=\"callbacks.setButtonStyles\" data-wp-on-window--resize=\"callbacks.setButtonStyles\" src=\"http:\/\/www.slugqueen.com\/wp-content\/uploads\/2009\/05\/9729_1201373762167_1463261178_545176_7570771_n.jpg\" alt=\"9729_1201373762167_1463261178_545176_7570771_n\" class=\"wp-image-669\" title=\"9729_1201373762167_1463261178_545176_7570771_n\" srcset=\"https:\/\/www.slugqueen.com\/wp-content\/uploads\/2009\/05\/9729_1201373762167_1463261178_545176_7570771_n.jpg 403w, https:\/\/www.slugqueen.com\/wp-content\/uploads\/2009\/05\/9729_1201373762167_1463261178_545176_7570771_n-200x300.jpg 200w\" sizes=\"auto, (max-width: 403px) 100vw, 403px\" \/><button\n\t\t\tclass=\"lightbox-trigger\"\n\t\t\ttype=\"button\"\n\t\t\taria-haspopup=\"dialog\"\n\t\t\taria-label=\"Agrandar\"\n\t\t\tdata-wp-init=\"callbacks.initTriggerButton\"\n\t\t\tdata-wp-on--click=\"actions.showLightbox\"\n\t\t\tdata-wp-style--right=\"state.imageButtonRight\"\n\t\t\tdata-wp-style--top=\"state.imageButtonTop\"\n\t\t>\n\t\t\t<svg xmlns=\"http:\/\/www.w3.org\/2000\/svg\" width=\"12\" height=\"12\" fill=\"none\" viewbox=\"0 0 12 12\">\n\t\t\t\t<path fill=\"#fff\" d=\"M2 0a2 2 0 0 0-2 2v2h1.5V2a.5.5 0 0 1 .5-.5h2V0H2Zm2 10.5H2a.5.5 0 0 1-.5-.5V8H0v2a2 2 0 0 0 2 2h2v-1.5ZM8 12v-1.5h2a.5.5 0 0 0 .5-.5V8H12v2a2 2 0 0 1-2 2H8Zm2-12a2 2 0 0 1 2 2v2h-1.5V2a.5.5 0 0 0-.5-.5H8V0h2Z\" \/>\n\t\t\t<\/svg>\n\t\t<\/button><\/figure>\n\n\n\n<p>Cynthia Beal, ex propietaria de la tienda de comestibles naturales Red Barn y Slug Queen de 2002, dej\u00f3 atr\u00e1s el negocio de comestibles naturales para satisfacer una necesidad cercana y querida al coraz\u00f3n de una verdadera babosa: preservar la tierra real que sustenta tanto a las babosas como a los humanos promoviendo completamente entierros naturales.<\/p>\n\n\n\n<p class=\"translation-block\">Beal fund\u00f3 Natural Burial Company a nivel local para crear y vender atractivos recipientes funerarios biodegradables hechos de materiales naturales y reciclados. \u00a1Algunos incluso son comestibles! Beal tambi\u00e9n publica en l\u00ednea Alternative Funeral Monitor y su fascinante blog <a href=\"https:\/\/www.betree.com\/\" target=\"_self\">betree.com<\/a>: su apuesta por ampliar el h\u00e1bitat seguro de las babosas.<\/p>\n\n\n\n<p>Gracias a los esfuerzos de Beal por atraer la atenci\u00f3n de los artistas del noroeste del Pac\u00edfico hacia el movimiento natural del entierro, tanto los amantes de las babosas como de la tierra ahora tienen muchas opciones elegantes cuando llega el momento de convertirse en uno con la tierra, incluidas muchas hermosas urnas funerarias hechas a mano lo suficientemente sexys como para ser premiadas con una exposici\u00f3n. en la notable galer\u00eda del centro, Opus 6ix.<\/p>\n\n\n\n<p>\u00bfNo puedes conseguir suficiente sostenibilidad? Obtenga una copia del libro de Queen Radia: <em>Be a Tree, the Natural Burial Guide for Turning Yourself into a Forest<\/em>, publicado por <a href=\"http:\/\/newsociety.com\">New Society Publishers<\/a>. (Consulte su sitio web para obtener m\u00e1s detalles).<\/p>\n\n\n\n<p>Y aseg\u00farese de echar un vistazo a los ata\u00fades con forma natural de babosa de la Reina Radia en su sitio web: <a href=\"http:\/\/www.naturalburialcompany.com\/\">http:\/\/www.naturalburialcompany.com<\/a><\/p>\n\n\n\n<p>Es lo \u00fanico que realmente querr\u00e1s llevar contigo.<\/p>","protected":false},"excerpt":{"rendered":"<p>Cynthia Beal, former owner of the natural grocery store the Red Barn and 2002 Slug Queen, left the natural grocery business behind to feed a need near and dear to a true slug\u2019s heart\u2014preserving the actual earth that sustains both slugs and humans by promoting completely natural burials. Beal started the Natural Burial Company locally [&hellip;]<\/p>\n","protected":false},"author":1,"featured_media":0,"parent":42,"menu_order":0,"comment_status":"closed","ping_status":"closed","template":"","meta":{"footnotes":""},"class_list":["post-140","page","type-page","status-publish","hentry"],"_links":{"self":[{"href":"https:\/\/www.slugqueen.com\/es\/wp-json\/wp\/v2\/pages\/140","targetHints":{"allow":["GET"]}}],"collection":[{"href":"https:\/\/www.slugqueen.com\/es\/wp-json\/wp\/v2\/pages"}],"about":[{"href":"https:\/\/www.slugqueen.com\/es\/wp-json\/wp\/v2\/types\/page"}],"author":[{"embeddable":true,"href":"https:\/\/www.slugqueen.com\/es\/wp-json\/wp\/v2\/users\/1"}],"replies":[{"embeddable":true,"href":"https:\/\/www.slugqueen.com\/es\/wp-json\/wp\/v2\/comments?post=140"}],"version-history":[{"count":5,"href":"https:\/\/www.slugqueen.com\/es\/wp-json\/wp\/v2\/pages\/140\/revisions"}],"predecessor-version":[{"id":3186,"href":"https:\/\/www.slugqueen.com\/es\/wp-json\/wp\/v2\/pages\/140\/revisions\/3186"}],"up":[{"embeddable":true,"href":"https:\/\/www.slugqueen.com\/es\/wp-json\/wp\/v2\/pages\/42"}],"wp:attachment":[{"href":"https:\/\/www.slugqueen.com\/es\/wp-json\/wp\/v2\/media?parent=140"}],"curies":[{"name":"wp","href":"https:\/\/api.w.org\/{rel}","templated":true}]}}