{"id":142,"date":"2009-05-12T20:19:17","date_gmt":"2009-05-13T03:19:17","guid":{"rendered":"http:\/\/www.slugqueen.com\/?page_id=142"},"modified":"2023-06-25T23:28:18","modified_gmt":"2023-06-26T06:28:18","slug":"2001-queen-darcy-du-ruz-saxy-slimer","status":"publish","type":"page","link":"https:\/\/www.slugqueen.com\/es\/queens-of-lore\/2001-queen-darcy-du-ruz-saxy-slimer\/","title":{"rendered":"2001 SLUG Queen Darcy du Ruz Saxy Slimer"},"content":{"rendered":"<figure class=\"wp-block-image size-full\"><a href=\"https:\/\/www.slugqueen.com\/wp-content\/uploads\/2018\/08\/20150820shorts-SLUG-e1535300539781.jpg\"><img loading=\"lazy\" decoding=\"async\" width=\"400\" height=\"610\" src=\"https:\/\/www.slugqueen.com\/wp-content\/uploads\/2018\/08\/20150820shorts-SLUG-e1535300539781.jpg\" alt=\"\" class=\"wp-image-2118\" srcset=\"https:\/\/www.slugqueen.com\/wp-content\/uploads\/2018\/08\/20150820shorts-SLUG-e1535300539781.jpg 400w, https:\/\/www.slugqueen.com\/wp-content\/uploads\/2018\/08\/20150820shorts-SLUG-e1535300539781-197x300.jpg 197w\" sizes=\"auto, (max-width: 400px) 100vw, 400px\" \/><\/a><figcaption class=\"wp-element-caption\">Fotos<\/figcaption><\/figure>\n\n\n\n<p>La primera reina S.L.U.G. que gan\u00f3 la corona sin sobornos es la reina Darcy (Du Ruz.) de 2001 y tuvo que vencer a una babosa real por el t\u00edtulo. Una talentosa cantante de \u00f3pera y profesora de canto, ten\u00eda la ventaja de que cada movimiento era anunciado por una fanfarria de trompeta proporcionada por su marido, el trompetista de la Sinf\u00f3nica de Eugene, Dave Bender, y dos de sus alumnos, adem\u00e1s de estar flanqueada por los dem\u00e1s miembros del grupo. su s\u00e9quito.<\/p>\n\n\n\n<p>Hoy en d\u00eda, Darcy Du Ruz puede ser m\u00e1s famosa por su slime que por su m\u00fasica, pero la ex reina de las babosas es una consumada int\u00e9rprete de circo, vodevil y m\u00fasica que ha tocado en lugares desde la \u00d3pera de Par\u00eds hasta el Mozarteum de Salzburgo. Ella y el trompetista, guitarrista y compositor de Eugene Symphony\/Emerald City Jazz Kings, Dave Bender, armaron un proyecto inventivo y absolutamente encantador de Girl Circus para Country Fair.<\/p>\n\n\n\n<p>Con m\u00e1s de una docena de m\u00fasicos (viol\u00edn, saxos, trompetas, violonchelos, guitarra, percusi\u00f3n y m\u00e1s), adem\u00e1s de un coro de ni\u00f1os, la m\u00fasica acompa\u00f1a a bailarines de fuego, cuerdas, l\u00e1tigos, malabaristas, payasos, magos y otros actos que se presentan en vivo. . Podr\u00e1s comprobar la notable variedad de m\u00fasica (vocal, instrumental, rock, ritmos latinos, funk, tango, italiana, incluso algunos toques corales al estilo Philip Glass, cabaret) y el humor que hacen que valga la pena escuchar este circo.<\/p>","protected":false},"excerpt":{"rendered":"<p>The first S.L.U.G. Queen to win the crown without bribing is 2001&#8217;s Queen Darcy (Du Ruz.) and she had to beat an actual slug for the title. A talented operatic singer and voice teacher, she did have the advantage of having her every movement heralded by a trumpet fanfare supplied by her husband, Eugene Symphony [&hellip;]<\/p>\n","protected":false},"author":1,"featured_media":0,"parent":42,"menu_order":0,"comment_status":"closed","ping_status":"closed","template":"","meta":{"footnotes":""},"class_list":["post-142","page","type-page","status-publish","hentry"],"_links":{"self":[{"href":"https:\/\/www.slugqueen.com\/es\/wp-json\/wp\/v2\/pages\/142","targetHints":{"allow":["GET"]}}],"collection":[{"href":"https:\/\/www.slugqueen.com\/es\/wp-json\/wp\/v2\/pages"}],"about":[{"href":"https:\/\/www.slugqueen.com\/es\/wp-json\/wp\/v2\/types\/page"}],"author":[{"embeddable":true,"href":"https:\/\/www.slugqueen.com\/es\/wp-json\/wp\/v2\/users\/1"}],"replies":[{"embeddable":true,"href":"https:\/\/www.slugqueen.com\/es\/wp-json\/wp\/v2\/comments?post=142"}],"version-history":[{"count":5,"href":"https:\/\/www.slugqueen.com\/es\/wp-json\/wp\/v2\/pages\/142\/revisions"}],"predecessor-version":[{"id":3211,"href":"https:\/\/www.slugqueen.com\/es\/wp-json\/wp\/v2\/pages\/142\/revisions\/3211"}],"up":[{"embeddable":true,"href":"https:\/\/www.slugqueen.com\/es\/wp-json\/wp\/v2\/pages\/42"}],"wp:attachment":[{"href":"https:\/\/www.slugqueen.com\/es\/wp-json\/wp\/v2\/media?parent=142"}],"curies":[{"name":"wp","href":"https:\/\/api.w.org\/{rel}","templated":true}]}}