{"id":145,"date":"2009-05-12T20:20:42","date_gmt":"2009-05-13T03:20:42","guid":{"rendered":"http:\/\/www.slugqueen.com\/?page_id=145"},"modified":"2025-02-06T20:08:42","modified_gmt":"2025-02-07T03:08:42","slug":"2000-queen-accordionna","status":"publish","type":"page","link":"https:\/\/www.slugqueen.com\/es\/queens-of-lore\/2000-queen-accordionna\/","title":{"rendered":"2000 SLUG Queen Accordionna"},"content":{"rendered":"<h2 class=\"wp-block-heading\">Soberano Supremo de Apret\u00f3n<\/h2>\n\n\n\n<figure data-wp-context=\"{&quot;imageId&quot;:&quot;69ea2a904abd9&quot;}\" data-wp-interactive=\"core\/image\" data-wp-key=\"69ea2a904abd9\" class=\"wp-block-image wp-lightbox-container\"><img loading=\"lazy\" decoding=\"async\" width=\"600\" height=\"836\" data-wp-class--hide=\"state.isContentHidden\" data-wp-class--show=\"state.isContentVisible\" data-wp-init=\"callbacks.setButtonStyles\" data-wp-on--click=\"actions.showLightbox\" data-wp-on--load=\"callbacks.setButtonStyles\" data-wp-on-window--resize=\"callbacks.setButtonStyles\" src=\"http:\/\/www.slugqueen.com\/wp-content\/uploads\/2018\/08\/Screen-Shot-2018-08-24-at-10.04.05-PM.png\" alt=\"\" class=\"wp-image-2265\" srcset=\"https:\/\/www.slugqueen.com\/wp-content\/uploads\/2018\/08\/Screen-Shot-2018-08-24-at-10.04.05-PM.png 600w, https:\/\/www.slugqueen.com\/wp-content\/uploads\/2018\/08\/Screen-Shot-2018-08-24-at-10.04.05-PM-215x300.png 215w\" sizes=\"auto, (max-width: 600px) 100vw, 600px\" \/><button\n\t\t\tclass=\"lightbox-trigger\"\n\t\t\ttype=\"button\"\n\t\t\taria-haspopup=\"dialog\"\n\t\t\taria-label=\"Agrandar\"\n\t\t\tdata-wp-init=\"callbacks.initTriggerButton\"\n\t\t\tdata-wp-on--click=\"actions.showLightbox\"\n\t\t\tdata-wp-style--right=\"state.imageButtonRight\"\n\t\t\tdata-wp-style--top=\"state.imageButtonTop\"\n\t\t>\n\t\t\t<svg xmlns=\"http:\/\/www.w3.org\/2000\/svg\" width=\"12\" height=\"12\" fill=\"none\" viewbox=\"0 0 12 12\">\n\t\t\t\t<path fill=\"#fff\" d=\"M2 0a2 2 0 0 0-2 2v2h1.5V2a.5.5 0 0 1 .5-.5h2V0H2Zm2 10.5H2a.5.5 0 0 1-.5-.5V8H0v2a2 2 0 0 0 2 2h2v-1.5ZM8 12v-1.5h2a.5.5 0 0 0 .5-.5V8H12v2a2 2 0 0 1-2 2H8Zm2-12a2 2 0 0 1 2 2v2h-1.5V2a.5.5 0 0 0-.5-.5H8V0h2Z\" \/>\n\t\t\t<\/svg>\n\t\t<\/button><\/figure>\n\n\n\n<p>La Reina Accordionna ascendi\u00f3 al Trono de Slime en agosto de 2000, convirti\u00e9ndola en la Primera Reina Babosa del Nuevo Milenio. Y no hay duda sobre esta afirmaci\u00f3n ya que su Royal Rain se extendi\u00f3 hasta bien entrado 2001 (el a\u00f1o que algunos pretenden ser el verdadero comienzo del Nuevo Milenio).<\/p>\n\n\n\n<p>La Reina Accordionna ascendi\u00f3 al Trono de Slime en agosto de 2000, convirti\u00e9ndola en la Primera Reina Babosa del Nuevo Milenio. Y no hay duda sobre esta afirmaci\u00f3n ya que su Royal Rain se expandi\u00f3 hasta bien entrado 2001 (el a\u00f1o que algunos pretenden ser el verdadero comienzo del Nuevo Milenio).<\/p>\n\n\n\n<p>\u00bfCu\u00e1l fue su talento? \u00a1M\u00fasica de acorde\u00f3n, por supuesto! Respaldada por Accordions Anonymous, la a\u00fan futura reina cant\u00f3 una parodia de SWING ON A STAR. Al final cant\u00f3 una repetici\u00f3n en estilo burlesco:<\/p>\n\n\n\n<pre class=\"wp-block-verse\">So if you want to sit on the throne, sing a song to set the right tone\nAnd if the judges throw you a bone \u2026 you might just get to live your dream \u2026\nYou might be crowned the next Slug QUEEN!!!<\/pre>\n\n\n\n<p>En ese momento, todos los miembros de la banda se arrodillaron, miraron a Accordionna y levantaron las manos hacia ella en un gesto de adoraci\u00f3n para indicar su estatura real. No hace falta decir que su estratagema funcion\u00f3 a las mil maravillas.<\/p>\n\n\n\n<p>Como todo el mundo sabe, las reinas S.L.U.G. son un grupo filantr\u00f3pico. La \u201ccausa favorita\u201d de la comunidad Queen Accordionna es el transporte y la eficiencia energ\u00e9tica. Con ese fin, ha prometido liderar la b\u00fasqueda de una Carroza Real \u201cverde\u201d para que las Reinas abran el Desfile de Celebraci\u00f3n de Eugene\u2026 verde y frondoso ser\u00eda bueno para las babosas, pero ciertamente deber\u00eda ser uno \u201cque no arroje autom\u00f3viles desagradables\u201d. echa humo en los rostros de mis adorados s\u00fabditos\u201d.<\/p>\n\n\n\n<figure class=\"wp-block-gallery has-nested-images columns-default is-cropped wp-block-gallery-1 is-layout-flex wp-block-gallery-is-layout-flex\">\n<figure class=\"wp-block-image size-large\"><a href=\"https:\/\/www.slugqueen.com\/wp-content\/uploads\/2009\/05\/n1156875251_988.jpg\"><img loading=\"lazy\" decoding=\"async\" width=\"200\" height=\"276\" data-id=\"757\" src=\"https:\/\/www.slugqueen.com\/wp-content\/uploads\/2009\/05\/n1156875251_988.jpg\" alt=\"n1156875251_988\" class=\"wp-image-757\" title=\"n1156875251_988\"\/><\/a><figcaption class=\"wp-element-caption\">Queen Accordionna<\/figcaption><\/figure>\n\n\n\n<figure class=\"wp-block-image size-large\"><a href=\"https:\/\/www.slugqueen.com\/wp-content\/uploads\/2018\/08\/IMG_3727.jpg\"><img loading=\"lazy\" decoding=\"async\" width=\"200\" height=\"300\" data-id=\"1788\" src=\"https:\/\/www.slugqueen.com\/wp-content\/uploads\/2018\/08\/IMG_3727.jpg\" alt=\"\" class=\"wp-image-1788\"\/><\/a><\/figure>\n\n\n\n<figure class=\"wp-block-image size-large\"><a href=\"https:\/\/www.slugqueen.com\/wp-content\/uploads\/2009\/05\/6928_130860519237_625054237_2313578_1457971_n-1.jpg\"><img loading=\"lazy\" decoding=\"async\" width=\"604\" height=\"453\" data-id=\"755\" src=\"https:\/\/www.slugqueen.com\/wp-content\/uploads\/2009\/05\/6928_130860519237_625054237_2313578_1457971_n-1.jpg\" alt=\"\" class=\"wp-image-755\" srcset=\"https:\/\/www.slugqueen.com\/wp-content\/uploads\/2009\/05\/6928_130860519237_625054237_2313578_1457971_n-1.jpg 604w, https:\/\/www.slugqueen.com\/wp-content\/uploads\/2009\/05\/6928_130860519237_625054237_2313578_1457971_n-1-300x225.jpg 300w\" sizes=\"auto, (max-width: 604px) 100vw, 604px\" \/><\/a><\/figure>\n<\/figure>\n\n\n\n<p>So how did Queen Accordionna ride in style with her entourage through the streets of Eugene? On nothing less than \u201cThe World\u2019s Largest Human Powered All-Terrain Vehicle\u201d! She allied herself with Dean Codo (Admiral Phunn) of Corvallis and his amazing uber vehicle aptly named \u201cThe Maltese Fulcrum\u201d. The Fulcrum is \u201cpistoned\u201d (never say \u201cpedaled\u201d because it\u2019s NOT a bike!) by 8 strong-legged humans and has a huge platform on top that can \u2013 and did \u2013 hold this Slug Queen and her entire 10 piece Royal Court \/ Accordion Band. The Fulcrum has been used by some of the subsequent Queens in the parade and it is an integral part of the Annual <a href=\"https:\/\/www.davincidays.org\/\">DaVinci Days<\/a> Kinetic Sculpture Race in Corvallis (3rd weekend of July).<\/p>\n\n\n\n<p>Ha combinado sus dos pasiones favoritas brindando apoyo musical a <a href=\"http:\/\/www.ptkineticrace.org\/\">Kinetic Sculpture Races<\/a> en Corvallis, Oregon y Port Townsend, Washington desde que conoci\u00f3 el mundo cin\u00e9tico cuando se convirti\u00f3 por primera vez en Slug Queen.<\/p>\n\n\n\n<p>La garant\u00eda de calidad promueve \u00e1vidamente el transporte adecuado, la reducci\u00f3n de la dependencia de los combustibles f\u00f3siles y la seguridad de las bicicletas. Ha viajado en bicicleta todo el a\u00f1o desde que se mud\u00f3 a Eugene en 1994 y su bicicleta es su veh\u00edculo principal. Ella anima a caminar, navegar, hacer kayak, compartir el autom\u00f3vil y utilizar autobuses y trenes siempre que sea posible. QA no tiene reparos en hacer campa\u00f1a a favor de un tren de pasajeros y de alta velocidad totalmente financiado por el gobierno lo antes posible. Como S.L.U.G. La Reina Accordionna est\u00e1 profundamente comprometida con la salud de nuestro planeta y cree firmemente que estas medidas \u201cayudar\u00e1n a limitar los efectos negativos del catastr\u00f3fico cambio clim\u00e1tico que ya estamos empezando a experimentar\u201d.<\/p>\n\n\n\n<p>Nadie jam\u00e1s acus\u00f3 a una Slug Queen de tener miedo esc\u00e9nico. Por su parte, QA coescribe, organiza e interpreta m\u00fasica para Trunkful of Faces, un grupo de t\u00edteres con sede en Eugene que crea espect\u00e1culos de t\u00edteres para ni\u00f1os de todas las edades. Tambi\u00e9n dirige su propia banda, a la que llama \u201cimpulsada por eventos\u201d en el sentido de que el nombre de la banda y el repertorio var\u00edan para adaptarse al evento, pero los m\u00fasicos suelen ser los mismos: Ken Soko (bater\u00eda), Skip Moses (saxo), Bud Chase. (tuba y bajo) y El Vid (charrango, tromb\u00f3n, voz).<\/p>\n\n\n\n<p>\u00a1Una de sus actividades musicales favoritas es Accordion-Oke! , que ella invent\u00f3. Acorde\u00f3n-\u00a1Oke! es un karaoke con m\u00fasicos en vivo y es muy popular entre el p\u00fablico de todas las edades. Acorde\u00f3n-\u00a1Oke! Puede ocurrir en cualquier lugar: fiestas privadas, escenarios de festivales o de forma espont\u00e1nea en la calle.<\/p>\n\n\n\n<p>La Reina Accordionna contin\u00faa haciendo apariciones p\u00fablicas ahora que es una Vieja Reina de las Babosas. Ha proporcionado la Royal House Band para muchas de las coronaciones de Slug Queen y ha sido maestra de ceremonias y actuado en varios eventos comunitarios seg\u00fan el tiempo lo permite. \u00bfNo te lo pierdes? Pirate Queen Accordionna y su salado grupo de m\u00fasicos. A este grupo estridente se le puede escuchar ocasionalmente tocando canciones marinas y melod\u00edas de navegaci\u00f3n tradicionales y originales, tanto en tierra como en el agua.<\/p>\n\n\n\n<p>Sitio web de la Reina Accordionna: <a href=\"http:\/\/www.accordionpower.net\/ \">AccordionPower.net<\/a><\/p>","protected":false},"excerpt":{"rendered":"<p>Supreme Sovereign of Squeeze Queen Accordionna ascended to the Slime Throne in August 2000, making her the First Slug Queen of the New Millennium. And there is no doubt about this claim since her Royal Rain spanned well into 2001 (the year which is purported to be the real start of the New Millennium by [&hellip;]<\/p>\n","protected":false},"author":1,"featured_media":0,"parent":42,"menu_order":0,"comment_status":"closed","ping_status":"closed","template":"","meta":{"footnotes":""},"class_list":["post-145","page","type-page","status-publish","hentry"],"_links":{"self":[{"href":"https:\/\/www.slugqueen.com\/es\/wp-json\/wp\/v2\/pages\/145","targetHints":{"allow":["GET"]}}],"collection":[{"href":"https:\/\/www.slugqueen.com\/es\/wp-json\/wp\/v2\/pages"}],"about":[{"href":"https:\/\/www.slugqueen.com\/es\/wp-json\/wp\/v2\/types\/page"}],"author":[{"embeddable":true,"href":"https:\/\/www.slugqueen.com\/es\/wp-json\/wp\/v2\/users\/1"}],"replies":[{"embeddable":true,"href":"https:\/\/www.slugqueen.com\/es\/wp-json\/wp\/v2\/comments?post=145"}],"version-history":[{"count":5,"href":"https:\/\/www.slugqueen.com\/es\/wp-json\/wp\/v2\/pages\/145\/revisions"}],"predecessor-version":[{"id":3736,"href":"https:\/\/www.slugqueen.com\/es\/wp-json\/wp\/v2\/pages\/145\/revisions\/3736"}],"up":[{"embeddable":true,"href":"https:\/\/www.slugqueen.com\/es\/wp-json\/wp\/v2\/pages\/42"}],"wp:attachment":[{"href":"https:\/\/www.slugqueen.com\/es\/wp-json\/wp\/v2\/media?parent=145"}],"curies":[{"name":"wp","href":"https:\/\/api.w.org\/{rel}","templated":true}]}}