{"id":150,"date":"2009-05-12T20:22:24","date_gmt":"2009-05-13T03:22:24","guid":{"rendered":"http:\/\/www.slugqueen.com\/?page_id=150"},"modified":"2023-06-25T23:34:50","modified_gmt":"2023-06-26T06:34:50","slug":"1999-queen-carmen-slugana","status":"publish","type":"page","link":"https:\/\/www.slugqueen.com\/es\/queens-of-lore\/1999-queen-carmen-slugana\/","title":{"rendered":"1999 SLUG Queen Carmen Slugana"},"content":{"rendered":"<h2 class=\"wp-block-heading\">Reina de los pl\u00e1tanos<\/h2>\n\n\n\n<figure data-wp-context=\"{&quot;imageId&quot;:&quot;69ea4658d8cf4&quot;}\" data-wp-interactive=\"core\/image\" data-wp-key=\"69ea4658d8cf4\" class=\"wp-block-image wp-lightbox-container\"><img loading=\"lazy\" decoding=\"async\" width=\"3264\" height=\"2448\" data-wp-class--hide=\"state.isContentHidden\" data-wp-class--show=\"state.isContentVisible\" data-wp-init=\"callbacks.setButtonStyles\" data-wp-on--click=\"actions.showLightbox\" data-wp-on--load=\"callbacks.setButtonStyles\" data-wp-on-window--resize=\"callbacks.setButtonStyles\" src=\"http:\/\/www.slugqueen.com\/wp-content\/uploads\/2009\/02\/IMG_9744.jpg\" alt=\"\" class=\"wp-image-1118\" srcset=\"https:\/\/www.slugqueen.com\/wp-content\/uploads\/2009\/02\/IMG_9744.jpg 3264w, https:\/\/www.slugqueen.com\/wp-content\/uploads\/2009\/02\/IMG_9744-300x225.jpg 300w, https:\/\/www.slugqueen.com\/wp-content\/uploads\/2009\/02\/IMG_9744-1024x768.jpg 1024w\" sizes=\"auto, (max-width: 3264px) 100vw, 3264px\" \/><button\n\t\t\tclass=\"lightbox-trigger\"\n\t\t\ttype=\"button\"\n\t\t\taria-haspopup=\"dialog\"\n\t\t\taria-label=\"Agrandar\"\n\t\t\tdata-wp-init=\"callbacks.initTriggerButton\"\n\t\t\tdata-wp-on--click=\"actions.showLightbox\"\n\t\t\tdata-wp-style--right=\"state.imageButtonRight\"\n\t\t\tdata-wp-style--top=\"state.imageButtonTop\"\n\t\t>\n\t\t\t<svg xmlns=\"http:\/\/www.w3.org\/2000\/svg\" width=\"12\" height=\"12\" fill=\"none\" viewbox=\"0 0 12 12\">\n\t\t\t\t<path fill=\"#fff\" d=\"M2 0a2 2 0 0 0-2 2v2h1.5V2a.5.5 0 0 1 .5-.5h2V0H2Zm2 10.5H2a.5.5 0 0 1-.5-.5V8H0v2a2 2 0 0 0 2 2h2v-1.5ZM8 12v-1.5h2a.5.5 0 0 0 .5-.5V8H12v2a2 2 0 0 1-2 2H8Zm2-12a2 2 0 0 1 2 2v2h-1.5V2a.5.5 0 0 0-.5-.5H8V0h2Z\" \/>\n\t\t\t<\/svg>\n\t\t<\/button><\/figure>\n\n\n\n<p>La reina Carmen Slugana de 1999 (estudiante de posgrado y madre de tres hijos, Laura Minnick) record\u00f3 haber caminado hacia una aparici\u00f3n real una noche vestida con toda su vestimenta: una corona de frutas sobre su cabeza, un \u201csujetador de bolas\u201d y un pareo, y zapatos altos con plataforma.<\/p>\n\n\n\n<p>Un hombre borracho sali\u00f3 a trompicones de una taberna e hizo algunas sugerencias \u201cmuy traidoras\u201d sobre cosas que deber\u00edan hacer juntos sin sus insignias.<\/p>\n\n\n\n<p>\u201cMe levant\u00e9 lo m\u00e1s alto que pude y con la voz m\u00e1s fuerte y autoritaria que pude reunir dije: \u201c\u00a1Hazte a un lado, yo soy la Reina!\u201d ella relat\u00f3. \u201cSe qued\u00f3 boquiabierto, parpade\u00f3 y dio un paso atr\u00e1s con la boca abierta\u201d.<\/p>","protected":false},"excerpt":{"rendered":"<p>Queen of bananas 1999 Queen Carmen Slugana (grad student and mother of three Laura Minnick) recalled walking to a royal appearance one night in full regalia: A crown of fruit atop her head, &#8220;dingle-ball bra&#8221; and sarong, and tall, platform shoes. A drunken man stumbled out of a tavern and made some &#8220;right treasonous&#8221; suggestions [&hellip;]<\/p>\n","protected":false},"author":1,"featured_media":0,"parent":42,"menu_order":0,"comment_status":"closed","ping_status":"closed","template":"","meta":{"footnotes":""},"class_list":["post-150","page","type-page","status-publish","hentry"],"_links":{"self":[{"href":"https:\/\/www.slugqueen.com\/es\/wp-json\/wp\/v2\/pages\/150","targetHints":{"allow":["GET"]}}],"collection":[{"href":"https:\/\/www.slugqueen.com\/es\/wp-json\/wp\/v2\/pages"}],"about":[{"href":"https:\/\/www.slugqueen.com\/es\/wp-json\/wp\/v2\/types\/page"}],"author":[{"embeddable":true,"href":"https:\/\/www.slugqueen.com\/es\/wp-json\/wp\/v2\/users\/1"}],"replies":[{"embeddable":true,"href":"https:\/\/www.slugqueen.com\/es\/wp-json\/wp\/v2\/comments?post=150"}],"version-history":[{"count":5,"href":"https:\/\/www.slugqueen.com\/es\/wp-json\/wp\/v2\/pages\/150\/revisions"}],"predecessor-version":[{"id":3237,"href":"https:\/\/www.slugqueen.com\/es\/wp-json\/wp\/v2\/pages\/150\/revisions\/3237"}],"up":[{"embeddable":true,"href":"https:\/\/www.slugqueen.com\/es\/wp-json\/wp\/v2\/pages\/42"}],"wp:attachment":[{"href":"https:\/\/www.slugqueen.com\/es\/wp-json\/wp\/v2\/media?parent=150"}],"curies":[{"name":"wp","href":"https:\/\/api.w.org\/{rel}","templated":true}]}}