{"id":152,"date":"2009-05-12T20:23:32","date_gmt":"2009-05-13T03:23:32","guid":{"rendered":"http:\/\/www.slugqueen.com\/?page_id=152"},"modified":"2025-02-06T19:07:38","modified_gmt":"2025-02-07T02:07:38","slug":"1998-queen-peterella","status":"publish","type":"page","link":"https:\/\/www.slugqueen.com\/es\/queens-of-lore\/1998-queen-peterella\/","title":{"rendered":"1998 SLUG Queen Peterella"},"content":{"rendered":"<figure data-wp-context=\"{&quot;imageId&quot;:&quot;69ea46536cf69&quot;}\" data-wp-interactive=\"core\/image\" data-wp-key=\"69ea46536cf69\" class=\"wp-block-image wp-lightbox-container\"><img loading=\"lazy\" decoding=\"async\" width=\"478\" height=\"640\" data-wp-class--hide=\"state.isContentHidden\" data-wp-class--show=\"state.isContentVisible\" data-wp-init=\"callbacks.setButtonStyles\" data-wp-on--click=\"actions.showLightbox\" data-wp-on--load=\"callbacks.setButtonStyles\" data-wp-on-window--resize=\"callbacks.setButtonStyles\" src=\"http:\/\/www.slugqueen.com\/wp-content\/uploads\/2018\/08\/IMG_3681.jpg\" alt=\"\" class=\"wp-image-1739\" srcset=\"https:\/\/www.slugqueen.com\/wp-content\/uploads\/2018\/08\/IMG_3681.jpg 478w, https:\/\/www.slugqueen.com\/wp-content\/uploads\/2018\/08\/IMG_3681-224x300.jpg 224w\" sizes=\"auto, (max-width: 478px) 100vw, 478px\" \/><button\n\t\t\tclass=\"lightbox-trigger\"\n\t\t\ttype=\"button\"\n\t\t\taria-haspopup=\"dialog\"\n\t\t\taria-label=\"Agrandar\"\n\t\t\tdata-wp-init=\"callbacks.initTriggerButton\"\n\t\t\tdata-wp-on--click=\"actions.showLightbox\"\n\t\t\tdata-wp-style--right=\"state.imageButtonRight\"\n\t\t\tdata-wp-style--top=\"state.imageButtonTop\"\n\t\t>\n\t\t\t<svg xmlns=\"http:\/\/www.w3.org\/2000\/svg\" width=\"12\" height=\"12\" fill=\"none\" viewbox=\"0 0 12 12\">\n\t\t\t\t<path fill=\"#fff\" d=\"M2 0a2 2 0 0 0-2 2v2h1.5V2a.5.5 0 0 1 .5-.5h2V0H2Zm2 10.5H2a.5.5 0 0 1-.5-.5V8H0v2a2 2 0 0 0 2 2h2v-1.5ZM8 12v-1.5h2a.5.5 0 0 0 .5-.5V8H12v2a2 2 0 0 1-2 2H8Zm2-12a2 2 0 0 1 2 2v2h-1.5V2a.5.5 0 0 0-.5-.5H8V0h2Z\" \/>\n\t\t\t<\/svg>\n\t\t<\/button><\/figure>\n\n\n\n<p>En 1998, Pete Theophanes subi\u00f3 al escenario y sincroniz\u00f3 los labios con \"Girls Just Wanna Have Fun\" de Cyndi Lauper.<\/p>\n\n\n\n<p>Pete gan\u00f3 y fue coronada \"Reina Peterella\" gracias a su respuesta a un rid\u00edculo problema matem\u00e1tico. Su ingenio se manifest\u00f3 alto y claro, a pesar de que se comunica mirando las letras en una pizarra debido a su par\u00e1lisis cerebral. La reina Peterella tiene un s\u00e9quito considerable y atribuye su victoria a ser \"ingeniosa, bonita e inteligente\".<\/p>\n\n\n\n<figure class=\"wp-block-image size-large\"><a href=\"https:\/\/www.slugqueen.com\/wp-content\/uploads\/2018\/07\/Slug-Slider-2b.png\"><img loading=\"lazy\" decoding=\"async\" width=\"1024\" height=\"394\" src=\"https:\/\/www.slugqueen.com\/wp-content\/uploads\/2018\/07\/Slug-Slider-2b-1024x394.png\" alt=\"\" class=\"wp-image-1475\" srcset=\"https:\/\/www.slugqueen.com\/wp-content\/uploads\/2018\/07\/Slug-Slider-2b-1024x394.png 1024w, https:\/\/www.slugqueen.com\/wp-content\/uploads\/2018\/07\/Slug-Slider-2b-300x115.png 300w, https:\/\/www.slugqueen.com\/wp-content\/uploads\/2018\/07\/Slug-Slider-2b-768x295.png 768w, https:\/\/www.slugqueen.com\/wp-content\/uploads\/2018\/07\/Slug-Slider-2b.png 1170w\" sizes=\"auto, (max-width: 1024px) 100vw, 1024px\" \/><\/a><\/figure>\n\n\n\n<p>La reina Peterella es una babosa a la que le encanta la arcilla. Trabaja como alfarero con <a href=\"http:\/\/www.alternativeworkconcepts.org\/\">Alternative Work Concepts<\/a> con piezas vendidas y exhibidas en la White Lotus Gallery y el <a href=\"http:\/\/www.eugenesaturdaymarket.org\/ \">Eugene Saturday Market<\/a>.<\/p>","protected":false},"excerpt":{"rendered":"<p>Back in 1998 Pete Theophanes got on stage and lip synched Cyndi Lauper&#8217;s &#8220;Girls Just Wanna Have Fun.&#8221; Pete won and was crowned \u201cQueen Peterella\u201d on the strength of his answer to a ridiculous math problem. His wit came through loud and clear, even though he communicates by casting his eyes toward letters on a [&hellip;]<\/p>\n","protected":false},"author":1,"featured_media":0,"parent":42,"menu_order":0,"comment_status":"closed","ping_status":"closed","template":"","meta":{"footnotes":""},"class_list":["post-152","page","type-page","status-publish","hentry"],"_links":{"self":[{"href":"https:\/\/www.slugqueen.com\/es\/wp-json\/wp\/v2\/pages\/152","targetHints":{"allow":["GET"]}}],"collection":[{"href":"https:\/\/www.slugqueen.com\/es\/wp-json\/wp\/v2\/pages"}],"about":[{"href":"https:\/\/www.slugqueen.com\/es\/wp-json\/wp\/v2\/types\/page"}],"author":[{"embeddable":true,"href":"https:\/\/www.slugqueen.com\/es\/wp-json\/wp\/v2\/users\/1"}],"replies":[{"embeddable":true,"href":"https:\/\/www.slugqueen.com\/es\/wp-json\/wp\/v2\/comments?post=152"}],"version-history":[{"count":5,"href":"https:\/\/www.slugqueen.com\/es\/wp-json\/wp\/v2\/pages\/152\/revisions"}],"predecessor-version":[{"id":3712,"href":"https:\/\/www.slugqueen.com\/es\/wp-json\/wp\/v2\/pages\/152\/revisions\/3712"}],"up":[{"embeddable":true,"href":"https:\/\/www.slugqueen.com\/es\/wp-json\/wp\/v2\/pages\/42"}],"wp:attachment":[{"href":"https:\/\/www.slugqueen.com\/es\/wp-json\/wp\/v2\/media?parent=152"}],"curies":[{"name":"wp","href":"https:\/\/api.w.org\/{rel}","templated":true}]}}