{"id":154,"date":"2009-05-12T20:24:27","date_gmt":"2009-05-13T03:24:27","guid":{"rendered":"http:\/\/www.slugqueen.com\/?page_id=154"},"modified":"2023-09-22T06:19:39","modified_gmt":"2023-09-22T13:19:39","slug":"1997-queen-bagonda","status":"publish","type":"page","link":"https:\/\/www.slugqueen.com\/es\/queens-of-lore\/1997-queen-bagonda\/","title":{"rendered":"1997 SLUG Queen Bagonda"},"content":{"rendered":"<figure data-wp-context=\"{&quot;imageId&quot;:&quot;69ea3ff83dd62&quot;}\" data-wp-interactive=\"core\/image\" data-wp-key=\"69ea3ff83dd62\" class=\"wp-block-image wp-lightbox-container\"><img loading=\"lazy\" decoding=\"async\" width=\"584\" height=\"780\" data-wp-class--hide=\"state.isContentHidden\" data-wp-class--show=\"state.isContentVisible\" data-wp-init=\"callbacks.setButtonStyles\" data-wp-on--click=\"actions.showLightbox\" data-wp-on--load=\"callbacks.setButtonStyles\" data-wp-on-window--resize=\"callbacks.setButtonStyles\" src=\"http:\/\/www.slugqueen.com\/wp-content\/uploads\/2018\/08\/IMG_3719.jpg\" alt=\"\" class=\"wp-image-1780\" srcset=\"https:\/\/www.slugqueen.com\/wp-content\/uploads\/2018\/08\/IMG_3719.jpg 584w, https:\/\/www.slugqueen.com\/wp-content\/uploads\/2018\/08\/IMG_3719-225x300.jpg 225w\" sizes=\"auto, (max-width: 584px) 100vw, 584px\" \/><button\n\t\t\tclass=\"lightbox-trigger\"\n\t\t\ttype=\"button\"\n\t\t\taria-haspopup=\"dialog\"\n\t\t\taria-label=\"Agrandar\"\n\t\t\tdata-wp-init=\"callbacks.initTriggerButton\"\n\t\t\tdata-wp-on--click=\"actions.showLightbox\"\n\t\t\tdata-wp-style--right=\"state.imageButtonRight\"\n\t\t\tdata-wp-style--top=\"state.imageButtonTop\"\n\t\t>\n\t\t\t<svg xmlns=\"http:\/\/www.w3.org\/2000\/svg\" width=\"12\" height=\"12\" fill=\"none\" viewbox=\"0 0 12 12\">\n\t\t\t\t<path fill=\"#fff\" d=\"M2 0a2 2 0 0 0-2 2v2h1.5V2a.5.5 0 0 1 .5-.5h2V0H2Zm2 10.5H2a.5.5 0 0 1-.5-.5V8H0v2a2 2 0 0 0 2 2h2v-1.5ZM8 12v-1.5h2a.5.5 0 0 0 .5-.5V8H12v2a2 2 0 0 1-2 2H8Zm2-12a2 2 0 0 1 2 2v2h-1.5V2a.5.5 0 0 0-.5-.5H8V0h2Z\" \/>\n\t\t\t<\/svg>\n\t\t<\/button><\/figure>\n\n\n\n<p>Algunos ganaron el trono en su primer intento, pero otros han competido hasta tres veces antes de lograr la victoria, entre ellos, la difunta reina Bagonda.<\/p>\n\n\n\n<p>Siempre glamorosa como Reina SLUG y posiblemente la drag queen m\u00e1s famosa de Eugene, a la Reina Bagonda se le pregunt\u00f3 qu\u00e9 respaldar\u00eda si se convirtiera en Reina SLUG. \"Yo respaldar\u00eda el glamour, por supuesto, porque soy la cosa m\u00e1s glamorosa que conozco\", dijo. Gan\u00f3 la corona por el glamour que rezumaba desde su feroz vestido con cinta adhesiva.<\/p>\n\n\n\n<p>La reina Bagonda record\u00f3 una inesperada muestra de admiraci\u00f3n por su fabuloso vestido: durante la celebraci\u00f3n, una madre levant\u00f3 a su beb\u00e9 para verlo mejor y dijo: \u201cLe encantan las Drag Queens. <em>To Wong Foo, Thanks for Everything<\/em> es su pel\u00edcula favorita!<\/p>\n\n\n\n<p>\u00bfSu consejo para las aspirantes a reinas? \"Sacar todas las paradas. Pasa por encima. Si crees que algo es demasiado escandaloso, probablemente deber\u00edas hacerlo para la competencia\u201d, dijo. \"La gloria nunca termina cuando eres una Reina SLUG\".<\/p>\n\n\n\n<p>La reina Bagonda era verdaderamente querida y la extra\u00f1amos much\u00edsimo.<\/p>","protected":false},"excerpt":{"rendered":"<p>Some have won the throne on their first attempt, but others have competed as many as three times before achieving victory&#8211;among them, the late Queen Bagonda. Ever glamorous as a SLUG Queen and arguably Eugene&#8217;s most famous drag queen, Queen Bagonda was asked what she would endorse if she became SLUG Queen. &#8220;I would endorse [&hellip;]<\/p>\n","protected":false},"author":1,"featured_media":0,"parent":42,"menu_order":0,"comment_status":"closed","ping_status":"closed","template":"","meta":{"footnotes":""},"class_list":["post-154","page","type-page","status-publish","hentry"],"_links":{"self":[{"href":"https:\/\/www.slugqueen.com\/es\/wp-json\/wp\/v2\/pages\/154","targetHints":{"allow":["GET"]}}],"collection":[{"href":"https:\/\/www.slugqueen.com\/es\/wp-json\/wp\/v2\/pages"}],"about":[{"href":"https:\/\/www.slugqueen.com\/es\/wp-json\/wp\/v2\/types\/page"}],"author":[{"embeddable":true,"href":"https:\/\/www.slugqueen.com\/es\/wp-json\/wp\/v2\/users\/1"}],"replies":[{"embeddable":true,"href":"https:\/\/www.slugqueen.com\/es\/wp-json\/wp\/v2\/comments?post=154"}],"version-history":[{"count":5,"href":"https:\/\/www.slugqueen.com\/es\/wp-json\/wp\/v2\/pages\/154\/revisions"}],"predecessor-version":[{"id":3462,"href":"https:\/\/www.slugqueen.com\/es\/wp-json\/wp\/v2\/pages\/154\/revisions\/3462"}],"up":[{"embeddable":true,"href":"https:\/\/www.slugqueen.com\/es\/wp-json\/wp\/v2\/pages\/42"}],"wp:attachment":[{"href":"https:\/\/www.slugqueen.com\/es\/wp-json\/wp\/v2\/media?parent=154"}],"curies":[{"name":"wp","href":"https:\/\/api.w.org\/{rel}","templated":true}]}}