{"id":160,"date":"2009-05-12T20:27:54","date_gmt":"2009-05-13T03:27:54","guid":{"rendered":"http:\/\/www.slugqueen.com\/?page_id=160"},"modified":"2024-07-30T09:07:56","modified_gmt":"2024-07-30T16:07:56","slug":"1994-queen-marionberry-slugan","status":"publish","type":"page","link":"https:\/\/www.slugqueen.com\/es\/queens-of-lore\/1994-queen-marionberry-slugan\/","title":{"rendered":"1994 SLUG Queen Marionberry Slugan"},"content":{"rendered":"<p>No todos los S.L.U.G. Las reinas dejan un rastro bien viscoso.<\/p>\n\n\n\n<figure class=\"wp-block-image size-full\"><a href=\"https:\/\/www.slugqueen.com\/wp-content\/uploads\/2024\/07\/Marionberry-Slugan.jpg\"><img decoding=\"async\" src=\"https:\/\/www.slugqueen.com\/wp-content\/uploads\/2024\/07\/Marionberry-Slugan.jpg\" alt=\"\" class=\"wp-image-3548\"\/><\/a><\/figure>\n\n\n\n<p>Poco se sabe sobre la misteriosa Reina Marionberry Slugan (tambi\u00e9n conocida como Tony Stanfill), excepto que a los 21 a\u00f1os fue la babosa m\u00e1s joven en ganar el t\u00edtulo. Tambi\u00e9n fue el tercer hombre, de 5, en convertirse en reina... y luego desapareci\u00f3 en un rastro de sustancia pegajosa.<\/p>","protected":false},"excerpt":{"rendered":"<p>Not all S.L.U.G. Queens leave a well slimed trail. Little is known about the mysterious Queen Marionberry Slugan, (a.k.a. Tony Stanfill), except that at 21 years old he was the youngest slug to ever win the title. He was also the third man, out of 5 to make queen&#8230;and then he vanished in a trail [&hellip;]<\/p>\n","protected":false},"author":1,"featured_media":0,"parent":42,"menu_order":0,"comment_status":"closed","ping_status":"closed","template":"","meta":{"footnotes":""},"class_list":["post-160","page","type-page","status-publish","hentry"],"_links":{"self":[{"href":"https:\/\/www.slugqueen.com\/es\/wp-json\/wp\/v2\/pages\/160","targetHints":{"allow":["GET"]}}],"collection":[{"href":"https:\/\/www.slugqueen.com\/es\/wp-json\/wp\/v2\/pages"}],"about":[{"href":"https:\/\/www.slugqueen.com\/es\/wp-json\/wp\/v2\/types\/page"}],"author":[{"embeddable":true,"href":"https:\/\/www.slugqueen.com\/es\/wp-json\/wp\/v2\/users\/1"}],"replies":[{"embeddable":true,"href":"https:\/\/www.slugqueen.com\/es\/wp-json\/wp\/v2\/comments?post=160"}],"version-history":[{"count":5,"href":"https:\/\/www.slugqueen.com\/es\/wp-json\/wp\/v2\/pages\/160\/revisions"}],"predecessor-version":[{"id":3549,"href":"https:\/\/www.slugqueen.com\/es\/wp-json\/wp\/v2\/pages\/160\/revisions\/3549"}],"up":[{"embeddable":true,"href":"https:\/\/www.slugqueen.com\/es\/wp-json\/wp\/v2\/pages\/42"}],"wp:attachment":[{"href":"https:\/\/www.slugqueen.com\/es\/wp-json\/wp\/v2\/media?parent=160"}],"curies":[{"name":"wp","href":"https:\/\/api.w.org\/{rel}","templated":true}]}}