{"id":162,"date":"2009-05-12T20:29:06","date_gmt":"2009-05-13T03:29:06","guid":{"rendered":"http:\/\/www.slugqueen.com\/?page_id=162"},"modified":"2025-02-06T19:20:51","modified_gmt":"2025-02-07T02:20:51","slug":"1993-queen-bananita-sluginsky","status":"publish","type":"page","link":"https:\/\/www.slugqueen.com\/es\/queens-of-lore\/1993-queen-bananita-sluginsky\/","title":{"rendered":"1993 SLUG Queen Bananita Sluginsky"},"content":{"rendered":"<h2 class=\"wp-block-heading\"><strong>El extraordinario MC ruso<\/strong><\/h2>\n\n\n\n<p>La encantadora e ingeniosa reina muy anciana Bananita Sluginsky, Sarah Ulerick, es la primera reina S.L.U.G ruso-occidental-estadounidense. En su tiempo libre, es Decana de Ciencias en Lane Community College (sin su acento ruso) y una eterna favorita como maestra de ceremonias de las coronaciones anuales de la Reina.<\/p>\n\n\n\n<p>\u201cBeing S.L.U.G. Queen is a gig that keeps on giving\u201d, Queen Bananita said.<\/p>\n\n\n\n<p>\u201cMis momentos m\u00e1s destacados personales han sido llevar mi n\u00famero de Slug Queen a las reuniones 25 y 35 de mi promoci\u00f3n Harvard-Radcliffe de 1973\u201d. En la reuni\u00f3n n\u00famero 25, actu\u00f3 con su amigo y compa\u00f1ero de clase Al Franken (famoso por Saturday Night Live) bailando un \u201cRiverdance\u201d de seis minutos mientras \u201ccantaba frases ingeniosas con acento ruso\u201d. Al no bail\u00f3. En la 35\u00aa reuni\u00f3n en 2008, se rob\u00f3 el show, como maestra de ceremonias. Cautiv\u00f3 a los alumnos y c\u00f3nyuges de Harvard con su gracia, ingenio, canto y baile. Como a ella le gusta cantar, \u201cA little more me, a little less you\u201d.<\/p>\n\n\n\n<p>La reina Bananita es un excelente ejemplo de la hiper (y subestimada) inteligencia de los gaster\u00f3podos. Obtuvo un doctorado en Educaci\u00f3n Cient\u00edfica mientras estaba en Texas, donde encontr\u00f3 que era extraordinariamente atractivo para las babosas.<\/p>\n\n\n\n<p>A los aspirantes a gaster\u00f3podos, la Reina Bananita les recuerda a los aspirantes que al seleccionar una nueva Reina, las Antiguas Reinas consideran \u201csi podremos vivir con esta persona durante mucho tiempo\u201d. Tienen que estar dispuestos a aportar energ\u00eda a Queendom y a la comunidad en los a\u00f1os venideros\u201d.<\/p>\n\n\n\n<p>Su nuevo lema es \u201cTantas reinas, tan poco escenario\u201d.<\/p>\n\n\n\n<figure class=\"wp-block-gallery has-nested-images columns-default is-cropped wp-block-gallery-1 is-layout-flex wp-block-gallery-is-layout-flex\">\n<figure data-wp-context=\"{&quot;imageId&quot;:&quot;69ea2fadeaddf&quot;}\" data-wp-interactive=\"core\/image\" data-wp-key=\"69ea2fadeaddf\" class=\"wp-block-image wp-lightbox-container\"><img loading=\"lazy\" decoding=\"async\" width=\"400\" height=\"602\" data-wp-class--hide=\"state.isContentHidden\" data-wp-class--show=\"state.isContentVisible\" data-wp-init=\"callbacks.setButtonStyles\" data-wp-on--click=\"actions.showLightbox\" data-wp-on--load=\"callbacks.setButtonStyles\" data-wp-on-window--resize=\"callbacks.setButtonStyles\" data-id=\"1555\" src=\"http:\/\/www.slugqueen.com\/wp-content\/uploads\/2018\/08\/sluginsky.jpg\" alt=\"\" class=\"wp-image-1555\" srcset=\"https:\/\/www.slugqueen.com\/wp-content\/uploads\/2018\/08\/sluginsky.jpg 400w, https:\/\/www.slugqueen.com\/wp-content\/uploads\/2018\/08\/sluginsky-199x300.jpg 199w\" sizes=\"auto, (max-width: 400px) 100vw, 400px\" \/><button\n\t\t\tclass=\"lightbox-trigger\"\n\t\t\ttype=\"button\"\n\t\t\taria-haspopup=\"dialog\"\n\t\t\taria-label=\"Agrandar\"\n\t\t\tdata-wp-init=\"callbacks.initTriggerButton\"\n\t\t\tdata-wp-on--click=\"actions.showLightbox\"\n\t\t\tdata-wp-style--right=\"state.imageButtonRight\"\n\t\t\tdata-wp-style--top=\"state.imageButtonTop\"\n\t\t>\n\t\t\t<svg xmlns=\"http:\/\/www.w3.org\/2000\/svg\" width=\"12\" height=\"12\" fill=\"none\" viewbox=\"0 0 12 12\">\n\t\t\t\t<path fill=\"#fff\" d=\"M2 0a2 2 0 0 0-2 2v2h1.5V2a.5.5 0 0 1 .5-.5h2V0H2Zm2 10.5H2a.5.5 0 0 1-.5-.5V8H0v2a2 2 0 0 0 2 2h2v-1.5ZM8 12v-1.5h2a.5.5 0 0 0 .5-.5V8H12v2a2 2 0 0 1-2 2H8Zm2-12a2 2 0 0 1 2 2v2h-1.5V2a.5.5 0 0 0-.5-.5H8V0h2Z\" \/>\n\t\t\t<\/svg>\n\t\t<\/button><\/figure>\n\n\n\n<figure class=\"wp-block-image size-large\"><a href=\"https:\/\/www.slugqueen.com\/wp-content\/uploads\/2009\/05\/2q1p9147.jpeg\"><img loading=\"lazy\" decoding=\"async\" width=\"427\" height=\"640\" data-id=\"852\" src=\"https:\/\/www.slugqueen.com\/wp-content\/uploads\/2009\/05\/2q1p9147.jpeg\" alt=\"2q1p9147\" class=\"wp-image-852\" title=\"2q1p9147\" srcset=\"https:\/\/www.slugqueen.com\/wp-content\/uploads\/2009\/05\/2q1p9147.jpeg 427w, https:\/\/www.slugqueen.com\/wp-content\/uploads\/2009\/05\/2q1p9147-200x300.jpg 200w\" sizes=\"auto, (max-width: 427px) 100vw, 427px\" \/><\/a><\/figure>\n\n\n\n<figure class=\"wp-block-image size-large\"><a href=\"https:\/\/www.slugqueen.com\/wp-content\/uploads\/2018\/08\/38939096_10216465988700564_2233783963476819968_n.jpg\"><img loading=\"lazy\" decoding=\"async\" width=\"960\" height=\"720\" data-id=\"2011\" src=\"https:\/\/www.slugqueen.com\/wp-content\/uploads\/2018\/08\/38939096_10216465988700564_2233783963476819968_n.jpg\" alt=\"\" class=\"wp-image-2011\" srcset=\"https:\/\/www.slugqueen.com\/wp-content\/uploads\/2018\/08\/38939096_10216465988700564_2233783963476819968_n.jpg 960w, https:\/\/www.slugqueen.com\/wp-content\/uploads\/2018\/08\/38939096_10216465988700564_2233783963476819968_n-300x225.jpg 300w, https:\/\/www.slugqueen.com\/wp-content\/uploads\/2018\/08\/38939096_10216465988700564_2233783963476819968_n-768x576.jpg 768w\" sizes=\"auto, (max-width: 960px) 100vw, 960px\" \/><\/a><\/figure>\n<\/figure>","protected":false},"excerpt":{"rendered":"<p>The Extraordinary Russian MC The charming and quick-witted Very Old Queen Bananita Sluginsky, Sarah Ulerick, is the first Russian-Western-American S.L.U.G. Queen. In her spare time, she is Dean of Science at Lane Community College (sans her Russian accent) and a perennial favorite as emcee for the Queen\u2019s annual coronations. \u201cBeing S.L.U.G. Queen is a gig [&hellip;]<\/p>\n","protected":false},"author":1,"featured_media":0,"parent":42,"menu_order":0,"comment_status":"closed","ping_status":"closed","template":"","meta":{"footnotes":""},"class_list":["post-162","page","type-page","status-publish","hentry"],"_links":{"self":[{"href":"https:\/\/www.slugqueen.com\/es\/wp-json\/wp\/v2\/pages\/162","targetHints":{"allow":["GET"]}}],"collection":[{"href":"https:\/\/www.slugqueen.com\/es\/wp-json\/wp\/v2\/pages"}],"about":[{"href":"https:\/\/www.slugqueen.com\/es\/wp-json\/wp\/v2\/types\/page"}],"author":[{"embeddable":true,"href":"https:\/\/www.slugqueen.com\/es\/wp-json\/wp\/v2\/users\/1"}],"replies":[{"embeddable":true,"href":"https:\/\/www.slugqueen.com\/es\/wp-json\/wp\/v2\/comments?post=162"}],"version-history":[{"count":5,"href":"https:\/\/www.slugqueen.com\/es\/wp-json\/wp\/v2\/pages\/162\/revisions"}],"predecessor-version":[{"id":3722,"href":"https:\/\/www.slugqueen.com\/es\/wp-json\/wp\/v2\/pages\/162\/revisions\/3722"}],"up":[{"embeddable":true,"href":"https:\/\/www.slugqueen.com\/es\/wp-json\/wp\/v2\/pages\/42"}],"wp:attachment":[{"href":"https:\/\/www.slugqueen.com\/es\/wp-json\/wp\/v2\/media?parent=162"}],"curies":[{"name":"wp","href":"https:\/\/api.w.org\/{rel}","templated":true}]}}