{"id":166,"date":"2009-05-12T20:33:26","date_gmt":"2009-05-13T03:33:26","guid":{"rendered":"http:\/\/www.slugqueen.com\/?page_id=166"},"modified":"2023-09-22T07:01:28","modified_gmt":"2023-09-22T14:01:28","slug":"1992-queen-zinnia","status":"publish","type":"page","link":"https:\/\/www.slugqueen.com\/es\/queens-of-lore\/1992-queen-zinnia\/","title":{"rendered":"1992 SLUG Queen Zinnia"},"content":{"rendered":"<h2 class=\"wp-block-heading\">Reina de la visi\u00f3n<\/h2>\n\n\n\n<p>1992 La reina Zinnia, la paisajista Liz Deck, demostr\u00f3 un programa de recuperaci\u00f3n de 12 pasos para tronos empa\u00f1ados limpiando una taza de inodoro de color verde oliva para su talento. Sin embargo, sus talentos se extienden m\u00e1s all\u00e1 de ordenar el inodoro: se convierte en profesora de costura y acolchado (era propietaria de Sew Happy Studio y ense\u00f1\u00f3 a ni\u00f1os y adultos durante 14 a\u00f1os) y talentosa consultora de dise\u00f1o de paisajes. El negocio de consultor\u00eda paisaj\u00edstica de Queen Zinnia ofrece una amplia variedad de servicios profesionales de dise\u00f1o de jardines. Su trabajo de dise\u00f1o es muy respetado y ha aparecido en publicaciones y revistas sobre jardiner\u00eda.<\/p>\n\n\n\n<p>Liz Deck ha cultivado su experiencia en dise\u00f1o de plantas y paisajes durante m\u00e1s de 30 a\u00f1os. Tiene una licenciatura y una maestr\u00eda en Arquitectura Paisajista de la Universidad de Oregon.<\/p>\n\n\n\n<p>La reina Zinnia tiene sus propios consejos viscosos para lograr el reinado:<\/p>\n\n\n\n<ul class=\"wp-block-list\">\n<li>Sea generoso con los sobornos<\/li>\n\n\n\n<li>Est\u00e9 completamente comprometido con la compasi\u00f3n incomparable de la realeza imponente.<\/li>\n\n\n\n<li>Desarrolla la determinaci\u00f3n para mostrar tu destino deseado.<\/li>\n\n\n\n<li>Tener energ\u00eda sin fin para ser exuberantemente encantadora.<\/li>\n\n\n\n<li>Utilice un manejo exitoso de la baba<\/li>\n\n\n\n<li>S\u00e9 una fulana llamativa y con fortaleza.<\/li>\n\n\n\n<li>Tenga un equipo de soporte dedicado. Ninguna aspirante a reina puede lograrlo sola.<\/li>\n\n\n\n<li>Debe encantar deslizarse bajo la luz del limo.<\/li>\n\n\n\n<li>Encuentra un peluquero al que le gusten las reinas y los donuts pegajosos.<\/li>\n\n\n\n<li>Conoce gente en lugares bajos y recuerda esos sobornos.<\/li>\n\n\n\n<li>Ser capaz de agacharse y deslizarse con la diversidad.<\/li>\n<\/ul>\n\n\n\n<p>La Reina Zinnia tambi\u00e9n recomienda tener un equipo de apoyo dedicado: ninguna aspirante a reina puede hacerlo sola. \u00a1Me encanta Slimelight y conozco gente en lugares bajos!<\/p>\n\n\n\n<figure class=\"wp-block-gallery has-nested-images columns-default is-cropped wp-block-gallery-1 is-layout-flex wp-block-gallery-is-layout-flex\">\n<figure class=\"wp-block-image size-medium\"><a href=\"https:\/\/www.slugqueen.com\/wp-content\/uploads\/2009\/05\/img_0980.jpg\"><img loading=\"lazy\" decoding=\"async\" width=\"225\" height=\"300\" data-id=\"1055\" src=\"https:\/\/www.slugqueen.com\/wp-content\/uploads\/2009\/05\/img_0980-225x300.jpg\" alt=\"Queen Zinnia\" class=\"wp-image-1055\" srcset=\"https:\/\/www.slugqueen.com\/wp-content\/uploads\/2009\/05\/img_0980-225x300.jpg 225w, https:\/\/www.slugqueen.com\/wp-content\/uploads\/2009\/05\/img_0980-768x1024.jpg 768w\" sizes=\"auto, (max-width: 225px) 100vw, 225px\" \/><\/a><figcaption class=\"wp-element-caption\">Queen Zinnia<\/figcaption><\/figure>\n\n\n\n<figure class=\"wp-block-image size-full\"><a href=\"https:\/\/www.slugqueen.com\/wp-content\/uploads\/2018\/08\/287418_10150280457654633_6291210_o.jpg\"><img loading=\"lazy\" decoding=\"async\" width=\"1227\" height=\"849\" data-id=\"1981\" src=\"https:\/\/www.slugqueen.com\/wp-content\/uploads\/2018\/08\/287418_10150280457654633_6291210_o.jpg\" alt=\"\" class=\"wp-image-1981\" srcset=\"https:\/\/www.slugqueen.com\/wp-content\/uploads\/2018\/08\/287418_10150280457654633_6291210_o.jpg 1227w, https:\/\/www.slugqueen.com\/wp-content\/uploads\/2018\/08\/287418_10150280457654633_6291210_o-300x208.jpg 300w, https:\/\/www.slugqueen.com\/wp-content\/uploads\/2018\/08\/287418_10150280457654633_6291210_o-768x531.jpg 768w, https:\/\/www.slugqueen.com\/wp-content\/uploads\/2018\/08\/287418_10150280457654633_6291210_o-1024x709.jpg 1024w\" sizes=\"auto, (max-width: 1227px) 100vw, 1227px\" \/><\/a><\/figure>\n\n\n\n<figure class=\"wp-block-image size-full\"><a href=\"https:\/\/www.slugqueen.com\/wp-content\/uploads\/2018\/08\/Queen-Zinnia-1992.jpg\"><img loading=\"lazy\" decoding=\"async\" width=\"129\" height=\"174\" data-id=\"2015\" src=\"https:\/\/www.slugqueen.com\/wp-content\/uploads\/2018\/08\/Queen-Zinnia-1992.jpg\" alt=\"\" class=\"wp-image-2015\"\/><\/a><\/figure>\n<\/figure>","protected":false},"excerpt":{"rendered":"<p>Queen of Vision 1992 Queen Zinnia, Landscape designer Liz Deck, demonstrated a 12-step recovery program for tarnished thrones by cleaning an olive green toilet bowl for her talent. However her talents extend beyond commode tidying&#8212; to sewing and quilting teacher (she owned Sew Happy Studio teaching children and grown ups for 14 years) and talented [&hellip;]<\/p>\n","protected":false},"author":1,"featured_media":0,"parent":42,"menu_order":0,"comment_status":"closed","ping_status":"closed","template":"","meta":{"footnotes":""},"class_list":["post-166","page","type-page","status-publish","hentry"],"_links":{"self":[{"href":"https:\/\/www.slugqueen.com\/es\/wp-json\/wp\/v2\/pages\/166","targetHints":{"allow":["GET"]}}],"collection":[{"href":"https:\/\/www.slugqueen.com\/es\/wp-json\/wp\/v2\/pages"}],"about":[{"href":"https:\/\/www.slugqueen.com\/es\/wp-json\/wp\/v2\/types\/page"}],"author":[{"embeddable":true,"href":"https:\/\/www.slugqueen.com\/es\/wp-json\/wp\/v2\/users\/1"}],"replies":[{"embeddable":true,"href":"https:\/\/www.slugqueen.com\/es\/wp-json\/wp\/v2\/comments?post=166"}],"version-history":[{"count":5,"href":"https:\/\/www.slugqueen.com\/es\/wp-json\/wp\/v2\/pages\/166\/revisions"}],"predecessor-version":[{"id":3463,"href":"https:\/\/www.slugqueen.com\/es\/wp-json\/wp\/v2\/pages\/166\/revisions\/3463"}],"up":[{"embeddable":true,"href":"https:\/\/www.slugqueen.com\/es\/wp-json\/wp\/v2\/pages\/42"}],"wp:attachment":[{"href":"https:\/\/www.slugqueen.com\/es\/wp-json\/wp\/v2\/media?parent=166"}],"curies":[{"name":"wp","href":"https:\/\/api.w.org\/{rel}","templated":true}]}}