{"id":172,"date":"2009-05-12T20:37:21","date_gmt":"2009-05-13T03:37:21","guid":{"rendered":"http:\/\/www.slugqueen.com\/?page_id=172"},"modified":"2023-06-25T23:57:51","modified_gmt":"2023-06-26T06:57:51","slug":"1989-queen-slimelda","status":"publish","type":"page","link":"https:\/\/www.slugqueen.com\/es\/queens-of-lore\/1989-queen-slimelda\/","title":{"rendered":"1989 SLUG Queen Slimelda"},"content":{"rendered":"<h2 class=\"wp-block-heading\">doble reina<\/h2>\n\n\n\n<p>1989 fue un a\u00f1o dif\u00edcil para Slug Queen. Ese a\u00f1o hubo cuatro candidatos destacados, todos muy dignos de slug. Pero cuando Karen \"Slimelda\" Myers, respaldada por dos clones de Groucho Marx (el Family Slime) sorprendi\u00f3 a la sala del Kerns Art Center con su versi\u00f3n \"rockapella\" de \"I Want To Slime Ya Baby\", la multitud se volvi\u00f3 loca. Antes de que terminara la noche, coronamos a nuestra Reina Slimelda.<\/p>\n\n\n\n<p>Resulta que la Reina Slimelda era \"Miss Run of the Millrace\" antes de obtener el estatus de SLUG Queen, pero dijo: \"este a\u00f1o he alcanzado el cenit de la realeza: Slugdom\".<\/p>\n\n\n\n<p>Se ha observado que Eugene City Brewery patrocin\u00f3 la coronaci\u00f3n de 1989, pero el concursante y Old Queens se mantuvieron alejados de toda cerveza.<\/p>","protected":false},"excerpt":{"rendered":"<p>Double queen 1989 was a tough year to run for Slug Queen. There were 4 outstanding candidates that year\u2014all very slugworthy. But when Karen \u201dSlimelda\u201d Myers, backed by two Groucho Marx clones (the Family Slime) stunned the hall at the Kerns Art Center with her \u201crockapella\u201d version of \u201cI Want To Slime Ya Baby\u201d, the [&hellip;]<\/p>\n","protected":false},"author":1,"featured_media":0,"parent":42,"menu_order":0,"comment_status":"closed","ping_status":"closed","template":"","meta":{"footnotes":""},"class_list":["post-172","page","type-page","status-publish","hentry"],"_links":{"self":[{"href":"https:\/\/www.slugqueen.com\/es\/wp-json\/wp\/v2\/pages\/172","targetHints":{"allow":["GET"]}}],"collection":[{"href":"https:\/\/www.slugqueen.com\/es\/wp-json\/wp\/v2\/pages"}],"about":[{"href":"https:\/\/www.slugqueen.com\/es\/wp-json\/wp\/v2\/types\/page"}],"author":[{"embeddable":true,"href":"https:\/\/www.slugqueen.com\/es\/wp-json\/wp\/v2\/users\/1"}],"replies":[{"embeddable":true,"href":"https:\/\/www.slugqueen.com\/es\/wp-json\/wp\/v2\/comments?post=172"}],"version-history":[{"count":5,"href":"https:\/\/www.slugqueen.com\/es\/wp-json\/wp\/v2\/pages\/172\/revisions"}],"predecessor-version":[{"id":3255,"href":"https:\/\/www.slugqueen.com\/es\/wp-json\/wp\/v2\/pages\/172\/revisions\/3255"}],"up":[{"embeddable":true,"href":"https:\/\/www.slugqueen.com\/es\/wp-json\/wp\/v2\/pages\/42"}],"wp:attachment":[{"href":"https:\/\/www.slugqueen.com\/es\/wp-json\/wp\/v2\/media?parent=172"}],"curies":[{"name":"wp","href":"https:\/\/api.w.org\/{rel}","templated":true}]}}