{"id":174,"date":"2009-05-12T20:38:25","date_gmt":"2009-05-13T03:38:25","guid":{"rendered":"http:\/\/www.slugqueen.com\/?page_id=174"},"modified":"2023-06-25T22:47:08","modified_gmt":"2023-06-26T05:47:08","slug":"1988-queen-margaret","status":"publish","type":"page","link":"https:\/\/www.slugqueen.com\/es\/queens-of-lore\/1988-queen-margaret\/","title":{"rendered":"1988 SLUG Queen Margaret"},"content":{"rendered":"<p>Slimelight puede ser maravilloso y atractivo, pero a veces una Reina s\u00f3lo necesita su anonimato. A petici\u00f3n de la reina Margarita, no hay m\u00e1s informaci\u00f3n disponible sobre ella en este momento.<\/p>","protected":false},"excerpt":{"rendered":"<p>Slimelight puede ser maravilloso y atractivo, pero a veces una Reina s\u00f3lo necesita su anonimato. A petici\u00f3n de la reina Margarita, no hay m\u00e1s informaci\u00f3n disponible sobre ella en este momento.<\/p>","protected":false},"author":1,"featured_media":0,"parent":42,"menu_order":0,"comment_status":"closed","ping_status":"closed","template":"","meta":{"footnotes":""},"class_list":["post-174","page","type-page","status-publish","hentry"],"_links":{"self":[{"href":"https:\/\/www.slugqueen.com\/es\/wp-json\/wp\/v2\/pages\/174","targetHints":{"allow":["GET"]}}],"collection":[{"href":"https:\/\/www.slugqueen.com\/es\/wp-json\/wp\/v2\/pages"}],"about":[{"href":"https:\/\/www.slugqueen.com\/es\/wp-json\/wp\/v2\/types\/page"}],"author":[{"embeddable":true,"href":"https:\/\/www.slugqueen.com\/es\/wp-json\/wp\/v2\/users\/1"}],"replies":[{"embeddable":true,"href":"https:\/\/www.slugqueen.com\/es\/wp-json\/wp\/v2\/comments?post=174"}],"version-history":[{"count":4,"href":"https:\/\/www.slugqueen.com\/es\/wp-json\/wp\/v2\/pages\/174\/revisions"}],"predecessor-version":[{"id":3217,"href":"https:\/\/www.slugqueen.com\/es\/wp-json\/wp\/v2\/pages\/174\/revisions\/3217"}],"up":[{"embeddable":true,"href":"https:\/\/www.slugqueen.com\/es\/wp-json\/wp\/v2\/pages\/42"}],"wp:attachment":[{"href":"https:\/\/www.slugqueen.com\/es\/wp-json\/wp\/v2\/media?parent=174"}],"curies":[{"name":"wp","href":"https:\/\/api.w.org\/{rel}","templated":true}]}}