{"id":178,"date":"2009-05-12T20:40:05","date_gmt":"2009-05-13T03:40:05","guid":{"rendered":"http:\/\/www.slugqueen.com\/?page_id=178"},"modified":"2023-06-26T00:00:19","modified_gmt":"2023-06-26T07:00:19","slug":"1986-queen-kathy","status":"publish","type":"page","link":"https:\/\/www.slugqueen.com\/es\/queens-of-lore\/1986-queen-kathy\/","title":{"rendered":"1986 SLUG Queen Kathy"},"content":{"rendered":"<h2 class=\"wp-block-heading\"><strong>La reina pretendiente<\/strong><\/h2>\n\n\n\n<p>The year before she took the crown \u201cpretender-to-the-throne\u201d Kathy Gillespie, rode atop a huge float in the 1985 parade, contending the true queen that year, Queen Glenda, was an imposter.<\/p>\n\n\n\n<p>Estos son precisamente el tipo de payasadas de autopromoci\u00f3n que elevan a uno al nivel de Reina SLUG, y as\u00ed la bibliotecaria de la escuela primaria fue elegida oficialmente Reina Kathy en 1986. Su talento era simple, pero ahora imposible: \u201cTom\u00e9 fotograf\u00edas Polaroid de los jueces. ,\" ella dijo.<\/p>\n\n\n\n<p>En el momento de su coronaci\u00f3n, la Reina Kathy record\u00f3 a su p\u00fablico que ella era \u201cla \u00fanica Reina que es un objeto de arte permanente. (Puedes ver a Gillespie, agarrando una caja de lentejuelas de Corey's Slug Bait, en el famoso mural \"Flying People\" del aeropuerto de Eugene, obra del distinguido artista y fot\u00f3grafo David Joyce). Desde entonces, otro de los volantes de Joyce ha pasado de \"sujeto\" a Reina. Una de sus hadas que saludaban en el mismo mural se convirti\u00f3 m\u00e1s tarde en la bella sure\u00f1a Reina Scarlett en 2004. Ese tipo ten\u00eda buen ojo para las babosas.<\/p>\n\n\n\n<figure data-wp-context=\"{&quot;imageId&quot;:&quot;69ea465967889&quot;}\" data-wp-interactive=\"core\/image\" data-wp-key=\"69ea465967889\" class=\"wp-block-image alignnone wp-lightbox-container\"><a href=\"http:\/\/www.slugqueen.com\/wp-content\/uploads\/2009\/05\/img_0983.jpg\"><img loading=\"lazy\" decoding=\"async\" width=\"3240\" height=\"4320\" data-wp-class--hide=\"state.isContentHidden\" data-wp-class--show=\"state.isContentVisible\" data-wp-init=\"callbacks.setButtonStyles\" data-wp-on--click=\"actions.showLightbox\" data-wp-on--load=\"callbacks.setButtonStyles\" data-wp-on-window--resize=\"callbacks.setButtonStyles\" src=\"http:\/\/www.slugqueen.com\/wp-content\/uploads\/2009\/05\/img_0983.jpg\" alt=\"1987 Slug Queen Kathy\" class=\"wp-image-1051\" srcset=\"https:\/\/www.slugqueen.com\/wp-content\/uploads\/2009\/05\/img_0983.jpg 3240w, https:\/\/www.slugqueen.com\/wp-content\/uploads\/2009\/05\/img_0983-225x300.jpg 225w, https:\/\/www.slugqueen.com\/wp-content\/uploads\/2009\/05\/img_0983-768x1024.jpg 768w\" sizes=\"auto, (max-width: 3240px) 100vw, 3240px\" \/><button\n\t\t\tclass=\"lightbox-trigger\"\n\t\t\ttype=\"button\"\n\t\t\taria-haspopup=\"dialog\"\n\t\t\taria-label=\"Agrandar\"\n\t\t\tdata-wp-init=\"callbacks.initTriggerButton\"\n\t\t\tdata-wp-on--click=\"actions.showLightbox\"\n\t\t\tdata-wp-style--right=\"state.imageButtonRight\"\n\t\t\tdata-wp-style--top=\"state.imageButtonTop\"\n\t\t>\n\t\t\t<svg xmlns=\"http:\/\/www.w3.org\/2000\/svg\" width=\"12\" height=\"12\" fill=\"none\" viewbox=\"0 0 12 12\">\n\t\t\t\t<path fill=\"#fff\" d=\"M2 0a2 2 0 0 0-2 2v2h1.5V2a.5.5 0 0 1 .5-.5h2V0H2Zm2 10.5H2a.5.5 0 0 1-.5-.5V8H0v2a2 2 0 0 0 2 2h2v-1.5ZM8 12v-1.5h2a.5.5 0 0 0 .5-.5V8H12v2a2 2 0 0 1-2 2H8Zm2-12a2 2 0 0 1 2 2v2h-1.5V2a.5.5 0 0 0-.5-.5H8V0h2Z\" \/>\n\t\t\t<\/svg>\n\t\t<\/button><\/a><\/figure>","protected":false},"excerpt":{"rendered":"<p>The Pretender Queen The year before she took the crown \u201cpretender-to-the-throne\u201d Kathy Gillespie, rode atop a huge float in the 1985 parade, contending the true queen that year, Queen Glenda, was an imposter. These are precisely the sort of self promoting antics that lift one to the level of SLUG Queenliness&#8211;and thus the elementary school [&hellip;]<\/p>\n","protected":false},"author":1,"featured_media":0,"parent":42,"menu_order":0,"comment_status":"closed","ping_status":"closed","template":"","meta":{"footnotes":""},"class_list":["post-178","page","type-page","status-publish","hentry"],"_links":{"self":[{"href":"https:\/\/www.slugqueen.com\/es\/wp-json\/wp\/v2\/pages\/178","targetHints":{"allow":["GET"]}}],"collection":[{"href":"https:\/\/www.slugqueen.com\/es\/wp-json\/wp\/v2\/pages"}],"about":[{"href":"https:\/\/www.slugqueen.com\/es\/wp-json\/wp\/v2\/types\/page"}],"author":[{"embeddable":true,"href":"https:\/\/www.slugqueen.com\/es\/wp-json\/wp\/v2\/users\/1"}],"replies":[{"embeddable":true,"href":"https:\/\/www.slugqueen.com\/es\/wp-json\/wp\/v2\/comments?post=178"}],"version-history":[{"count":5,"href":"https:\/\/www.slugqueen.com\/es\/wp-json\/wp\/v2\/pages\/178\/revisions"}],"predecessor-version":[{"id":3257,"href":"https:\/\/www.slugqueen.com\/es\/wp-json\/wp\/v2\/pages\/178\/revisions\/3257"}],"up":[{"embeddable":true,"href":"https:\/\/www.slugqueen.com\/es\/wp-json\/wp\/v2\/pages\/42"}],"wp:attachment":[{"href":"https:\/\/www.slugqueen.com\/es\/wp-json\/wp\/v2\/media?parent=178"}],"curies":[{"name":"wp","href":"https:\/\/api.w.org\/{rel}","templated":true}]}}