{"id":180,"date":"2009-05-12T20:41:42","date_gmt":"2009-05-13T03:41:42","guid":{"rendered":"http:\/\/www.slugqueen.com\/?page_id=180"},"modified":"2023-09-22T07:39:16","modified_gmt":"2023-09-22T14:39:16","slug":"1985-queen-glenda","status":"publish","type":"page","link":"https:\/\/www.slugqueen.com\/es\/queens-of-lore\/1985-queen-glenda\/","title":{"rendered":"1985 SLUG Queen Glenda"},"content":{"rendered":"<h2 class=\"wp-block-heading\"><strong>Reina de la civilidad<\/strong><\/h2>\n\n\n\n<figure data-wp-context=\"{&quot;imageId&quot;:&quot;69ea2fed053ef&quot;}\" data-wp-interactive=\"core\/image\" data-wp-key=\"69ea2fed053ef\" class=\"wp-block-image wp-lightbox-container\"><img loading=\"lazy\" decoding=\"async\" width=\"358\" height=\"644\" data-wp-class--hide=\"state.isContentHidden\" data-wp-class--show=\"state.isContentVisible\" data-wp-init=\"callbacks.setButtonStyles\" data-wp-on--click=\"actions.showLightbox\" data-wp-on--load=\"callbacks.setButtonStyles\" data-wp-on-window--resize=\"callbacks.setButtonStyles\" src=\"http:\/\/www.slugqueen.com\/wp-content\/uploads\/2018\/08\/Screen-Shot-2018-08-24-at-10.13.06-PM.png\" alt=\"\" class=\"wp-image-2240\" srcset=\"https:\/\/www.slugqueen.com\/wp-content\/uploads\/2018\/08\/Screen-Shot-2018-08-24-at-10.13.06-PM.png 358w, https:\/\/www.slugqueen.com\/wp-content\/uploads\/2018\/08\/Screen-Shot-2018-08-24-at-10.13.06-PM-167x300.png 167w\" sizes=\"auto, (max-width: 358px) 100vw, 358px\" \/><button\n\t\t\tclass=\"lightbox-trigger\"\n\t\t\ttype=\"button\"\n\t\t\taria-haspopup=\"dialog\"\n\t\t\taria-label=\"Agrandar\"\n\t\t\tdata-wp-init=\"callbacks.initTriggerButton\"\n\t\t\tdata-wp-on--click=\"actions.showLightbox\"\n\t\t\tdata-wp-style--right=\"state.imageButtonRight\"\n\t\t\tdata-wp-style--top=\"state.imageButtonTop\"\n\t\t>\n\t\t\t<svg xmlns=\"http:\/\/www.w3.org\/2000\/svg\" width=\"12\" height=\"12\" fill=\"none\" viewbox=\"0 0 12 12\">\n\t\t\t\t<path fill=\"#fff\" d=\"M2 0a2 2 0 0 0-2 2v2h1.5V2a.5.5 0 0 1 .5-.5h2V0H2Zm2 10.5H2a.5.5 0 0 1-.5-.5V8H0v2a2 2 0 0 0 2 2h2v-1.5ZM8 12v-1.5h2a.5.5 0 0 0 .5-.5V8H12v2a2 2 0 0 1-2 2H8Zm2-12a2 2 0 0 1 2 2v2h-1.5V2a.5.5 0 0 0-.5-.5H8V0h2Z\" \/>\n\t\t\t<\/svg>\n\t\t<\/button><\/figure>\n\n\n\n<p>En 1985, la reina Glenda, la abogada Nancy Willard, se jacta de haber sido \u201cla primera en ganar en un concurso honesto de belleza y talento\u201d. Parte de su plataforma real: impulsar la entonces lenta econom\u00eda de Eugene con una f\u00e1brica de \u201cSlug-It Note\u201d o \u201cSlime-A-Note\u201d que fabrique notas post-it org\u00e1nicas. \"Desafortunadamente, nunca pudimos lograr que las babosas dejaran sus rastros pegajosos en la parte superior del papel de notas\", dijo. Aunque el concepto habr\u00eda puesto a trabajar a miles de personas, nunca atrajo suficiente capital de riesgo.<\/p>\n\n\n\n<p>Por supuesto, en la falta de simpat\u00eda ir\u00f3nica que caracteriza este certamen anti-belleza, su soberan\u00eda fue desafiada por la pretendiente al trono Kathy Gillespie, quien mont\u00f3 sobre una enorme carroza en el desfile de 1985, sosteniendo que la reina Glenda era la impostor.<\/p>\n\n\n\n<p>Kathy gan\u00f3 la corona ella misma al a\u00f1o siguiente.<\/p>\n\n\n\n<p class=\"translation-block\">Hoy en d\u00eda, la Vieja Reina Glenda trabaja para marcar una diferencia positiva en las vidas de los j\u00f3venes de hoy con su organizaci\u00f3n <em>Embrace Civility<\/em>.<\/p>\n\n\n\n<p>La misi\u00f3n de Embrace Civility in the Digital Age es brindar orientaci\u00f3n a los adultos solidarios para que puedan involucrar mejor a los j\u00f3venes en la adopci\u00f3n de la civilidad y\u00a0fomentar relaciones positivas.<\/p>\n\n\n\n<p>Aceptar el civismo apoya el compromiso total de los estudiantes para mantener un entorno donde el comportamiento hiriente sea incompatible con las normas sociales aceptadas y donde todos asuman la responsabilidad de la calidad de las relaciones.<\/p>\n\n\n\n<figure data-wp-context=\"{&quot;imageId&quot;:&quot;69ea2fed059da&quot;}\" data-wp-interactive=\"core\/image\" data-wp-key=\"69ea2fed059da\" class=\"wp-block-image wp-lightbox-container\"><img loading=\"lazy\" decoding=\"async\" width=\"288\" height=\"342\" data-wp-class--hide=\"state.isContentHidden\" data-wp-class--show=\"state.isContentVisible\" data-wp-init=\"callbacks.setButtonStyles\" data-wp-on--click=\"actions.showLightbox\" data-wp-on--load=\"callbacks.setButtonStyles\" data-wp-on-window--resize=\"callbacks.setButtonStyles\" src=\"http:\/\/www.slugqueen.com\/wp-content\/uploads\/2018\/08\/Screen-Shot-2018-08-24-at-10.17.24-PM.png\" alt=\"\" class=\"wp-image-2235\" srcset=\"https:\/\/www.slugqueen.com\/wp-content\/uploads\/2018\/08\/Screen-Shot-2018-08-24-at-10.17.24-PM.png 288w, https:\/\/www.slugqueen.com\/wp-content\/uploads\/2018\/08\/Screen-Shot-2018-08-24-at-10.17.24-PM-253x300.png 253w\" sizes=\"auto, (max-width: 288px) 100vw, 288px\" \/><button\n\t\t\tclass=\"lightbox-trigger\"\n\t\t\ttype=\"button\"\n\t\t\taria-haspopup=\"dialog\"\n\t\t\taria-label=\"Agrandar\"\n\t\t\tdata-wp-init=\"callbacks.initTriggerButton\"\n\t\t\tdata-wp-on--click=\"actions.showLightbox\"\n\t\t\tdata-wp-style--right=\"state.imageButtonRight\"\n\t\t\tdata-wp-style--top=\"state.imageButtonTop\"\n\t\t>\n\t\t\t<svg xmlns=\"http:\/\/www.w3.org\/2000\/svg\" width=\"12\" height=\"12\" fill=\"none\" viewbox=\"0 0 12 12\">\n\t\t\t\t<path fill=\"#fff\" d=\"M2 0a2 2 0 0 0-2 2v2h1.5V2a.5.5 0 0 1 .5-.5h2V0H2Zm2 10.5H2a.5.5 0 0 1-.5-.5V8H0v2a2 2 0 0 0 2 2h2v-1.5ZM8 12v-1.5h2a.5.5 0 0 0 .5-.5V8H12v2a2 2 0 0 1-2 2H8Zm2-12a2 2 0 0 1 2 2v2h-1.5V2a.5.5 0 0 0-.5-.5H8V0h2Z\" \/>\n\t\t\t<\/svg>\n\t\t<\/button><\/figure>","protected":false},"excerpt":{"rendered":"<p>Queen of Civility In 1985 Queen Glenda, attorney Nancy Willard, boasts that she was &#8220;first to win in an honest beauty and talent competition.&#8221; Part of her royal platform: boosting Eugene&#8217;s then-sluggish economy with a &#8220;Slug-It Note&#8221; or \u201cSlime-A-Note\u201d factory manufacturing organic post-it notes. &#8220;Unfortunately, we were never able to get the slugs to leave [&hellip;]<\/p>\n","protected":false},"author":1,"featured_media":0,"parent":42,"menu_order":0,"comment_status":"closed","ping_status":"closed","template":"","meta":{"footnotes":""},"class_list":["post-180","page","type-page","status-publish","hentry"],"_links":{"self":[{"href":"https:\/\/www.slugqueen.com\/es\/wp-json\/wp\/v2\/pages\/180","targetHints":{"allow":["GET"]}}],"collection":[{"href":"https:\/\/www.slugqueen.com\/es\/wp-json\/wp\/v2\/pages"}],"about":[{"href":"https:\/\/www.slugqueen.com\/es\/wp-json\/wp\/v2\/types\/page"}],"author":[{"embeddable":true,"href":"https:\/\/www.slugqueen.com\/es\/wp-json\/wp\/v2\/users\/1"}],"replies":[{"embeddable":true,"href":"https:\/\/www.slugqueen.com\/es\/wp-json\/wp\/v2\/comments?post=180"}],"version-history":[{"count":5,"href":"https:\/\/www.slugqueen.com\/es\/wp-json\/wp\/v2\/pages\/180\/revisions"}],"predecessor-version":[{"id":3468,"href":"https:\/\/www.slugqueen.com\/es\/wp-json\/wp\/v2\/pages\/180\/revisions\/3468"}],"up":[{"embeddable":true,"href":"https:\/\/www.slugqueen.com\/es\/wp-json\/wp\/v2\/pages\/42"}],"wp:attachment":[{"href":"https:\/\/www.slugqueen.com\/es\/wp-json\/wp\/v2\/media?parent=180"}],"curies":[{"name":"wp","href":"https:\/\/api.w.org\/{rel}","templated":true}]}}