{"id":1822,"date":"2018-08-11T12:00:20","date_gmt":"2018-08-11T19:00:20","guid":{"rendered":"http:\/\/www.slugqueen.com\/?page_id=1822"},"modified":"2023-09-22T07:32:43","modified_gmt":"2023-09-22T14:32:43","slug":"1991-queen-marigold","status":"publish","type":"page","link":"https:\/\/www.slugqueen.com\/es\/queens-of-lore\/1991-queen-marigold\/","title":{"rendered":"1991 SLUG Queen Marigold"},"content":{"rendered":"<h2 class=\"wp-block-heading\"><strong>Reina del jardin<\/strong><\/h2>\n\n\n\n<figure data-wp-context=\"{&quot;imageId&quot;:&quot;69ea302167812&quot;}\" data-wp-interactive=\"core\/image\" data-wp-key=\"69ea302167812\" class=\"wp-block-image wp-lightbox-container\"><img loading=\"lazy\" decoding=\"async\" width=\"1080\" height=\"749\" data-wp-class--hide=\"state.isContentHidden\" data-wp-class--show=\"state.isContentVisible\" data-wp-init=\"callbacks.setButtonStyles\" data-wp-on--click=\"actions.showLightbox\" data-wp-on--load=\"callbacks.setButtonStyles\" data-wp-on-window--resize=\"callbacks.setButtonStyles\" src=\"http:\/\/www.slugqueen.com\/wp-content\/uploads\/2018\/08\/291475_10150280457784633_2064146_o.jpg\" alt=\"\" class=\"wp-image-1980\" srcset=\"https:\/\/www.slugqueen.com\/wp-content\/uploads\/2018\/08\/291475_10150280457784633_2064146_o.jpg 1080w, https:\/\/www.slugqueen.com\/wp-content\/uploads\/2018\/08\/291475_10150280457784633_2064146_o-300x208.jpg 300w, https:\/\/www.slugqueen.com\/wp-content\/uploads\/2018\/08\/291475_10150280457784633_2064146_o-768x533.jpg 768w, https:\/\/www.slugqueen.com\/wp-content\/uploads\/2018\/08\/291475_10150280457784633_2064146_o-1024x710.jpg 1024w\" sizes=\"auto, (max-width: 1080px) 100vw, 1080px\" \/><button\n\t\t\tclass=\"lightbox-trigger\"\n\t\t\ttype=\"button\"\n\t\t\taria-haspopup=\"dialog\"\n\t\t\taria-label=\"Agrandar\"\n\t\t\tdata-wp-init=\"callbacks.initTriggerButton\"\n\t\t\tdata-wp-on--click=\"actions.showLightbox\"\n\t\t\tdata-wp-style--right=\"state.imageButtonRight\"\n\t\t\tdata-wp-style--top=\"state.imageButtonTop\"\n\t\t>\n\t\t\t<svg xmlns=\"http:\/\/www.w3.org\/2000\/svg\" width=\"12\" height=\"12\" fill=\"none\" viewbox=\"0 0 12 12\">\n\t\t\t\t<path fill=\"#fff\" d=\"M2 0a2 2 0 0 0-2 2v2h1.5V2a.5.5 0 0 1 .5-.5h2V0H2Zm2 10.5H2a.5.5 0 0 1-.5-.5V8H0v2a2 2 0 0 0 2 2h2v-1.5ZM8 12v-1.5h2a.5.5 0 0 0 .5-.5V8H12v2a2 2 0 0 1-2 2H8Zm2-12a2 2 0 0 1 2 2v2h-1.5V2a.5.5 0 0 0-.5-.5H8V0h2Z\" \/>\n\t\t\t<\/svg>\n\t\t<\/button><\/figure>\n\n\n\n<p>1991 La reina Marigold, dise\u00f1adora gr\u00e1fica convertida en concejal de la ciudad de Eugene, Emily Semple, realiz\u00f3 trucos con la aspiradora durante la parte de talentos de su evento de coronaci\u00f3n. Llevaba un vestido de novia de gasa que hab\u00eda te\u00f1ido de un suntuoso verde limo.<\/p>\n\n\n\n<figure data-wp-context=\"{&quot;imageId&quot;:&quot;69ea302167b1a&quot;}\" data-wp-interactive=\"core\/image\" data-wp-key=\"69ea302167b1a\" class=\"wp-block-image wp-lightbox-container\"><img loading=\"lazy\" decoding=\"async\" width=\"129\" height=\"175\" data-wp-class--hide=\"state.isContentHidden\" data-wp-class--show=\"state.isContentVisible\" data-wp-init=\"callbacks.setButtonStyles\" data-wp-on--click=\"actions.showLightbox\" data-wp-on--load=\"callbacks.setButtonStyles\" data-wp-on-window--resize=\"callbacks.setButtonStyles\" src=\"http:\/\/www.slugqueen.com\/wp-content\/uploads\/2018\/08\/Queen-Marigold-1991-1.jpg\" alt=\"\" class=\"wp-image-2026\"\/><button\n\t\t\tclass=\"lightbox-trigger\"\n\t\t\ttype=\"button\"\n\t\t\taria-haspopup=\"dialog\"\n\t\t\taria-label=\"Agrandar\"\n\t\t\tdata-wp-init=\"callbacks.initTriggerButton\"\n\t\t\tdata-wp-on--click=\"actions.showLightbox\"\n\t\t\tdata-wp-style--right=\"state.imageButtonRight\"\n\t\t\tdata-wp-style--top=\"state.imageButtonTop\"\n\t\t>\n\t\t\t<svg xmlns=\"http:\/\/www.w3.org\/2000\/svg\" width=\"12\" height=\"12\" fill=\"none\" viewbox=\"0 0 12 12\">\n\t\t\t\t<path fill=\"#fff\" d=\"M2 0a2 2 0 0 0-2 2v2h1.5V2a.5.5 0 0 1 .5-.5h2V0H2Zm2 10.5H2a.5.5 0 0 1-.5-.5V8H0v2a2 2 0 0 0 2 2h2v-1.5ZM8 12v-1.5h2a.5.5 0 0 0 .5-.5V8H12v2a2 2 0 0 1-2 2H8Zm2-12a2 2 0 0 1 2 2v2h-1.5V2a.5.5 0 0 0-.5-.5H8V0h2Z\" \/>\n\t\t\t<\/svg>\n\t\t<\/button><\/figure>\n\n\n\n<p>Este mismo vestido no recibi\u00f3 tantos elogios cuando acept\u00f3 una invitaci\u00f3n para unirse a otros miembros de la realeza local en el Festival del Rododendro de Florencia. La reina Marigold destac\u00f3 en dram\u00e1tico contraste con los elegantes vestidos de las reinas de las escuelas secundarias de la zona.<\/p>\n\n\n\n<p>\"No estoy segura de que supieran qu\u00e9 era la Reina Babosa\", relat\u00f3. \u201cEl escenario que hab\u00edan creado era este brillante pa\u00eds de hadas de mylar. Realmente no supieron c\u00f3mo responder cuando dije: '\u00a1Me siento muy bienvenido, porque has cubierto el escenario con baba!'<\/p>\n\n\n\n<p>La reina Marigold permanece perpetuamente sumergida en el lodo pol\u00edtico desde que se convirti\u00f3 en concejal de la ciudad. Se postul\u00f3 bajo el ingenioso eslogan \u201cLa elecci\u00f3n es simple\u201d y gan\u00f3 f\u00e1cilmente. Algunos han sugerido que todas las Viejas Reinas Babosas se postulen para el Consejo y se apoderen de la ciudad, \u201ccomo profetizaron los antiguos\u201d, pero los gaster\u00f3podos reales prefieren no mezclar pol\u00edtica y purpurina.\u00a0<\/p>\n\n\n\n<figure data-wp-context=\"{&quot;imageId&quot;:&quot;69ea302167dd1&quot;}\" data-wp-interactive=\"core\/image\" data-wp-key=\"69ea302167dd1\" class=\"wp-block-image wp-lightbox-container\"><img loading=\"lazy\" decoding=\"async\" width=\"296\" height=\"300\" data-wp-class--hide=\"state.isContentHidden\" data-wp-class--show=\"state.isContentVisible\" data-wp-init=\"callbacks.setButtonStyles\" data-wp-on--click=\"actions.showLightbox\" data-wp-on--load=\"callbacks.setButtonStyles\" data-wp-on-window--resize=\"callbacks.setButtonStyles\" src=\"http:\/\/www.slugqueen.com\/wp-content\/uploads\/2018\/08\/1474393562783-296x300.jpeg\" alt=\"\" class=\"wp-image-2025\"\/><button\n\t\t\tclass=\"lightbox-trigger\"\n\t\t\ttype=\"button\"\n\t\t\taria-haspopup=\"dialog\"\n\t\t\taria-label=\"Agrandar\"\n\t\t\tdata-wp-init=\"callbacks.initTriggerButton\"\n\t\t\tdata-wp-on--click=\"actions.showLightbox\"\n\t\t\tdata-wp-style--right=\"state.imageButtonRight\"\n\t\t\tdata-wp-style--top=\"state.imageButtonTop\"\n\t\t>\n\t\t\t<svg xmlns=\"http:\/\/www.w3.org\/2000\/svg\" width=\"12\" height=\"12\" fill=\"none\" viewbox=\"0 0 12 12\">\n\t\t\t\t<path fill=\"#fff\" d=\"M2 0a2 2 0 0 0-2 2v2h1.5V2a.5.5 0 0 1 .5-.5h2V0H2Zm2 10.5H2a.5.5 0 0 1-.5-.5V8H0v2a2 2 0 0 0 2 2h2v-1.5ZM8 12v-1.5h2a.5.5 0 0 0 .5-.5V8H12v2a2 2 0 0 1-2 2H8Zm2-12a2 2 0 0 1 2 2v2h-1.5V2a.5.5 0 0 0-.5-.5H8V0h2Z\" \/>\n\t\t\t<\/svg>\n\t\t<\/button><\/figure>\n\n\n\n<p>Como concejal del distrito 1, a la reina Marigold le preocupa:<\/p>\n\n\n\n<ul class=\"wp-block-list\">\n<li>Transparencia y Responsabilidad Gubernamental, Comunicaci\u00f3n con el P\u00fablico<\/li>\n\n\n\n<li>Derechos civiles<\/li>\n\n\n\n<li>Personas sin hogar, refugio primero, viviendas para personas de bajos ingresos, derechos de los inquilinos<\/li>\n\n\n\n<li>Desarrollo de viviendas y negocios locales, empleos con salarios dignos<\/li>\n\n\n\n<li>Remediaci\u00f3n clim\u00e1tica, sostenibilidad, parques y espacios verdes<\/li>\n\n\n\n<li>Educaci\u00f3n, Artes, Preservaci\u00f3n Hist\u00f3rica<\/li>\n\n\n\n<li>Cuestiones de derechos humanos y antidiscriminaci\u00f3n<\/li>\n<\/ul>\n\n\n\n<p class=\"translation-block\">M\u00e1s informaci\u00f3n sobre el papel de la reina Marigold como <a href=\"https:\/\/www.eugene-or.gov\/3457\/Emily-Semple\" target=\"_self\">concejal de la ciudad en el sitio web de la ciudad de Eugene aqu\u00ed<\/a><\/p>\n\n\n\n<figure data-wp-context=\"{&quot;imageId&quot;:&quot;69ea30216806b&quot;}\" data-wp-interactive=\"core\/image\" data-wp-key=\"69ea30216806b\" class=\"wp-block-image is-resized wp-lightbox-container\"><img loading=\"lazy\" decoding=\"async\" data-wp-class--hide=\"state.isContentHidden\" data-wp-class--show=\"state.isContentVisible\" data-wp-init=\"callbacks.setButtonStyles\" data-wp-on--click=\"actions.showLightbox\" data-wp-on--load=\"callbacks.setButtonStyles\" data-wp-on-window--resize=\"callbacks.setButtonStyles\" src=\"http:\/\/www.slugqueen.com\/wp-content\/uploads\/2018\/08\/14702489_10154204004569633_8042716055335894901_n.jpg\" alt=\"\" class=\"wp-image-2024\" style=\"width:750px;height:750px\" width=\"750\" height=\"750\" srcset=\"https:\/\/www.slugqueen.com\/wp-content\/uploads\/2018\/08\/14702489_10154204004569633_8042716055335894901_n.jpg 960w, https:\/\/www.slugqueen.com\/wp-content\/uploads\/2018\/08\/14702489_10154204004569633_8042716055335894901_n-150x150.jpg 150w, https:\/\/www.slugqueen.com\/wp-content\/uploads\/2018\/08\/14702489_10154204004569633_8042716055335894901_n-300x300.jpg 300w, https:\/\/www.slugqueen.com\/wp-content\/uploads\/2018\/08\/14702489_10154204004569633_8042716055335894901_n-768x768.jpg 768w\" sizes=\"auto, (max-width: 750px) 100vw, 750px\" \/><button\n\t\t\tclass=\"lightbox-trigger\"\n\t\t\ttype=\"button\"\n\t\t\taria-haspopup=\"dialog\"\n\t\t\taria-label=\"Agrandar\"\n\t\t\tdata-wp-init=\"callbacks.initTriggerButton\"\n\t\t\tdata-wp-on--click=\"actions.showLightbox\"\n\t\t\tdata-wp-style--right=\"state.imageButtonRight\"\n\t\t\tdata-wp-style--top=\"state.imageButtonTop\"\n\t\t>\n\t\t\t<svg xmlns=\"http:\/\/www.w3.org\/2000\/svg\" width=\"12\" height=\"12\" fill=\"none\" viewbox=\"0 0 12 12\">\n\t\t\t\t<path fill=\"#fff\" d=\"M2 0a2 2 0 0 0-2 2v2h1.5V2a.5.5 0 0 1 .5-.5h2V0H2Zm2 10.5H2a.5.5 0 0 1-.5-.5V8H0v2a2 2 0 0 0 2 2h2v-1.5ZM8 12v-1.5h2a.5.5 0 0 0 .5-.5V8H12v2a2 2 0 0 1-2 2H8Zm2-12a2 2 0 0 1 2 2v2h-1.5V2a.5.5 0 0 0-.5-.5H8V0h2Z\" \/>\n\t\t\t<\/svg>\n\t\t<\/button><\/figure>\n\n\n\n<figure data-wp-context=\"{&quot;imageId&quot;:&quot;69ea302168269&quot;}\" data-wp-interactive=\"core\/image\" data-wp-key=\"69ea302168269\" class=\"wp-block-image wp-lightbox-container\"><img loading=\"lazy\" decoding=\"async\" width=\"720\" height=\"960\" data-wp-class--hide=\"state.isContentHidden\" data-wp-class--show=\"state.isContentVisible\" data-wp-init=\"callbacks.setButtonStyles\" data-wp-on--click=\"actions.showLightbox\" data-wp-on--load=\"callbacks.setButtonStyles\" data-wp-on-window--resize=\"callbacks.setButtonStyles\" src=\"http:\/\/www.slugqueen.com\/wp-content\/uploads\/2013\/07\/37969504_10155989513769633_3621463394025996288_n.jpg\" alt=\"\" class=\"wp-image-1523\" srcset=\"https:\/\/www.slugqueen.com\/wp-content\/uploads\/2013\/07\/37969504_10155989513769633_3621463394025996288_n.jpg 720w, https:\/\/www.slugqueen.com\/wp-content\/uploads\/2013\/07\/37969504_10155989513769633_3621463394025996288_n-225x300.jpg 225w\" sizes=\"auto, (max-width: 720px) 100vw, 720px\" \/><button\n\t\t\tclass=\"lightbox-trigger\"\n\t\t\ttype=\"button\"\n\t\t\taria-haspopup=\"dialog\"\n\t\t\taria-label=\"Agrandar\"\n\t\t\tdata-wp-init=\"callbacks.initTriggerButton\"\n\t\t\tdata-wp-on--click=\"actions.showLightbox\"\n\t\t\tdata-wp-style--right=\"state.imageButtonRight\"\n\t\t\tdata-wp-style--top=\"state.imageButtonTop\"\n\t\t>\n\t\t\t<svg xmlns=\"http:\/\/www.w3.org\/2000\/svg\" width=\"12\" height=\"12\" fill=\"none\" viewbox=\"0 0 12 12\">\n\t\t\t\t<path fill=\"#fff\" d=\"M2 0a2 2 0 0 0-2 2v2h1.5V2a.5.5 0 0 1 .5-.5h2V0H2Zm2 10.5H2a.5.5 0 0 1-.5-.5V8H0v2a2 2 0 0 0 2 2h2v-1.5ZM8 12v-1.5h2a.5.5 0 0 0 .5-.5V8H12v2a2 2 0 0 1-2 2H8Zm2-12a2 2 0 0 1 2 2v2h-1.5V2a.5.5 0 0 0-.5-.5H8V0h2Z\" \/>\n\t\t\t<\/svg>\n\t\t<\/button><\/figure>","protected":false},"excerpt":{"rendered":"<p>Queen of the Garden 1991 Queen Marigold, Graphic Designer turned Eugene City Councilor, Emily Semple, performed vacuum cleaner tricks during the talent portion of her coronation event. She wore a chiffon wedding dress she\u2019d dyed sumptuous slime green. This same frock did not enjoy such high praise when she accepted an invitation to join other [&hellip;]<\/p>\n","protected":false},"author":1,"featured_media":0,"parent":42,"menu_order":92,"comment_status":"closed","ping_status":"closed","template":"","meta":{"footnotes":""},"class_list":["post-1822","page","type-page","status-publish","hentry"],"_links":{"self":[{"href":"https:\/\/www.slugqueen.com\/es\/wp-json\/wp\/v2\/pages\/1822","targetHints":{"allow":["GET"]}}],"collection":[{"href":"https:\/\/www.slugqueen.com\/es\/wp-json\/wp\/v2\/pages"}],"about":[{"href":"https:\/\/www.slugqueen.com\/es\/wp-json\/wp\/v2\/types\/page"}],"author":[{"embeddable":true,"href":"https:\/\/www.slugqueen.com\/es\/wp-json\/wp\/v2\/users\/1"}],"replies":[{"embeddable":true,"href":"https:\/\/www.slugqueen.com\/es\/wp-json\/wp\/v2\/comments?post=1822"}],"version-history":[{"count":5,"href":"https:\/\/www.slugqueen.com\/es\/wp-json\/wp\/v2\/pages\/1822\/revisions"}],"predecessor-version":[{"id":3465,"href":"https:\/\/www.slugqueen.com\/es\/wp-json\/wp\/v2\/pages\/1822\/revisions\/3465"}],"up":[{"embeddable":true,"href":"https:\/\/www.slugqueen.com\/es\/wp-json\/wp\/v2\/pages\/42"}],"wp:attachment":[{"href":"https:\/\/www.slugqueen.com\/es\/wp-json\/wp\/v2\/media?parent=1822"}],"curies":[{"name":"wp","href":"https:\/\/api.w.org\/{rel}","templated":true}]}}