{"id":184,"date":"2009-05-12T20:44:47","date_gmt":"2009-05-13T03:44:47","guid":{"rendered":"http:\/\/www.slugqueen.com\/?page_id=184"},"modified":"2023-09-22T07:43:14","modified_gmt":"2023-09-22T14:43:14","slug":"1984-queen-melva","status":"publish","type":"page","link":"https:\/\/www.slugqueen.com\/es\/queens-of-lore\/1984-queen-melva\/","title":{"rendered":"1984 SLUG Queen Melva"},"content":{"rendered":"<h2 class=\"wp-block-heading\"><strong>La reina del aplaudidor<\/strong><\/h2>\n\n\n\n<figure data-wp-context=\"{&quot;imageId&quot;:&quot;69ea2fe88afda&quot;}\" data-wp-interactive=\"core\/image\" data-wp-key=\"69ea2fe88afda\" class=\"wp-block-image wp-lightbox-container\"><img loading=\"lazy\" decoding=\"async\" width=\"220\" height=\"428\" data-wp-class--hide=\"state.isContentHidden\" data-wp-class--show=\"state.isContentVisible\" data-wp-init=\"callbacks.setButtonStyles\" data-wp-on--click=\"actions.showLightbox\" data-wp-on--load=\"callbacks.setButtonStyles\" data-wp-on-window--resize=\"callbacks.setButtonStyles\" src=\"http:\/\/www.slugqueen.com\/wp-content\/uploads\/2018\/08\/Screen-Shot-2018-08-24-at-10.13.43-PM.png\" alt=\"\" class=\"wp-image-2236\" srcset=\"https:\/\/www.slugqueen.com\/wp-content\/uploads\/2018\/08\/Screen-Shot-2018-08-24-at-10.13.43-PM.png 220w, https:\/\/www.slugqueen.com\/wp-content\/uploads\/2018\/08\/Screen-Shot-2018-08-24-at-10.13.43-PM-154x300.png 154w\" sizes=\"auto, (max-width: 220px) 100vw, 220px\" \/><button\n\t\t\tclass=\"lightbox-trigger\"\n\t\t\ttype=\"button\"\n\t\t\taria-haspopup=\"dialog\"\n\t\t\taria-label=\"Agrandar\"\n\t\t\tdata-wp-init=\"callbacks.initTriggerButton\"\n\t\t\tdata-wp-on--click=\"actions.showLightbox\"\n\t\t\tdata-wp-style--right=\"state.imageButtonRight\"\n\t\t\tdata-wp-style--top=\"state.imageButtonTop\"\n\t\t>\n\t\t\t<svg xmlns=\"http:\/\/www.w3.org\/2000\/svg\" width=\"12\" height=\"12\" fill=\"none\" viewbox=\"0 0 12 12\">\n\t\t\t\t<path fill=\"#fff\" d=\"M2 0a2 2 0 0 0-2 2v2h1.5V2a.5.5 0 0 1 .5-.5h2V0H2Zm2 10.5H2a.5.5 0 0 1-.5-.5V8H0v2a2 2 0 0 0 2 2h2v-1.5ZM8 12v-1.5h2a.5.5 0 0 0 .5-.5V8H12v2a2 2 0 0 1-2 2H8Zm2-12a2 2 0 0 1 2 2v2h-1.5V2a.5.5 0 0 0-.5-.5H8V0h2Z\" \/>\n\t\t\t<\/svg>\n\t\t<\/button><\/figure>\n\n\n\n<p>En 1984, la segunda Reina Slug fue elegida de una manera un poco m\u00e1s formal que la primera reina. Luego, la concejal Cynthia Wooten busc\u00f3 nominaciones entre amigos en un picnic en el patio trasero. Hab\u00eda preparado un clap\u00f3metro improvisado al estilo \u201cReina por un d\u00eda\u201d, y la maestra de educaci\u00f3n especial Melva Boles recibi\u00f3 la mayor cantidad de aplausos. (C\u00f3mo aplaudieron las babosas, nunca lo sabremos).<\/p>\n\n\n\n<p>Como reina, el primer y mayor deseo de Melva era tener un heredero aparente. Embarazada durante su reinado, ella y su consorte y esposo, Shawn, dieron la bienvenida a su acurrucada babosa Darcy al mundo de la pereza.<\/p>\n\n\n\n<p>Luego, la reina Melva mantuvo un perfil bajo y rara vez mencion\u00f3 su exaltado estatus como realeza de Eugene. Pocos de los estudiantes a los que ense\u00f1\u00f3 ingl\u00e9s en Sheldon High School durante quince a\u00f1os se dieron cuenta de su suerte al recibir tutor\u00eda de S.A.R.<\/p>\n\n\n\n<p>Melva se retir\u00f3 tanto de la docencia como del anonimato en 2007.<\/p>\n\n\n\n<p>Fue el aniversario n\u00famero 25 lo que finalmente trajo de vuelta a la reina Melva a la luz del limo. Ahora, con su estatus de S.L.U.G. muy, muy, m\u00e1s antigua. Reina que reside en Eugene (y por lo tanto la m\u00e1s venerada y respetada), la reina Melva se volvi\u00f3 a conectar con las otras antiguas reinas y contribuy\u00f3 a la organizaci\u00f3n de la exposici\u00f3n Slug del aniversario 25 en la Biblioteca P\u00fablica de Eugene.<\/p>\n\n\n\n<p class=\"translation-block\">Siempre preocupada por la gente, la Reina Melva ha sido miembro de la junta directiva de <a href=\"https:\/\/devnw.org\/\" target=\"_self\">DevNW<\/a> (anteriormente NEDCO), una Corporaci\u00f3n de Desarrollo Comunitario que ayuda Los vecindarios y las familias construyen activos a trav\u00e9s de la propiedad de vivienda, la revitalizaci\u00f3n de vecindarios y el desarrollo comercial, durante diecisiete a\u00f1os.<\/p>\n\n\n\n<p class=\"translation-block\">Tambi\u00e9n miembro del <a href=\"https:\/\/eugenesymphony.org\/\" target=\"_self\">Eugene Symphony Guild<\/a>, particip\u00f3 en su recaudaci\u00f3n de fondos m\u00e1s amigable con las babosas, \u201cMusic in the Garden\u201d. Sabroso.<\/p>\n\n\n\n<p>Por supuesto que le encanta la jardiner\u00eda, tanto las verduras como las flores (deliciosas), especialmente su colecci\u00f3n de cincuenta y dos rosales, \u00a1que debe resistirse a devorar todos los d\u00edas!<\/p>\n\n\n\n<figure class=\"wp-block-gallery has-nested-images columns-default is-cropped wp-block-gallery-1 is-layout-flex wp-block-gallery-is-layout-flex\">\n<figure class=\"wp-block-image size-large\"><a href=\"https:\/\/www.slugqueen.com\/wp-content\/uploads\/2018\/08\/38071760_10212086492418537_2526318571168989184_o.jpg\"><img loading=\"lazy\" decoding=\"async\" width=\"1024\" height=\"1024\" data-id=\"1978\" src=\"https:\/\/www.slugqueen.com\/wp-content\/uploads\/2018\/08\/38071760_10212086492418537_2526318571168989184_o-1024x1024.jpg\" alt=\"\" class=\"wp-image-1978\" srcset=\"https:\/\/www.slugqueen.com\/wp-content\/uploads\/2018\/08\/38071760_10212086492418537_2526318571168989184_o-1024x1024.jpg 1024w, https:\/\/www.slugqueen.com\/wp-content\/uploads\/2018\/08\/38071760_10212086492418537_2526318571168989184_o-150x150.jpg 150w, https:\/\/www.slugqueen.com\/wp-content\/uploads\/2018\/08\/38071760_10212086492418537_2526318571168989184_o-300x300.jpg 300w, https:\/\/www.slugqueen.com\/wp-content\/uploads\/2018\/08\/38071760_10212086492418537_2526318571168989184_o-768x768.jpg 768w, https:\/\/www.slugqueen.com\/wp-content\/uploads\/2018\/08\/38071760_10212086492418537_2526318571168989184_o.jpg 1080w\" sizes=\"auto, (max-width: 1024px) 100vw, 1024px\" \/><\/a><\/figure>\n\n\n\n<figure class=\"wp-block-image size-large\"><a href=\"https:\/\/www.slugqueen.com\/wp-content\/uploads\/2018\/08\/20507810_10211660255195419_8876480832269805340_o.jpg\"><img loading=\"lazy\" decoding=\"async\" width=\"768\" height=\"1024\" data-id=\"1948\" src=\"https:\/\/www.slugqueen.com\/wp-content\/uploads\/2018\/08\/20507810_10211660255195419_8876480832269805340_o-768x1024.jpg\" alt=\"\" class=\"wp-image-1948\" srcset=\"https:\/\/www.slugqueen.com\/wp-content\/uploads\/2018\/08\/20507810_10211660255195419_8876480832269805340_o-768x1024.jpg 768w, https:\/\/www.slugqueen.com\/wp-content\/uploads\/2018\/08\/20507810_10211660255195419_8876480832269805340_o-225x300.jpg 225w, https:\/\/www.slugqueen.com\/wp-content\/uploads\/2018\/08\/20507810_10211660255195419_8876480832269805340_o.jpg 1536w\" sizes=\"auto, (max-width: 768px) 100vw, 768px\" \/><\/a><\/figure>\n<\/figure>","protected":false},"excerpt":{"rendered":"<p>The Clap-O-Meter Queen In 1984, the second Slug Queen ever was chosen in only slightly more formal fashion than the first queen. Then City Councilor Cynthia Wooten sought nominations from friends at a backyard picnic. She&#8217;d rigged a makeshift, &#8220;Queen for a Day&#8221; style clap-o-meter, and special education teacher Melva Boles got the most applause. [&hellip;]<\/p>\n","protected":false},"author":1,"featured_media":0,"parent":42,"menu_order":49,"comment_status":"closed","ping_status":"closed","template":"","meta":{"footnotes":""},"class_list":["post-184","page","type-page","status-publish","hentry"],"_links":{"self":[{"href":"https:\/\/www.slugqueen.com\/es\/wp-json\/wp\/v2\/pages\/184","targetHints":{"allow":["GET"]}}],"collection":[{"href":"https:\/\/www.slugqueen.com\/es\/wp-json\/wp\/v2\/pages"}],"about":[{"href":"https:\/\/www.slugqueen.com\/es\/wp-json\/wp\/v2\/types\/page"}],"author":[{"embeddable":true,"href":"https:\/\/www.slugqueen.com\/es\/wp-json\/wp\/v2\/users\/1"}],"replies":[{"embeddable":true,"href":"https:\/\/www.slugqueen.com\/es\/wp-json\/wp\/v2\/comments?post=184"}],"version-history":[{"count":5,"href":"https:\/\/www.slugqueen.com\/es\/wp-json\/wp\/v2\/pages\/184\/revisions"}],"predecessor-version":[{"id":3469,"href":"https:\/\/www.slugqueen.com\/es\/wp-json\/wp\/v2\/pages\/184\/revisions\/3469"}],"up":[{"embeddable":true,"href":"https:\/\/www.slugqueen.com\/es\/wp-json\/wp\/v2\/pages\/42"}],"wp:attachment":[{"href":"https:\/\/www.slugqueen.com\/es\/wp-json\/wp\/v2\/media?parent=184"}],"curies":[{"name":"wp","href":"https:\/\/api.w.org\/{rel}","templated":true}]}}