{"id":188,"date":"2009-05-12T20:47:25","date_gmt":"2009-05-13T03:47:25","guid":{"rendered":"http:\/\/www.slugqueen.com\/?page_id=188"},"modified":"2023-09-22T07:53:27","modified_gmt":"2023-09-22T14:53:27","slug":"first-lady-in-waiting","status":"publish","type":"page","link":"https:\/\/www.slugqueen.com\/es\/queens-of-lore\/first-lady-in-waiting\/","title":{"rendered":"Nuestra Primera Dama en Espera, Kim Still"},"content":{"rendered":"<h2 class=\"wp-block-heading\">El primer ministro de la realeza babosa<\/h2>\n\n\n\n<p>Los eugenios reconocen a Kim Still como la administradora desde hace mucho tiempo del famoso mercado de artesan\u00edas de los s\u00e1bados y de la feria de regalos de invierno y el mercado navide\u00f1o. La presencia de Kim ha sido tan omnipresente en la ciudad como la de nuestros queridos Slugs.<\/p>\n\n\n\n<p>La primera ministra de la realeza babosa <a href=\"https:\/\/www.slugqueen.com\/es\/queens-of-lore\/1994-queen-marionberry-slugan\/\" data-type=\"page\" data-id=\"160\">Marionberry Slugan<\/a> won the crown.<\/p>\n\n\n\n<p>Los eugenios reconocen a Kim Still como la administradora desde hace mucho tiempo del famoso mercado de artesan\u00edas de los s\u00e1bados y de la feria de regalos de invierno y el mercado navide\u00f1o. La presencia de Kim ha sido tan omnipresente en la ciudad como la de nuestros queridos Slugs.&nbsp;<\/p>\n\n\n\n<p class=\"translation-block\">En 2017, Kim se retir\u00f3 del Saturday Market para hacerse cargo de la gesti\u00f3n del <a href=\"https:\/\/www.cottageevents.com\/\" data-type=\"URL\" data-id=\"https:\/\/www.cottageevents.com \/\" target=\"_self\">Cottage Grove Events Venue<\/a>, pero sigue siendo esencial para ayudar a las Slug Queens a dejar fluir la baba cada a\u00f1o en el Saturday Market Park Blocks Stage. Si bien Kim no vota durante la finalizaci\u00f3n, s\u00ed crea y recopila la <a href=\"https:\/\/www.slugqueen.com\/es\/application\/\" data-type=\"page\" data-id=\"905\" target=\" _self\">aplicaciones para Slug Queen<\/a>. Ella planifica el evento de coronaci\u00f3n en el Saturday Market Stage en el coraz\u00f3n del centro de Eugene cada agosto, incluida la banda y el ritmo del evento. Si esperas convertirte en reina, Kim definitivamente deber\u00eda estar en tu lista de sobornos.<\/p>\n\n\n\n<p>Kim es la artista que dise\u00f1a una corona y una faja \u00fanicas para cada nueva Slug Queen. De hecho, Kim construy\u00f3 la cabeza de la tradicional carroza SLUG en 1993. Ella recuerda: \"\u00a1Ese fue un verano largo, caluroso y pegajoso!\" Las condiciones perfectas para mercados, jardines y babosas.<\/p>\n\n\n\n<figure class=\"wp-block-gallery has-nested-images columns-default is-cropped wp-block-gallery-1 is-layout-flex wp-block-gallery-is-layout-flex\">\n<figure class=\"wp-block-image size-large\"><a href=\"https:\/\/www.slugqueen.com\/wp-content\/uploads\/2018\/08\/Screen-Shot-2018-08-25-at-12.36.30-AM.png\"><img loading=\"lazy\" decoding=\"async\" width=\"460\" height=\"824\" data-id=\"2590\" src=\"https:\/\/www.slugqueen.com\/wp-content\/uploads\/2018\/08\/Screen-Shot-2018-08-25-at-12.36.30-AM.png\" alt=\"\" class=\"wp-image-2590\" srcset=\"https:\/\/www.slugqueen.com\/wp-content\/uploads\/2018\/08\/Screen-Shot-2018-08-25-at-12.36.30-AM.png 460w, https:\/\/www.slugqueen.com\/wp-content\/uploads\/2018\/08\/Screen-Shot-2018-08-25-at-12.36.30-AM-167x300.png 167w\" sizes=\"auto, (max-width: 460px) 100vw, 460px\" \/><\/a><\/figure>\n\n\n\n<figure class=\"wp-block-image size-large\"><a href=\"https:\/\/www.slugqueen.com\/wp-content\/uploads\/2013\/07\/37971176_10155989514019633_5552405992236384256_n.jpg\"><img loading=\"lazy\" decoding=\"async\" width=\"720\" height=\"960\" data-id=\"1524\" src=\"https:\/\/www.slugqueen.com\/wp-content\/uploads\/2013\/07\/37971176_10155989514019633_5552405992236384256_n.jpg\" alt=\"\" class=\"wp-image-1524\" srcset=\"https:\/\/www.slugqueen.com\/wp-content\/uploads\/2013\/07\/37971176_10155989514019633_5552405992236384256_n.jpg 720w, https:\/\/www.slugqueen.com\/wp-content\/uploads\/2013\/07\/37971176_10155989514019633_5552405992236384256_n-225x300.jpg 225w\" sizes=\"auto, (max-width: 720px) 100vw, 720px\" \/><\/a><\/figure>\n<\/figure>","protected":false},"excerpt":{"rendered":"<p>The Prime Minister of Slug royalty Los eugenios reconocen a Kim Still como la administradora desde hace mucho tiempo del famoso mercado de artesan\u00edas de los s\u00e1bados y de la feria de regalos de invierno y el mercado navide\u00f1o. La presencia de Kim ha sido tan omnipresente en la ciudad como la de nuestros queridos [&hellip;]<\/p>\n","protected":false},"author":1,"featured_media":0,"parent":42,"menu_order":51,"comment_status":"closed","ping_status":"closed","template":"","meta":{"footnotes":""},"class_list":["post-188","page","type-page","status-publish","hentry"],"_links":{"self":[{"href":"https:\/\/www.slugqueen.com\/es\/wp-json\/wp\/v2\/pages\/188","targetHints":{"allow":["GET"]}}],"collection":[{"href":"https:\/\/www.slugqueen.com\/es\/wp-json\/wp\/v2\/pages"}],"about":[{"href":"https:\/\/www.slugqueen.com\/es\/wp-json\/wp\/v2\/types\/page"}],"author":[{"embeddable":true,"href":"https:\/\/www.slugqueen.com\/es\/wp-json\/wp\/v2\/users\/1"}],"replies":[{"embeddable":true,"href":"https:\/\/www.slugqueen.com\/es\/wp-json\/wp\/v2\/comments?post=188"}],"version-history":[{"count":5,"href":"https:\/\/www.slugqueen.com\/es\/wp-json\/wp\/v2\/pages\/188\/revisions"}],"predecessor-version":[{"id":3470,"href":"https:\/\/www.slugqueen.com\/es\/wp-json\/wp\/v2\/pages\/188\/revisions\/3470"}],"up":[{"embeddable":true,"href":"https:\/\/www.slugqueen.com\/es\/wp-json\/wp\/v2\/pages\/42"}],"wp:attachment":[{"href":"https:\/\/www.slugqueen.com\/es\/wp-json\/wp\/v2\/media?parent=188"}],"curies":[{"name":"wp","href":"https:\/\/api.w.org\/{rel}","templated":true}]}}