{"id":22,"date":"2013-07-26T21:27:43","date_gmt":"2013-07-26T21:27:43","guid":{"rendered":"http:\/\/themes.kadencethemes.com\/virtue\/?page_id=22"},"modified":"2026-04-14T11:55:16","modified_gmt":"2026-04-14T18:55:16","slug":"home","status":"publish","type":"page","link":"https:\/\/www.slugqueen.com\/es\/","title":{"rendered":""},"content":{"rendered":"<div class=\"wp-block-group alignfull is-style-section-5 has-background has-global-padding is-layout-constrained wp-block-group-is-layout-constrained is-style-section-5--1\" style=\"background-color:#226f54;margin-top:0;margin-bottom:0;padding-top:var(--wp--preset--spacing--50);padding-bottom:var(--wp--preset--spacing--50)\">\n<div class=\"wp-block-columns alignwide is-layout-flex wp-container-core-columns-is-layout-7ee84d44 wp-block-columns-is-layout-flex\">\n<div class=\"wp-block-column is-vertically-aligned-center is-layout-flow wp-block-column-is-layout-flow\" style=\"flex-basis:50%\">\n<h2 class=\"wp-block-heading has-text-color\" style=\"color:#eafbe2\"><strong>Eugene&#8217;s \u201craining\u201d SLUG Queen<\/strong><\/h2>\n\n\n\n<p class=\"has-text-color has-link-color has-medium-font-size wp-elements-54b98e21dd1e90f0f585cb0c09b0e479\" style=\"color:#eafbe2\">Sitara T. Slugshine, tambi\u00e9n conocida como Joanie M. Starshine Kent, es la 42\u00aa SLUG Queen de Eugene. Una eterna concursante que finalmente ha conseguido la corona, planea esparcir baba en eventos y reuniones locales con elaborados disfraces, canciones tontas y un coraz\u00f3n para todos en nuestra comunidad.\u00a0<\/p>\n\n\n\n<p class=\"has-text-color has-link-color has-medium-font-size wp-elements-ffa41e7d2d68f2bed506a6eaac8e3641\" style=\"color:#eafbe2\">La reina Sitara qued\u00f3 en segundo lugar en la coronaci\u00f3n de 2024 y, debido a circunstancias imprevistas que han dejado a la 41\u00aa reina incapaz de terminar su \"lluvia\", Sitara ha pasado a segundo plano. La reina Sitara participa activamente en Irving Grange y recientemente ayud\u00f3 a encabezar la finalizaci\u00f3n de un mural comunitario, dise\u00f1ado y supervisado por la artista Maggie Dewar.&nbsp;<\/p>\n\n\n\n<p class=\"has-text-color has-link-color has-medium-font-size wp-elements-690a4d1edb52afd48fde82530c472492\" style=\"color:#eafbe2\">Con su pasi\u00f3n por los derechos de las mujeres, los animales y la salud mental, la Reina Sitara seguramente tocar\u00e1 la vida de todos, desde Eugene hasta Creswell y m\u00e1s all\u00e1.<\/p>\n\n\n\n<p class=\"has-text-color has-link-color has-medium-font-size wp-elements-b6d9d7d92727ba7f47f4d5cf19ec3205 translation-block\" style=\"color:#eafbe2\">SLUG son las siglas de Society for the Legitimization of the Ubiquitous Gastropod (Sociedad para la legitimaci\u00f3n del gaster\u00f3podo ubicuo) y las SLUG Queens han sido embajadoras no oficiales de la ciudad de Eugene durante m\u00e1s de 40 a\u00f1os. Se est\u00e1 planeando un evento p\u00fablico para celebrar el ascenso de la reina Sitara al trono (un ascenso marcado por una estela de limo brillante). Podr\u00e1s encontrarla en la muestra anual de arte Jell-O de <a href=\"https:\/\/www.mkartcenter.org\/\" target=\"_self\">Maude Kerns<\/a> el 22 de marzo de 2025 y el d\u00eda de apertura del mercado de los s\u00e1bados de Eugene el 5 de abril de 2025.<\/p>\n<\/div>\n\n\n\n<div class=\"wp-block-column is-vertically-aligned-center is-layout-flow wp-block-column-is-layout-flow\" style=\"flex-basis:50%\">\n<figure class=\"wp-block-image size-full\"><a href=\"https:\/\/www.slugqueen.com\/wp-content\/uploads\/2025\/01\/Sitara-T-Slugshine.jpg\"><img loading=\"lazy\" decoding=\"async\" width=\"930\" height=\"1221\" src=\"https:\/\/www.slugqueen.com\/wp-content\/uploads\/2025\/01\/Sitara-T-Slugshine.jpg\" alt=\"\" class=\"wp-image-3585\" srcset=\"https:\/\/www.slugqueen.com\/wp-content\/uploads\/2025\/01\/Sitara-T-Slugshine.jpg 930w, https:\/\/www.slugqueen.com\/wp-content\/uploads\/2025\/01\/Sitara-T-Slugshine-229x300.jpg 229w, https:\/\/www.slugqueen.com\/wp-content\/uploads\/2025\/01\/Sitara-T-Slugshine-780x1024.jpg 780w, https:\/\/www.slugqueen.com\/wp-content\/uploads\/2025\/01\/Sitara-T-Slugshine-768x1008.jpg 768w, https:\/\/www.slugqueen.com\/wp-content\/uploads\/2025\/01\/Sitara-T-Slugshine-9x12.jpg 9w\" sizes=\"auto, (max-width: 930px) 100vw, 930px\" \/><\/a><\/figure>\n<\/div>\n<\/div>\n<\/div>\n\n\n\n<p>La S.L.U.G. Queen (Sociedad para la Legitimaci\u00f3n del Ubicuo Gaster\u00f3podo) es la embajadora no oficial de buena voluntad de la ciudad de Eugene, Oreg\u00f3n. Cada a\u00f1o se corona a una nueva Reina despu\u00e9s de disfraces, presentaciones, sobornos de jueces y festividades alegres. La reina coronada pasa su reina participando en la comunidad de Eugene y representando el esp\u00edritu de Eugene.<\/p>\n\n\n\n<p class=\"translation-block\">La palabra <em>\"\u00fanica\"<\/em> apenas ara\u00f1a la superficie de la ciudad de Reinas S.L.U.G., Eugene, Oreg\u00f3n. En lugar de una Reina de la Cosecha agr\u00edcola tradicional, los eugenianos celebran su creatividad, humor y conexi\u00f3n de larga data con la contracultura, elevando al ubicuo gaster\u00f3podo NW (tambi\u00e9n conocido como la babosa) al estatus real. Todos los veranos, desde 1983, una nueva Slug Queen surge del grupo interminable de personajes locales de Eugene para ser coronada. Una reina babosa ha \"rained\" sobre Eugene desde 1983.<\/p>\n\n\n\n<div class=\"wp-block-group alignfull has-global-padding is-layout-constrained wp-container-core-group-is-layout-4651deb1 wp-block-group-is-layout-constrained\" style=\"margin-top:0;margin-bottom:0;padding-top:var(--wp--preset--spacing--70);padding-bottom:var(--wp--preset--spacing--70)\">\n<div class=\"wp-block-columns alignwide is-layout-flex wp-container-core-columns-is-layout-08a2a807 wp-block-columns-is-layout-flex\">\n<div class=\"wp-block-column is-vertically-aligned-center is-layout-flow wp-block-column-is-layout-flow\">\n<h2 class=\"wp-block-heading has-xx-large-font-size\">\u00a1Ay\u00fadanos a impulsar un nuevo SLUG!<\/h2>\n\n\n\n<p class=\"has-medium-font-size\">Contribuya a nuestro nuevo fondo Slug para que este glorioso proyecto est\u00e9 listo para inspirar y asombrar a Eugene.<\/p>\n\n\n\n<div class=\"wp-block-buttons is-content-justification-center is-layout-flex wp-container-core-buttons-is-layout-a89b3969 wp-block-buttons-is-layout-flex\">\n<div class=\"wp-block-button is-style-fill\"><a class=\"wp-block-button__link wp-element-button\" href=\"https:\/\/gofund.me\/ac035a73\">Donar<\/a><\/div>\n<\/div>\n\n\n\n<figure class=\"wp-block-image aligncenter size-full is-resized\"><a href=\"https:\/\/www.slugqueen.com\/wp-content\/uploads\/2024\/07\/GOFUNDME-QR-CODE.png\"><img loading=\"lazy\" decoding=\"async\" width=\"438\" height=\"445\" src=\"https:\/\/www.slugqueen.com\/wp-content\/uploads\/2024\/07\/GOFUNDME-QR-CODE.png\" alt=\"\" class=\"wp-image-3540\" style=\"width:135px;height:auto\" srcset=\"https:\/\/www.slugqueen.com\/wp-content\/uploads\/2024\/07\/GOFUNDME-QR-CODE.png 438w, https:\/\/www.slugqueen.com\/wp-content\/uploads\/2024\/07\/GOFUNDME-QR-CODE-295x300.png 295w, https:\/\/www.slugqueen.com\/wp-content\/uploads\/2024\/07\/GOFUNDME-QR-CODE-12x12.png 12w\" sizes=\"auto, (max-width: 438px) 100vw, 438px\" \/><\/a><\/figure>\n<\/div>\n\n\n\n<div class=\"wp-block-column is-vertically-aligned-center is-layout-flow wp-block-column-is-layout-flow\">\n<figure data-wp-context=\"{&quot;imageId&quot;:&quot;69ea0093419cd&quot;}\" data-wp-interactive=\"core\/image\" data-wp-key=\"69ea0093419cd\" class=\"wp-block-image size-full has-custom-border is-style-default wp-lightbox-container\"><img loading=\"lazy\" decoding=\"async\" width=\"720\" height=\"405\" data-wp-class--hide=\"state.isContentHidden\" data-wp-class--show=\"state.isContentVisible\" data-wp-init=\"callbacks.setButtonStyles\" data-wp-on--click=\"actions.showLightbox\" data-wp-on--load=\"callbacks.setButtonStyles\" data-wp-on-window--resize=\"callbacks.setButtonStyles\" src=\"https:\/\/www.slugqueen.com\/wp-content\/uploads\/2025\/02\/slug-float.png\" alt=\"\" class=\"wp-image-3627\" style=\"border-width:4px;border-radius:4px\" srcset=\"https:\/\/www.slugqueen.com\/wp-content\/uploads\/2025\/02\/slug-float.png 720w, https:\/\/www.slugqueen.com\/wp-content\/uploads\/2025\/02\/slug-float-300x169.png 300w, https:\/\/www.slugqueen.com\/wp-content\/uploads\/2025\/02\/slug-float-18x10.png 18w\" sizes=\"auto, (max-width: 720px) 100vw, 720px\" \/><button\n\t\t\tclass=\"lightbox-trigger\"\n\t\t\ttype=\"button\"\n\t\t\taria-haspopup=\"dialog\"\n\t\t\taria-label=\"Agrandar\"\n\t\t\tdata-wp-init=\"callbacks.initTriggerButton\"\n\t\t\tdata-wp-on--click=\"actions.showLightbox\"\n\t\t\tdata-wp-style--right=\"state.imageButtonRight\"\n\t\t\tdata-wp-style--top=\"state.imageButtonTop\"\n\t\t>\n\t\t\t<svg xmlns=\"http:\/\/www.w3.org\/2000\/svg\" width=\"12\" height=\"12\" fill=\"none\" viewbox=\"0 0 12 12\">\n\t\t\t\t<path fill=\"#fff\" d=\"M2 0a2 2 0 0 0-2 2v2h1.5V2a.5.5 0 0 1 .5-.5h2V0H2Zm2 10.5H2a.5.5 0 0 1-.5-.5V8H0v2a2 2 0 0 0 2 2h2v-1.5ZM8 12v-1.5h2a.5.5 0 0 0 .5-.5V8H12v2a2 2 0 0 1-2 2H8Zm2-12a2 2 0 0 1 2 2v2h-1.5V2a.5.5 0 0 0-.5-.5H8V0h2Z\" \/>\n\t\t\t<\/svg>\n\t\t<\/button><\/figure>\n<\/div>\n<\/div>\n<\/div>\n\n\n\n<p>La Reina S.L.U.G., como concepto, es un s\u00edmbolo de respeto por la naturaleza, independencia, libertad de pensamiento y elevaci\u00f3n de las voces de los m\u00e1s vulnerables de nuestra comunidad. La Reina act\u00faa como embajadora de la ciudad de Eugene brindando apoyo a organizaciones locales sin fines de lucro, empresas, artes y cultura. La Reina S.L.U.G. de Eugene tiene una larga amistad con el pato de la Universidad de Oreg\u00f3n, ya que juntos representan la excelente relaci\u00f3n entre la ciudad y la universidad.<\/p>\n\n\n\n<div class=\"wp-block-group alignfull has-global-padding is-layout-constrained wp-container-core-group-is-layout-ebee8dc1 wp-block-group-is-layout-constrained\" style=\"margin-top:0;margin-bottom:0;padding-top:var(--wp--preset--spacing--50);padding-bottom:var(--wp--preset--spacing--50)\">\n<div class=\"wp-block-columns alignwide is-layout-flex wp-container-core-columns-is-layout-28f84493 wp-block-columns-is-layout-flex\">\n<div class=\"wp-block-column is-layout-flow wp-block-column-is-layout-flow\">\n<figure class=\"wp-block-image size-full\"><a href=\"https:\/\/www.slugqueen.com\/wp-content\/uploads\/2022\/07\/IMG_8209-scaled.jpg\"><img loading=\"lazy\" decoding=\"async\" width=\"2560\" height=\"1707\" src=\"https:\/\/www.slugqueen.com\/wp-content\/uploads\/2022\/07\/IMG_8209-scaled.jpg\" alt=\"A group of very old, old, and new queens stand on train tracks with arms raised for a group photograph\" class=\"wp-image-2979\" style=\"aspect-ratio:4\/3;object-fit:cover\" srcset=\"https:\/\/www.slugqueen.com\/wp-content\/uploads\/2022\/07\/IMG_8209-scaled.jpg 2560w, https:\/\/www.slugqueen.com\/wp-content\/uploads\/2022\/07\/IMG_8209-300x200.jpg 300w, https:\/\/www.slugqueen.com\/wp-content\/uploads\/2022\/07\/IMG_8209-1024x683.jpg 1024w, https:\/\/www.slugqueen.com\/wp-content\/uploads\/2022\/07\/IMG_8209-768x512.jpg 768w, https:\/\/www.slugqueen.com\/wp-content\/uploads\/2022\/07\/IMG_8209-1536x1024.jpg 1536w, https:\/\/www.slugqueen.com\/wp-content\/uploads\/2022\/07\/IMG_8209-2048x1365.jpg 2048w\" sizes=\"auto, (max-width: 2560px) 100vw, 2560px\" \/><\/a><\/figure>\n\n\n\n<div class=\"wp-block-buttons is-content-justification-center is-layout-flex wp-container-core-buttons-is-layout-a89b3969 wp-block-buttons-is-layout-flex\">\n<div class=\"wp-block-button\"><a class=\"wp-block-button__link wp-element-button\" href=\"https:\/\/www.slugqueen.com\/es\/queens-of-lore\/\">Look up your favorite queens<\/a><\/div>\n<\/div>\n<\/div>\n\n\n\n<div class=\"wp-block-column is-layout-flow wp-block-column-is-layout-flow\">\n<figure class=\"wp-block-image size-full\"><a href=\"https:\/\/www.slugqueen.com\/wp-content\/uploads\/2018\/08\/marigold-crown.jpg\"><img loading=\"lazy\" decoding=\"async\" width=\"400\" height=\"368\" src=\"https:\/\/www.slugqueen.com\/wp-content\/uploads\/2018\/08\/marigold-crown.jpg\" alt=\"\" class=\"wp-image-1553\" style=\"aspect-ratio:4\/3;object-fit:cover\" srcset=\"https:\/\/www.slugqueen.com\/wp-content\/uploads\/2018\/08\/marigold-crown.jpg 400w, https:\/\/www.slugqueen.com\/wp-content\/uploads\/2018\/08\/marigold-crown-300x276.jpg 300w\" sizes=\"auto, (max-width: 400px) 100vw, 400px\" \/><\/a><\/figure>\n\n\n\n<div class=\"wp-block-buttons is-content-justification-center is-layout-flex wp-container-core-buttons-is-layout-a89b3969 wp-block-buttons-is-layout-flex\">\n<div class=\"wp-block-button\"><a class=\"wp-block-button__link wp-element-button\" href=\"https:\/\/www.slugqueen.com\/es\/history\/\">Learn about the regal history<\/a><\/div>\n<\/div>\n<\/div>\n\n\n\n<div class=\"wp-block-column is-layout-flow wp-block-column-is-layout-flow\">\n<figure class=\"wp-block-image size-full\"><a href=\"https:\/\/www.slugqueen.com\/wp-content\/uploads\/2018\/08\/IMG_3938.jpg\"><img loading=\"lazy\" decoding=\"async\" width=\"2388\" height=\"2373\" src=\"https:\/\/www.slugqueen.com\/wp-content\/uploads\/2018\/08\/IMG_3938.jpg\" alt=\"\" class=\"wp-image-2150\" style=\"aspect-ratio:4\/3;object-fit:cover\" srcset=\"https:\/\/www.slugqueen.com\/wp-content\/uploads\/2018\/08\/IMG_3938.jpg 2388w, https:\/\/www.slugqueen.com\/wp-content\/uploads\/2018\/08\/IMG_3938-150x150.jpg 150w, https:\/\/www.slugqueen.com\/wp-content\/uploads\/2018\/08\/IMG_3938-300x298.jpg 300w, https:\/\/www.slugqueen.com\/wp-content\/uploads\/2018\/08\/IMG_3938-768x763.jpg 768w, https:\/\/www.slugqueen.com\/wp-content\/uploads\/2018\/08\/IMG_3938-1024x1018.jpg 1024w\" sizes=\"auto, (max-width: 2388px) 100vw, 2388px\" \/><\/a><\/figure>\n\n\n\n<div class=\"wp-block-buttons is-layout-flex wp-block-buttons-is-layout-flex\">\n<div class=\"wp-block-button\"><a class=\"wp-block-button__link wp-element-button\" href=\"https:\/\/www.slugqueen.com\/es\/media\/\">Enjoy slime media and fine art<\/a><\/div>\n<\/div>\n<\/div>\n<\/div>\n<\/div>\n\n\n\n<p>Los jueces est\u00e1n compuestos por reinas ancianas y una celebridad local invitada. Es esencial nunca dirigirse a una Reina Vieja como \"antigua\", \"pasada\" o \"retirada\", ya que el t\u00edtulo de Reina S.L.U.G. se conserva de por vida una vez que se gana.<\/p>\n\n\n\n<p>La concursante ganadora se convierte en la reina reinante inmediatamente despu\u00e9s de la coronaci\u00f3n. La reina del a\u00f1o anterior se convierte en una \u201cReina Antigua\u201d y asume los privilegios de las Reinas Antiguas, como los derechos de voto. Cada diez a\u00f1os se promueven Reinas Viejas durante las festividades de coronaci\u00f3n. Despu\u00e9s de una d\u00e9cada, se le otorga el t\u00edtulo de \u201cReina muy antigua\u201d. En el vig\u00e9simo aniversario de una reina se regala el t\u00edtulo de \u201cReina muy, muy vieja\u201d. Las reinas de tres d\u00e9cadas son honradas como una \u201cReina Extremadamente Vieja\u201d.&nbsp;<\/p>\n\n\n\n<p><strong>Una vez reina, siempre reina.<\/strong><\/p>\n\n\n\n<figure class=\"wp-block-gallery has-nested-images columns-3 is-cropped wp-block-gallery-2 is-layout-flex wp-block-gallery-is-layout-flex\">\n<figure class=\"wp-block-image size-large\"><a href=\"https:\/\/www.slugqueen.com\/wp-content\/uploads\/2022\/07\/DSC_0534_HeadshotsEugene-cropped-7-28-21.jpg\"><img loading=\"lazy\" decoding=\"async\" width=\"819\" height=\"1024\" data-id=\"2978\" src=\"https:\/\/www.slugqueen.com\/wp-content\/uploads\/2022\/07\/DSC_0534_HeadshotsEugene-cropped-7-28-21-819x1024.jpg\" alt=\"A person in a glowing green dress wields a glowing green staff which has a long-exposure effect giving the impression of it having been swirled in a circle\" class=\"wp-image-2978\" srcset=\"https:\/\/www.slugqueen.com\/wp-content\/uploads\/2022\/07\/DSC_0534_HeadshotsEugene-cropped-7-28-21-819x1024.jpg 819w, https:\/\/www.slugqueen.com\/wp-content\/uploads\/2022\/07\/DSC_0534_HeadshotsEugene-cropped-7-28-21-240x300.jpg 240w, https:\/\/www.slugqueen.com\/wp-content\/uploads\/2022\/07\/DSC_0534_HeadshotsEugene-cropped-7-28-21-768x960.jpg 768w, https:\/\/www.slugqueen.com\/wp-content\/uploads\/2022\/07\/DSC_0534_HeadshotsEugene-cropped-7-28-21-1229x1536.jpg 1229w, https:\/\/www.slugqueen.com\/wp-content\/uploads\/2022\/07\/DSC_0534_HeadshotsEugene-cropped-7-28-21.jpg 1638w\" sizes=\"auto, (max-width: 819px) 100vw, 819px\" \/><\/a><\/figure>\n\n\n\n<figure class=\"wp-block-image size-large\"><a href=\"https:\/\/www.slugqueen.com\/wp-content\/uploads\/2018\/08\/Screen-Shot-2018-08-12-at-9.33.37-AM.png\"><img loading=\"lazy\" decoding=\"async\" width=\"1024\" height=\"476\" data-id=\"1881\" src=\"https:\/\/www.slugqueen.com\/wp-content\/uploads\/2018\/08\/Screen-Shot-2018-08-12-at-9.33.37-AM-1024x476.png\" alt=\"\" class=\"wp-image-1881\" srcset=\"https:\/\/www.slugqueen.com\/wp-content\/uploads\/2018\/08\/Screen-Shot-2018-08-12-at-9.33.37-AM-1024x476.png 1024w, https:\/\/www.slugqueen.com\/wp-content\/uploads\/2018\/08\/Screen-Shot-2018-08-12-at-9.33.37-AM-300x140.png 300w, https:\/\/www.slugqueen.com\/wp-content\/uploads\/2018\/08\/Screen-Shot-2018-08-12-at-9.33.37-AM-768x357.png 768w\" sizes=\"auto, (max-width: 1024px) 100vw, 1024px\" \/><\/a><\/figure>\n\n\n\n<figure class=\"wp-block-image size-large\"><a href=\"https:\/\/www.slugqueen.com\/wp-content\/uploads\/2018\/08\/IMG_3675.jpg\"><img loading=\"lazy\" decoding=\"async\" width=\"1024\" height=\"805\" data-id=\"1733\" src=\"https:\/\/www.slugqueen.com\/wp-content\/uploads\/2018\/08\/IMG_3675-1024x805.jpg\" alt=\"\" class=\"wp-image-1733\" srcset=\"https:\/\/www.slugqueen.com\/wp-content\/uploads\/2018\/08\/IMG_3675-1024x805.jpg 1024w, https:\/\/www.slugqueen.com\/wp-content\/uploads\/2018\/08\/IMG_3675-300x236.jpg 300w, https:\/\/www.slugqueen.com\/wp-content\/uploads\/2018\/08\/IMG_3675-768x603.jpg 768w, https:\/\/www.slugqueen.com\/wp-content\/uploads\/2018\/08\/IMG_3675.jpg 2048w\" sizes=\"auto, (max-width: 1024px) 100vw, 1024px\" \/><\/a><\/figure>\n<\/figure>","protected":false},"excerpt":{"rendered":"<p>Eugene&#8217;s \u201craining\u201d SLUG Queen Sitara T. Slugshine, a.k.a. Joanie M. Starshine Kent, is Eugene&#8217;s 42nd SLUG Queen. A perennial contestant who finally has the crown, she plans to spread slime at local events and gatherings with elaborate costumes, silly songs, and a heart for all in our community.\u00a0 Queen Sitara was the runner-up at the [&hellip;]<\/p>\n","protected":false},"author":1,"featured_media":0,"parent":0,"menu_order":0,"comment_status":"open","ping_status":"open","template":"","meta":{"footnotes":""},"class_list":["post-22","page","type-page","status-publish","hentry"],"_links":{"self":[{"href":"https:\/\/www.slugqueen.com\/es\/wp-json\/wp\/v2\/pages\/22","targetHints":{"allow":["GET"]}}],"collection":[{"href":"https:\/\/www.slugqueen.com\/es\/wp-json\/wp\/v2\/pages"}],"about":[{"href":"https:\/\/www.slugqueen.com\/es\/wp-json\/wp\/v2\/types\/page"}],"author":[{"embeddable":true,"href":"https:\/\/www.slugqueen.com\/es\/wp-json\/wp\/v2\/users\/1"}],"replies":[{"embeddable":true,"href":"https:\/\/www.slugqueen.com\/es\/wp-json\/wp\/v2\/comments?post=22"}],"version-history":[{"count":5,"href":"https:\/\/www.slugqueen.com\/es\/wp-json\/wp\/v2\/pages\/22\/revisions"}],"predecessor-version":[{"id":3803,"href":"https:\/\/www.slugqueen.com\/es\/wp-json\/wp\/v2\/pages\/22\/revisions\/3803"}],"wp:attachment":[{"href":"https:\/\/www.slugqueen.com\/es\/wp-json\/wp\/v2\/media?parent=22"}],"curies":[{"name":"wp","href":"https:\/\/api.w.org\/{rel}","templated":true}]}}