{"id":3004,"date":"2022-07-27T17:43:08","date_gmt":"2022-07-28T00:43:08","guid":{"rendered":"http:\/\/www.slugqueen.com\/?page_id=3004"},"modified":"2023-09-08T15:02:17","modified_gmt":"2023-09-08T22:02:17","slug":"2019-2020-queen-slugoddess-slime-shine","status":"publish","type":"page","link":"https:\/\/www.slugqueen.com\/es\/queens-of-lore\/2019-2020-queen-slugoddess-slime-shine\/","title":{"rendered":"2019\/2020 S.L.U.G. Queen SluGoddess Slime Shine"},"content":{"rendered":"<figure class=\"wp-block-image size-large\"><a href=\"http:\/\/www.slugqueen.com\/wp-content\/uploads\/2022\/07\/DSC_0534_HeadshotsEugene-cropped-7-28-21.jpg\"><img loading=\"lazy\" decoding=\"async\" width=\"819\" height=\"1024\" src=\"http:\/\/www.slugqueen.com\/wp-content\/uploads\/2022\/07\/DSC_0534_HeadshotsEugene-cropped-7-28-21-819x1024.jpg\" alt=\"A person in a glowing green dress wields a glowing green staff which has a long-exposure effect giving the impression of it having been swirled in a circle\" class=\"wp-image-2978\" srcset=\"https:\/\/www.slugqueen.com\/wp-content\/uploads\/2022\/07\/DSC_0534_HeadshotsEugene-cropped-7-28-21-819x1024.jpg 819w, https:\/\/www.slugqueen.com\/wp-content\/uploads\/2022\/07\/DSC_0534_HeadshotsEugene-cropped-7-28-21-240x300.jpg 240w, https:\/\/www.slugqueen.com\/wp-content\/uploads\/2022\/07\/DSC_0534_HeadshotsEugene-cropped-7-28-21-768x960.jpg 768w, https:\/\/www.slugqueen.com\/wp-content\/uploads\/2022\/07\/DSC_0534_HeadshotsEugene-cropped-7-28-21-1229x1536.jpg 1229w, https:\/\/www.slugqueen.com\/wp-content\/uploads\/2022\/07\/DSC_0534_HeadshotsEugene-cropped-7-28-21.jpg 1638w\" sizes=\"auto, (max-width: 819px) 100vw, 819px\" \/><\/a><\/figure>\n\n\n\n<p>SluGoddess Slime Shine, tambi\u00e9n conocida como Jenette Kime, es la \u00fanica Reina S.L.U.G. en servir durante dos a\u00f1os consecutivos.<br><br>\u00a1Gracias COVID!<br><br>En su coronaci\u00f3n, el disfraz de SluGoddess Slime Shine ten\u00eda que ver con el reciclaje: su extravagante vestido verde y rosa estaba hecho con materiales desechados que se encontraban en las tiendas de segunda mano locales Goodwill y St. Vincent de Paul. Su cetro, tambi\u00e9n muy extravagante, estaba hecho de materiales reciclados, a partir de un balaustre (un poste de escalera) del que colgaban tapas de botellas. Nadie est\u00e1 muy seguro de qu\u00e9 estaban hechos sus tacones de 5 pulgadas. Para distraerse de su canto, Slime Shine decidi\u00f3 organizar un mini desfile, invitando a la audiencia a unirse. Esto plant\u00f3 las semillas de su sue\u00f1o de revitalizar el desfile anual EUG en todo su esplendor. Tambi\u00e9n planea resucitar literalmente la cabeza de la babosa original que \u201cmuri\u00f3\u201d en un accidente en Beltline Road. Mientras llevaban al almac\u00e9n la babosa con forma de drag\u00f3n chino, que ha aparecido en interminables desfiles de la Celebraci\u00f3n de Eugene, la cabeza de la babosa se cay\u00f3 del veh\u00edculo y el gaster\u00f3podo fue, afortunadamente, \"dejado\".<\/p>","protected":false},"excerpt":{"rendered":"<p>SluGoddess Slime Shine, AKA Jenette Kime, is the only SLUG Queen to serve for two consecutive years. Thanks, COVID! At her coronation, SluGoddess Slime Shine costume was all about upcycling \u2013 her extravagant green and pink dress was made from discarded materials found in local Goodwill and St. Vincent de Paul thrift stores. Her scepter, [&hellip;]<\/p>\n","protected":false},"author":7,"featured_media":0,"parent":42,"menu_order":0,"comment_status":"closed","ping_status":"closed","template":"","meta":{"footnotes":""},"class_list":["post-3004","page","type-page","status-publish","hentry"],"_links":{"self":[{"href":"https:\/\/www.slugqueen.com\/es\/wp-json\/wp\/v2\/pages\/3004","targetHints":{"allow":["GET"]}}],"collection":[{"href":"https:\/\/www.slugqueen.com\/es\/wp-json\/wp\/v2\/pages"}],"about":[{"href":"https:\/\/www.slugqueen.com\/es\/wp-json\/wp\/v2\/types\/page"}],"author":[{"embeddable":true,"href":"https:\/\/www.slugqueen.com\/es\/wp-json\/wp\/v2\/users\/7"}],"replies":[{"embeddable":true,"href":"https:\/\/www.slugqueen.com\/es\/wp-json\/wp\/v2\/comments?post=3004"}],"version-history":[{"count":2,"href":"https:\/\/www.slugqueen.com\/es\/wp-json\/wp\/v2\/pages\/3004\/revisions"}],"predecessor-version":[{"id":3413,"href":"https:\/\/www.slugqueen.com\/es\/wp-json\/wp\/v2\/pages\/3004\/revisions\/3413"}],"up":[{"embeddable":true,"href":"https:\/\/www.slugqueen.com\/es\/wp-json\/wp\/v2\/pages\/42"}],"wp:attachment":[{"href":"https:\/\/www.slugqueen.com\/es\/wp-json\/wp\/v2\/media?parent=3004"}],"curies":[{"name":"wp","href":"https:\/\/api.w.org\/{rel}","templated":true}]}}