{"id":3371,"date":"2023-08-10T00:07:49","date_gmt":"2023-08-10T07:07:49","guid":{"rendered":"https:\/\/www.slugqueen.com\/?page_id=3371"},"modified":"2023-09-08T14:48:00","modified_gmt":"2023-09-08T21:48:00","slug":"2022-slug-queen-sativa","status":"publish","type":"page","link":"https:\/\/www.slugqueen.com\/es\/queens-of-lore\/2022-slug-queen-sativa\/","title":{"rendered":"2022 SLUG Queen Sativa"},"content":{"rendered":"<h2 class=\"wp-block-heading\">Reina de lo raro y la hierba<\/h2>\n\n\n\n<figure class=\"wp-block-gallery has-nested-images columns-default is-cropped wp-block-gallery-1 is-layout-flex wp-block-gallery-is-layout-flex\">\n<figure class=\"wp-block-image size-large\"><a href=\"https:\/\/www.slugqueen.com\/wp-content\/uploads\/2023\/08\/queen-sativa-behind-rock-wall.jpg\"><img loading=\"lazy\" decoding=\"async\" width=\"934\" height=\"1024\" data-id=\"3369\" src=\"https:\/\/www.slugqueen.com\/wp-content\/uploads\/2023\/08\/queen-sativa-behind-rock-wall-934x1024.jpg\" alt=\"\" class=\"wp-image-3369\" srcset=\"https:\/\/www.slugqueen.com\/wp-content\/uploads\/2023\/08\/queen-sativa-behind-rock-wall-934x1024.jpg 934w, https:\/\/www.slugqueen.com\/wp-content\/uploads\/2023\/08\/queen-sativa-behind-rock-wall-274x300.jpg 274w, https:\/\/www.slugqueen.com\/wp-content\/uploads\/2023\/08\/queen-sativa-behind-rock-wall-768x842.jpg 768w, https:\/\/www.slugqueen.com\/wp-content\/uploads\/2023\/08\/queen-sativa-behind-rock-wall-1402x1536.jpg 1402w, https:\/\/www.slugqueen.com\/wp-content\/uploads\/2023\/08\/queen-sativa-behind-rock-wall-11x12.jpg 11w, https:\/\/www.slugqueen.com\/wp-content\/uploads\/2023\/08\/queen-sativa-behind-rock-wall.jpg 1440w\" sizes=\"auto, (max-width: 934px) 100vw, 934px\" \/><\/a><\/figure>\n\n\n\n<figure class=\"wp-block-image size-large\"><a href=\"https:\/\/www.slugqueen.com\/wp-content\/uploads\/2023\/08\/queen-sativa-angry-standoff-scaled.jpg\"><img loading=\"lazy\" decoding=\"async\" width=\"1024\" height=\"768\" data-id=\"3368\" src=\"https:\/\/www.slugqueen.com\/wp-content\/uploads\/2023\/08\/queen-sativa-angry-standoff-1024x768.jpg\" alt=\"\" class=\"wp-image-3368\" srcset=\"https:\/\/www.slugqueen.com\/wp-content\/uploads\/2023\/08\/queen-sativa-angry-standoff-1024x768.jpg 1024w, https:\/\/www.slugqueen.com\/wp-content\/uploads\/2023\/08\/queen-sativa-angry-standoff-300x225.jpg 300w, https:\/\/www.slugqueen.com\/wp-content\/uploads\/2023\/08\/queen-sativa-angry-standoff-768x576.jpg 768w, https:\/\/www.slugqueen.com\/wp-content\/uploads\/2023\/08\/queen-sativa-angry-standoff-1536x1152.jpg 1536w\" sizes=\"auto, (max-width: 1024px) 100vw, 1024px\" \/><\/a><\/figure>\n<\/figure>\n\n\n\n<p>Cuando Alyssa Buttons-Garten se mud\u00f3 a Eugene en 2011, uno de los primeros eventos a los que asisti\u00f3 fue la Coronaci\u00f3n de la Reina S.L.U.G. durante la Celebraci\u00f3n de Eugene. Y a partir de ese momento, supo que el reinado viscoso estaba en su futuro. Y en 2022, cuando el SLUG Queen Competition y la Coronaci\u00f3n cumplan 40 a\u00f1os de existencia, Alyssa Buttons adopt\u00f3 un nuevo apodo viscoso: Queen Sativa Slugworth y se convirti\u00f3 en la Reina Rub\u00ed. Bajo un paraguas de autenticidad a trav\u00e9s de rarezas y vulnerabilidad, Queen Sativa intenta ser una voz para los bichos raros, las ovejas negras y los marginados. Pero m\u00e1s all\u00e1 de lo extra\u00f1o, se encuentra el coraz\u00f3n de un activista. Durante su a\u00f1o de lluvias, Queen Sativa recaud\u00f3 dinero para The Last Prisoner Project. The Last Prisoner Project es una organizaci\u00f3n sin fines de lucro cuyo objetivo es sacar de prisi\u00f3n a todos los infractores no violentos relacionados con el cannabis. Recaudaci\u00f3n de fondos a trav\u00e9s de diversos m\u00e9todos; espect\u00e1culos burlescos para recaudar fondos (con varios art\u00edculos de rifa donados por Old Queens), recaudaci\u00f3n de fondos en el lugar de trabajo y trabajo con la Corte Imperial del Imperio Esmeralda para organizar un Bowl-a-Thon. Esta Reina siempre est\u00e1 lista para festejar con un prop\u00f3sito.<\/p>\n\n\n\n<p>Al ser apodada \"La Reina de lo Raro\" por Eugene Weekly, Queen Sativa usa bien el t\u00edtulo y espera alentar a todos los que conoce a tener su propio sabor de lo raro. \u00c9rase una vez, el t\u00edtulo \"extra\u00f1o\" era un lugar de verg\u00fcenza para esta Reina, pero la vida, el amor y la p\u00e9rdida han dado paso a que su verdadero yo brille sin dudarlo. En l\u00ednea, Queen Sativa tiene un gran n\u00famero de seguidores en las redes sociales e intenta utilizar su plataforma para el bien de todos. Incluso organizando un grupo de apoyo mensual para bichos raros en Zoom con personas de todo el mundo. La autenticidad a trav\u00e9s de la vulnerabilidad es el c\u00f3digo por el que vive esta Reina.<\/p>\n\n\n\n<figure class=\"wp-block-gallery has-nested-images columns-default is-cropped wp-block-gallery-2 is-layout-flex wp-block-gallery-is-layout-flex\">\n<figure class=\"wp-block-image size-large\"><a href=\"https:\/\/www.slugqueen.com\/wp-content\/uploads\/2023\/08\/queen-sativa-porthole-scaled.jpg\"><img loading=\"lazy\" decoding=\"async\" width=\"768\" height=\"1024\" data-id=\"3376\" src=\"https:\/\/www.slugqueen.com\/wp-content\/uploads\/2023\/08\/queen-sativa-porthole-768x1024.jpg\" alt=\"\" class=\"wp-image-3376\" srcset=\"https:\/\/www.slugqueen.com\/wp-content\/uploads\/2023\/08\/queen-sativa-porthole-768x1024.jpg 768w, https:\/\/www.slugqueen.com\/wp-content\/uploads\/2023\/08\/queen-sativa-porthole-225x300.jpg 225w, https:\/\/www.slugqueen.com\/wp-content\/uploads\/2023\/08\/queen-sativa-porthole-1152x1536.jpg 1152w, https:\/\/www.slugqueen.com\/wp-content\/uploads\/2023\/08\/queen-sativa-porthole-scaled.jpg 1920w\" sizes=\"auto, (max-width: 768px) 100vw, 768px\" \/><\/a><\/figure>\n\n\n\n<figure class=\"wp-block-image size-large\"><a href=\"https:\/\/www.slugqueen.com\/wp-content\/uploads\/2023\/08\/queen-sativa-quad-pics.jpg\"><img loading=\"lazy\" decoding=\"async\" width=\"1024\" height=\"1024\" data-id=\"3377\" src=\"https:\/\/www.slugqueen.com\/wp-content\/uploads\/2023\/08\/queen-sativa-quad-pics-1024x1024.jpg\" alt=\"\" class=\"wp-image-3377\" srcset=\"https:\/\/www.slugqueen.com\/wp-content\/uploads\/2023\/08\/queen-sativa-quad-pics-1024x1024.jpg 1024w, https:\/\/www.slugqueen.com\/wp-content\/uploads\/2023\/08\/queen-sativa-quad-pics-300x300.jpg 300w, https:\/\/www.slugqueen.com\/wp-content\/uploads\/2023\/08\/queen-sativa-quad-pics-150x150.jpg 150w, https:\/\/www.slugqueen.com\/wp-content\/uploads\/2023\/08\/queen-sativa-quad-pics-768x768.jpg 768w, https:\/\/www.slugqueen.com\/wp-content\/uploads\/2023\/08\/queen-sativa-quad-pics-1536x1536.jpg 1536w, https:\/\/www.slugqueen.com\/wp-content\/uploads\/2023\/08\/queen-sativa-quad-pics-12x12.jpg 12w, https:\/\/www.slugqueen.com\/wp-content\/uploads\/2023\/08\/queen-sativa-quad-pics.jpg 2048w\" sizes=\"auto, (max-width: 1024px) 100vw, 1024px\" \/><\/a><\/figure>\n\n\n\n<figure class=\"wp-block-image size-large\"><a href=\"https:\/\/www.slugqueen.com\/wp-content\/uploads\/2023\/08\/queen-sativa-hot-dog-friends.jpg\"><img loading=\"lazy\" decoding=\"async\" width=\"823\" height=\"1024\" data-id=\"3375\" src=\"https:\/\/www.slugqueen.com\/wp-content\/uploads\/2023\/08\/queen-sativa-hot-dog-friends-823x1024.jpg\" alt=\"\" class=\"wp-image-3375\" srcset=\"https:\/\/www.slugqueen.com\/wp-content\/uploads\/2023\/08\/queen-sativa-hot-dog-friends-823x1024.jpg 823w, https:\/\/www.slugqueen.com\/wp-content\/uploads\/2023\/08\/queen-sativa-hot-dog-friends-241x300.jpg 241w, https:\/\/www.slugqueen.com\/wp-content\/uploads\/2023\/08\/queen-sativa-hot-dog-friends-768x955.jpg 768w, https:\/\/www.slugqueen.com\/wp-content\/uploads\/2023\/08\/queen-sativa-hot-dog-friends-1235x1536.jpg 1235w, https:\/\/www.slugqueen.com\/wp-content\/uploads\/2023\/08\/queen-sativa-hot-dog-friends-10x12.jpg 10w, https:\/\/www.slugqueen.com\/wp-content\/uploads\/2023\/08\/queen-sativa-hot-dog-friends.jpg 1440w\" sizes=\"auto, (max-width: 823px) 100vw, 823px\" \/><\/a><\/figure>\n\n\n\n<figure class=\"wp-block-image size-large\"><a href=\"https:\/\/www.slugqueen.com\/wp-content\/uploads\/2023\/08\/queen-sativa-friends-selfie.jpg\"><img loading=\"lazy\" decoding=\"async\" width=\"1024\" height=\"769\" data-id=\"3374\" src=\"https:\/\/www.slugqueen.com\/wp-content\/uploads\/2023\/08\/queen-sativa-friends-selfie-1024x769.jpg\" alt=\"\" class=\"wp-image-3374\" srcset=\"https:\/\/www.slugqueen.com\/wp-content\/uploads\/2023\/08\/queen-sativa-friends-selfie-1024x769.jpg 1024w, https:\/\/www.slugqueen.com\/wp-content\/uploads\/2023\/08\/queen-sativa-friends-selfie-300x225.jpg 300w, https:\/\/www.slugqueen.com\/wp-content\/uploads\/2023\/08\/queen-sativa-friends-selfie-768x577.jpg 768w, https:\/\/www.slugqueen.com\/wp-content\/uploads\/2023\/08\/queen-sativa-friends-selfie-16x12.jpg 16w, https:\/\/www.slugqueen.com\/wp-content\/uploads\/2023\/08\/queen-sativa-friends-selfie.jpg 1440w\" sizes=\"auto, (max-width: 1024px) 100vw, 1024px\" \/><\/a><\/figure>\n<\/figure>\n\n\n\n<p>Durante su a\u00f1o de lluvias, Queen Sativa pudo asistir a muchos eventos locales incre\u00edbles. Tomando el t\u00edtulo de Gran Mariscal del desfile de mascotas disfrazadas durante Halloween, dando una presentaci\u00f3n sobre Weirdo Pride con KLCC Friends of the City, dando la bendici\u00f3n para el Jello Art Festival y m\u00e1s.<\/p>\n\n\n\n<p>Con el apoyo de su consorte humano, Kyle, y el amor de sus hijos, Queen Sativa continuar\u00e1 con su trabajo viscoso mientras apoya a cada nueva Reina por venir.<\/p>","protected":false},"excerpt":{"rendered":"<p>Queen of Weird and Weed When Alyssa Buttons-Garten moved to Eugene in 2011, one of the first events she attended was the Slug Queen Coronation during the Eugene Celebration.&nbsp; And from that moment on, she knew slimy&nbsp;queendom was in her future. And come 2022, the SLUG Queen Competition and Coronation 40th year in existence, Alyssa [&hellip;]<\/p>\n","protected":false},"author":17,"featured_media":0,"parent":42,"menu_order":0,"comment_status":"closed","ping_status":"closed","template":"","meta":{"footnotes":""},"class_list":["post-3371","page","type-page","status-publish","hentry"],"_links":{"self":[{"href":"https:\/\/www.slugqueen.com\/es\/wp-json\/wp\/v2\/pages\/3371","targetHints":{"allow":["GET"]}}],"collection":[{"href":"https:\/\/www.slugqueen.com\/es\/wp-json\/wp\/v2\/pages"}],"about":[{"href":"https:\/\/www.slugqueen.com\/es\/wp-json\/wp\/v2\/types\/page"}],"author":[{"embeddable":true,"href":"https:\/\/www.slugqueen.com\/es\/wp-json\/wp\/v2\/users\/17"}],"replies":[{"embeddable":true,"href":"https:\/\/www.slugqueen.com\/es\/wp-json\/wp\/v2\/comments?post=3371"}],"version-history":[{"count":5,"href":"https:\/\/www.slugqueen.com\/es\/wp-json\/wp\/v2\/pages\/3371\/revisions"}],"predecessor-version":[{"id":3412,"href":"https:\/\/www.slugqueen.com\/es\/wp-json\/wp\/v2\/pages\/3371\/revisions\/3412"}],"up":[{"embeddable":true,"href":"https:\/\/www.slugqueen.com\/es\/wp-json\/wp\/v2\/pages\/42"}],"wp:attachment":[{"href":"https:\/\/www.slugqueen.com\/es\/wp-json\/wp\/v2\/media?parent=3371"}],"curies":[{"name":"wp","href":"https:\/\/api.w.org\/{rel}","templated":true}]}}