{"id":3390,"date":"2023-08-14T17:50:08","date_gmt":"2023-08-15T00:50:08","guid":{"rendered":"https:\/\/www.slugqueen.com\/?page_id=3390"},"modified":"2024-06-13T13:20:19","modified_gmt":"2024-06-13T20:20:19","slug":"2023-queen-jubilee-hedonisto","status":"publish","type":"page","link":"https:\/\/www.slugqueen.com\/es\/queens-of-lore\/2023-queen-jubilee-hedonisto\/","title":{"rendered":"2023 Queen Jubilee Hedonisto"},"content":{"rendered":"<p>Conoce a la reina Jubilee Hedonisto: \u00a1la alegre babosa monarca de Eugenio!<\/p>\n\n\n\n<figure class=\"wp-block-image size-large is-resized\"><a href=\"https:\/\/www.slugqueen.com\/wp-content\/uploads\/2023\/08\/2023-08-11-20.35.27-scaled.jpg\"><img loading=\"lazy\" decoding=\"async\" width=\"768\" height=\"1024\" src=\"https:\/\/www.slugqueen.com\/wp-content\/uploads\/2023\/08\/2023-08-11-20.35.27-768x1024.jpg\" alt=\"\" class=\"wp-image-3394\" style=\"aspect-ratio:0.75;width:421px;height:auto\" srcset=\"https:\/\/www.slugqueen.com\/wp-content\/uploads\/2023\/08\/2023-08-11-20.35.27-768x1024.jpg 768w, https:\/\/www.slugqueen.com\/wp-content\/uploads\/2023\/08\/2023-08-11-20.35.27-225x300.jpg 225w, https:\/\/www.slugqueen.com\/wp-content\/uploads\/2023\/08\/2023-08-11-20.35.27-1152x1536.jpg 1152w, https:\/\/www.slugqueen.com\/wp-content\/uploads\/2023\/08\/2023-08-11-20.35.27-scaled.jpg 1920w\" sizes=\"auto, (max-width: 768px) 100vw, 768px\" \/><\/a><\/figure>\n\n\n\n<p>Puesto 41 en una l\u00ednea de salvajes Slug Queens, la misi\u00f3n de Jubilee es simple: \u00a1divi\u00e9rtete y aseg\u00farate de que todos los dem\u00e1s tambi\u00e9n lo hagan!<\/p>\n\n\n\n<p>Durante el d\u00eda, Jubilee se conoce como Jilynn. Mientras crec\u00eda, luch\u00f3 contra frustrantes desaf\u00edos personales y sociales, pero con el apoyo de su familia, amigos y mucha terapia, ahora se siente completamente radiante. Aceptando su singularidad, decidi\u00f3 salir a la luz p\u00fablica y competir por la corona.<\/p>\n\n\n\n<figure class=\"wp-block-gallery has-nested-images columns-default is-cropped wp-block-gallery-1 is-layout-flex wp-block-gallery-is-layout-flex\">\n<figure class=\"wp-block-image size-large\"><a href=\"https:\/\/www.slugqueen.com\/wp-content\/uploads\/2023\/11\/Jubilee-Hedonisto-IMG_20230811_224019515-scaled.jpg\"><img loading=\"lazy\" decoding=\"async\" width=\"768\" height=\"1024\" data-id=\"3479\" src=\"https:\/\/www.slugqueen.com\/wp-content\/uploads\/2023\/11\/Jubilee-Hedonisto-IMG_20230811_224019515-768x1024.jpg\" alt=\"\" class=\"wp-image-3479\" srcset=\"https:\/\/www.slugqueen.com\/wp-content\/uploads\/2023\/11\/Jubilee-Hedonisto-IMG_20230811_224019515-768x1024.jpg 768w, https:\/\/www.slugqueen.com\/wp-content\/uploads\/2023\/11\/Jubilee-Hedonisto-IMG_20230811_224019515-225x300.jpg 225w, https:\/\/www.slugqueen.com\/wp-content\/uploads\/2023\/11\/Jubilee-Hedonisto-IMG_20230811_224019515-1152x1536.jpg 1152w, https:\/\/www.slugqueen.com\/wp-content\/uploads\/2023\/11\/Jubilee-Hedonisto-IMG_20230811_224019515-scaled.jpg 1920w\" sizes=\"auto, (max-width: 768px) 100vw, 768px\" \/><\/a><\/figure>\n\n\n\n<figure class=\"wp-block-image size-large\"><a href=\"https:\/\/www.slugqueen.com\/wp-content\/uploads\/2023\/11\/Jubilee-Hedonisto-2023-10-14_180651-scaled.jpg\"><img loading=\"lazy\" decoding=\"async\" width=\"1024\" height=\"790\" data-id=\"3473\" src=\"https:\/\/www.slugqueen.com\/wp-content\/uploads\/2023\/11\/Jubilee-Hedonisto-2023-10-14_180651-1024x790.jpg\" alt=\"\" class=\"wp-image-3473\" srcset=\"https:\/\/www.slugqueen.com\/wp-content\/uploads\/2023\/11\/Jubilee-Hedonisto-2023-10-14_180651-1024x790.jpg 1024w, https:\/\/www.slugqueen.com\/wp-content\/uploads\/2023\/11\/Jubilee-Hedonisto-2023-10-14_180651-300x231.jpg 300w, https:\/\/www.slugqueen.com\/wp-content\/uploads\/2023\/11\/Jubilee-Hedonisto-2023-10-14_180651-768x592.jpg 768w, https:\/\/www.slugqueen.com\/wp-content\/uploads\/2023\/11\/Jubilee-Hedonisto-2023-10-14_180651-1536x1184.jpg 1536w\" sizes=\"auto, (max-width: 1024px) 100vw, 1024px\" \/><\/a><\/figure>\n\n\n\n<figure class=\"wp-block-image size-large\"><a href=\"https:\/\/www.slugqueen.com\/wp-content\/uploads\/2023\/11\/Jubilee-Hedonisto-FB_IMG_1692032007091.jpg\"><img loading=\"lazy\" decoding=\"async\" width=\"814\" height=\"1024\" data-id=\"3478\" src=\"https:\/\/www.slugqueen.com\/wp-content\/uploads\/2023\/11\/Jubilee-Hedonisto-FB_IMG_1692032007091-814x1024.jpg\" alt=\"\" class=\"wp-image-3478\" srcset=\"https:\/\/www.slugqueen.com\/wp-content\/uploads\/2023\/11\/Jubilee-Hedonisto-FB_IMG_1692032007091-814x1024.jpg 814w, https:\/\/www.slugqueen.com\/wp-content\/uploads\/2023\/11\/Jubilee-Hedonisto-FB_IMG_1692032007091-238x300.jpg 238w, https:\/\/www.slugqueen.com\/wp-content\/uploads\/2023\/11\/Jubilee-Hedonisto-FB_IMG_1692032007091-768x966.jpg 768w, https:\/\/www.slugqueen.com\/wp-content\/uploads\/2023\/11\/Jubilee-Hedonisto-FB_IMG_1692032007091-10x12.jpg 10w, https:\/\/www.slugqueen.com\/wp-content\/uploads\/2023\/11\/Jubilee-Hedonisto-FB_IMG_1692032007091.jpg 1080w\" sizes=\"auto, (max-width: 814px) 100vw, 814px\" \/><\/a><\/figure>\n\n\n\n<figure class=\"wp-block-image size-large\"><a href=\"https:\/\/www.slugqueen.com\/wp-content\/uploads\/2023\/11\/Jubilee-Hedonisto-IMG_20230812_111501187-scaled.jpg\"><img loading=\"lazy\" decoding=\"async\" width=\"768\" height=\"1024\" data-id=\"3480\" src=\"https:\/\/www.slugqueen.com\/wp-content\/uploads\/2023\/11\/Jubilee-Hedonisto-IMG_20230812_111501187-768x1024.jpg\" alt=\"\" class=\"wp-image-3480\" srcset=\"https:\/\/www.slugqueen.com\/wp-content\/uploads\/2023\/11\/Jubilee-Hedonisto-IMG_20230812_111501187-768x1024.jpg 768w, https:\/\/www.slugqueen.com\/wp-content\/uploads\/2023\/11\/Jubilee-Hedonisto-IMG_20230812_111501187-225x300.jpg 225w, https:\/\/www.slugqueen.com\/wp-content\/uploads\/2023\/11\/Jubilee-Hedonisto-IMG_20230812_111501187-1152x1536.jpg 1152w, https:\/\/www.slugqueen.com\/wp-content\/uploads\/2023\/11\/Jubilee-Hedonisto-IMG_20230812_111501187-scaled.jpg 1920w\" sizes=\"auto, (max-width: 768px) 100vw, 768px\" \/><\/a><\/figure>\n<\/figure>\n\n\n\n<p class=\"translation-block\">Jilynn construy\u00f3 su persona en torno al activismo por placer, creyendo que una comunidad que juega unida puede enfrentar mejor los desaf\u00edos junta. Como Jubilee, apoya con orgullo a las organizaciones locales sin fines de lucro, especialmente la <a href=\"https:\/\/burritobrigade.org\/\" target=\"_self\">Burrito Brigade (brigada de burritos)<\/a>, que reduce el desperdicio de alimentos y alimenta a la comunidad.<\/p>\n\n\n\n<figure class=\"wp-block-image size-large is-resized\"><a href=\"https:\/\/www.slugqueen.com\/wp-content\/uploads\/2023\/11\/Jubilee-Hedonisto-2023-11-05_140744-scaled.jpg\"><img loading=\"lazy\" decoding=\"async\" width=\"768\" height=\"1024\" src=\"https:\/\/www.slugqueen.com\/wp-content\/uploads\/2023\/11\/Jubilee-Hedonisto-2023-11-05_140744-768x1024.jpg\" alt=\"\" class=\"wp-image-3477\" style=\"aspect-ratio:0.75;width:414px;height:auto\" srcset=\"https:\/\/www.slugqueen.com\/wp-content\/uploads\/2023\/11\/Jubilee-Hedonisto-2023-11-05_140744-768x1024.jpg 768w, https:\/\/www.slugqueen.com\/wp-content\/uploads\/2023\/11\/Jubilee-Hedonisto-2023-11-05_140744-225x300.jpg 225w, https:\/\/www.slugqueen.com\/wp-content\/uploads\/2023\/11\/Jubilee-Hedonisto-2023-11-05_140744-1152x1536.jpg 1152w, https:\/\/www.slugqueen.com\/wp-content\/uploads\/2023\/11\/Jubilee-Hedonisto-2023-11-05_140744-scaled.jpg 1920w\" sizes=\"auto, (max-width: 768px) 100vw, 768px\" \/><\/a><\/figure>\n\n\n\n<p>Jubilee sabe que la vida no es s\u00f3lo una baba en el parque, pero defiende la idea de que la alegr\u00eda y el placer son formas supremas de resistencia e inclusi\u00f3n, y que incluso los peque\u00f1os actos de bondad pueden tener un gran impacto.<\/p>\n\n\n\n<p class=\"translation-block\">Jilynn trabaja en la <a href=\"https:\/\/www.eugene-or.gov\/4422\/Eugene-Public-Library\" target=\"_self\">biblioteca p\u00fablica de Eugene<\/a> y encuentra humor en los esfuerzos de la ciudad por funcionar. . Le encanta que su trabajo se alinee con sus valores y sirva a la comunidad. Eugene est\u00e1 lleno de gente apasionada y atenta, y Jubilee anima a todos a celebrar nuestros \u00e9xitos y crear una comunidad pr\u00f3spera.<\/p>\n\n\n\n<figure class=\"wp-block-gallery has-nested-images columns-default is-cropped wp-block-gallery-2 is-layout-flex wp-block-gallery-is-layout-flex\">\n<figure class=\"wp-block-image size-large\"><a href=\"https:\/\/www.slugqueen.com\/wp-content\/uploads\/2023\/11\/Jubilee-Hedonisto-Screenshot_20231109_174619_Photos.jpg\"><img loading=\"lazy\" decoding=\"async\" width=\"775\" height=\"1024\" data-id=\"3482\" src=\"https:\/\/www.slugqueen.com\/wp-content\/uploads\/2023\/11\/Jubilee-Hedonisto-Screenshot_20231109_174619_Photos-775x1024.jpg\" alt=\"\" class=\"wp-image-3482\" srcset=\"https:\/\/www.slugqueen.com\/wp-content\/uploads\/2023\/11\/Jubilee-Hedonisto-Screenshot_20231109_174619_Photos-775x1024.jpg 775w, https:\/\/www.slugqueen.com\/wp-content\/uploads\/2023\/11\/Jubilee-Hedonisto-Screenshot_20231109_174619_Photos-227x300.jpg 227w, https:\/\/www.slugqueen.com\/wp-content\/uploads\/2023\/11\/Jubilee-Hedonisto-Screenshot_20231109_174619_Photos-768x1015.jpg 768w, https:\/\/www.slugqueen.com\/wp-content\/uploads\/2023\/11\/Jubilee-Hedonisto-Screenshot_20231109_174619_Photos-9x12.jpg 9w, https:\/\/www.slugqueen.com\/wp-content\/uploads\/2023\/11\/Jubilee-Hedonisto-Screenshot_20231109_174619_Photos.jpg 1079w\" sizes=\"auto, (max-width: 775px) 100vw, 775px\" \/><\/a><\/figure>\n\n\n\n<figure class=\"wp-block-image size-large\"><a href=\"https:\/\/www.slugqueen.com\/wp-content\/uploads\/2023\/11\/Jubilee-Hedonisto-IMG_20231015_103638.jpg\"><img loading=\"lazy\" decoding=\"async\" width=\"1024\" height=\"684\" data-id=\"3481\" src=\"https:\/\/www.slugqueen.com\/wp-content\/uploads\/2023\/11\/Jubilee-Hedonisto-IMG_20231015_103638-1024x684.jpg\" alt=\"\" class=\"wp-image-3481\" srcset=\"https:\/\/www.slugqueen.com\/wp-content\/uploads\/2023\/11\/Jubilee-Hedonisto-IMG_20231015_103638-1024x684.jpg 1024w, https:\/\/www.slugqueen.com\/wp-content\/uploads\/2023\/11\/Jubilee-Hedonisto-IMG_20231015_103638-300x200.jpg 300w, https:\/\/www.slugqueen.com\/wp-content\/uploads\/2023\/11\/Jubilee-Hedonisto-IMG_20231015_103638-768x513.jpg 768w, https:\/\/www.slugqueen.com\/wp-content\/uploads\/2023\/11\/Jubilee-Hedonisto-IMG_20231015_103638-18x12.jpg 18w, https:\/\/www.slugqueen.com\/wp-content\/uploads\/2023\/11\/Jubilee-Hedonisto-IMG_20231015_103638.jpg 1320w\" sizes=\"auto, (max-width: 1024px) 100vw, 1024px\" \/><\/a><\/figure>\n\n\n\n<figure class=\"wp-block-image size-large\"><a href=\"https:\/\/www.slugqueen.com\/wp-content\/uploads\/2023\/11\/Jubilee-Hedonisto-2023-10-29_123252-scaled.jpg\"><img loading=\"lazy\" decoding=\"async\" width=\"768\" height=\"1024\" data-id=\"3476\" src=\"https:\/\/www.slugqueen.com\/wp-content\/uploads\/2023\/11\/Jubilee-Hedonisto-2023-10-29_123252-768x1024.jpg\" alt=\"\" class=\"wp-image-3476\" srcset=\"https:\/\/www.slugqueen.com\/wp-content\/uploads\/2023\/11\/Jubilee-Hedonisto-2023-10-29_123252-768x1024.jpg 768w, https:\/\/www.slugqueen.com\/wp-content\/uploads\/2023\/11\/Jubilee-Hedonisto-2023-10-29_123252-225x300.jpg 225w, https:\/\/www.slugqueen.com\/wp-content\/uploads\/2023\/11\/Jubilee-Hedonisto-2023-10-29_123252-1152x1536.jpg 1152w, https:\/\/www.slugqueen.com\/wp-content\/uploads\/2023\/11\/Jubilee-Hedonisto-2023-10-29_123252-scaled.jpg 1920w\" sizes=\"auto, (max-width: 768px) 100vw, 768px\" \/><\/a><\/figure>\n\n\n\n<figure class=\"wp-block-image size-large\"><a href=\"https:\/\/www.slugqueen.com\/wp-content\/uploads\/2023\/11\/Jubilee-Hedonisto-2023-10-14_190943-scaled.jpg\"><img loading=\"lazy\" decoding=\"async\" width=\"1024\" height=\"768\" data-id=\"3474\" src=\"https:\/\/www.slugqueen.com\/wp-content\/uploads\/2023\/11\/Jubilee-Hedonisto-2023-10-14_190943-1024x768.jpg\" alt=\"\" class=\"wp-image-3474\" srcset=\"https:\/\/www.slugqueen.com\/wp-content\/uploads\/2023\/11\/Jubilee-Hedonisto-2023-10-14_190943-1024x768.jpg 1024w, https:\/\/www.slugqueen.com\/wp-content\/uploads\/2023\/11\/Jubilee-Hedonisto-2023-10-14_190943-300x225.jpg 300w, https:\/\/www.slugqueen.com\/wp-content\/uploads\/2023\/11\/Jubilee-Hedonisto-2023-10-14_190943-768x576.jpg 768w, https:\/\/www.slugqueen.com\/wp-content\/uploads\/2023\/11\/Jubilee-Hedonisto-2023-10-14_190943-1536x1152.jpg 1536w, https:\/\/www.slugqueen.com\/wp-content\/uploads\/2023\/11\/Jubilee-Hedonisto-2023-10-14_190943-2048x1536.jpg 2048w, https:\/\/www.slugqueen.com\/wp-content\/uploads\/2023\/11\/Jubilee-Hedonisto-2023-10-14_190943-16x12.jpg 16w\" sizes=\"auto, (max-width: 1024px) 100vw, 1024px\" \/><\/a><\/figure>\n<\/figure>\n\n\n\n<p>En los momentos de inactividad, Jubilee disfruta de las manualidades ca\u00f3ticas, el paisajismo, los rompecabezas y de pasar tiempo con su gran cantidad de amigos y familiares.<\/p>\n\n\n\n<p>La misi\u00f3n de Jubilee como Slug Queen es clara: alentar a los eugenios a encontrar v\u00ednculos comunes y fomentar las conexiones humanas a trav\u00e9s de un caos saludable. Ella cree que abrazar la alegr\u00eda puede ser un acto radical e insta a todos a elegir la empat\u00eda, la bondad y la felicidad continua. Jubileo encarna un esp\u00edritu de alegr\u00eda, creatividad, curiosidad, cuidado, rebeli\u00f3n e indulgencia, uniendo a los eugenios a trav\u00e9s de una satisfacci\u00f3n saludable.<\/p>\n\n\n\n<p><a href=\"https:\/\/www.klcc.org\/arts-culture\/2023-08-12\/eugene-crowns-newest-s-l-u-g-queen\">\u00a1KLCC tambi\u00e9n escribi\u00f3 un art\u00edculo!<\/a><\/p>","protected":false},"excerpt":{"rendered":"<p>Meet Queen Jubilee Hedonisto: The Joyful Slug Monarch of Eugene! 41st in a line of wild Slug Queens, Jubilee&#8217;s mission is simple: have fun and make sure everyone else does too! By day, Jubilee is known as Jilynn. Growing up she struggled with frustrating personal and social challenges, but with supportive family, friends, and lots [&hellip;]<\/p>\n","protected":false},"author":1,"featured_media":0,"parent":42,"menu_order":0,"comment_status":"closed","ping_status":"closed","template":"","meta":{"footnotes":""},"class_list":["post-3390","page","type-page","status-publish","hentry"],"_links":{"self":[{"href":"https:\/\/www.slugqueen.com\/es\/wp-json\/wp\/v2\/pages\/3390","targetHints":{"allow":["GET"]}}],"collection":[{"href":"https:\/\/www.slugqueen.com\/es\/wp-json\/wp\/v2\/pages"}],"about":[{"href":"https:\/\/www.slugqueen.com\/es\/wp-json\/wp\/v2\/types\/page"}],"author":[{"embeddable":true,"href":"https:\/\/www.slugqueen.com\/es\/wp-json\/wp\/v2\/users\/1"}],"replies":[{"embeddable":true,"href":"https:\/\/www.slugqueen.com\/es\/wp-json\/wp\/v2\/comments?post=3390"}],"version-history":[{"count":5,"href":"https:\/\/www.slugqueen.com\/es\/wp-json\/wp\/v2\/pages\/3390\/revisions"}],"predecessor-version":[{"id":3520,"href":"https:\/\/www.slugqueen.com\/es\/wp-json\/wp\/v2\/pages\/3390\/revisions\/3520"}],"up":[{"embeddable":true,"href":"https:\/\/www.slugqueen.com\/es\/wp-json\/wp\/v2\/pages\/42"}],"wp:attachment":[{"href":"https:\/\/www.slugqueen.com\/es\/wp-json\/wp\/v2\/media?parent=3390"}],"curies":[{"name":"wp","href":"https:\/\/api.w.org\/{rel}","templated":true}]}}