{"id":3586,"date":"2025-01-30T18:30:38","date_gmt":"2025-01-31T01:30:38","guid":{"rendered":"https:\/\/www.slugqueen.com\/?page_id=3586"},"modified":"2025-01-30T18:46:45","modified_gmt":"2025-01-31T01:46:45","slug":"2025-queen-sitara-t-slugshine","status":"publish","type":"page","link":"https:\/\/www.slugqueen.com\/es\/queens-of-lore\/2025-queen-sitara-t-slugshine\/","title":{"rendered":"2025 Queen Sitara T. Slugshine"},"content":{"rendered":"<p>Con su pasi\u00f3n por los derechos de las mujeres, los animales y la salud mental, la Reina Sitara seguramente tocar\u00e1 la vida de todos, desde Eugene hasta Creswell y m\u00e1s all\u00e1.<\/p>\n\n\n\n<figure class=\"wp-block-image size-large\"><a href=\"https:\/\/www.slugqueen.com\/wp-content\/uploads\/2025\/01\/Sitara-T-Slugshine.jpg\"><img loading=\"lazy\" decoding=\"async\" width=\"780\" height=\"1024\" src=\"https:\/\/www.slugqueen.com\/wp-content\/uploads\/2025\/01\/Sitara-T-Slugshine-780x1024.jpg\" alt=\"\" class=\"wp-image-3585\" srcset=\"https:\/\/www.slugqueen.com\/wp-content\/uploads\/2025\/01\/Sitara-T-Slugshine-780x1024.jpg 780w, https:\/\/www.slugqueen.com\/wp-content\/uploads\/2025\/01\/Sitara-T-Slugshine-229x300.jpg 229w, https:\/\/www.slugqueen.com\/wp-content\/uploads\/2025\/01\/Sitara-T-Slugshine-768x1008.jpg 768w, https:\/\/www.slugqueen.com\/wp-content\/uploads\/2025\/01\/Sitara-T-Slugshine-9x12.jpg 9w, https:\/\/www.slugqueen.com\/wp-content\/uploads\/2025\/01\/Sitara-T-Slugshine.jpg 930w\" sizes=\"auto, (max-width: 780px) 100vw, 780px\" \/><\/a><\/figure>","protected":false},"excerpt":{"rendered":"<p>Con su pasi\u00f3n por los derechos de las mujeres, los animales y la salud mental, la Reina Sitara seguramente tocar\u00e1 la vida de todos, desde Eugene hasta Creswell y m\u00e1s all\u00e1.<\/p>","protected":false},"author":17,"featured_media":0,"parent":42,"menu_order":0,"comment_status":"closed","ping_status":"closed","template":"","meta":{"footnotes":""},"class_list":["post-3586","page","type-page","status-publish","hentry"],"_links":{"self":[{"href":"https:\/\/www.slugqueen.com\/es\/wp-json\/wp\/v2\/pages\/3586","targetHints":{"allow":["GET"]}}],"collection":[{"href":"https:\/\/www.slugqueen.com\/es\/wp-json\/wp\/v2\/pages"}],"about":[{"href":"https:\/\/www.slugqueen.com\/es\/wp-json\/wp\/v2\/types\/page"}],"author":[{"embeddable":true,"href":"https:\/\/www.slugqueen.com\/es\/wp-json\/wp\/v2\/users\/17"}],"replies":[{"embeddable":true,"href":"https:\/\/www.slugqueen.com\/es\/wp-json\/wp\/v2\/comments?post=3586"}],"version-history":[{"count":1,"href":"https:\/\/www.slugqueen.com\/es\/wp-json\/wp\/v2\/pages\/3586\/revisions"}],"predecessor-version":[{"id":3587,"href":"https:\/\/www.slugqueen.com\/es\/wp-json\/wp\/v2\/pages\/3586\/revisions\/3587"}],"up":[{"embeddable":true,"href":"https:\/\/www.slugqueen.com\/es\/wp-json\/wp\/v2\/pages\/42"}],"wp:attachment":[{"href":"https:\/\/www.slugqueen.com\/es\/wp-json\/wp\/v2\/media?parent=3586"}],"curies":[{"name":"wp","href":"https:\/\/api.w.org\/{rel}","templated":true}]}}