{"id":627,"date":"2009-09-05T02:21:21","date_gmt":"2009-09-05T09:21:21","guid":{"rendered":"http:\/\/www.slugqueen.com\/?page_id=627"},"modified":"2025-02-06T20:10:37","modified_gmt":"2025-02-07T03:10:37","slug":"2009-queen-anislugsia","status":"publish","type":"page","link":"https:\/\/www.slugqueen.com\/es\/queens-of-lore\/2009-queen-anislugsia\/","title":{"rendered":"2009 SLUG Queen Anislugsia"},"content":{"rendered":"<h2 class=\"wp-block-heading\">Reina del drama<\/h2>\n\n\n\n<figure data-wp-context=\"{&quot;imageId&quot;:&quot;69ea2a966ec9e&quot;}\" data-wp-interactive=\"core\/image\" data-wp-key=\"69ea2a966ec9e\" class=\"wp-block-image aligncenter size-medium wp-lightbox-container\"><img loading=\"lazy\" decoding=\"async\" width=\"174\" height=\"300\" data-wp-class--hide=\"state.isContentHidden\" data-wp-class--show=\"state.isContentVisible\" data-wp-init=\"callbacks.setButtonStyles\" data-wp-on--click=\"actions.showLightbox\" data-wp-on--load=\"callbacks.setButtonStyles\" data-wp-on-window--resize=\"callbacks.setButtonStyles\" src=\"https:\/\/www.slugqueen.com\/wp-content\/uploads\/2009\/09\/n517858640_9480-174x300.jpg\" alt=\"\" class=\"wp-image-621\" title=\"n517858640_9480\" srcset=\"https:\/\/www.slugqueen.com\/wp-content\/uploads\/2009\/09\/n517858640_9480-174x300.jpg 174w, https:\/\/www.slugqueen.com\/wp-content\/uploads\/2009\/09\/n517858640_9480.jpg 200w\" sizes=\"auto, (max-width: 174px) 100vw, 174px\" \/><button\n\t\t\tclass=\"lightbox-trigger\"\n\t\t\ttype=\"button\"\n\t\t\taria-haspopup=\"dialog\"\n\t\t\taria-label=\"Agrandar\"\n\t\t\tdata-wp-init=\"callbacks.initTriggerButton\"\n\t\t\tdata-wp-on--click=\"actions.showLightbox\"\n\t\t\tdata-wp-style--right=\"state.imageButtonRight\"\n\t\t\tdata-wp-style--top=\"state.imageButtonTop\"\n\t\t>\n\t\t\t<svg xmlns=\"http:\/\/www.w3.org\/2000\/svg\" width=\"12\" height=\"12\" fill=\"none\" viewbox=\"0 0 12 12\">\n\t\t\t\t<path fill=\"#fff\" d=\"M2 0a2 2 0 0 0-2 2v2h1.5V2a.5.5 0 0 1 .5-.5h2V0H2Zm2 10.5H2a.5.5 0 0 1-.5-.5V8H0v2a2 2 0 0 0 2 2h2v-1.5ZM8 12v-1.5h2a.5.5 0 0 0 .5-.5V8H12v2a2 2 0 0 1-2 2H8Zm2-12a2 2 0 0 1 2 2v2h-1.5V2a.5.5 0 0 0-.5-.5H8V0h2Z\" \/>\n\t\t\t<\/svg>\n\t\t<\/button><\/figure>\n\n\n\n<p>El tema de la Celebraci\u00f3n de Eugene de 2009 fue \u201cExtra\u00f1o en lo que puedes creer\u201d, pero nadie pod\u00eda creer la visi\u00f3n fabulosamente extra\u00f1a de la reina Anislugsia mientras los 8 pies de un vestido dorado brillante, una boa de plumas negras y un tocado estilo Las Vegas con plumas y cuentas se deslizaban sobre el escenario. Como contendiente, la Gran Duquesa Anislugsia (tambi\u00e9n conocida como Mark Van Beever de Eugene) caus\u00f3 una impresi\u00f3n espectacular con su vestido de corista entallado y secuenciado, pero el momento de la verdad lleg\u00f3 cuando reflexion\u00f3 sobre su sue\u00f1o adolescente de ser alg\u00fan d\u00eda la reina anterior. lanzando su melod\u00eda original digna de Broadway:<\/p>\n\n\n\n<blockquote class=\"wp-block-quote is-layout-flow wp-block-quote-is-layout-flow\">\n<figure class=\"wp-block-pullquote\"><blockquote><p class=\"translation-block\">Todos los caminos conducen a\u2026<br>Las mejores cosas de la vida son\u2026<br>\u00a1\u00a1\u00a1Todo bien termina en\u2026 YO!!!!!!<\/p><\/blockquote><\/figure>\n<\/blockquote>\n\n\n\n<figure data-wp-context=\"{&quot;imageId&quot;:&quot;69ea2a966f16c&quot;}\" data-wp-interactive=\"core\/image\" data-wp-key=\"69ea2a966f16c\" class=\"wp-block-image alignnone size-full wp-image-987 wp-lightbox-container\"><img loading=\"lazy\" decoding=\"async\" width=\"681\" height=\"720\" data-wp-class--hide=\"state.isContentHidden\" data-wp-class--show=\"state.isContentVisible\" data-wp-init=\"callbacks.setButtonStyles\" data-wp-on--click=\"actions.showLightbox\" data-wp-on--load=\"callbacks.setButtonStyles\" data-wp-on-window--resize=\"callbacks.setButtonStyles\" src=\"http:\/\/www.slugqueen.com\/wp-content\/uploads\/2009\/02\/lift-queen-beever.jpg\" alt=\"\" class=\"wp-image-987\" srcset=\"https:\/\/www.slugqueen.com\/wp-content\/uploads\/2009\/02\/lift-queen-beever.jpg 681w, https:\/\/www.slugqueen.com\/wp-content\/uploads\/2009\/02\/lift-queen-beever-283x300.jpg 283w\" sizes=\"auto, (max-width: 681px) 100vw, 681px\" \/><button\n\t\t\tclass=\"lightbox-trigger\"\n\t\t\ttype=\"button\"\n\t\t\taria-haspopup=\"dialog\"\n\t\t\taria-label=\"Agrandar\"\n\t\t\tdata-wp-init=\"callbacks.initTriggerButton\"\n\t\t\tdata-wp-on--click=\"actions.showLightbox\"\n\t\t\tdata-wp-style--right=\"state.imageButtonRight\"\n\t\t\tdata-wp-style--top=\"state.imageButtonTop\"\n\t\t>\n\t\t\t<svg xmlns=\"http:\/\/www.w3.org\/2000\/svg\" width=\"12\" height=\"12\" fill=\"none\" viewbox=\"0 0 12 12\">\n\t\t\t\t<path fill=\"#fff\" d=\"M2 0a2 2 0 0 0-2 2v2h1.5V2a.5.5 0 0 1 .5-.5h2V0H2Zm2 10.5H2a.5.5 0 0 1-.5-.5V8H0v2a2 2 0 0 0 2 2h2v-1.5ZM8 12v-1.5h2a.5.5 0 0 0 .5-.5V8H12v2a2 2 0 0 1-2 2H8Zm2-12a2 2 0 0 1 2 2v2h-1.5V2a.5.5 0 0 0-.5-.5H8V0h2Z\" \/>\n\t\t\t<\/svg>\n\t\t<\/button><figcaption class=\"wp-element-caption\">Viejas reinas<\/figcaption><\/figure>\n\n\n\n<p>La multitud estall\u00f3 en v\u00edtores y aplausos: \u00a1Ha nacido un Gaster\u00f3podo Real!<\/p>\n\n\n\n<p>Queen Aislugsia es el sexto hombre en tomar el mando de Reina S.L.U.G. y al hacerlo le prometi\u00f3 a Eugene: \u201cMant\u00e9n los ojos abiertos, voy a hacer mucho trabajo de activismo este a\u00f1o. As\u00ed que no te preocupes, \u00a1me ver\u00e1s MUCHO!<\/p>\n\n\n\n<p class=\"translation-block\">\u201cBueno, ya lo hacemos, cari\u00f1o\u201d, brome\u00f3 <a href=\"https:\/\/www.slugqueen.com\/es\/queens-of-lore\/1993-queen-bananita-sluginsky\/\" data-type=\"page\" data-id=\"162\" target=\"_self\">La Reina Muy Vieja Bananita<\/a>, la maestra de ceremonias, mientras la multitud estallaba en carcajadas.<\/p>\n\n\n\n<p>Queen Anislugsia, an actor from <a href=\"http:\/\/www.actorscabaret.org\/\" target=\"_blank\" rel=\"noopener\">The Actors Cabaret<\/a> in Eugene, did have to work for the title against &#8220;The Slug from Ipanema,&#8221; &#8220;Mary Sluggins&#8221;, and a\u00a0leprechaun slug who sang a touching version of \u00a0that Irish classic &#8220;Oh Slimey Boy,&#8221; as sung to him by his mother. But when the Old Queens and Guest Judges (Mitra and Aaron Chester from Deluxe, and Mandy Beemer&#8211;the Kiefer Kia Princess) tallied their votes it was Anislugsia who slimed her way to the top.<\/p>\n\n\n\n<p>\u201cEs tan genial, es tan genial, es maravilloso\u201d.<\/p>\n\n\n\n<figure data-wp-context=\"{&quot;imageId&quot;:&quot;69ea2a966f3a6&quot;}\" data-wp-interactive=\"core\/image\" data-wp-key=\"69ea2a966f3a6\" class=\"wp-block-image size-large wp-lightbox-container\"><img decoding=\"async\" data-wp-class--hide=\"state.isContentHidden\" data-wp-class--show=\"state.isContentVisible\" data-wp-init=\"callbacks.setButtonStyles\" data-wp-on--click=\"actions.showLightbox\" data-wp-on--load=\"callbacks.setButtonStyles\" data-wp-on-window--resize=\"callbacks.setButtonStyles\" src=\"http:\/\/www.slugqueen.com\/wp-content\/uploads\/2009\/02\/24415_398564393640_517858640_3814591_4897072_n-300x225.jpg\" alt=\"\"\/><button\n\t\t\tclass=\"lightbox-trigger\"\n\t\t\ttype=\"button\"\n\t\t\taria-haspopup=\"dialog\"\n\t\t\taria-label=\"Agrandar\"\n\t\t\tdata-wp-init=\"callbacks.initTriggerButton\"\n\t\t\tdata-wp-on--click=\"actions.showLightbox\"\n\t\t\tdata-wp-style--right=\"state.imageButtonRight\"\n\t\t\tdata-wp-style--top=\"state.imageButtonTop\"\n\t\t>\n\t\t\t<svg xmlns=\"http:\/\/www.w3.org\/2000\/svg\" width=\"12\" height=\"12\" fill=\"none\" viewbox=\"0 0 12 12\">\n\t\t\t\t<path fill=\"#fff\" d=\"M2 0a2 2 0 0 0-2 2v2h1.5V2a.5.5 0 0 1 .5-.5h2V0H2Zm2 10.5H2a.5.5 0 0 1-.5-.5V8H0v2a2 2 0 0 0 2 2h2v-1.5ZM8 12v-1.5h2a.5.5 0 0 0 .5-.5V8H12v2a2 2 0 0 1-2 2H8Zm2-12a2 2 0 0 1 2 2v2h-1.5V2a.5.5 0 0 0-.5-.5H8V0h2Z\" \/>\n\t\t\t<\/svg>\n\t\t<\/button><\/figure>","protected":false},"excerpt":{"rendered":"<p>Queen of drama The 2009 Eugene Celebration theme was &#8220;Strange You can Believe In&#8221;&#8211;but no one could believe the fabulously strange vision of Queen Anislugsia as all 8 feet of shimmering golden dress, black feather boa, and feathered and beaded Vegas style headress glided on to the stage. &nbsp;As a contender, the Grand Duchess Anislugsia [&hellip;]<\/p>\n","protected":false},"author":2,"featured_media":0,"parent":42,"menu_order":74,"comment_status":"closed","ping_status":"closed","template":"","meta":{"footnotes":""},"class_list":["post-627","page","type-page","status-publish","hentry"],"_links":{"self":[{"href":"https:\/\/www.slugqueen.com\/es\/wp-json\/wp\/v2\/pages\/627","targetHints":{"allow":["GET"]}}],"collection":[{"href":"https:\/\/www.slugqueen.com\/es\/wp-json\/wp\/v2\/pages"}],"about":[{"href":"https:\/\/www.slugqueen.com\/es\/wp-json\/wp\/v2\/types\/page"}],"author":[{"embeddable":true,"href":"https:\/\/www.slugqueen.com\/es\/wp-json\/wp\/v2\/users\/2"}],"replies":[{"embeddable":true,"href":"https:\/\/www.slugqueen.com\/es\/wp-json\/wp\/v2\/comments?post=627"}],"version-history":[{"count":5,"href":"https:\/\/www.slugqueen.com\/es\/wp-json\/wp\/v2\/pages\/627\/revisions"}],"predecessor-version":[{"id":3737,"href":"https:\/\/www.slugqueen.com\/es\/wp-json\/wp\/v2\/pages\/627\/revisions\/3737"}],"up":[{"embeddable":true,"href":"https:\/\/www.slugqueen.com\/es\/wp-json\/wp\/v2\/pages\/42"}],"wp:attachment":[{"href":"https:\/\/www.slugqueen.com\/es\/wp-json\/wp\/v2\/media?parent=627"}],"curies":[{"name":"wp","href":"https:\/\/api.w.org\/{rel}","templated":true}]}}