{"id":801,"date":"2010-08-16T23:51:42","date_gmt":"2010-08-17T06:51:42","guid":{"rendered":"http:\/\/www.slugqueen.com\/?page_id=801"},"modified":"2025-02-06T19:57:42","modified_gmt":"2025-02-07T02:57:42","slug":"2010-queen-slugasna","status":"publish","type":"page","link":"https:\/\/www.slugqueen.com\/es\/queens-of-lore\/2010-queen-slugasna\/","title":{"rendered":"2010 SLUG Queen Slugasana"},"content":{"rendered":"<h2 class=\"wp-block-heading\"><strong>Reina del baile<\/strong><\/h2>\n\n\n\n<figure data-wp-context=\"{&quot;imageId&quot;:&quot;69ea2a90b9fee&quot;}\" data-wp-interactive=\"core\/image\" data-wp-key=\"69ea2a90b9fee\" class=\"wp-block-image wp-lightbox-container\"><img loading=\"lazy\" decoding=\"async\" width=\"504\" height=\"504\" data-wp-class--hide=\"state.isContentHidden\" data-wp-class--show=\"state.isContentVisible\" data-wp-init=\"callbacks.setButtonStyles\" data-wp-on--click=\"actions.showLightbox\" data-wp-on--load=\"callbacks.setButtonStyles\" data-wp-on-window--resize=\"callbacks.setButtonStyles\" src=\"http:\/\/www.slugqueen.com\/wp-content\/uploads\/2010\/08\/44273_1458292469327_1593860765_1069939_1176306_n.jpg\" alt=\"44273_1458292469327_1593860765_1069939_1176306_n\" class=\"wp-image-809\" title=\"44273_1458292469327_1593860765_1069939_1176306_n\" srcset=\"https:\/\/www.slugqueen.com\/wp-content\/uploads\/2010\/08\/44273_1458292469327_1593860765_1069939_1176306_n.jpg 504w, https:\/\/www.slugqueen.com\/wp-content\/uploads\/2010\/08\/44273_1458292469327_1593860765_1069939_1176306_n-150x150.jpg 150w, https:\/\/www.slugqueen.com\/wp-content\/uploads\/2010\/08\/44273_1458292469327_1593860765_1069939_1176306_n-300x300.jpg 300w, https:\/\/www.slugqueen.com\/wp-content\/uploads\/2010\/08\/44273_1458292469327_1593860765_1069939_1176306_n-400x400.jpg 400w\" sizes=\"auto, (max-width: 504px) 100vw, 504px\" \/><button\n\t\t\tclass=\"lightbox-trigger\"\n\t\t\ttype=\"button\"\n\t\t\taria-haspopup=\"dialog\"\n\t\t\taria-label=\"Agrandar\"\n\t\t\tdata-wp-init=\"callbacks.initTriggerButton\"\n\t\t\tdata-wp-on--click=\"actions.showLightbox\"\n\t\t\tdata-wp-style--right=\"state.imageButtonRight\"\n\t\t\tdata-wp-style--top=\"state.imageButtonTop\"\n\t\t>\n\t\t\t<svg xmlns=\"http:\/\/www.w3.org\/2000\/svg\" width=\"12\" height=\"12\" fill=\"none\" viewbox=\"0 0 12 12\">\n\t\t\t\t<path fill=\"#fff\" d=\"M2 0a2 2 0 0 0-2 2v2h1.5V2a.5.5 0 0 1 .5-.5h2V0H2Zm2 10.5H2a.5.5 0 0 1-.5-.5V8H0v2a2 2 0 0 0 2 2h2v-1.5ZM8 12v-1.5h2a.5.5 0 0 0 .5-.5V8H12v2a2 2 0 0 1-2 2H8Zm2-12a2 2 0 0 1 2 2v2h-1.5V2a.5.5 0 0 0-.5-.5H8V0h2Z\" \/>\n\t\t\t<\/svg>\n\t\t<\/button><\/figure>\n\n\n\n<p>She danced her way to royalty, fame and fortune bringing a large entourage as good luck charms. Queen Slugasana took the stage confident that she had bribed the judges well. Even the unlucky competition date of Friday the 13th didn&#8217;t deter Slugasana. She had a few surprises up her sleeves and down her tail.&nbsp;This is a slug who knows how to&nbsp;DANCE!<\/p>\n\n\n\n<figure class=\"wp-block-embed is-type-video is-provider-youtube wp-block-embed-youtube wp-embed-aspect-16-9 wp-has-aspect-ratio\"><div class=\"wp-block-embed__wrapper\">\n<iframe loading=\"lazy\" title=\"More Dance Walk Eugene\" width=\"500\" height=\"281\" src=\"https:\/\/www.youtube.com\/embed\/vRCgKRaH3H8?feature=oembed\" frameborder=\"0\" allow=\"accelerometer; autoplay; clipboard-write; encrypted-media; gyroscope; picture-in-picture; web-share\" referrerpolicy=\"strict-origin-when-cross-origin\" allowfullscreen><\/iframe>\n<\/div><\/figure>\n\n\n\n<p><span style=\"font-family: mceinline;\">Detr\u00e1s de cada SLUG Queen hay una cola\u2026 y un cuento. Aqu\u00ed est\u00e1 la de la reina Slugasana:<\/span><\/p>\n\n\n\n<blockquote class=\"wp-block-quote is-layout-flow wp-block-quote-is-layout-flow\">\n<p>\u00c9rase una vez un flamenco miope que entreg\u00f3 a una ni\u00f1a a la puerta equivocada. Ese d\u00eda h\u00famedo, una familia de babosas, de hecho, miembros de la realeza, estaban cenando.<\/p>\n<\/blockquote>\n\n\n\n<figure class=\"wp-block-gallery has-nested-images columns-default is-cropped wp-block-gallery-1 is-layout-flex wp-block-gallery-is-layout-flex\">\n<figure class=\"wp-block-image size-large\"><a href=\"https:\/\/www.slugqueen.com\/wp-content\/uploads\/2010\/08\/46255_419853086159_105565691159_5302019_5459856_n.jpg\"><img loading=\"lazy\" decoding=\"async\" width=\"576\" height=\"720\" data-id=\"835\" src=\"https:\/\/www.slugqueen.com\/wp-content\/uploads\/2010\/08\/46255_419853086159_105565691159_5302019_5459856_n.jpg\" alt=\"\" class=\"wp-image-835\" srcset=\"https:\/\/www.slugqueen.com\/wp-content\/uploads\/2010\/08\/46255_419853086159_105565691159_5302019_5459856_n.jpg 576w, https:\/\/www.slugqueen.com\/wp-content\/uploads\/2010\/08\/46255_419853086159_105565691159_5302019_5459856_n-240x300.jpg 240w\" sizes=\"auto, (max-width: 576px) 100vw, 576px\" \/><\/a><\/figure>\n\n\n\n<figure class=\"wp-block-image size-large\"><a href=\"https:\/\/www.slugqueen.com\/wp-content\/uploads\/2018\/08\/IMG_3718.jpg\"><img loading=\"lazy\" decoding=\"async\" width=\"1024\" height=\"795\" data-id=\"1779\" src=\"https:\/\/www.slugqueen.com\/wp-content\/uploads\/2018\/08\/IMG_3718-1024x795.jpg\" alt=\"\" class=\"wp-image-1779\" srcset=\"https:\/\/www.slugqueen.com\/wp-content\/uploads\/2018\/08\/IMG_3718-1024x795.jpg 1024w, https:\/\/www.slugqueen.com\/wp-content\/uploads\/2018\/08\/IMG_3718-300x233.jpg 300w, https:\/\/www.slugqueen.com\/wp-content\/uploads\/2018\/08\/IMG_3718-768x596.jpg 768w, https:\/\/www.slugqueen.com\/wp-content\/uploads\/2018\/08\/IMG_3718.jpg 2048w\" sizes=\"auto, (max-width: 1024px) 100vw, 1024px\" \/><\/a><\/figure>\n\n\n\n<figure class=\"wp-block-image size-large\"><a href=\"https:\/\/www.slugqueen.com\/wp-content\/uploads\/2010\/08\/40303_419851821159_105565691159_5301990_5739293_n.jpg\"><img loading=\"lazy\" decoding=\"async\" width=\"479\" height=\"720\" data-id=\"833\" src=\"https:\/\/www.slugqueen.com\/wp-content\/uploads\/2010\/08\/40303_419851821159_105565691159_5301990_5739293_n.jpg\" alt=\"\" class=\"wp-image-833\" srcset=\"https:\/\/www.slugqueen.com\/wp-content\/uploads\/2010\/08\/40303_419851821159_105565691159_5301990_5739293_n.jpg 479w, https:\/\/www.slugqueen.com\/wp-content\/uploads\/2010\/08\/40303_419851821159_105565691159_5301990_5739293_n-199x300.jpg 199w\" sizes=\"auto, (max-width: 479px) 100vw, 479px\" \/><\/a><\/figure>\n<\/figure>\n\n\n\n<blockquote class=\"wp-block-quote is-layout-flow wp-block-quote-is-layout-flow\">\n<p>Sabias y pacientes, me adoptaron sabiendo que alg\u00fan d\u00eda cumplir\u00eda mi destino de ser SLUG Queen. Llevando la bondad amorosa\u00a0a los humanos desde los gaster\u00f3podos\u00a0y la sabidur\u00eda de OOZE\u00a0de los gaster\u00f3podos a los humanos. Aprend\u00ed lecciones de\u00a0El Tao del Moco:&nbsp;<\/p>\n<\/blockquote>\n\n\n\n<figure class=\"wp-block-pullquote\"><blockquote><p>Sea Slug ahora, sea Slug despu\u00e9s.<\/p><\/blockquote><\/figure>\n\n\n\n<blockquote class=\"wp-block-quote is-layout-flow wp-block-quote-is-layout-flow\">\n<p>De la Gu\u00eda del jard\u00edn para excursionistas de zuecos:<\/p>\n\n\n\n<ul class=\"wp-block-list\">\n<li class=\"has-small-font-size\">Una dieta baja en sodio, nada de cerveza (solo champ\u00e1n) y evitar todo lo que est\u00e9 marcado como \"plaga\" garantiza una larga vida.<\/li>\n\n\n\n<li class=\"has-small-font-size\">Mantente agachado y ve despacio.<\/li>\n\n\n\n<li class=\"has-small-font-size\">Las babosas y los caracoles son los originales Slow Foodians. As\u00ed que come org\u00e1nico (vivir\u00e1s m\u00e1s tiempo) y come local (a las babosas no les gusta la huella de carbono).<\/li>\n<\/ul>\n\n\n\n<p>Un d\u00eda me enamor\u00e9 de un caracol. Mis padres adoptivos no estaban contentos (tema de Romeo y Julieta). \u00a1Pero qui\u00e9n no amar\u00eda a un hombre con una casa a sus espaldas! \u00a1Conozca a Monsieur S.U.V.Cargot! \u00a1Y ahora mi familia real y yo realizaremos haza\u00f1as de ondulaci\u00f3n y estridente!<\/p>\n<\/blockquote>\n\n\n\n<figure class=\"wp-block-gallery has-nested-images columns-default is-cropped wp-block-gallery-2 is-layout-flex wp-block-gallery-is-layout-flex\">\n<figure class=\"wp-block-image\"><a href=\"http:\/\/www.slugqueen.com\/wp-content\/uploads\/2010\/08\/securedownload-7.jpeg\"><img loading=\"lazy\" decoding=\"async\" width=\"200\" height=\"300\" data-id=\"979\" src=\"http:\/\/www.slugqueen.com\/wp-content\/uploads\/2010\/08\/securedownload-7-200x300.jpg\" alt=\"securedownload-7\" class=\"wp-image-979\" title=\"securedownload-7\" srcset=\"https:\/\/www.slugqueen.com\/wp-content\/uploads\/2010\/08\/securedownload-7-200x300.jpg 200w, https:\/\/www.slugqueen.com\/wp-content\/uploads\/2010\/08\/securedownload-7-683x1024.jpg 683w, https:\/\/www.slugqueen.com\/wp-content\/uploads\/2010\/08\/securedownload-7.jpeg 854w\" sizes=\"auto, (max-width: 200px) 100vw, 200px\" \/><\/a><\/figure>\n\n\n\n<figure class=\"wp-block-image size-large\"><a href=\"https:\/\/www.slugqueen.com\/wp-content\/uploads\/2010\/08\/44304_1458308629731_1593860765_1069975_2648648_n.jpg\"><img loading=\"lazy\" decoding=\"async\" width=\"573\" height=\"430\" data-id=\"813\" src=\"https:\/\/www.slugqueen.com\/wp-content\/uploads\/2010\/08\/44304_1458308629731_1593860765_1069975_2648648_n.jpg\" alt=\"44304_1458308629731_1593860765_1069975_2648648_n\" class=\"wp-image-813\" title=\"44304_1458308629731_1593860765_1069975_2648648_n\" srcset=\"https:\/\/www.slugqueen.com\/wp-content\/uploads\/2010\/08\/44304_1458308629731_1593860765_1069975_2648648_n.jpg 573w, https:\/\/www.slugqueen.com\/wp-content\/uploads\/2010\/08\/44304_1458308629731_1593860765_1069975_2648648_n-300x225.jpg 300w\" sizes=\"auto, (max-width: 573px) 100vw, 573px\" \/><\/a><\/figure>\n\n\n\n<figure class=\"wp-block-image size-large\"><a href=\"https:\/\/www.slugqueen.com\/wp-content\/uploads\/2018\/08\/Screen-Shot-2018-08-24-at-10.09.09-PM.png\"><img loading=\"lazy\" decoding=\"async\" width=\"388\" height=\"886\" data-id=\"2253\" src=\"https:\/\/www.slugqueen.com\/wp-content\/uploads\/2018\/08\/Screen-Shot-2018-08-24-at-10.09.09-PM.png\" alt=\"\" class=\"wp-image-2253\" srcset=\"https:\/\/www.slugqueen.com\/wp-content\/uploads\/2018\/08\/Screen-Shot-2018-08-24-at-10.09.09-PM.png 388w, https:\/\/www.slugqueen.com\/wp-content\/uploads\/2018\/08\/Screen-Shot-2018-08-24-at-10.09.09-PM-131x300.png 131w\" sizes=\"auto, (max-width: 388px) 100vw, 388px\" \/><\/a><\/figure>\n\n\n\n<figure class=\"wp-block-image size-large\"><a href=\"https:\/\/www.slugqueen.com\/wp-content\/uploads\/2018\/08\/Screen-Shot-2018-08-25-at-12.40.10-AM.png\"><img loading=\"lazy\" decoding=\"async\" width=\"622\" height=\"692\" data-id=\"2582\" src=\"https:\/\/www.slugqueen.com\/wp-content\/uploads\/2018\/08\/Screen-Shot-2018-08-25-at-12.40.10-AM.png\" alt=\"\" class=\"wp-image-2582\" srcset=\"https:\/\/www.slugqueen.com\/wp-content\/uploads\/2018\/08\/Screen-Shot-2018-08-25-at-12.40.10-AM.png 622w, https:\/\/www.slugqueen.com\/wp-content\/uploads\/2018\/08\/Screen-Shot-2018-08-25-at-12.40.10-AM-270x300.png 270w\" sizes=\"auto, (max-width: 622px) 100vw, 622px\" \/><\/a><\/figure>\n\n\n\n<figure class=\"wp-block-image size-large\"><a href=\"https:\/\/www.slugqueen.com\/wp-content\/uploads\/2018\/08\/Screen-Shot-2018-08-27-at-10.46.50-AM.png\"><img loading=\"lazy\" decoding=\"async\" width=\"1024\" height=\"903\" data-id=\"2710\" src=\"https:\/\/www.slugqueen.com\/wp-content\/uploads\/2018\/08\/Screen-Shot-2018-08-27-at-10.46.50-AM-1024x903.png\" alt=\"\" class=\"wp-image-2710\" srcset=\"https:\/\/www.slugqueen.com\/wp-content\/uploads\/2018\/08\/Screen-Shot-2018-08-27-at-10.46.50-AM-1024x903.png 1024w, https:\/\/www.slugqueen.com\/wp-content\/uploads\/2018\/08\/Screen-Shot-2018-08-27-at-10.46.50-AM-300x264.png 300w, https:\/\/www.slugqueen.com\/wp-content\/uploads\/2018\/08\/Screen-Shot-2018-08-27-at-10.46.50-AM-768x677.png 768w, https:\/\/www.slugqueen.com\/wp-content\/uploads\/2018\/08\/Screen-Shot-2018-08-27-at-10.46.50-AM.png 1180w\" sizes=\"auto, (max-width: 1024px) 100vw, 1024px\" \/><\/a><\/figure>\n<\/figure>\n\n\n\n<p>La misi\u00f3n de SLUG Queens es apoyar el arte, la cultura y las organizaciones caritativas de la comunidad. Queen Slugasana ha seleccionado \"SLOW FOOD EUGENE\" como su principal organizaci\u00f3n local sin fines de lucro. \u00a1Come local, come LENTO!<\/p>\n\n\n\n<figure data-wp-context=\"{&quot;imageId&quot;:&quot;69ea2a90ba6ad&quot;}\" data-wp-interactive=\"core\/image\" data-wp-key=\"69ea2a90ba6ad\" class=\"wp-block-image wp-lightbox-container\"><img loading=\"lazy\" decoding=\"async\" width=\"1024\" height=\"384\" data-wp-class--hide=\"state.isContentHidden\" data-wp-class--show=\"state.isContentVisible\" data-wp-init=\"callbacks.setButtonStyles\" data-wp-on--click=\"actions.showLightbox\" data-wp-on--load=\"callbacks.setButtonStyles\" data-wp-on-window--resize=\"callbacks.setButtonStyles\" src=\"http:\/\/www.slugqueen.com\/wp-content\/uploads\/2010\/08\/slugasana-poster-1024x384.jpg\" alt=\"slugasana-poster\" class=\"wp-image-815\" title=\"slugasana-poster\" srcset=\"https:\/\/www.slugqueen.com\/wp-content\/uploads\/2010\/08\/slugasana-poster-1024x384.jpg 1024w, https:\/\/www.slugqueen.com\/wp-content\/uploads\/2010\/08\/slugasana-poster-300x112.jpg 300w\" sizes=\"auto, (max-width: 1024px) 100vw, 1024px\" \/><button\n\t\t\tclass=\"lightbox-trigger\"\n\t\t\ttype=\"button\"\n\t\t\taria-haspopup=\"dialog\"\n\t\t\taria-label=\"Agrandar\"\n\t\t\tdata-wp-init=\"callbacks.initTriggerButton\"\n\t\t\tdata-wp-on--click=\"actions.showLightbox\"\n\t\t\tdata-wp-style--right=\"state.imageButtonRight\"\n\t\t\tdata-wp-style--top=\"state.imageButtonTop\"\n\t\t>\n\t\t\t<svg xmlns=\"http:\/\/www.w3.org\/2000\/svg\" width=\"12\" height=\"12\" fill=\"none\" viewbox=\"0 0 12 12\">\n\t\t\t\t<path fill=\"#fff\" d=\"M2 0a2 2 0 0 0-2 2v2h1.5V2a.5.5 0 0 1 .5-.5h2V0H2Zm2 10.5H2a.5.5 0 0 1-.5-.5V8H0v2a2 2 0 0 0 2 2h2v-1.5ZM8 12v-1.5h2a.5.5 0 0 0 .5-.5V8H12v2a2 2 0 0 1-2 2H8Zm2-12a2 2 0 0 1 2 2v2h-1.5V2a.5.5 0 0 0-.5-.5H8V0h2Z\" \/>\n\t\t\t<\/svg>\n\t\t<\/button><\/figure>","protected":false},"excerpt":{"rendered":"<p>Dancing Queen She danced her way to royalty, fame and fortune bringing a large entourage as good luck charms. Queen Slugasana took the stage confident that she had bribed the judges well. Even the unlucky competition date of Friday the 13th didn&#8217;t deter Slugasana. She had a few surprises up her sleeves and down her [&hellip;]<\/p>\n","protected":false},"author":1,"featured_media":0,"parent":42,"menu_order":72,"comment_status":"open","ping_status":"closed","template":"","meta":{"footnotes":""},"class_list":["post-801","page","type-page","status-publish","hentry"],"_links":{"self":[{"href":"https:\/\/www.slugqueen.com\/es\/wp-json\/wp\/v2\/pages\/801","targetHints":{"allow":["GET"]}}],"collection":[{"href":"https:\/\/www.slugqueen.com\/es\/wp-json\/wp\/v2\/pages"}],"about":[{"href":"https:\/\/www.slugqueen.com\/es\/wp-json\/wp\/v2\/types\/page"}],"author":[{"embeddable":true,"href":"https:\/\/www.slugqueen.com\/es\/wp-json\/wp\/v2\/users\/1"}],"replies":[{"embeddable":true,"href":"https:\/\/www.slugqueen.com\/es\/wp-json\/wp\/v2\/comments?post=801"}],"version-history":[{"count":5,"href":"https:\/\/www.slugqueen.com\/es\/wp-json\/wp\/v2\/pages\/801\/revisions"}],"predecessor-version":[{"id":3735,"href":"https:\/\/www.slugqueen.com\/es\/wp-json\/wp\/v2\/pages\/801\/revisions\/3735"}],"up":[{"embeddable":true,"href":"https:\/\/www.slugqueen.com\/es\/wp-json\/wp\/v2\/pages\/42"}],"wp:attachment":[{"href":"https:\/\/www.slugqueen.com\/es\/wp-json\/wp\/v2\/media?parent=801"}],"curies":[{"name":"wp","href":"https:\/\/api.w.org\/{rel}","templated":true}]}}